


{"id":1156,"date":"2024-01-19T11:44:15","date_gmt":"2024-01-19T10:44:15","guid":{"rendered":"https:\/\/sklep.netland.com.pl\/?page_id=1156"},"modified":"2024-07-02T11:21:22","modified_gmt":"2024-07-02T09:21:22","slug":"formen-der-bezahlung","status":"publish","type":"page","link":"https:\/\/sklep.globtree.pl\/de\/formen-der-bezahlung\/","title":{"rendered":"Formen der Bezahlung"},"content":{"rendered":"<div class=\"nolwrap\"><p style=\"text-align: center;\"><strong>Formen der Bezahlung<\/strong><\/p>\n<p>&nbsp;<\/p>\n<p>Der GlobTree-Shop bietet seinen Kunden die folgenden Zahlungsarten an:<\/p>\n<p>&nbsp;<\/p>\n<p><strong>PAYU-TRANSFER<\/strong><\/p>\n<p>Sichere Zahlung durch PayU S.A. mit Sitz in Pozna\u0144. Es werden alle Arten von Zahlungskarten unterst\u00fctzt (ausgenommen Ratenk\u00e4ufe). F\u00fcr die Zahlung wird keine zus\u00e4tzliche Provision erhoben.<\/p>\n<p>&nbsp;<\/p>\n<p><strong>NACHNAHME<\/strong><\/p>\n<p>Die Nachnahme ist in unserem Hauptsitz in Olsztyn (10-683), Tryli\u0144skiego Stra\u00dfe 16, m\u00f6glich.<\/p>\n<p>&nbsp;<\/p>\n<p><strong>ZAHLUNG BEI LIEFERUNG<\/strong><\/p>\n<p>Die Bezahlung der Bestellung erfolgt beim Kurier.<\/p>\n<p>&nbsp;<\/p>\n<p><strong>\u00dcBERWEISUNG AUF EIN KONTO<\/strong><\/p>\n<p>Die Zahlung erfolgt per \u00dcberweisung auf die Kontonummer. Einzelheiten der \u00dcberweisung:<\/p>\n<p>Beg\u00fcnstigter: GlobTree Sp. z o.o.<br \/>\nAdresse: 16 Tryli\u0144skiego St., 10-683 Olsztyn<br \/>\nBank: ING SA<br \/>\nKontonummer: 22 1050 1764 1000 0090 3228 0662<\/p>\n<\/div>","protected":false},"excerpt":{"rendered":"<p>Formen der Bezahlung &nbsp; Der GlobTree-Shop bietet seinen Kunden die folgenden Zahlungsarten an: &nbsp; PAYU-TRANSFER Sichere Zahlung durch PayU S.A. mit Sitz in Pozna\u0144. Es werden alle Arten von Zahlungskarten unterst\u00fctzt (ausgenommen Ratenk\u00e4ufe). F\u00fcr die Zahlung wird keine zus\u00e4tzliche Provision erhoben. &nbsp; NACHNAHME Die Nachnahme ist in unserem Hauptsitz in Olsztyn (10-683), Tryli\u0144skiego Stra\u00dfe 16, [&hellip;]<\/p>\n","protected":false},"author":5,"featured_media":0,"parent":0,"menu_order":8,"comment_status":"closed","ping_status":"closed","template":"","meta":{"footnotes":""},"class_list":["post-1156","page","type-page","status-publish","hentry"],"yoast_head":"<!-- This site is optimized with the Yoast SEO plugin v26.4 - https:\/\/yoast.com\/wordpress\/plugins\/seo\/ -->\n<title>Formen der Bezahlung | Sklep GlobTree<\/title>\n<meta name=\"robots\" content=\"index, follow, max-snippet:-1, max-image-preview:large, max-video-preview:-1\" \/>\n<link rel=\"canonical\" href=\"https:\/\/sklep.globtree.pl\/de\/formen-der-bezahlung\/\" \/>\n<meta property=\"og:locale\" content=\"de_DE\" \/>\n<meta property=\"og:type\" content=\"article\" \/>\n<meta property=\"og:title\" content=\"Formen der Bezahlung | Sklep GlobTree\" \/>\n<meta property=\"og:url\" content=\"https:\/\/sklep.globtree.pl\/de\/formen-der-bezahlung\/\" \/>\n<meta property=\"og:site_name\" content=\"Sklep GlobTree\" \/>\n<meta property=\"article:publisher\" content=\"https:\/\/www.facebook.com\/netlandteam\/\" \/>\n<meta property=\"article:modified_time\" content=\"2024-07-02T09:21:22+00:00\" \/>\n<meta name=\"twitter:card\" content=\"summary_large_image\" \/>\n<meta name=\"twitter:label1\" content=\"Gesch\u00e4tzte Lesezeit\" \/>\n\t<meta name=\"twitter:data1\" content=\"1\u00a0Minute\" \/>\n<script type=\"application\/ld+json\" class=\"yoast-schema-graph\">{\"@context\":\"https:\/\/schema.org\",\"@graph\":[{\"@type\":\"AdvertiserContentArticle\",\"@id\":\"https:\/\/sklep.globtree.pl\/de\/formen-der-bezahlung\/#article\",\"isPartOf\":{\"@id\":\"https:\/\/sklep.globtree.pl\/de\/formen-der-bezahlung\/\"},\"author\":{\"name\":\"Hunter Mccray\",\"@id\":\"https:\/\/sklep.globtree.pl\/#\/schema\/person\/382fa0ad46eeca1bb97f255e86b3734a\"},\"headline\":\"Formen der Bezahlung\",\"datePublished\":\"2024-01-19T10:44:15+00:00\",\"dateModified\":\"2024-07-02T09:21:22+00:00\",\"mainEntityOfPage\":{\"@id\":\"https:\/\/sklep.globtree.pl\/de\/formen-der-bezahlung\/\"},\"wordCount\":110,\"publisher\":{\"@id\":\"https:\/\/sklep.globtree.pl\/#organization\"},\"inLanguage\":\"de\"},{\"@type\":\"WebPage\",\"@id\":\"https:\/\/sklep.globtree.pl\/de\/formen-der-bezahlung\/\",\"url\":\"https:\/\/sklep.globtree.pl\/de\/formen-der-bezahlung\/\",\"name\":\"Formen der Bezahlung | Sklep GlobTree\",\"isPartOf\":{\"@id\":\"https:\/\/sklep.globtree.pl\/#website\"},\"datePublished\":\"2024-01-19T10:44:15+00:00\",\"dateModified\":\"2024-07-02T09:21:22+00:00\",\"breadcrumb\":{\"@id\":\"https:\/\/sklep.globtree.pl\/de\/formen-der-bezahlung\/#breadcrumb\"},\"inLanguage\":\"de\",\"potentialAction\":[{\"@type\":\"ReadAction\",\"target\":[\"https:\/\/sklep.globtree.pl\/de\/formen-der-bezahlung\/\"]}]},{\"@type\":\"BreadcrumbList\",\"@id\":\"https:\/\/sklep.globtree.pl\/de\/formen-der-bezahlung\/#breadcrumb\",\"itemListElement\":[{\"@type\":\"ListItem\",\"position\":1,\"name\":\"Strona g\u0142\u00f3wna\",\"item\":\"https:\/\/sklep.globtree.pl\/de\/homepage\/\"},{\"@type\":\"ListItem\",\"position\":2,\"name\":\"Formen der Bezahlung\"}]},{\"@type\":\"WebSite\",\"@id\":\"https:\/\/sklep.globtree.pl\/#website\",\"url\":\"https:\/\/sklep.globtree.pl\/\",\"name\":\"Sklep GlobTree\",\"description\":\"Sklep internetowy z urz\u0105dzeniami telemetrii\",\"publisher\":{\"@id\":\"https:\/\/sklep.globtree.pl\/#organization\"},\"potentialAction\":[{\"@type\":\"SearchAction\",\"target\":{\"@type\":\"EntryPoint\",\"urlTemplate\":\"https:\/\/sklep.globtree.pl\/?s={search_term_string}\"},\"query-input\":{\"@type\":\"PropertyValueSpecification\",\"valueRequired\":true,\"valueName\":\"search_term_string\"}}],\"inLanguage\":\"de\"},{\"@type\":\"Organization\",\"@id\":\"https:\/\/sklep.globtree.pl\/#organization\",\"name\":\"Sklep GlobTree\",\"url\":\"https:\/\/sklep.globtree.pl\/\",\"logo\":{\"@type\":\"ImageObject\",\"inLanguage\":\"de\",\"@id\":\"https:\/\/sklep.globtree.pl\/#\/schema\/logo\/image\/\",\"url\":\"https:\/\/sklep.globtree.pl\/wp-content\/uploads\/2023\/09\/cropped-GlobTree_logo-1.png\",\"contentUrl\":\"https:\/\/sklep.globtree.pl\/wp-content\/uploads\/2023\/09\/cropped-GlobTree_logo-1.png\",\"width\":400,\"height\":80,\"caption\":\"Sklep GlobTree\"},\"image\":{\"@id\":\"https:\/\/sklep.globtree.pl\/#\/schema\/logo\/image\/\"},\"sameAs\":[\"https:\/\/www.facebook.com\/netlandteam\/\",\"https:\/\/pl.linkedin.com\/company\/globtree-sp-z-o-o\"]},{\"@type\":\"Person\",\"@id\":\"https:\/\/sklep.globtree.pl\/#\/schema\/person\/382fa0ad46eeca1bb97f255e86b3734a\",\"name\":\"Hunter Mccray\",\"image\":{\"@type\":\"ImageObject\",\"inLanguage\":\"de\",\"@id\":\"https:\/\/sklep.globtree.pl\/#\/schema\/person\/image\/\",\"url\":\"https:\/\/secure.gravatar.com\/avatar\/098d91d05ac81ce8cfa813bb98d0d4477f036eccb08cc872d3ead91cc125130a?s=96&d=mm&r=g\",\"contentUrl\":\"https:\/\/secure.gravatar.com\/avatar\/098d91d05ac81ce8cfa813bb98d0d4477f036eccb08cc872d3ead91cc125130a?s=96&d=mm&r=g\",\"caption\":\"Hunter Mccray\"}}]}<\/script>\n<!-- \/ Yoast SEO plugin. -->","yoast_head_json":{"title":"Formen der Bezahlung | Sklep GlobTree","robots":{"index":"index","follow":"follow","max-snippet":"max-snippet:-1","max-image-preview":"max-image-preview:large","max-video-preview":"max-video-preview:-1"},"canonical":"https:\/\/sklep.globtree.pl\/de\/formen-der-bezahlung\/","og_locale":"de_DE","og_type":"article","og_title":"Formen der Bezahlung | Sklep GlobTree","og_url":"https:\/\/sklep.globtree.pl\/de\/formen-der-bezahlung\/","og_site_name":"Sklep GlobTree","article_publisher":"https:\/\/www.facebook.com\/netlandteam\/","article_modified_time":"2024-07-02T09:21:22+00:00","twitter_card":"summary_large_image","twitter_misc":{"Gesch\u00e4tzte Lesezeit":"1\u00a0Minute"},"schema":{"@context":"https:\/\/schema.org","@graph":[{"@type":"AdvertiserContentArticle","@id":"https:\/\/sklep.globtree.pl\/de\/formen-der-bezahlung\/#article","isPartOf":{"@id":"https:\/\/sklep.globtree.pl\/de\/formen-der-bezahlung\/"},"author":{"name":"Hunter Mccray","@id":"https:\/\/sklep.globtree.pl\/#\/schema\/person\/382fa0ad46eeca1bb97f255e86b3734a"},"headline":"Formen der Bezahlung","datePublished":"2024-01-19T10:44:15+00:00","dateModified":"2024-07-02T09:21:22+00:00","mainEntityOfPage":{"@id":"https:\/\/sklep.globtree.pl\/de\/formen-der-bezahlung\/"},"wordCount":110,"publisher":{"@id":"https:\/\/sklep.globtree.pl\/#organization"},"inLanguage":"de"},{"@type":"WebPage","@id":"https:\/\/sklep.globtree.pl\/de\/formen-der-bezahlung\/","url":"https:\/\/sklep.globtree.pl\/de\/formen-der-bezahlung\/","name":"Formen der Bezahlung | Sklep GlobTree","isPartOf":{"@id":"https:\/\/sklep.globtree.pl\/#website"},"datePublished":"2024-01-19T10:44:15+00:00","dateModified":"2024-07-02T09:21:22+00:00","breadcrumb":{"@id":"https:\/\/sklep.globtree.pl\/de\/formen-der-bezahlung\/#breadcrumb"},"inLanguage":"de","potentialAction":[{"@type":"ReadAction","target":["https:\/\/sklep.globtree.pl\/de\/formen-der-bezahlung\/"]}]},{"@type":"BreadcrumbList","@id":"https:\/\/sklep.globtree.pl\/de\/formen-der-bezahlung\/#breadcrumb","itemListElement":[{"@type":"ListItem","position":1,"name":"Strona g\u0142\u00f3wna","item":"https:\/\/sklep.globtree.pl\/de\/homepage\/"},{"@type":"ListItem","position":2,"name":"Formen der Bezahlung"}]},{"@type":"WebSite","@id":"https:\/\/sklep.globtree.pl\/#website","url":"https:\/\/sklep.globtree.pl\/","name":"Sklep GlobTree","description":"Sklep internetowy z urz\u0105dzeniami telemetrii","publisher":{"@id":"https:\/\/sklep.globtree.pl\/#organization"},"potentialAction":[{"@type":"SearchAction","target":{"@type":"EntryPoint","urlTemplate":"https:\/\/sklep.globtree.pl\/?s={search_term_string}"},"query-input":{"@type":"PropertyValueSpecification","valueRequired":true,"valueName":"search_term_string"}}],"inLanguage":"de"},{"@type":"Organization","@id":"https:\/\/sklep.globtree.pl\/#organization","name":"Sklep GlobTree","url":"https:\/\/sklep.globtree.pl\/","logo":{"@type":"ImageObject","inLanguage":"de","@id":"https:\/\/sklep.globtree.pl\/#\/schema\/logo\/image\/","url":"https:\/\/sklep.globtree.pl\/wp-content\/uploads\/2023\/09\/cropped-GlobTree_logo-1.png","contentUrl":"https:\/\/sklep.globtree.pl\/wp-content\/uploads\/2023\/09\/cropped-GlobTree_logo-1.png","width":400,"height":80,"caption":"Sklep GlobTree"},"image":{"@id":"https:\/\/sklep.globtree.pl\/#\/schema\/logo\/image\/"},"sameAs":["https:\/\/www.facebook.com\/netlandteam\/","https:\/\/pl.linkedin.com\/company\/globtree-sp-z-o-o"]},{"@type":"Person","@id":"https:\/\/sklep.globtree.pl\/#\/schema\/person\/382fa0ad46eeca1bb97f255e86b3734a","name":"Hunter Mccray","image":{"@type":"ImageObject","inLanguage":"de","@id":"https:\/\/sklep.globtree.pl\/#\/schema\/person\/image\/","url":"https:\/\/secure.gravatar.com\/avatar\/098d91d05ac81ce8cfa813bb98d0d4477f036eccb08cc872d3ead91cc125130a?s=96&d=mm&r=g","contentUrl":"https:\/\/secure.gravatar.com\/avatar\/098d91d05ac81ce8cfa813bb98d0d4477f036eccb08cc872d3ead91cc125130a?s=96&d=mm&r=g","caption":"Hunter Mccray"}}]}},"_links":{"self":[{"href":"https:\/\/sklep.globtree.pl\/de\/wp-json\/wp\/v2\/pages\/1156","targetHints":{"allow":["GET"]}}],"collection":[{"href":"https:\/\/sklep.globtree.pl\/de\/wp-json\/wp\/v2\/pages"}],"about":[{"href":"https:\/\/sklep.globtree.pl\/de\/wp-json\/wp\/v2\/types\/page"}],"author":[{"embeddable":true,"href":"https:\/\/sklep.globtree.pl\/de\/wp-json\/wp\/v2\/users\/5"}],"replies":[{"embeddable":true,"href":"https:\/\/sklep.globtree.pl\/de\/wp-json\/wp\/v2\/comments?post=1156"}],"version-history":[{"count":2,"href":"https:\/\/sklep.globtree.pl\/de\/wp-json\/wp\/v2\/pages\/1156\/revisions"}],"predecessor-version":[{"id":1610,"href":"https:\/\/sklep.globtree.pl\/de\/wp-json\/wp\/v2\/pages\/1156\/revisions\/1610"}],"wp:attachment":[{"href":"https:\/\/sklep.globtree.pl\/de\/wp-json\/wp\/v2\/media?parent=1156"}],"curies":[{"name":"wp","href":"https:\/\/api.w.org\/{rel}","templated":true}]}}