


{"id":1168,"date":"2023-09-18T13:24:21","date_gmt":"2023-09-18T11:24:21","guid":{"rendered":"https:\/\/sklep.netland.com.pl\/datenschutzbestimmungen\/"},"modified":"2024-07-02T11:24:34","modified_gmt":"2024-07-02T09:24:34","slug":"datenschutzbestimmungen","status":"publish","type":"page","link":"https:\/\/sklep.globtree.pl\/de\/datenschutzbestimmungen\/","title":{"rendered":"Datenschutzbestimmungen"},"content":{"rendered":"<div class=\"nolwrap\">\r\n<p style=\"text-align: center;\"><strong>Datenschutzbestimmungen<\/strong><\/p>\r\n<p>&nbsp;<\/p>\r\n<ol>\r\n<li>Die vorliegende Datenschutzerkl\u00e4rung legt die Grunds\u00e4tze f\u00fcr die Verarbeitung personenbezogener Daten fest, die \u00fcber den Online-Shop https:\/\/sklep.globtree.pl\/ (im Folgenden &#8222;Online-Shop&#8220; genannt) erhoben werden, und informiert \u00fcber diese.<\/li>\r\n<li>Inhaber des Shops und gleichzeitig Verwalter der personenbezogenen Daten ist die Firma GlobTree Sp. z o.o. mit Sitz in Olsztyn (10-683), Tryli\u0144skiego-Stra\u00dfe 16, eingetragen im Unternehmerregister des Landesgerichtsregisters, das vom Amtsgericht in Olsztyn, 8. Handelsabteilung, gef\u00fchrt wird, unter der KRS-Nummer 0000304081, NIP: 7393679238, Regon: 280292161, im Folgenden GlobTree genannt,<\/li>\r\n<li>GlobTree achtet besonders auf den Schutz der Privatsph\u00e4re der Kunden, die den Internet-Shop besuchen.<\/li>\r\n<\/ol>\r\n<p>&nbsp;<\/p>\r\n<p><strong>I. Wie sammeln wir Daten?<\/strong><\/p>\r\n<ol>\r\n<li>GlobTree sammelt Informationen \u00fcber nat\u00fcrliche Personen, die ein Rechtsgesch\u00e4ft t\u00e4tigen, das nicht unmittelbar mit ihrer T\u00e4tigkeit zusammenh\u00e4ngt, \u00fcber nat\u00fcrliche Personen, die in eigenem Namen eine gewerbliche oder berufliche T\u00e4tigkeit aus\u00fcben, und \u00fcber nat\u00fcrliche Personen, die juristische Personen oder organisatorische Einheiten vertreten, die keine juristischen Personen sind, denen das Gesetz die Rechtsf\u00e4higkeit verleiht, und die in eigenem Namen eine gewerbliche oder berufliche T\u00e4tigkeit aus\u00fcben, im Folgenden zusammenfassend als Kunden bezeichnet.<\/li>\r\n<li>Die personenbezogenen Daten der Kunden werden in bestimmten F\u00e4llen erhoben:\r\n<ul>\r\n<li>\r\n<p>Registrierung eines Kontos im Online Shop;<\/p>\r\n<\/li>\r\n<li>\r\n<p>eine Bestellung im Online Shop aufgeben;<\/p>\r\n<\/li>\r\n<li>\r\n<p>das Abonnieren eines Newsletters;<\/p>\r\n<\/li>\r\n<li>\r\n<p>die Nutzung des Dienstes.<\/p>\r\n<\/li>\r\n<\/ul>\r\n<\/li>\r\n<li>Die Registrierung eines Kontos dient der Erleichterung der Nutzung der Website durch den Kunden, einschlie\u00dflich der Vereinfachung von Eink\u00e4ufen. Daher gibt der Kunde bei der Registrierung eines Kontos im Online-Shop an:<br \/>\r\n<ul>\r\n<li>E-Mail Adresse;<\/li>\r\n<li>Adressangaben: Postleitzahl und Ort, Land (Bundesland); Stra\u00dfenanschrift einschlie\u00dflich Haus-\/Wohnungsnummer;<\/li>\r\n<li>Vor- und Nachname;<\/li>\r\n<li>Telefonnummer.<\/li>\r\n<\/ul>\r\n<\/li>\r\n<li>Bei der Registrierung eines Kontos im Online-Shop legt der Kunde ein individuelles Passwort fest, mit dem er sich selbst Zugang zu seinem Konto verschafft. Der Kunde kann das Passwort zu einem sp\u00e4teren Zeitpunkt \u00e4ndern.<\/li>\r\n<li>Der Einkauf ist auch ohne Registrierung des Kontos m\u00f6glich. Bei einer Bestellung im Online-Shop gibt der Kunde die folgenden Daten an:<br \/>\r\n<ul>\r\n<li>\r\n<p>E-Mail Adresse;<\/p>\r\n<\/li>\r\n<li>\r\n<p>Adressangaben: Postleitzahl und Ort, Land ( Staat ); Stra\u00dfenanschrift einschlie\u00dflich Haus-\/Wohnungsnummer;<\/p>\r\n<\/li>\r\n<li>\r\n<p>Vor- und Nachname;<\/p>\r\n<\/li>\r\n<li>\r\n<p>Telefonnummer.<\/p>\r\n<\/li>\r\n<\/ul>\r\n<\/li>\r\n<li>Im Falle von Unternehmern wird der oben genannte Datenumfang noch erweitert:<br \/>\r\n<ul>\r\n<li>den Firmennamen des Unternehmers<\/li>\r\n<li>MwSt.-Nummer<\/li>\r\n<\/ul>\r\n<\/li>\r\n<li>Bei der Nutzung des Newsletter-Dienstes gibt der Kunde lediglich seine E-Mail-Adresse an.<\/li>\r\n<li>Es ist auch m\u00f6glich, die Website zu nutzen, ohne ein Konto einzurichten und ohne die oben genannten pers\u00f6nlichen Daten anzugeben, wenn der Kunde keinen Kauf t\u00e4tigt, sondern nur die auf der Website ver\u00f6ffentlichten Inhalte liest.<\/li>\r\n<li>Bei der Nutzung der Website des Shops k\u00f6nnen zus\u00e4tzliche Informationen erfasst werden, insbesondere: die dem Computer des Kunden zugewiesene IP-Adresse oder die externe IP-Adresse des Internet-Providers, der Domain-Name, der Browsertyp, die Zugriffszeit, der Betriebssystemtyp.<\/li>\r\n<li>Es k\u00f6nnen auch Navigationsdaten von Kunden gesammelt werden, einschlie\u00dflich Informationen \u00fcber Links und Verweise, die sie anklicken, oder andere Aktionen, die sie in unserem Online-Shop durchf\u00fchren.<\/li>\r\n<\/ol>\r\n<p>&nbsp;<\/p>\r\n<p><strong>II. Wie verarbeiten wir die erhobenen Daten?<\/strong><\/p>\r\n<ol>\r\n<li>Wir verarbeiten die Daten f\u00fcr folgende Zwecke:<br \/>\r\n<ul>\r\n<li>\r\n<p>Erf\u00fcllung eines uns bindenden Vertrages oder auf Wunsch des Kunden, einschlie\u00dflich der Beantwortung einer Anfrage, des Verkaufs und der Lieferung von Waren und deren R\u00fccknahme, der Bearbeitung von Beschwerden, der <br \/>Zahlungserleichterung die Geltendmachung oder Abwehr von Anspr\u00fcchen. Die Grundlage f\u00fcr diese Verarbeitung ist Artikel 6 Absatz 1 Buchstabe b der RODO;<\/p>\r\n<\/li>\r\n<li>\r\n<p>dem Kunden die Nutzung des Dienstes zu erm\u00f6glichen, indem er ein individuelles Benutzerkonto einrichtet und unterh\u00e4lt, ohne die Daten immer wieder neu eingeben zu m\u00fcssen, ebenfalls auf der Grundlage von Artikel 6 Absatz 1 Buchstabe b der DSGVO;<\/p>\r\n<\/li>\r\n<li>\r\n<p>zur F\u00fchrung von Buchhaltungs- und Steuerunterlagen, wobei die Grundlage Artikel 6 Absatz 1 Buchstabe c) DSGVO ist;<\/p>\r\n<\/li>\r\n<li>\r\n<p>wenn der Kunde zustimmt, d. h. auf der Grundlage von Artikel 6 Absatz 1 Buchstabe b) RODO, verwenden wir seine Daten, um kommerzielle Informationen, einschlie\u00dflich Newsletter, an seine E-Mail-Adresse zu senden.<\/p>\r\n<\/li>\r\n<li>\r\n<p>Wir verarbeiten die Daten auch im Falle einer Klage oder der Abwehr von Anspr\u00fcchen auf der Grundlage von Artikel 6 Absatz 1 Buchstabe f) RODO.<\/p>\r\n<\/li>\r\n<\/ul>\r\n<\/li>\r\n<li>Im Rahmen unserer Zusammenarbeit mit Kunden k\u00f6nnen Daten von unseren Partnern verarbeitet werden. Empf\u00e4nger dieser Daten sind daher neben unseren bevollm\u00e4chtigten Mitarbeitern: Betreiber und Verwalter von IT-Systemen, Zahlungssystemen, unsere Lieferanten, Transport-, Kurier- und Postunternehmen, Buchhaltungsb\u00fcros, Anwaltskanzleien und Inkassounternehmen.<\/li>\r\n<li>Wir speichern Ihre Daten prozessabh\u00e4ngig:<\/li>\r\n<li>Die Bereitstellung der oben genannten Daten ist freiwillig, aber f\u00fcr die Erf\u00fcllung des jeweiligen Vertrags erforderlich. Im Falle von Verk\u00e4ufen ist die Bereitstellung der Daten auch gesetzlich vorgeschrieben, wenn eine Rechnung verlangt wird.<\/li>\r\n<\/ol>\r\n<p>&nbsp;<\/p>\r\n<p><strong>III. Cookie-Mechanismus, IP-Adresse<\/strong><\/p>\r\n<ol>\r\n<li>Der Shop verwendet Cookies. Dabei handelt es sich um kleine Textdateien, die von einem Webserver gesendet und von der Computersoftware des Browsers gespeichert werden. Wenn sich der Browser erneut mit der Website verbindet, erkennt die Website den Ger\u00e4tetyp, von dem aus sich der Benutzer verbindet. Die Parameter erlauben es nur dem Server, der sie erstellt hat, die in ihnen enthaltenen Informationen zu lesen. Cookies erleichtern daher die Nutzung bereits besuchter Websites. Die gesammelten Informationen beziehen sich auf die IP-Adresse, die Art des verwendeten Browsers, die Sprache, die Art des Betriebssystems, den Internetdienstanbieter, die Zeit- und Datumsangaben, den Standort und die Informationen, die \u00fcber das Kontaktformular an die Website gesendet werden.<\/li>\r\n<li>Die gesammelten Daten werden verwendet, um zu \u00fcberwachen und zu sehen, wie die Nutzer unsere Websites nutzen, um die Website durch eine effizientere und nahtlose Navigation zu verbessern. Wir \u00fcberwachen die Nutzerdaten mit dem Tool Google Analytics, das das Nutzerverhalten auf der Shop-Site aufzeichnet. Cookies identifizieren den Nutzer und erm\u00f6glichen es uns, die Inhalte der Website auf seine Bed\u00fcrfnisse abzustimmen. Indem wir uns Ihre Pr\u00e4ferenzen merken, ist es m\u00f6glich, gezielte Werbung auf Sie zuzuschneiden. Wir verwenden Cookies, um den h\u00f6chsten Komfort auf unserer Website zu gew\u00e4hrleisten, und die gesammelten Daten werden nur innerhalb von GlobTree Sp. z o.o. zur Optimierung des Betriebs verwendet.<\/li>\r\n<li>Wir verwenden die folgenden Cookies auf unserer Website:\r\n<ol>\r\n<li>&#8222;notwendige&#8220; Cookies, um die Nutzung der auf der Website verf\u00fcgbaren Dienste zu erm\u00f6glichen, z. B. Authentifizierungs-Cookies, die f\u00fcr Dienste verwendet werden, die eine Authentifizierung auf der Website erfordern;<\/li>\r\n<li>Sicherheits-Cookies, z. B. f\u00fcr die Erkennung des Missbrauchs der Authentifizierung auf der Website;<\/li>\r\n<li>&#8222;Performance&#8220;-Cookies, die die Sammlung von Informationen \u00fcber die Nutzung der Website erm\u00f6glichen;<\/li>\r\n<li>&#8222;funktionelle&#8220; Cookies, die es erm\u00f6glichen, sich an die vom Benutzer gew\u00e4hlten Einstellungen zu &#8222;erinnern&#8220; und die Benutzeroberfl\u00e4che zu personalisieren, z. B. im Hinblick auf die gew\u00e4hlte Sprache oder Herkunftsregion des Benutzers, die Schriftgr\u00f6\u00dfe, das Design der Website usw;<\/li>\r\n<li>&#8222;Werbe&#8220;-Cookies, die verwendet werden, um den Nutzern personalisierte Werbung auf der Grundlage der von ihnen zuvor besuchten Seiten zu liefern und die Wirksamkeit der Werbekampagne zu analysieren.<\/li>\r\n<\/ol>\r\n<\/li>\r\n<li>Der Nutzer hat die M\u00f6glichkeit, die Sammlung von Cookies jederzeit zu deaktivieren oder wiederherzustellen, indem er die Einstellungen in seinem Webbrowser \u00e4ndert. Eine Anleitung zur Verwaltung von Cookies finden Sie unter http:\/\/www.allaboutcookies.org\/manage-cookies.<\/li>\r\n<\/ol>\r\n<p>&nbsp;<\/p>\r\n<p><strong>IV. Datenzugang und Sicherheit<\/strong><\/p>\r\n<ol>\r\n<li>Die von GlobTree \u00fcber den Online-Shop erhobenen personenbezogenen Daten werden in \u00dcbereinstimmung mit der Verordnung (EU) 2016\/679 des Europ\u00e4ischen Parlaments und des Rates vom 27. April 2016 zum Schutz nat\u00fcrlicher Personen bei der Verarbeitung personenbezogener Daten und zum freien Datenverkehr (RODO) verarbeitet.<\/li>\r\n<li>Nur autorisierte GlobTree-Mitarbeiter haben Zugang zu den pers\u00f6nlichen Daten der Kunden, die \u00fcber den Online-Shop gesammelt wurden.<\/li>\r\n<li>Die personenbezogenen Daten der Kunden k\u00f6nnen auf der Grundlage gesetzlicher Bestimmungen oder mit Zustimmung des Kunden an andere Stellen weitergegeben werden. Die Liste der im vorstehenden Satz genannten Stellen ist im Absatz angegeben: &#8222;Wie verarbeiten wir die gesammelten Daten?&#8220;.<\/li>\r\n<li>Der Kunde hat das Recht auf Zugang zu seinen personenbezogenen Daten, die M\u00f6glichkeit der Berichtigung, der Einschr\u00e4nkung der Verarbeitung, der Daten\u00fcbertragbarkeit, des Widerspruchs und des Widerrufs seiner Zustimmung (falls vorhanden), ohne dass die Vereinbarkeit der auf der Grundlage dieser Daten vor dem Widerruf erfolgten Verarbeitung beeintr\u00e4chtigt wird. Der Kunde hat auch das Recht, eine Beschwerde bei einer Aufsichtsbeh\u00f6rde einzureichen.<\/li>\r\n<li>F\u00fcr Kunden, die \u00fcber ein Konto verf\u00fcgen, sind der Zugang und die Berichtigung personenbezogener Daten auch nach dem Einloggen in das Konto des Online-Shops m\u00f6glich.<\/li>\r\n<li>Der Kunde hat das Recht, die L\u00f6schung seiner personenbezogenen Daten zu verlangen. In bestimmten gesetzlich vorgeschriebenen Situationen kann GlobTree die L\u00f6schung der Daten des Kunden verweigern.<\/li>\r\n<li>Im Falle eines Newsletter-Abonnements hat der Kunde die M\u00f6glichkeit, seine E-Mail-Adresse aus der Mailingliste zu l\u00f6schen.<\/li>\r\n<li>F\u00fcr den Fall, dass ein Kunde mit einem Konto im Online-Shop sein Passwort auf irgendeine Weise verliert, erm\u00f6glicht der Online-Shop, ein neues Passwort zu generieren. GlobTree versendet keine Passwort-Erinnerung. Das Passwort wird in verschl\u00fcsselter Form gespeichert, so dass es nicht gelesen werden kann. Um ein neues Passwort zu generieren, ist es notwendig, eine E-Mail-Adresse in dem Formular anzugeben, das unter dem Link &#8222;Sie haben Ihr Passwort vergessen&#8220; zur Verf\u00fcgung steht, wenn Sie sich in ein Konto im Online-Shop einloggen. Der Kunde erh\u00e4lt eine E-Mail-Nachricht an die bei der Registrierung angegebene oder bei der letzten \u00c4nderung des Kontoprofils gespeicherte E-Mail-Adresse, die eine Weiterleitung zu einem speziellen Formular enth\u00e4lt, das auf der Website des Shops zur Verf\u00fcgung gestellt wird und in dem der Kunde die M\u00f6glichkeit hat, ein neues Passwort festzulegen.<\/li>\r\n<li>GlobTree versendet niemals Korrespondenz, auch nicht per E-Mail, in der die Anmeldedaten und insbesondere das Passwort f\u00fcr den Zugang zum Kundenkonto angefordert werden.<\/li>\r\n<\/ol>\r\n<p>&nbsp;<\/p>\r\n<p><strong>V. \u00c4nderungen der Datenschutzrichtlinie<\/strong><\/p>\r\n<ol>\r\n<li>Die Datenschutzrichtlinie kann ge\u00e4ndert werden, wor\u00fcber GlobTree die Kunden 7 Tage im Voraus informiert.<\/li>\r\n<li>Bitte richten Sie Fragen zur Datenschutzpolitik an: sklep@globtree.pl.<\/li>\r\n<\/ol>\r\n<\/div>","protected":false},"excerpt":{"rendered":"<p>Datenschutzbestimmungen &nbsp; Die vorliegende Datenschutzerkl\u00e4rung legt die Grunds\u00e4tze f\u00fcr die Verarbeitung personenbezogener Daten fest, die \u00fcber den Online-Shop https:\/\/sklep.globtree.pl\/ (im Folgenden &#8222;Online-Shop&#8220; genannt) erhoben werden, und informiert \u00fcber diese. Inhaber des Shops und gleichzeitig Verwalter der personenbezogenen Daten ist die Firma GlobTree Sp. z o.o. mit Sitz in Olsztyn (10-683), Tryli\u0144skiego-Stra\u00dfe 16, eingetragen im Unternehmerregister [&hellip;]<\/p>\n","protected":false},"author":3,"featured_media":0,"parent":0,"menu_order":31,"comment_status":"closed","ping_status":"closed","template":"","meta":{"footnotes":""},"class_list":["post-1168","page","type-page","status-publish","hentry"],"yoast_head":"<!-- This site is optimized with the Yoast SEO plugin v26.4 - https:\/\/yoast.com\/wordpress\/plugins\/seo\/ -->\n<title>Datenschutzbestimmungen | Sklep GlobTree<\/title>\n<meta name=\"robots\" content=\"index, follow, max-snippet:-1, max-image-preview:large, max-video-preview:-1\" \/>\n<link rel=\"canonical\" href=\"https:\/\/sklep.globtree.pl\/de\/datenschutzbestimmungen\/\" \/>\n<meta property=\"og:locale\" content=\"de_DE\" \/>\n<meta property=\"og:type\" content=\"article\" \/>\n<meta property=\"og:title\" content=\"Datenschutzbestimmungen | Sklep GlobTree\" \/>\n<meta property=\"og:url\" content=\"https:\/\/sklep.globtree.pl\/de\/datenschutzbestimmungen\/\" \/>\n<meta property=\"og:site_name\" content=\"Sklep GlobTree\" \/>\n<meta property=\"article:publisher\" content=\"https:\/\/www.facebook.com\/netlandteam\/\" \/>\n<meta property=\"article:modified_time\" content=\"2024-07-02T09:24:34+00:00\" \/>\n<meta name=\"twitter:card\" content=\"summary_large_image\" \/>\n<meta name=\"twitter:label1\" content=\"Gesch\u00e4tzte Lesezeit\" \/>\n\t<meta name=\"twitter:data1\" content=\"9\u00a0Minuten\" \/>\n<script type=\"application\/ld+json\" class=\"yoast-schema-graph\">{\"@context\":\"https:\/\/schema.org\",\"@graph\":[{\"@type\":\"AdvertiserContentArticle\",\"@id\":\"https:\/\/sklep.globtree.pl\/de\/datenschutzbestimmungen\/#article\",\"isPartOf\":{\"@id\":\"https:\/\/sklep.globtree.pl\/de\/datenschutzbestimmungen\/\"},\"author\":{\"name\":\"globtree\",\"@id\":\"https:\/\/sklep.globtree.pl\/#\/schema\/person\/f72ddc8344a8d6b11ac65825562645d9\"},\"headline\":\"Datenschutzbestimmungen\",\"datePublished\":\"2023-09-18T11:24:21+00:00\",\"dateModified\":\"2024-07-02T09:24:34+00:00\",\"mainEntityOfPage\":{\"@id\":\"https:\/\/sklep.globtree.pl\/de\/datenschutzbestimmungen\/\"},\"wordCount\":1572,\"publisher\":{\"@id\":\"https:\/\/sklep.globtree.pl\/#organization\"},\"inLanguage\":\"de\"},{\"@type\":\"WebPage\",\"@id\":\"https:\/\/sklep.globtree.pl\/de\/datenschutzbestimmungen\/\",\"url\":\"https:\/\/sklep.globtree.pl\/de\/datenschutzbestimmungen\/\",\"name\":\"Datenschutzbestimmungen | Sklep GlobTree\",\"isPartOf\":{\"@id\":\"https:\/\/sklep.globtree.pl\/#website\"},\"datePublished\":\"2023-09-18T11:24:21+00:00\",\"dateModified\":\"2024-07-02T09:24:34+00:00\",\"breadcrumb\":{\"@id\":\"https:\/\/sklep.globtree.pl\/de\/datenschutzbestimmungen\/#breadcrumb\"},\"inLanguage\":\"de\",\"potentialAction\":[{\"@type\":\"ReadAction\",\"target\":[\"https:\/\/sklep.globtree.pl\/de\/datenschutzbestimmungen\/\"]}]},{\"@type\":\"BreadcrumbList\",\"@id\":\"https:\/\/sklep.globtree.pl\/de\/datenschutzbestimmungen\/#breadcrumb\",\"itemListElement\":[{\"@type\":\"ListItem\",\"position\":1,\"name\":\"Strona g\u0142\u00f3wna\",\"item\":\"https:\/\/sklep.globtree.pl\/de\/homepage\/\"},{\"@type\":\"ListItem\",\"position\":2,\"name\":\"Datenschutzbestimmungen\"}]},{\"@type\":\"WebSite\",\"@id\":\"https:\/\/sklep.globtree.pl\/#website\",\"url\":\"https:\/\/sklep.globtree.pl\/\",\"name\":\"Sklep GlobTree\",\"description\":\"Sklep internetowy z urz\u0105dzeniami telemetrii\",\"publisher\":{\"@id\":\"https:\/\/sklep.globtree.pl\/#organization\"},\"potentialAction\":[{\"@type\":\"SearchAction\",\"target\":{\"@type\":\"EntryPoint\",\"urlTemplate\":\"https:\/\/sklep.globtree.pl\/?s={search_term_string}\"},\"query-input\":{\"@type\":\"PropertyValueSpecification\",\"valueRequired\":true,\"valueName\":\"search_term_string\"}}],\"inLanguage\":\"de\"},{\"@type\":\"Organization\",\"@id\":\"https:\/\/sklep.globtree.pl\/#organization\",\"name\":\"Sklep GlobTree\",\"url\":\"https:\/\/sklep.globtree.pl\/\",\"logo\":{\"@type\":\"ImageObject\",\"inLanguage\":\"de\",\"@id\":\"https:\/\/sklep.globtree.pl\/#\/schema\/logo\/image\/\",\"url\":\"https:\/\/sklep.globtree.pl\/wp-content\/uploads\/2023\/09\/cropped-GlobTree_logo-1.png\",\"contentUrl\":\"https:\/\/sklep.globtree.pl\/wp-content\/uploads\/2023\/09\/cropped-GlobTree_logo-1.png\",\"width\":400,\"height\":80,\"caption\":\"Sklep GlobTree\"},\"image\":{\"@id\":\"https:\/\/sklep.globtree.pl\/#\/schema\/logo\/image\/\"},\"sameAs\":[\"https:\/\/www.facebook.com\/netlandteam\/\",\"https:\/\/pl.linkedin.com\/company\/globtree-sp-z-o-o\"]},{\"@type\":\"Person\",\"@id\":\"https:\/\/sklep.globtree.pl\/#\/schema\/person\/f72ddc8344a8d6b11ac65825562645d9\",\"name\":\"globtree\",\"image\":{\"@type\":\"ImageObject\",\"inLanguage\":\"de\",\"@id\":\"https:\/\/sklep.globtree.pl\/#\/schema\/person\/image\/\",\"url\":\"https:\/\/secure.gravatar.com\/avatar\/c5457b237ca011f38a4cdcb495de639df38d12789d2a8d10d419ab2ce12537a7?s=96&d=mm&r=g\",\"contentUrl\":\"https:\/\/secure.gravatar.com\/avatar\/c5457b237ca011f38a4cdcb495de639df38d12789d2a8d10d419ab2ce12537a7?s=96&d=mm&r=g\",\"caption\":\"globtree\"}}]}<\/script>\n<!-- \/ Yoast SEO plugin. -->","yoast_head_json":{"title":"Datenschutzbestimmungen | Sklep GlobTree","robots":{"index":"index","follow":"follow","max-snippet":"max-snippet:-1","max-image-preview":"max-image-preview:large","max-video-preview":"max-video-preview:-1"},"canonical":"https:\/\/sklep.globtree.pl\/de\/datenschutzbestimmungen\/","og_locale":"de_DE","og_type":"article","og_title":"Datenschutzbestimmungen | Sklep GlobTree","og_url":"https:\/\/sklep.globtree.pl\/de\/datenschutzbestimmungen\/","og_site_name":"Sklep GlobTree","article_publisher":"https:\/\/www.facebook.com\/netlandteam\/","article_modified_time":"2024-07-02T09:24:34+00:00","twitter_card":"summary_large_image","twitter_misc":{"Gesch\u00e4tzte Lesezeit":"9\u00a0Minuten"},"schema":{"@context":"https:\/\/schema.org","@graph":[{"@type":"AdvertiserContentArticle","@id":"https:\/\/sklep.globtree.pl\/de\/datenschutzbestimmungen\/#article","isPartOf":{"@id":"https:\/\/sklep.globtree.pl\/de\/datenschutzbestimmungen\/"},"author":{"name":"globtree","@id":"https:\/\/sklep.globtree.pl\/#\/schema\/person\/f72ddc8344a8d6b11ac65825562645d9"},"headline":"Datenschutzbestimmungen","datePublished":"2023-09-18T11:24:21+00:00","dateModified":"2024-07-02T09:24:34+00:00","mainEntityOfPage":{"@id":"https:\/\/sklep.globtree.pl\/de\/datenschutzbestimmungen\/"},"wordCount":1572,"publisher":{"@id":"https:\/\/sklep.globtree.pl\/#organization"},"inLanguage":"de"},{"@type":"WebPage","@id":"https:\/\/sklep.globtree.pl\/de\/datenschutzbestimmungen\/","url":"https:\/\/sklep.globtree.pl\/de\/datenschutzbestimmungen\/","name":"Datenschutzbestimmungen | Sklep GlobTree","isPartOf":{"@id":"https:\/\/sklep.globtree.pl\/#website"},"datePublished":"2023-09-18T11:24:21+00:00","dateModified":"2024-07-02T09:24:34+00:00","breadcrumb":{"@id":"https:\/\/sklep.globtree.pl\/de\/datenschutzbestimmungen\/#breadcrumb"},"inLanguage":"de","potentialAction":[{"@type":"ReadAction","target":["https:\/\/sklep.globtree.pl\/de\/datenschutzbestimmungen\/"]}]},{"@type":"BreadcrumbList","@id":"https:\/\/sklep.globtree.pl\/de\/datenschutzbestimmungen\/#breadcrumb","itemListElement":[{"@type":"ListItem","position":1,"name":"Strona g\u0142\u00f3wna","item":"https:\/\/sklep.globtree.pl\/de\/homepage\/"},{"@type":"ListItem","position":2,"name":"Datenschutzbestimmungen"}]},{"@type":"WebSite","@id":"https:\/\/sklep.globtree.pl\/#website","url":"https:\/\/sklep.globtree.pl\/","name":"Sklep GlobTree","description":"Sklep internetowy z urz\u0105dzeniami telemetrii","publisher":{"@id":"https:\/\/sklep.globtree.pl\/#organization"},"potentialAction":[{"@type":"SearchAction","target":{"@type":"EntryPoint","urlTemplate":"https:\/\/sklep.globtree.pl\/?s={search_term_string}"},"query-input":{"@type":"PropertyValueSpecification","valueRequired":true,"valueName":"search_term_string"}}],"inLanguage":"de"},{"@type":"Organization","@id":"https:\/\/sklep.globtree.pl\/#organization","name":"Sklep GlobTree","url":"https:\/\/sklep.globtree.pl\/","logo":{"@type":"ImageObject","inLanguage":"de","@id":"https:\/\/sklep.globtree.pl\/#\/schema\/logo\/image\/","url":"https:\/\/sklep.globtree.pl\/wp-content\/uploads\/2023\/09\/cropped-GlobTree_logo-1.png","contentUrl":"https:\/\/sklep.globtree.pl\/wp-content\/uploads\/2023\/09\/cropped-GlobTree_logo-1.png","width":400,"height":80,"caption":"Sklep GlobTree"},"image":{"@id":"https:\/\/sklep.globtree.pl\/#\/schema\/logo\/image\/"},"sameAs":["https:\/\/www.facebook.com\/netlandteam\/","https:\/\/pl.linkedin.com\/company\/globtree-sp-z-o-o"]},{"@type":"Person","@id":"https:\/\/sklep.globtree.pl\/#\/schema\/person\/f72ddc8344a8d6b11ac65825562645d9","name":"globtree","image":{"@type":"ImageObject","inLanguage":"de","@id":"https:\/\/sklep.globtree.pl\/#\/schema\/person\/image\/","url":"https:\/\/secure.gravatar.com\/avatar\/c5457b237ca011f38a4cdcb495de639df38d12789d2a8d10d419ab2ce12537a7?s=96&d=mm&r=g","contentUrl":"https:\/\/secure.gravatar.com\/avatar\/c5457b237ca011f38a4cdcb495de639df38d12789d2a8d10d419ab2ce12537a7?s=96&d=mm&r=g","caption":"globtree"}}]}},"_links":{"self":[{"href":"https:\/\/sklep.globtree.pl\/de\/wp-json\/wp\/v2\/pages\/1168","targetHints":{"allow":["GET"]}}],"collection":[{"href":"https:\/\/sklep.globtree.pl\/de\/wp-json\/wp\/v2\/pages"}],"about":[{"href":"https:\/\/sklep.globtree.pl\/de\/wp-json\/wp\/v2\/types\/page"}],"author":[{"embeddable":true,"href":"https:\/\/sklep.globtree.pl\/de\/wp-json\/wp\/v2\/users\/3"}],"replies":[{"embeddable":true,"href":"https:\/\/sklep.globtree.pl\/de\/wp-json\/wp\/v2\/comments?post=1168"}],"version-history":[{"count":5,"href":"https:\/\/sklep.globtree.pl\/de\/wp-json\/wp\/v2\/pages\/1168\/revisions"}],"predecessor-version":[{"id":1615,"href":"https:\/\/sklep.globtree.pl\/de\/wp-json\/wp\/v2\/pages\/1168\/revisions\/1615"}],"wp:attachment":[{"href":"https:\/\/sklep.globtree.pl\/de\/wp-json\/wp\/v2\/media?parent=1168"}],"curies":[{"name":"wp","href":"https:\/\/api.w.org\/{rel}","templated":true}]}}