


{"id":2038,"date":"2024-02-05T10:22:34","date_gmt":"2024-02-05T09:22:34","guid":{"rendered":"https:\/\/sklep.globtree.pl\/bedingungen-und-konditionen-des-newsletters\/"},"modified":"2024-07-16T12:22:33","modified_gmt":"2024-07-16T10:22:33","slug":"bedingungen-und-konditionen-des-newsletters","status":"publish","type":"page","link":"https:\/\/sklep.globtree.pl\/de\/bedingungen-und-konditionen-des-newsletters\/","title":{"rendered":"Bedingungen und Konditionen des Newsletters"},"content":{"rendered":"<div class=\"nolwrap\"><h2 style=\"text-align: center;\"><strong>Allgemeine Gesch\u00e4ftsbedingungen f\u00fcr den Newsletter-Service<\/strong><\/h2>\n<p>&nbsp;<\/p>\n<p>1. <strong>GlobTree Ltd. <\/strong> mit Sitz in Olsztyn, ul. Tryli\u0144skiego 16, eingetragen im Unternehmerregister des Bezirksgerichts in Olsztyn VIII Wirtschaftsabteilung des Landesgerichtsregisters unter KRS Nr. 0000304081, REGON 280292161, NIP 7393679238, E-Mail: info@globtree.pl, im Folgenden &#8222;GlobTree&#8220; genannt) legt in diesen Bestimmungen die Grunds\u00e4tze der Nutzung des Newsletter-Dienstes (im Folgenden &#8222;Newsletter&#8220; genannt) fest.<\/p>\n<p>2. Bitte lesen Sie diese Allgemeinen Gesch\u00e4ftsbedingungen sorgf\u00e4ltig durch, bevor Sie sich f\u00fcr den Newsletter anmelden.<\/p>\n<p>3. Der Newsletter-Dienst kann von einer nat\u00fcrlichen Person, einer juristischen Person, die durch eine bevollm\u00e4chtigte Person handelt, oder einer organisatorischen Einheit ohne Rechtspers\u00f6nlichkeit, der das Gesetz Rechtsf\u00e4higkeit verleiht, mit voller Rechtsf\u00e4higkeit (auch: &#8222;Nutzer&#8220;) genutzt werden. Handelt es sich bei dem Nutzer um eine beschr\u00e4nkt gesch\u00e4ftsf\u00e4hige nat\u00fcrliche Person, so ist er verpflichtet, die rechtswirksame Zustimmung seines gesetzlichen Vertreters zum Abschluss eines Vertrages \u00fcber die Erbringung des Newsletter-Dienstes (im Folgenden auch: der &#8222;Vertrag&#8220;) einzuholen und diese Zustimmung auf Verlangen von GlobTree vorzulegen, wobei der Vertrag in der Regel den Charakter eines Vertrages hat, der \u00fcblicherweise f\u00fcr geringf\u00fcgige Angelegenheiten des t\u00e4glichen Lebens geschlossen wird. GlobTree nie pobiera od U\u017cytkownik\u00f3w op\u0142at za \u015bwiadczenie us\u0142ugi Newsletter.<\/p>\n<p>4. Im Rahmen des Newsletters sendet GlobTree kommerzielle Informationen per elektronischer Post (E-Mail) an die vom Nutzer angegebene elektronische Postadresse (E-Mail). Der Newsletter-Dienst wird auf unbestimmte Zeit kostenlos zur Verf\u00fcgung gestellt, bis der Nutzer den Dienst abbestellt oder bis der Dienst von GlobTree eingestellt wird, was jederzeit geschehen kann.<\/p>\n<p>5. Die im Rahmen des Newsletters versendeten Nachrichten enthalten Informationen \u00fcber die von GlobTree und seinen kooperierenden Unternehmen angebotenen Produkte und Dienstleistungen, aktuelle Werbeaktionen und andere Informationen \u00fcber GlobTree und seine kooperierenden Unternehmen, einschlie\u00dflich Meinungen, Veranstaltungen, Nachrichten usw. Der Versand von Nachrichten im Rahmen des Newsletters stellt den Versand von kommerziellen Informationen per E-Mail und die Nutzung der Telekommunikationsendger\u00e4te des Nutzers f\u00fcr Direktmarketingzwecke dar. Dies geschieht mit dem Einverst\u00e4ndnis des Nutzers, das er durch das Abonnement des Newsletters in \u00dcbereinstimmung mit den Bestimmungen dieser Allgemeinen Gesch\u00e4ftsbedingungen zum Ausdruck bringt.<\/p>\n<p>6. Jede Newsletter-Nachricht muss zus\u00e4tzlich zu den in Punkt 4 dieser Bedingungen genannten Elementen enthalten:<\/p>\n<ul>\n<li style=\"list-style-type: none;\">\n<ul>\n<li>Informationen \u00fcber den Absender des Newsletters,<\/li>\n<li>ein ausgef\u00fclltes Feld &#8222;Betreff&#8220;, das den Inhalt des Newsletters angibt,<\/li>\n<li>link s\u0142u\u017c\u0105cy do rezygnacji z Newslettera.<\/li>\n<\/ul>\n<\/li>\n<\/ul>\n<p>7. Die Nutzung des Newsletters setzt voraus, dass der Nutzer \u00fcber ein aktives E-Mail-Konto und ein Ger\u00e4t mit Internetzugang verf\u00fcgt, mit dem er eingehende E-Mails lesen kann.<\/p>\n<p>8. Der Newsletter wird vom Nutzer bestellt, indem er die folgenden Aktionen im Formular auf der Shop-Website <a href=\"https:\/\/sklep.globtree.pl\/de\/\">https:\/\/sklep.globtree.pl\/<\/a> ausf\u00fcllt :<\/p>\n<ul>\n<li style=\"list-style-type: none;\">\n<ul>\n<li>die Eingabe einer g\u00fcltigen elektronischen Postadresse (E-Mail) des Benutzers (diese Adresse ist f\u00fcr die Nutzung des Newsletter-Dienstes erforderlich);<\/li>\n<li>Klicken Sie auf die Best\u00e4tigungsschaltfl\u00e4che, um den Newsletter zu abonnieren,<\/li>\n<li>Anmeldung des Benutzers \u00fcber die im Formular angegebene E-Mail-Adresse (E-Mail),<\/li>\n<li>sich mit dem Inhalt dieser Allgemeinen Gesch\u00e4ftsbedingungen vertraut zu machen, zu denen ein Link in einer automatischen E-Mail enthalten ist, die von GlobTree an die im Formular angegebene E-Mail-Adresse gesendet wird,<\/li>\n<li>Klicken Sie auf den Link zur Best\u00e4tigung des Abonnements des Newsletters, der in der oben genannten GlobTree-Nachricht enthalten ist. automatische E-Mail.<\/li>\n<\/ul>\n<\/li>\n<\/ul>\n<p style=\"padding-left: 40px;\">Wenn Sie sich f\u00fcr den Newsletter anmelden, wie oben beschrieben. Formular erh\u00e4lt der Nutzer in knapper Form grundlegende Informationen \u00fcber die Regeln f\u00fcr die Verarbeitung personenbezogener Daten im Zusammenhang mit dem Empfang des Newsletters. Ausf\u00fchrliche Informationen zu den Regeln f\u00fcr die Verarbeitung personenbezogener Daten im Zusammenhang mit dem Empfang des Newsletters finden Sie unter: <a href=\"https:\/\/sklep.globtree.pl\/de\/bedingungen-und-konditionen-des-newsletters\/\">https:\/\/sklep.globtree.pl\/regulamin-newslettera\/.<\/a><\/p>\n<p style=\"padding-left: 40px;\">Die personenbezogenen Daten des Nutzers werden von GlobTree als dem f\u00fcr die Verarbeitung der personenbezogenen Daten Verantwortlichen verarbeitet, um den Newsletter-Dienst bereitzustellen.<\/p>\n<p>9. Die Bereitstellung personenbezogener Daten durch den Nutzer ist freiwillig, aber f\u00fcr die Nutzung des Newsletter-Dienstes erforderlich, vorbehaltlich Absatz 10. unten. 10.<\/p>\n<p>10. GlobTree erm\u00f6glicht es den Nutzern, den Newsletter-Dienst anonym zu nutzen, wenn die vom Nutzer angegebene E-Mail-Adresse keine Identifizierung zul\u00e4sst und der Nutzer GlobTree keine anderen pers\u00f6nlichen Daten mitgeteilt hat.<\/p>\n<p>11 Der Nutzer hat das Recht, auf seine pers\u00f6nlichen Daten zuzugreifen und eine Kopie seiner Daten anzufordern, die Berichtigung, die Einschr\u00e4nkung der Verarbeitung oder die L\u00f6schung seiner Daten und die Abbestellung des Newsletter-Dienstes zu verlangen, seine pers\u00f6nlichen Daten zu \u00fcbertragen, z.B. an einen anderen Administrator, und eine Beschwerde beim Pr\u00e4sidenten des Amtes f\u00fcr den Schutz personenbezogener Daten einzureichen.<\/p>\n<p>12. Wenn Sie auf den Best\u00e4tigungslink klicken, um den Newsletter zu abonnieren, wird die elektronische Postadresse (E-Mail) des Nutzers ab diesem Zeitpunkt f\u00fcr den Newsletter-Dienst verwendet.<\/p>\n<p>13. Der Nutzer kann den Newsletter jederzeit ohne Angabe von Gr\u00fcnden und ohne Kosten abbestellen, indem er auf den Link in der Fu\u00dfzeile jeder im Rahmen des Newsletters versandten Nachricht klickt.<\/p>\n<p>14. Der Newsletter-Service wird auf unbestimmte Zeit angeboten.<\/p>\n<p>15. Die Abbestellung des Newsletters an die angegebene E-Mail-Adresse erfolgt unverz\u00fcglich, sp\u00e4testens jedoch 30 Tage nach dem Datum der Abbestellung.<\/p>\n<p>16 Sie k\u00f6nnen sich \u00fcber den Newsletter beschweren:<\/p>\n<ul>\n<li style=\"list-style-type: none;\">\n<ul>\n<li>per E-Mail an sklep@globtree.pl.<\/li>\n<\/ul>\n<\/li>\n<\/ul>\n<p>17. Die Beschwerde sollte insbesondere Folgendes enthalten: eine Beschreibung der Angelegenheit, auf die sich die Beschwerde bezieht, die bei der Anmeldung zum Newsletter angegebene E-Mail-Adresse und die E-Mail-Adresse oder traditionelle Postanschrift, an die eine Antwort auf die Beschwerde geschickt werden soll.<\/p>\n<p>18 Die Beschwerde wird untersucht, und Sie erhalten innerhalb von vierzehn Tagen nach Eingang der Beschwerde bei GlobTree eine Antwort, wie sie behandelt wird. Der Nutzer wird \u00fcber die Bearbeitung der Beschwerde gem\u00e4\u00df den im Beschwerdeantrag angegebenen Details informiert.<\/p>\n<p>19. Ausschlie\u00dfliche Rechte an allen Elementen, einschlie\u00dflich Werken im Sinne des Gesetzes \u00fcber Urheberrecht und verwandte Schutzrechte vom 4. Februar 1994. (Gesetzblatt Nr. 24, Punkt 83, in der ge\u00e4nderten Fassung), die von GlobTree oder den Partnern von GlobTree zur Verf\u00fcgung gestellt werden, insbesondere das Urheberrecht, liegen bei GlobTree oder bei Einrichtungen, mit denen GlobTree entsprechende Vereinbarungen getroffen hat. Der Nutzer ist berechtigt, die vorgenannten Inhalte kostenlos ausschlie\u00dflich f\u00fcr Ihren pers\u00f6nlichen Gebrauch und f\u00fcr den alleinigen Zweck der korrekten Nutzung des Newsletter-Dienstes, weltweit. Die Verwendung der oben erw\u00e4hnten Inhalte in einem anderen Umfang sind nur mit ausdr\u00fccklicher vorheriger schriftlicher Zustimmung der autorisierten Stelle unter Androhung der Unwirksamkeit zul\u00e4ssig.<\/p>\n<p>20. Diese Allgemeinen Gesch\u00e4ftsbedingungen stehen unter www.globtree.pl kostenlos in einer Form zur Verf\u00fcgung, die es erm\u00f6glicht, den Inhalt dieser Allgemeinen Gesch\u00e4ftsbedingungen \u00fcber ein vom Nutzer verwendetes Datenkommunikationssystem abzurufen, zu reproduzieren und aufzuzeichnen.<\/p>\n<p>21. Die Regelungen stellen einen Mustervertrag im Sinne von Art. 384 \u00a7 1 des Gesetzes \u00fcber das B\u00fcrgerliche Gesetzbuch vom 23. April 1964. (Journal of Laws 1964 Nr. 16, Punkt 93, d.h. Journal of Laws 2023, Punkt 1610).<\/p>\n<p>22. Der Vertrag unterliegt dem Recht der Republik Polen und die Gerichte sind die ordentlichen Gerichte der Republik Polen.<\/p>\n<p>23. GlobTree beh\u00e4lt sich das Recht vor, diese Allgemeinen Gesch\u00e4ftsbedingungen zu \u00e4ndern. Alle Newsletter-Liefervertr\u00e4ge, die vor dem Datum des Inkrafttretens der neuen Bedingungen abgeschlossen wurden, werden auf der Grundlage der Bedingungen ausgef\u00fchrt, die zum Zeitpunkt des Vertragsabschlusses in Kraft waren. Die \u00c4nderung der Verordnungen tritt innerhalb von 7 Tagen nach Ver\u00f6ffentlichung auf www.globtree.pl in Kraft. GlobTree wird die Nutzer 7 Tage vor Inkrafttreten der neuen Bedingungen per E-Mail \u00fcber die \u00c4nderung informieren. Wenn der Nutzer den neuen Inhalt der Allgemeinen Gesch\u00e4ftsbedingungen nicht akzeptiert, ist er verpflichtet, GlobTree davon in Kenntnis zu setzen, was zur Beendigung des Vertrags f\u00fchrt.<\/p>\n<\/div>","protected":false},"excerpt":{"rendered":"<p>Allgemeine Gesch\u00e4ftsbedingungen f\u00fcr den Newsletter-Service &nbsp; 1. GlobTree Ltd. mit Sitz in Olsztyn, ul. Tryli\u0144skiego 16, eingetragen im Unternehmerregister des Bezirksgerichts in Olsztyn VIII Wirtschaftsabteilung des Landesgerichtsregisters unter KRS Nr. 0000304081, REGON 280292161, NIP 7393679238, E-Mail: info@globtree.pl, im Folgenden &#8222;GlobTree&#8220; genannt) legt in diesen Bestimmungen die Grunds\u00e4tze der Nutzung des Newsletter-Dienstes (im Folgenden &#8222;Newsletter&#8220; genannt) [&hellip;]<\/p>\n","protected":false},"author":3,"featured_media":0,"parent":0,"menu_order":4,"comment_status":"closed","ping_status":"closed","template":"","meta":{"footnotes":""},"class_list":["post-2038","page","type-page","status-publish","hentry"],"yoast_head":"<!-- This site is optimized with the Yoast SEO plugin v26.4 - https:\/\/yoast.com\/wordpress\/plugins\/seo\/ -->\n<title>Bedingungen und Konditionen des Newsletters | Sklep GlobTree<\/title>\n<meta name=\"robots\" content=\"index, follow, max-snippet:-1, max-image-preview:large, max-video-preview:-1\" \/>\n<link rel=\"canonical\" href=\"https:\/\/sklep.globtree.pl\/de\/bedingungen-und-konditionen-des-newsletters\/\" \/>\n<meta property=\"og:locale\" content=\"de_DE\" \/>\n<meta property=\"og:type\" content=\"article\" \/>\n<meta property=\"og:title\" content=\"Bedingungen und Konditionen des Newsletters | Sklep GlobTree\" \/>\n<meta property=\"og:url\" content=\"https:\/\/sklep.globtree.pl\/de\/bedingungen-und-konditionen-des-newsletters\/\" \/>\n<meta property=\"og:site_name\" content=\"Sklep GlobTree\" \/>\n<meta property=\"article:publisher\" content=\"https:\/\/www.facebook.com\/netlandteam\/\" \/>\n<meta property=\"article:modified_time\" content=\"2024-07-16T10:22:33+00:00\" \/>\n<meta name=\"twitter:card\" content=\"summary_large_image\" \/>\n<meta name=\"twitter:label1\" content=\"Gesch\u00e4tzte Lesezeit\" \/>\n\t<meta name=\"twitter:data1\" content=\"6\u00a0Minuten\" \/>\n<script type=\"application\/ld+json\" class=\"yoast-schema-graph\">{\"@context\":\"https:\/\/schema.org\",\"@graph\":[{\"@type\":\"AdvertiserContentArticle\",\"@id\":\"https:\/\/sklep.globtree.pl\/de\/bedingungen-und-konditionen-des-newsletters\/#article\",\"isPartOf\":{\"@id\":\"https:\/\/sklep.globtree.pl\/de\/bedingungen-und-konditionen-des-newsletters\/\"},\"author\":{\"name\":\"globtree\",\"@id\":\"https:\/\/sklep.globtree.pl\/#\/schema\/person\/f72ddc8344a8d6b11ac65825562645d9\"},\"headline\":\"Bedingungen und Konditionen des Newsletters\",\"datePublished\":\"2024-02-05T09:22:34+00:00\",\"dateModified\":\"2024-07-16T10:22:33+00:00\",\"mainEntityOfPage\":{\"@id\":\"https:\/\/sklep.globtree.pl\/de\/bedingungen-und-konditionen-des-newsletters\/\"},\"wordCount\":1215,\"publisher\":{\"@id\":\"https:\/\/sklep.globtree.pl\/#organization\"},\"inLanguage\":\"de\"},{\"@type\":\"WebPage\",\"@id\":\"https:\/\/sklep.globtree.pl\/de\/bedingungen-und-konditionen-des-newsletters\/\",\"url\":\"https:\/\/sklep.globtree.pl\/de\/bedingungen-und-konditionen-des-newsletters\/\",\"name\":\"Bedingungen und Konditionen des Newsletters | Sklep GlobTree\",\"isPartOf\":{\"@id\":\"https:\/\/sklep.globtree.pl\/#website\"},\"datePublished\":\"2024-02-05T09:22:34+00:00\",\"dateModified\":\"2024-07-16T10:22:33+00:00\",\"breadcrumb\":{\"@id\":\"https:\/\/sklep.globtree.pl\/de\/bedingungen-und-konditionen-des-newsletters\/#breadcrumb\"},\"inLanguage\":\"de\",\"potentialAction\":[{\"@type\":\"ReadAction\",\"target\":[\"https:\/\/sklep.globtree.pl\/de\/bedingungen-und-konditionen-des-newsletters\/\"]}]},{\"@type\":\"BreadcrumbList\",\"@id\":\"https:\/\/sklep.globtree.pl\/de\/bedingungen-und-konditionen-des-newsletters\/#breadcrumb\",\"itemListElement\":[{\"@type\":\"ListItem\",\"position\":1,\"name\":\"Strona g\u0142\u00f3wna\",\"item\":\"https:\/\/sklep.globtree.pl\/de\/homepage\/\"},{\"@type\":\"ListItem\",\"position\":2,\"name\":\"Bedingungen und Konditionen des Newsletters\"}]},{\"@type\":\"WebSite\",\"@id\":\"https:\/\/sklep.globtree.pl\/#website\",\"url\":\"https:\/\/sklep.globtree.pl\/\",\"name\":\"Sklep GlobTree\",\"description\":\"Sklep internetowy z urz\u0105dzeniami telemetrii\",\"publisher\":{\"@id\":\"https:\/\/sklep.globtree.pl\/#organization\"},\"potentialAction\":[{\"@type\":\"SearchAction\",\"target\":{\"@type\":\"EntryPoint\",\"urlTemplate\":\"https:\/\/sklep.globtree.pl\/?s={search_term_string}\"},\"query-input\":{\"@type\":\"PropertyValueSpecification\",\"valueRequired\":true,\"valueName\":\"search_term_string\"}}],\"inLanguage\":\"de\"},{\"@type\":\"Organization\",\"@id\":\"https:\/\/sklep.globtree.pl\/#organization\",\"name\":\"Sklep GlobTree\",\"url\":\"https:\/\/sklep.globtree.pl\/\",\"logo\":{\"@type\":\"ImageObject\",\"inLanguage\":\"de\",\"@id\":\"https:\/\/sklep.globtree.pl\/#\/schema\/logo\/image\/\",\"url\":\"https:\/\/sklep.globtree.pl\/wp-content\/uploads\/2023\/09\/cropped-GlobTree_logo-1.png\",\"contentUrl\":\"https:\/\/sklep.globtree.pl\/wp-content\/uploads\/2023\/09\/cropped-GlobTree_logo-1.png\",\"width\":400,\"height\":80,\"caption\":\"Sklep GlobTree\"},\"image\":{\"@id\":\"https:\/\/sklep.globtree.pl\/#\/schema\/logo\/image\/\"},\"sameAs\":[\"https:\/\/www.facebook.com\/netlandteam\/\",\"https:\/\/pl.linkedin.com\/company\/globtree-sp-z-o-o\"]},{\"@type\":\"Person\",\"@id\":\"https:\/\/sklep.globtree.pl\/#\/schema\/person\/f72ddc8344a8d6b11ac65825562645d9\",\"name\":\"globtree\",\"image\":{\"@type\":\"ImageObject\",\"inLanguage\":\"de\",\"@id\":\"https:\/\/sklep.globtree.pl\/#\/schema\/person\/image\/\",\"url\":\"https:\/\/secure.gravatar.com\/avatar\/c5457b237ca011f38a4cdcb495de639df38d12789d2a8d10d419ab2ce12537a7?s=96&d=mm&r=g\",\"contentUrl\":\"https:\/\/secure.gravatar.com\/avatar\/c5457b237ca011f38a4cdcb495de639df38d12789d2a8d10d419ab2ce12537a7?s=96&d=mm&r=g\",\"caption\":\"globtree\"}}]}<\/script>\n<!-- \/ Yoast SEO plugin. -->","yoast_head_json":{"title":"Bedingungen und Konditionen des Newsletters | Sklep GlobTree","robots":{"index":"index","follow":"follow","max-snippet":"max-snippet:-1","max-image-preview":"max-image-preview:large","max-video-preview":"max-video-preview:-1"},"canonical":"https:\/\/sklep.globtree.pl\/de\/bedingungen-und-konditionen-des-newsletters\/","og_locale":"de_DE","og_type":"article","og_title":"Bedingungen und Konditionen des Newsletters | Sklep GlobTree","og_url":"https:\/\/sklep.globtree.pl\/de\/bedingungen-und-konditionen-des-newsletters\/","og_site_name":"Sklep GlobTree","article_publisher":"https:\/\/www.facebook.com\/netlandteam\/","article_modified_time":"2024-07-16T10:22:33+00:00","twitter_card":"summary_large_image","twitter_misc":{"Gesch\u00e4tzte Lesezeit":"6\u00a0Minuten"},"schema":{"@context":"https:\/\/schema.org","@graph":[{"@type":"AdvertiserContentArticle","@id":"https:\/\/sklep.globtree.pl\/de\/bedingungen-und-konditionen-des-newsletters\/#article","isPartOf":{"@id":"https:\/\/sklep.globtree.pl\/de\/bedingungen-und-konditionen-des-newsletters\/"},"author":{"name":"globtree","@id":"https:\/\/sklep.globtree.pl\/#\/schema\/person\/f72ddc8344a8d6b11ac65825562645d9"},"headline":"Bedingungen und Konditionen des Newsletters","datePublished":"2024-02-05T09:22:34+00:00","dateModified":"2024-07-16T10:22:33+00:00","mainEntityOfPage":{"@id":"https:\/\/sklep.globtree.pl\/de\/bedingungen-und-konditionen-des-newsletters\/"},"wordCount":1215,"publisher":{"@id":"https:\/\/sklep.globtree.pl\/#organization"},"inLanguage":"de"},{"@type":"WebPage","@id":"https:\/\/sklep.globtree.pl\/de\/bedingungen-und-konditionen-des-newsletters\/","url":"https:\/\/sklep.globtree.pl\/de\/bedingungen-und-konditionen-des-newsletters\/","name":"Bedingungen und Konditionen des Newsletters | Sklep GlobTree","isPartOf":{"@id":"https:\/\/sklep.globtree.pl\/#website"},"datePublished":"2024-02-05T09:22:34+00:00","dateModified":"2024-07-16T10:22:33+00:00","breadcrumb":{"@id":"https:\/\/sklep.globtree.pl\/de\/bedingungen-und-konditionen-des-newsletters\/#breadcrumb"},"inLanguage":"de","potentialAction":[{"@type":"ReadAction","target":["https:\/\/sklep.globtree.pl\/de\/bedingungen-und-konditionen-des-newsletters\/"]}]},{"@type":"BreadcrumbList","@id":"https:\/\/sklep.globtree.pl\/de\/bedingungen-und-konditionen-des-newsletters\/#breadcrumb","itemListElement":[{"@type":"ListItem","position":1,"name":"Strona g\u0142\u00f3wna","item":"https:\/\/sklep.globtree.pl\/de\/homepage\/"},{"@type":"ListItem","position":2,"name":"Bedingungen und Konditionen des Newsletters"}]},{"@type":"WebSite","@id":"https:\/\/sklep.globtree.pl\/#website","url":"https:\/\/sklep.globtree.pl\/","name":"Sklep GlobTree","description":"Sklep internetowy z urz\u0105dzeniami telemetrii","publisher":{"@id":"https:\/\/sklep.globtree.pl\/#organization"},"potentialAction":[{"@type":"SearchAction","target":{"@type":"EntryPoint","urlTemplate":"https:\/\/sklep.globtree.pl\/?s={search_term_string}"},"query-input":{"@type":"PropertyValueSpecification","valueRequired":true,"valueName":"search_term_string"}}],"inLanguage":"de"},{"@type":"Organization","@id":"https:\/\/sklep.globtree.pl\/#organization","name":"Sklep GlobTree","url":"https:\/\/sklep.globtree.pl\/","logo":{"@type":"ImageObject","inLanguage":"de","@id":"https:\/\/sklep.globtree.pl\/#\/schema\/logo\/image\/","url":"https:\/\/sklep.globtree.pl\/wp-content\/uploads\/2023\/09\/cropped-GlobTree_logo-1.png","contentUrl":"https:\/\/sklep.globtree.pl\/wp-content\/uploads\/2023\/09\/cropped-GlobTree_logo-1.png","width":400,"height":80,"caption":"Sklep GlobTree"},"image":{"@id":"https:\/\/sklep.globtree.pl\/#\/schema\/logo\/image\/"},"sameAs":["https:\/\/www.facebook.com\/netlandteam\/","https:\/\/pl.linkedin.com\/company\/globtree-sp-z-o-o"]},{"@type":"Person","@id":"https:\/\/sklep.globtree.pl\/#\/schema\/person\/f72ddc8344a8d6b11ac65825562645d9","name":"globtree","image":{"@type":"ImageObject","inLanguage":"de","@id":"https:\/\/sklep.globtree.pl\/#\/schema\/person\/image\/","url":"https:\/\/secure.gravatar.com\/avatar\/c5457b237ca011f38a4cdcb495de639df38d12789d2a8d10d419ab2ce12537a7?s=96&d=mm&r=g","contentUrl":"https:\/\/secure.gravatar.com\/avatar\/c5457b237ca011f38a4cdcb495de639df38d12789d2a8d10d419ab2ce12537a7?s=96&d=mm&r=g","caption":"globtree"}}]}},"_links":{"self":[{"href":"https:\/\/sklep.globtree.pl\/de\/wp-json\/wp\/v2\/pages\/2038","targetHints":{"allow":["GET"]}}],"collection":[{"href":"https:\/\/sklep.globtree.pl\/de\/wp-json\/wp\/v2\/pages"}],"about":[{"href":"https:\/\/sklep.globtree.pl\/de\/wp-json\/wp\/v2\/types\/page"}],"author":[{"embeddable":true,"href":"https:\/\/sklep.globtree.pl\/de\/wp-json\/wp\/v2\/users\/3"}],"replies":[{"embeddable":true,"href":"https:\/\/sklep.globtree.pl\/de\/wp-json\/wp\/v2\/comments?post=2038"}],"version-history":[{"count":1,"href":"https:\/\/sklep.globtree.pl\/de\/wp-json\/wp\/v2\/pages\/2038\/revisions"}],"predecessor-version":[{"id":2040,"href":"https:\/\/sklep.globtree.pl\/de\/wp-json\/wp\/v2\/pages\/2038\/revisions\/2040"}],"wp:attachment":[{"href":"https:\/\/sklep.globtree.pl\/de\/wp-json\/wp\/v2\/media?parent=2038"}],"curies":[{"name":"wp","href":"https:\/\/api.w.org\/{rel}","templated":true}]}}