


{"id":131,"date":"2023-09-28T13:04:53","date_gmt":"2023-09-28T11:04:53","guid":{"rendered":"https:\/\/netlandsklep.artneo.pl\/?post_type=product&#038;p=131"},"modified":"2024-08-13T10:06:36","modified_gmt":"2024-08-13T08:06:36","slug":"kopf-telemetrie-ruto","status":"publish","type":"product","link":"https:\/\/sklep.globtree.pl\/de\/produkt\/kopf-telemetrie-ruto\/","title":{"rendered":"RUTO-Telemetriekopf"},"content":{"rendered":"<div class=\"nolwrap\"><p>Erm\u00f6glicht die schnelle und einfache Ablesung von Z\u00e4hlern, die mit einem Overlay- oder Wireless M-Bus OMS-Funkmodul ausgestattet sind. Die Funkauslesung nimmt viel weniger Zeit in Anspruch, und durch die digitale Methode des Datenaustauschs werden Fehler bei der manuellen Dateneingabe vermieden.<\/p>\n<p><strong>Technische Daten:<\/strong><\/p>\n<ul>\n<li>Stromversorgung: Lithium-Polymer-Akku 3,7 V 1500 mAh<\/li>\n<li>Betriebstemperatur -20\u00b0C &#8211; 55\u00b0C<\/li>\n<li>Kommunikation: wM-Bus 868,95 MHz \/ Bluetooth Low Energy<\/li>\n<li>Antenne: extern<\/li>\n<\/ul>\n<p><strong>Drahtloser M-Bus &#8211; RECEIVER:<\/strong><\/p>\n<ul>\n<li>Frequenz: 868.30MHz (868,00 MHz bis 869,60 MHz)<\/li>\n<li>Reichweite des Empf\u00e4ngers:<\/li>\n<\/ul>\n<p>Freier Raum &#8211; bis zu 800 m<\/p>\n<p>Innenbereich &#8211; bis zu 30 m<\/p>\n<ul>\n<li>Kommunikationsmodus: wM-Bus OMS C1- und T1-Modus<\/li>\n<li>Verschl\u00fcsselung: AES: Advanced Encryption Standard: 128 Bit Schl\u00fcssell\u00e4nge<\/li>\n<\/ul>\n<p><strong>Bluetooth Low Energy &#8211; EMPF\u00c4NGER\/SENDER:<\/strong><\/p>\n<ul>\n<li>BLE-Version: 5.2<\/li>\n<li>Reichweite: &lt;100m<\/li>\n<\/ul>\n<p>*Bei Gro\u00dfeink\u00e4ufen bitten wir Sie, die Preise direkt bei uns zu erfragen.<\/p>\n<p>\ud83d\udcde+48 89 612 07 30<\/p>\n<p>\ud83d\udce7 sklep@globtree.pl<\/p>\n<\/div>","protected":false},"excerpt":{"rendered":"<p>Erm\u00f6glicht die schnelle und einfache Ablesung von Z\u00e4hlern, die mit einem Overlay- oder Wireless M-Bus OMS-Funkmodul ausgestattet sind. Die Funkauslesung nimmt viel weniger Zeit in Anspruch, und durch die digitale Methode des Datenaustauschs werden Fehler bei der manuellen Dateneingabe vermieden. Technische Daten: Stromversorgung: Lithium-Polymer-Akku 3,7 V 1500 mAh Betriebstemperatur -20\u00b0C &#8211; 55\u00b0C Kommunikation: wM-Bus 868,95 [&hellip;]<\/p>\n","protected":false},"featured_media":1748,"template":"","meta":[],"product_brand":[],"product_cat":[40],"product_tag":[304,312,310,321],"class_list":{"0":"post-131","1":"product","2":"type-product","3":"status-publish","4":"has-post-thumbnail","6":"product_cat-ubermittlungseinrichtungen","7":"product_tag-bluetooth-de","8":"product_tag-kopf-ruto","9":"product_tag-kopf-unfall","10":"product_tag-wmbus-de","12":"first","13":"instock","14":"featured","15":"taxable","16":"shipping-taxable","17":"purchasable","18":"product-type-simple"},"yoast_head":"<!-- This site is optimized with the Yoast SEO plugin v26.4 - https:\/\/yoast.com\/wordpress\/plugins\/seo\/ -->\n<title>RUTO-Telemetriekopf | Sklep GlobTree<\/title>\n<meta name=\"robots\" content=\"index, follow, max-snippet:-1, max-image-preview:large, max-video-preview:-1\" \/>\n<link rel=\"canonical\" href=\"https:\/\/sklep.globtree.pl\/de\/produkt\/kopf-telemetrie-ruto\/\" \/>\n<meta property=\"og:locale\" content=\"de_DE\" \/>\n<meta property=\"og:type\" content=\"article\" \/>\n<meta property=\"og:title\" content=\"RUTO-Telemetriekopf | Sklep GlobTree\" \/>\n<meta property=\"og:description\" content=\"Erm\u00f6glicht die schnelle und einfache Ablesung von Z\u00e4hlern, die mit einem Overlay- oder Wireless M-Bus OMS-Funkmodul ausgestattet sind. Die Funkauslesung nimmt viel weniger Zeit in Anspruch, und durch die digitale Methode des Datenaustauschs werden Fehler bei der manuellen Dateneingabe vermieden. Technische Daten: Stromversorgung: Lithium-Polymer-Akku 3,7 V 1500 mAh Betriebstemperatur -20\u00b0C &#8211; 55\u00b0C Kommunikation: wM-Bus 868,95 [&hellip;]\" \/>\n<meta property=\"og:url\" content=\"https:\/\/sklep.globtree.pl\/de\/produkt\/kopf-telemetrie-ruto\/\" \/>\n<meta property=\"og:site_name\" content=\"Sklep GlobTree\" \/>\n<meta property=\"article:publisher\" content=\"https:\/\/www.facebook.com\/netlandteam\/\" \/>\n<meta property=\"article:modified_time\" content=\"2024-08-13T08:06:36+00:00\" \/>\n<meta property=\"og:image\" content=\"https:\/\/sklep.globtree.pl\/wp-content\/uploads\/2023\/09\/ruto2-300x300-1.webp\" \/>\n\t<meta property=\"og:image:width\" content=\"300\" \/>\n\t<meta property=\"og:image:height\" content=\"300\" \/>\n\t<meta property=\"og:image:type\" content=\"image\/webp\" \/>\n<meta name=\"twitter:card\" content=\"summary_large_image\" \/>\n<meta name=\"twitter:label1\" content=\"Gesch\u00e4tzte Lesezeit\" \/>\n\t<meta name=\"twitter:data1\" content=\"1\u00a0Minute\" \/>\n<script type=\"application\/ld+json\" class=\"yoast-schema-graph\">{\"@context\":\"https:\/\/schema.org\",\"@graph\":[{\"@type\":[\"WebPage\",\"ItemPage\"],\"@id\":\"https:\/\/sklep.globtree.pl\/de\/produkt\/kopf-telemetrie-ruto\/\",\"url\":\"https:\/\/sklep.globtree.pl\/de\/produkt\/kopf-telemetrie-ruto\/\",\"name\":\"RUTO-Telemetriekopf | Sklep GlobTree\",\"isPartOf\":{\"@id\":\"https:\/\/sklep.globtree.pl\/#website\"},\"primaryImageOfPage\":{\"@id\":\"https:\/\/sklep.globtree.pl\/de\/produkt\/kopf-telemetrie-ruto\/#primaryimage\"},\"image\":{\"@id\":\"https:\/\/sklep.globtree.pl\/de\/produkt\/kopf-telemetrie-ruto\/#primaryimage\"},\"thumbnailUrl\":\"https:\/\/sklep.globtree.pl\/wp-content\/uploads\/2023\/09\/ruto2-300x300-1.webp\",\"datePublished\":\"2023-09-28T11:04:53+00:00\",\"dateModified\":\"2024-08-13T08:06:36+00:00\",\"breadcrumb\":{\"@id\":\"https:\/\/sklep.globtree.pl\/de\/produkt\/kopf-telemetrie-ruto\/#breadcrumb\"},\"inLanguage\":\"de\",\"potentialAction\":[{\"@type\":\"ReadAction\",\"target\":[\"https:\/\/sklep.globtree.pl\/de\/produkt\/kopf-telemetrie-ruto\/\"]}]},{\"@type\":\"ImageObject\",\"inLanguage\":\"de\",\"@id\":\"https:\/\/sklep.globtree.pl\/de\/produkt\/kopf-telemetrie-ruto\/#primaryimage\",\"url\":\"https:\/\/sklep.globtree.pl\/wp-content\/uploads\/2023\/09\/ruto2-300x300-1.webp\",\"contentUrl\":\"https:\/\/sklep.globtree.pl\/wp-content\/uploads\/2023\/09\/ruto2-300x300-1.webp\",\"width\":300,\"height\":300,\"caption\":\"G\u0142owica telemetryczna Ruto\"},{\"@type\":\"BreadcrumbList\",\"@id\":\"https:\/\/sklep.globtree.pl\/de\/produkt\/kopf-telemetrie-ruto\/#breadcrumb\",\"itemListElement\":[{\"@type\":\"ListItem\",\"position\":1,\"name\":\"Strona g\u0142\u00f3wna\",\"item\":\"https:\/\/sklep.globtree.pl\/de\/homepage\/\"},{\"@type\":\"ListItem\",\"position\":2,\"name\":\"Shop\",\"item\":\"https:\/\/sklep.globtree.pl\/de\/shop\/\"},{\"@type\":\"ListItem\",\"position\":3,\"name\":\"RUTO-Telemetriekopf\"}]},{\"@type\":\"WebSite\",\"@id\":\"https:\/\/sklep.globtree.pl\/#website\",\"url\":\"https:\/\/sklep.globtree.pl\/\",\"name\":\"Sklep GlobTree\",\"description\":\"Sklep internetowy z urz\u0105dzeniami telemetrii\",\"publisher\":{\"@id\":\"https:\/\/sklep.globtree.pl\/#organization\"},\"potentialAction\":[{\"@type\":\"SearchAction\",\"target\":{\"@type\":\"EntryPoint\",\"urlTemplate\":\"https:\/\/sklep.globtree.pl\/?s={search_term_string}\"},\"query-input\":{\"@type\":\"PropertyValueSpecification\",\"valueRequired\":true,\"valueName\":\"search_term_string\"}}],\"inLanguage\":\"de\"},{\"@type\":\"Organization\",\"@id\":\"https:\/\/sklep.globtree.pl\/#organization\",\"name\":\"Sklep GlobTree\",\"url\":\"https:\/\/sklep.globtree.pl\/\",\"logo\":{\"@type\":\"ImageObject\",\"inLanguage\":\"de\",\"@id\":\"https:\/\/sklep.globtree.pl\/#\/schema\/logo\/image\/\",\"url\":\"https:\/\/sklep.globtree.pl\/wp-content\/uploads\/2023\/09\/cropped-GlobTree_logo-1.png\",\"contentUrl\":\"https:\/\/sklep.globtree.pl\/wp-content\/uploads\/2023\/09\/cropped-GlobTree_logo-1.png\",\"width\":400,\"height\":80,\"caption\":\"Sklep GlobTree\"},\"image\":{\"@id\":\"https:\/\/sklep.globtree.pl\/#\/schema\/logo\/image\/\"},\"sameAs\":[\"https:\/\/www.facebook.com\/netlandteam\/\",\"https:\/\/pl.linkedin.com\/company\/globtree-sp-z-o-o\"]}]}<\/script>\n<!-- \/ Yoast SEO plugin. -->","yoast_head_json":{"title":"RUTO-Telemetriekopf | Sklep GlobTree","robots":{"index":"index","follow":"follow","max-snippet":"max-snippet:-1","max-image-preview":"max-image-preview:large","max-video-preview":"max-video-preview:-1"},"canonical":"https:\/\/sklep.globtree.pl\/de\/produkt\/kopf-telemetrie-ruto\/","og_locale":"de_DE","og_type":"article","og_title":"RUTO-Telemetriekopf | Sklep GlobTree","og_description":"Erm\u00f6glicht die schnelle und einfache Ablesung von Z\u00e4hlern, die mit einem Overlay- oder Wireless M-Bus OMS-Funkmodul ausgestattet sind. Die Funkauslesung nimmt viel weniger Zeit in Anspruch, und durch die digitale Methode des Datenaustauschs werden Fehler bei der manuellen Dateneingabe vermieden. Technische Daten: Stromversorgung: Lithium-Polymer-Akku 3,7 V 1500 mAh Betriebstemperatur -20\u00b0C &#8211; 55\u00b0C Kommunikation: wM-Bus 868,95 [&hellip;]","og_url":"https:\/\/sklep.globtree.pl\/de\/produkt\/kopf-telemetrie-ruto\/","og_site_name":"Sklep GlobTree","article_publisher":"https:\/\/www.facebook.com\/netlandteam\/","article_modified_time":"2024-08-13T08:06:36+00:00","og_image":[{"width":300,"height":300,"url":"https:\/\/sklep.globtree.pl\/wp-content\/uploads\/2023\/09\/ruto2-300x300-1.webp","type":"image\/webp"}],"twitter_card":"summary_large_image","twitter_misc":{"Gesch\u00e4tzte Lesezeit":"1\u00a0Minute"},"schema":{"@context":"https:\/\/schema.org","@graph":[{"@type":["WebPage","ItemPage"],"@id":"https:\/\/sklep.globtree.pl\/de\/produkt\/kopf-telemetrie-ruto\/","url":"https:\/\/sklep.globtree.pl\/de\/produkt\/kopf-telemetrie-ruto\/","name":"RUTO-Telemetriekopf | Sklep GlobTree","isPartOf":{"@id":"https:\/\/sklep.globtree.pl\/#website"},"primaryImageOfPage":{"@id":"https:\/\/sklep.globtree.pl\/de\/produkt\/kopf-telemetrie-ruto\/#primaryimage"},"image":{"@id":"https:\/\/sklep.globtree.pl\/de\/produkt\/kopf-telemetrie-ruto\/#primaryimage"},"thumbnailUrl":"https:\/\/sklep.globtree.pl\/wp-content\/uploads\/2023\/09\/ruto2-300x300-1.webp","datePublished":"2023-09-28T11:04:53+00:00","dateModified":"2024-08-13T08:06:36+00:00","breadcrumb":{"@id":"https:\/\/sklep.globtree.pl\/de\/produkt\/kopf-telemetrie-ruto\/#breadcrumb"},"inLanguage":"de","potentialAction":[{"@type":"ReadAction","target":["https:\/\/sklep.globtree.pl\/de\/produkt\/kopf-telemetrie-ruto\/"]}]},{"@type":"ImageObject","inLanguage":"de","@id":"https:\/\/sklep.globtree.pl\/de\/produkt\/kopf-telemetrie-ruto\/#primaryimage","url":"https:\/\/sklep.globtree.pl\/wp-content\/uploads\/2023\/09\/ruto2-300x300-1.webp","contentUrl":"https:\/\/sklep.globtree.pl\/wp-content\/uploads\/2023\/09\/ruto2-300x300-1.webp","width":300,"height":300,"caption":"G\u0142owica telemetryczna Ruto"},{"@type":"BreadcrumbList","@id":"https:\/\/sklep.globtree.pl\/de\/produkt\/kopf-telemetrie-ruto\/#breadcrumb","itemListElement":[{"@type":"ListItem","position":1,"name":"Strona g\u0142\u00f3wna","item":"https:\/\/sklep.globtree.pl\/de\/homepage\/"},{"@type":"ListItem","position":2,"name":"Shop","item":"https:\/\/sklep.globtree.pl\/de\/shop\/"},{"@type":"ListItem","position":3,"name":"RUTO-Telemetriekopf"}]},{"@type":"WebSite","@id":"https:\/\/sklep.globtree.pl\/#website","url":"https:\/\/sklep.globtree.pl\/","name":"Sklep GlobTree","description":"Sklep internetowy z urz\u0105dzeniami telemetrii","publisher":{"@id":"https:\/\/sklep.globtree.pl\/#organization"},"potentialAction":[{"@type":"SearchAction","target":{"@type":"EntryPoint","urlTemplate":"https:\/\/sklep.globtree.pl\/?s={search_term_string}"},"query-input":{"@type":"PropertyValueSpecification","valueRequired":true,"valueName":"search_term_string"}}],"inLanguage":"de"},{"@type":"Organization","@id":"https:\/\/sklep.globtree.pl\/#organization","name":"Sklep GlobTree","url":"https:\/\/sklep.globtree.pl\/","logo":{"@type":"ImageObject","inLanguage":"de","@id":"https:\/\/sklep.globtree.pl\/#\/schema\/logo\/image\/","url":"https:\/\/sklep.globtree.pl\/wp-content\/uploads\/2023\/09\/cropped-GlobTree_logo-1.png","contentUrl":"https:\/\/sklep.globtree.pl\/wp-content\/uploads\/2023\/09\/cropped-GlobTree_logo-1.png","width":400,"height":80,"caption":"Sklep GlobTree"},"image":{"@id":"https:\/\/sklep.globtree.pl\/#\/schema\/logo\/image\/"},"sameAs":["https:\/\/www.facebook.com\/netlandteam\/","https:\/\/pl.linkedin.com\/company\/globtree-sp-z-o-o"]}]}},"_links":{"self":[{"href":"https:\/\/sklep.globtree.pl\/de\/wp-json\/wp\/v2\/product\/131","targetHints":{"allow":["GET"]}}],"collection":[{"href":"https:\/\/sklep.globtree.pl\/de\/wp-json\/wp\/v2\/product"}],"about":[{"href":"https:\/\/sklep.globtree.pl\/de\/wp-json\/wp\/v2\/types\/product"}],"wp:featuredmedia":[{"embeddable":true,"href":"https:\/\/sklep.globtree.pl\/de\/wp-json\/wp\/v2\/media\/1748"}],"wp:attachment":[{"href":"https:\/\/sklep.globtree.pl\/de\/wp-json\/wp\/v2\/media?parent=131"}],"wp:term":[{"taxonomy":"product_brand","embeddable":true,"href":"https:\/\/sklep.globtree.pl\/de\/wp-json\/wp\/v2\/product_brand?post=131"},{"taxonomy":"product_cat","embeddable":true,"href":"https:\/\/sklep.globtree.pl\/de\/wp-json\/wp\/v2\/product_cat?post=131"},{"taxonomy":"product_tag","embeddable":true,"href":"https:\/\/sklep.globtree.pl\/de\/wp-json\/wp\/v2\/product_tag?post=131"}],"curies":[{"name":"wp","href":"https:\/\/api.w.org\/{rel}","templated":true}]}}