


{"id":132,"date":"2023-09-28T13:04:15","date_gmt":"2023-09-28T11:04:15","guid":{"rendered":"https:\/\/netlandsklep.artneo.pl\/produkt\/mul-repeater-5-0\/"},"modified":"2024-08-13T10:07:34","modified_gmt":"2024-08-13T08:07:34","slug":"wiederholer-mul-5-0","status":"publish","type":"product","link":"https:\/\/sklep.globtree.pl\/de\/produkt\/wiederholer-mul-5-0\/","title":{"rendered":"Repeater muL 5.0"},"content":{"rendered":"<div class=\"nolwrap\"><p>Der\u00a0 Repeater muL 5.0 erweitert die Reichweite des Funksignals zwischen den sendenden Sendern (Modulen) und dem Hub. Es ist ideal f\u00fcr Geb\u00e4ude mit unterschiedlicher Topografie. Optimiert die mit der Fernauslesung von Messger\u00e4ten verbundenen Investitionskosten.<\/p>\n<p><strong>Technische Daten:<\/strong><\/p>\n<ul>\n<li>Abmessungen des Geh\u00e4uses: 126x158x46mm<\/li>\n<li>Geh\u00e4usematerial: ABS-Kunststoff, Farbe wei\u00df<\/li>\n<li>Eingangsspannung (Netz): 230 VAC, 50\/60HZ, 0.25A<\/li>\n<li>Betriebstemperatur: 5-55 \u00b0C (Raumaufstellung)<\/li>\n<li>Kommunikation: wM-Bus 868,95 MHz<\/li>\n<li>Antenne: Innen- oder Au\u00dfenantenne<\/li>\n<\/ul>\n<p><strong>Drahtloser M-Bus &#8211; RECEIVER\/Sender:<\/strong><\/p>\n<ul>\n<li>Frequenz: 868.30MHz (868,00 MHz bis 869,60 MHz)<\/li>\n<li>Reichweite des Empf\u00e4ngers:<\/li>\n<\/ul>\n<p>Freier Raum &#8211; bis zu 800 m<\/p>\n<p>Innenbereich &#8211; bis zu 30 m<\/p>\n<ul>\n<li>Kommunikationsmodus: wM-Bus OMS C1- und T1-Modus<\/li>\n<li>Verschl\u00fcsselung: AES: Advanced Encryption Standard: 128 Bit Schl\u00fcssell\u00e4nge<\/li>\n<\/ul>\n<p>*Bei Gro\u00dfeink\u00e4ufen bitten wir Sie, die Preise direkt bei uns zu erfragen.<\/p>\n<p>\ud83d\udcde+48 89 612 07 30<\/p>\n<p>\ud83d\udce7 sklep@globtree.pl<\/p>\n<\/div>","protected":false},"excerpt":{"rendered":"<p>Der\u00a0 Repeater muL 5.0 erweitert die Reichweite des Funksignals zwischen den sendenden Sendern (Modulen) und dem Hub. Es ist ideal f\u00fcr Geb\u00e4ude mit unterschiedlicher Topografie. Optimiert die mit der Fernauslesung von Messger\u00e4ten verbundenen Investitionskosten. Technische Daten: Abmessungen des Geh\u00e4uses: 126x158x46mm Geh\u00e4usematerial: ABS-Kunststoff, Farbe wei\u00df Eingangsspannung (Netz): 230 VAC, 50\/60HZ, 0.25A Betriebstemperatur: 5-55 \u00b0C (Raumaufstellung) Kommunikation: [&hellip;]<\/p>\n","protected":false},"featured_media":1677,"template":"","meta":[],"product_brand":[],"product_cat":[40],"product_tag":[348,342,352,321],"class_list":{"0":"post-132","1":"product","2":"type-product","3":"status-publish","4":"has-post-thumbnail","6":"product_cat-ubermittlungseinrichtungen","7":"product_tag-mul-5-de","8":"product_tag-radio-de","9":"product_tag-repeater-de","10":"product_tag-wmbus-de","12":"first","13":"instock","14":"taxable","15":"shipping-taxable","16":"purchasable","17":"product-type-simple"},"yoast_head":"<!-- This site is optimized with the Yoast SEO plugin v26.4 - https:\/\/yoast.com\/wordpress\/plugins\/seo\/ -->\n<title>Repeater muL 5.0 | Sklep GlobTree<\/title>\n<meta name=\"robots\" content=\"index, follow, max-snippet:-1, max-image-preview:large, max-video-preview:-1\" \/>\n<link rel=\"canonical\" href=\"https:\/\/sklep.globtree.pl\/de\/produkt\/wiederholer-mul-5-0\/\" \/>\n<meta property=\"og:locale\" content=\"de_DE\" \/>\n<meta property=\"og:type\" content=\"article\" \/>\n<meta property=\"og:title\" content=\"Repeater muL 5.0 | Sklep GlobTree\" \/>\n<meta property=\"og:description\" content=\"Der\u00a0 Repeater muL 5.0 erweitert die Reichweite des Funksignals zwischen den sendenden Sendern (Modulen) und dem Hub. Es ist ideal f\u00fcr Geb\u00e4ude mit unterschiedlicher Topografie. Optimiert die mit der Fernauslesung von Messger\u00e4ten verbundenen Investitionskosten. Technische Daten: Abmessungen des Geh\u00e4uses: 126x158x46mm Geh\u00e4usematerial: ABS-Kunststoff, Farbe wei\u00df Eingangsspannung (Netz): 230 VAC, 50\/60HZ, 0.25A Betriebstemperatur: 5-55 \u00b0C (Raumaufstellung) Kommunikation: [&hellip;]\" \/>\n<meta property=\"og:url\" content=\"https:\/\/sklep.globtree.pl\/de\/produkt\/wiederholer-mul-5-0\/\" \/>\n<meta property=\"og:site_name\" content=\"Sklep GlobTree\" \/>\n<meta property=\"article:publisher\" content=\"https:\/\/www.facebook.com\/netlandteam\/\" \/>\n<meta property=\"article:modified_time\" content=\"2024-08-13T08:07:34+00:00\" \/>\n<meta property=\"og:image\" content=\"https:\/\/sklep.globtree.pl\/wp-content\/uploads\/2023\/10\/muL-1-300x300-1.webp\" \/>\n\t<meta property=\"og:image:width\" content=\"300\" \/>\n\t<meta property=\"og:image:height\" content=\"300\" \/>\n\t<meta property=\"og:image:type\" content=\"image\/webp\" \/>\n<meta name=\"twitter:card\" content=\"summary_large_image\" \/>\n<meta name=\"twitter:label1\" content=\"Gesch\u00e4tzte Lesezeit\" \/>\n\t<meta name=\"twitter:data1\" content=\"1\u00a0Minute\" \/>\n<script type=\"application\/ld+json\" class=\"yoast-schema-graph\">{\"@context\":\"https:\/\/schema.org\",\"@graph\":[{\"@type\":[\"WebPage\",\"ItemPage\"],\"@id\":\"https:\/\/sklep.globtree.pl\/de\/produkt\/wiederholer-mul-5-0\/\",\"url\":\"https:\/\/sklep.globtree.pl\/de\/produkt\/wiederholer-mul-5-0\/\",\"name\":\"Repeater muL 5.0 | Sklep GlobTree\",\"isPartOf\":{\"@id\":\"https:\/\/sklep.globtree.pl\/#website\"},\"primaryImageOfPage\":{\"@id\":\"https:\/\/sklep.globtree.pl\/de\/produkt\/wiederholer-mul-5-0\/#primaryimage\"},\"image\":{\"@id\":\"https:\/\/sklep.globtree.pl\/de\/produkt\/wiederholer-mul-5-0\/#primaryimage\"},\"thumbnailUrl\":\"https:\/\/sklep.globtree.pl\/wp-content\/uploads\/2023\/10\/muL-1-300x300-1.webp\",\"datePublished\":\"2023-09-28T11:04:15+00:00\",\"dateModified\":\"2024-08-13T08:07:34+00:00\",\"breadcrumb\":{\"@id\":\"https:\/\/sklep.globtree.pl\/de\/produkt\/wiederholer-mul-5-0\/#breadcrumb\"},\"inLanguage\":\"de\",\"potentialAction\":[{\"@type\":\"ReadAction\",\"target\":[\"https:\/\/sklep.globtree.pl\/de\/produkt\/wiederholer-mul-5-0\/\"]}]},{\"@type\":\"ImageObject\",\"inLanguage\":\"de\",\"@id\":\"https:\/\/sklep.globtree.pl\/de\/produkt\/wiederholer-mul-5-0\/#primaryimage\",\"url\":\"https:\/\/sklep.globtree.pl\/wp-content\/uploads\/2023\/10\/muL-1-300x300-1.webp\",\"contentUrl\":\"https:\/\/sklep.globtree.pl\/wp-content\/uploads\/2023\/10\/muL-1-300x300-1.webp\",\"width\":300,\"height\":300,\"caption\":\"Repeater mUL 5.0\"},{\"@type\":\"BreadcrumbList\",\"@id\":\"https:\/\/sklep.globtree.pl\/de\/produkt\/wiederholer-mul-5-0\/#breadcrumb\",\"itemListElement\":[{\"@type\":\"ListItem\",\"position\":1,\"name\":\"Strona g\u0142\u00f3wna\",\"item\":\"https:\/\/sklep.globtree.pl\/de\/homepage\/\"},{\"@type\":\"ListItem\",\"position\":2,\"name\":\"Shop\",\"item\":\"https:\/\/sklep.globtree.pl\/de\/shop\/\"},{\"@type\":\"ListItem\",\"position\":3,\"name\":\"Repeater muL 5.0\"}]},{\"@type\":\"WebSite\",\"@id\":\"https:\/\/sklep.globtree.pl\/#website\",\"url\":\"https:\/\/sklep.globtree.pl\/\",\"name\":\"Sklep GlobTree\",\"description\":\"Sklep internetowy z urz\u0105dzeniami telemetrii\",\"publisher\":{\"@id\":\"https:\/\/sklep.globtree.pl\/#organization\"},\"potentialAction\":[{\"@type\":\"SearchAction\",\"target\":{\"@type\":\"EntryPoint\",\"urlTemplate\":\"https:\/\/sklep.globtree.pl\/?s={search_term_string}\"},\"query-input\":{\"@type\":\"PropertyValueSpecification\",\"valueRequired\":true,\"valueName\":\"search_term_string\"}}],\"inLanguage\":\"de\"},{\"@type\":\"Organization\",\"@id\":\"https:\/\/sklep.globtree.pl\/#organization\",\"name\":\"Sklep GlobTree\",\"url\":\"https:\/\/sklep.globtree.pl\/\",\"logo\":{\"@type\":\"ImageObject\",\"inLanguage\":\"de\",\"@id\":\"https:\/\/sklep.globtree.pl\/#\/schema\/logo\/image\/\",\"url\":\"https:\/\/sklep.globtree.pl\/wp-content\/uploads\/2023\/09\/cropped-GlobTree_logo-1.png\",\"contentUrl\":\"https:\/\/sklep.globtree.pl\/wp-content\/uploads\/2023\/09\/cropped-GlobTree_logo-1.png\",\"width\":400,\"height\":80,\"caption\":\"Sklep GlobTree\"},\"image\":{\"@id\":\"https:\/\/sklep.globtree.pl\/#\/schema\/logo\/image\/\"},\"sameAs\":[\"https:\/\/www.facebook.com\/netlandteam\/\",\"https:\/\/pl.linkedin.com\/company\/globtree-sp-z-o-o\"]}]}<\/script>\n<!-- \/ Yoast SEO plugin. -->","yoast_head_json":{"title":"Repeater muL 5.0 | Sklep GlobTree","robots":{"index":"index","follow":"follow","max-snippet":"max-snippet:-1","max-image-preview":"max-image-preview:large","max-video-preview":"max-video-preview:-1"},"canonical":"https:\/\/sklep.globtree.pl\/de\/produkt\/wiederholer-mul-5-0\/","og_locale":"de_DE","og_type":"article","og_title":"Repeater muL 5.0 | Sklep GlobTree","og_description":"Der\u00a0 Repeater muL 5.0 erweitert die Reichweite des Funksignals zwischen den sendenden Sendern (Modulen) und dem Hub. Es ist ideal f\u00fcr Geb\u00e4ude mit unterschiedlicher Topografie. Optimiert die mit der Fernauslesung von Messger\u00e4ten verbundenen Investitionskosten. Technische Daten: Abmessungen des Geh\u00e4uses: 126x158x46mm Geh\u00e4usematerial: ABS-Kunststoff, Farbe wei\u00df Eingangsspannung (Netz): 230 VAC, 50\/60HZ, 0.25A Betriebstemperatur: 5-55 \u00b0C (Raumaufstellung) Kommunikation: [&hellip;]","og_url":"https:\/\/sklep.globtree.pl\/de\/produkt\/wiederholer-mul-5-0\/","og_site_name":"Sklep GlobTree","article_publisher":"https:\/\/www.facebook.com\/netlandteam\/","article_modified_time":"2024-08-13T08:07:34+00:00","og_image":[{"width":300,"height":300,"url":"https:\/\/sklep.globtree.pl\/wp-content\/uploads\/2023\/10\/muL-1-300x300-1.webp","type":"image\/webp"}],"twitter_card":"summary_large_image","twitter_misc":{"Gesch\u00e4tzte Lesezeit":"1\u00a0Minute"},"schema":{"@context":"https:\/\/schema.org","@graph":[{"@type":["WebPage","ItemPage"],"@id":"https:\/\/sklep.globtree.pl\/de\/produkt\/wiederholer-mul-5-0\/","url":"https:\/\/sklep.globtree.pl\/de\/produkt\/wiederholer-mul-5-0\/","name":"Repeater muL 5.0 | Sklep GlobTree","isPartOf":{"@id":"https:\/\/sklep.globtree.pl\/#website"},"primaryImageOfPage":{"@id":"https:\/\/sklep.globtree.pl\/de\/produkt\/wiederholer-mul-5-0\/#primaryimage"},"image":{"@id":"https:\/\/sklep.globtree.pl\/de\/produkt\/wiederholer-mul-5-0\/#primaryimage"},"thumbnailUrl":"https:\/\/sklep.globtree.pl\/wp-content\/uploads\/2023\/10\/muL-1-300x300-1.webp","datePublished":"2023-09-28T11:04:15+00:00","dateModified":"2024-08-13T08:07:34+00:00","breadcrumb":{"@id":"https:\/\/sklep.globtree.pl\/de\/produkt\/wiederholer-mul-5-0\/#breadcrumb"},"inLanguage":"de","potentialAction":[{"@type":"ReadAction","target":["https:\/\/sklep.globtree.pl\/de\/produkt\/wiederholer-mul-5-0\/"]}]},{"@type":"ImageObject","inLanguage":"de","@id":"https:\/\/sklep.globtree.pl\/de\/produkt\/wiederholer-mul-5-0\/#primaryimage","url":"https:\/\/sklep.globtree.pl\/wp-content\/uploads\/2023\/10\/muL-1-300x300-1.webp","contentUrl":"https:\/\/sklep.globtree.pl\/wp-content\/uploads\/2023\/10\/muL-1-300x300-1.webp","width":300,"height":300,"caption":"Repeater mUL 5.0"},{"@type":"BreadcrumbList","@id":"https:\/\/sklep.globtree.pl\/de\/produkt\/wiederholer-mul-5-0\/#breadcrumb","itemListElement":[{"@type":"ListItem","position":1,"name":"Strona g\u0142\u00f3wna","item":"https:\/\/sklep.globtree.pl\/de\/homepage\/"},{"@type":"ListItem","position":2,"name":"Shop","item":"https:\/\/sklep.globtree.pl\/de\/shop\/"},{"@type":"ListItem","position":3,"name":"Repeater muL 5.0"}]},{"@type":"WebSite","@id":"https:\/\/sklep.globtree.pl\/#website","url":"https:\/\/sklep.globtree.pl\/","name":"Sklep GlobTree","description":"Sklep internetowy z urz\u0105dzeniami telemetrii","publisher":{"@id":"https:\/\/sklep.globtree.pl\/#organization"},"potentialAction":[{"@type":"SearchAction","target":{"@type":"EntryPoint","urlTemplate":"https:\/\/sklep.globtree.pl\/?s={search_term_string}"},"query-input":{"@type":"PropertyValueSpecification","valueRequired":true,"valueName":"search_term_string"}}],"inLanguage":"de"},{"@type":"Organization","@id":"https:\/\/sklep.globtree.pl\/#organization","name":"Sklep GlobTree","url":"https:\/\/sklep.globtree.pl\/","logo":{"@type":"ImageObject","inLanguage":"de","@id":"https:\/\/sklep.globtree.pl\/#\/schema\/logo\/image\/","url":"https:\/\/sklep.globtree.pl\/wp-content\/uploads\/2023\/09\/cropped-GlobTree_logo-1.png","contentUrl":"https:\/\/sklep.globtree.pl\/wp-content\/uploads\/2023\/09\/cropped-GlobTree_logo-1.png","width":400,"height":80,"caption":"Sklep GlobTree"},"image":{"@id":"https:\/\/sklep.globtree.pl\/#\/schema\/logo\/image\/"},"sameAs":["https:\/\/www.facebook.com\/netlandteam\/","https:\/\/pl.linkedin.com\/company\/globtree-sp-z-o-o"]}]}},"_links":{"self":[{"href":"https:\/\/sklep.globtree.pl\/de\/wp-json\/wp\/v2\/product\/132","targetHints":{"allow":["GET"]}}],"collection":[{"href":"https:\/\/sklep.globtree.pl\/de\/wp-json\/wp\/v2\/product"}],"about":[{"href":"https:\/\/sklep.globtree.pl\/de\/wp-json\/wp\/v2\/types\/product"}],"wp:featuredmedia":[{"embeddable":true,"href":"https:\/\/sklep.globtree.pl\/de\/wp-json\/wp\/v2\/media\/1677"}],"wp:attachment":[{"href":"https:\/\/sklep.globtree.pl\/de\/wp-json\/wp\/v2\/media?parent=132"}],"wp:term":[{"taxonomy":"product_brand","embeddable":true,"href":"https:\/\/sklep.globtree.pl\/de\/wp-json\/wp\/v2\/product_brand?post=132"},{"taxonomy":"product_cat","embeddable":true,"href":"https:\/\/sklep.globtree.pl\/de\/wp-json\/wp\/v2\/product_cat?post=132"},{"taxonomy":"product_tag","embeddable":true,"href":"https:\/\/sklep.globtree.pl\/de\/wp-json\/wp\/v2\/product_tag?post=132"}],"curies":[{"name":"wp","href":"https:\/\/api.w.org\/{rel}","templated":true}]}}