


{"id":138,"date":"2023-09-28T12:56:40","date_gmt":"2023-09-28T10:56:40","guid":{"rendered":"https:\/\/netlandsklep.artneo.pl\/produkt\/warida-wga-lte\/"},"modified":"2024-08-13T10:12:15","modified_gmt":"2024-08-13T08:12:15","slug":"warida-wga-lte","status":"publish","type":"product","link":"https:\/\/sklep.globtree.pl\/de\/produkt\/warida-wga-lte\/","title":{"rendered":"WARIDA WGA LTE"},"content":{"rendered":"<div class=\"nolwrap\"><p>Das WARIDA WGA LTE Telemetrie-Overlay ist ein Telemetriemodul, das \u00fcber Cat.M1- oder NB-IoT-Technologie kommuniziert. Es stellt ein Kommunikationsmedium f\u00fcr Wasserz\u00e4hler in Wasserversorgungssystemen dar. Das Modul ist einfach zu Installation, die ohne Verletzung der Eichplombe des Wasserz\u00e4hlers erfolgt. Die im Speicher des Ger\u00e4ts gespeicherten kodierten Informationen \u00fcber die Messwerte werden auf jeder Plattform vom Typ GlobTree zur Verf\u00fcgung gestellt.<\/p>\n<ul>\n<li>Installation: Direkt auf dem Wasserz\u00e4hler<\/li>\n<li>Typ des Wasserz\u00e4hlers: Typ FM1*Y<\/li>\n<li>Impulsz\u00e4hlung vom Wasserz\u00e4hler: Induktiv<\/li>\n<li>Stromversorgung: Batterie<\/li>\n<li>Batterietyp und -spannung: Typ D 3,6V \/ 4x AA 3,3V<\/li>\n<li>Lebensdauer der Batterie: 10 Jahre<\/li>\n<li>Betriebstemperatur: -20\u00b0C &#8211; 55\u00b0C<\/li>\n<li>Schutzklasse: IP68<\/li>\n<li>Antenne: Extern\/intern<\/li>\n<li>Kommunikation mit dem Wasserz\u00e4hler: Induktiv<\/li>\n<li>Kommunikation mit Overlay: Drahtlos, mit MQTT-Protokoll<\/li>\n<\/ul>\n<p><strong>Radio-Parameter:<\/strong><\/p>\n<ul>\n<li>\u00dcbertragungsprotokoll: MQTT<\/li>\n<li>\u00dcbertragungsgeschwindigkeit:<\/li>\n<\/ul>\n<p>Cat.M1 &#8211; max. 1Mbit\/s<\/p>\n<p>NB-IoT &#8211; max. 159 kbit\/s<\/p>\n<ul>\n<li>\u00dcbertragungsart:<\/li>\n<\/ul>\n<p>Cat.M1 &#8211; Zweiwege (full-duplex)<\/p>\n<p>NB-IoT &#8211; Zweiwege (half-duplex)<\/p>\n<ul>\n<li>Frequenz:<\/li>\n<\/ul>\n<p>800 MHz (LTE B20)<\/p>\n<p>900 MHz (LTE B8)<\/p>\n<p>1800 MHz (LTE B3)<\/p>\n<p>2100 MHz (LTE B1)<\/p>\n<p>*Bei Gro\u00dfeink\u00e4ufen bitten wir Sie, die Preise direkt bei uns zu erfragen.<\/p>\n<p>\ud83d\udcde+48 89 612 07 30<\/p>\n<p>\ud83d\udce7 sklep@globtree.pl<\/p>\n<\/div>","protected":false},"excerpt":{"rendered":"<p>Das WARIDA WGA LTE Telemetrie-Overlay ist ein Telemetriemodul, das \u00fcber Cat.M1- oder NB-IoT-Technologie kommuniziert. Es stellt ein Kommunikationsmedium f\u00fcr Wasserz\u00e4hler in Wasserversorgungssystemen dar. Das Modul ist einfach zu Installation, die ohne Verletzung der Eichplombe des Wasserz\u00e4hlers erfolgt. Die im Speicher des Ger\u00e4ts gespeicherten kodierten Informationen \u00fcber die Messwerte werden auf jeder Plattform vom Typ GlobTree [&hellip;]<\/p>\n","protected":false},"featured_media":1777,"template":"","meta":[],"product_brand":[],"product_cat":[87],"product_tag":[],"class_list":{"0":"post-138","1":"product","2":"type-product","3":"status-publish","4":"has-post-thumbnail","6":"product_cat-wasserzahler","8":"first","9":"outofstock","10":"taxable","11":"shipping-taxable","12":"purchasable","13":"product-type-variable"},"yoast_head":"<!-- This site is optimized with the Yoast SEO plugin v26.4 - https:\/\/yoast.com\/wordpress\/plugins\/seo\/ -->\n<title>WARIDA WGA LTE | Sklep GlobTree<\/title>\n<meta name=\"robots\" content=\"index, follow, max-snippet:-1, max-image-preview:large, max-video-preview:-1\" \/>\n<link rel=\"canonical\" href=\"https:\/\/sklep.globtree.pl\/de\/produkt\/warida-wga-lte\/\" \/>\n<meta property=\"og:locale\" content=\"de_DE\" \/>\n<meta property=\"og:type\" content=\"article\" \/>\n<meta property=\"og:title\" content=\"WARIDA WGA LTE | Sklep GlobTree\" \/>\n<meta property=\"og:description\" content=\"Das WARIDA WGA LTE Telemetrie-Overlay ist ein Telemetriemodul, das \u00fcber Cat.M1- oder NB-IoT-Technologie kommuniziert. Es stellt ein Kommunikationsmedium f\u00fcr Wasserz\u00e4hler in Wasserversorgungssystemen dar. Das Modul ist einfach zu Installation, die ohne Verletzung der Eichplombe des Wasserz\u00e4hlers erfolgt. Die im Speicher des Ger\u00e4ts gespeicherten kodierten Informationen \u00fcber die Messwerte werden auf jeder Plattform vom Typ GlobTree [&hellip;]\" \/>\n<meta property=\"og:url\" content=\"https:\/\/sklep.globtree.pl\/de\/produkt\/warida-wga-lte\/\" \/>\n<meta property=\"og:site_name\" content=\"Sklep GlobTree\" \/>\n<meta property=\"article:publisher\" content=\"https:\/\/www.facebook.com\/netlandteam\/\" \/>\n<meta property=\"article:modified_time\" content=\"2024-08-13T08:12:15+00:00\" \/>\n<meta property=\"og:image\" content=\"https:\/\/sklep.globtree.pl\/wp-content\/uploads\/2023\/09\/warida-1-300x300-1.webp\" \/>\n\t<meta property=\"og:image:width\" content=\"300\" \/>\n\t<meta property=\"og:image:height\" content=\"300\" \/>\n\t<meta property=\"og:image:type\" content=\"image\/webp\" \/>\n<meta name=\"twitter:card\" content=\"summary_large_image\" \/>\n<meta name=\"twitter:label1\" content=\"Gesch\u00e4tzte Lesezeit\" \/>\n\t<meta name=\"twitter:data1\" content=\"2\u00a0Minuten\" \/>\n<script type=\"application\/ld+json\" class=\"yoast-schema-graph\">{\"@context\":\"https:\/\/schema.org\",\"@graph\":[{\"@type\":[\"WebPage\",\"ItemPage\"],\"@id\":\"https:\/\/sklep.globtree.pl\/de\/produkt\/warida-wga-lte\/\",\"url\":\"https:\/\/sklep.globtree.pl\/de\/produkt\/warida-wga-lte\/\",\"name\":\"WARIDA WGA LTE | Sklep GlobTree\",\"isPartOf\":{\"@id\":\"https:\/\/sklep.globtree.pl\/#website\"},\"primaryImageOfPage\":{\"@id\":\"https:\/\/sklep.globtree.pl\/de\/produkt\/warida-wga-lte\/#primaryimage\"},\"image\":{\"@id\":\"https:\/\/sklep.globtree.pl\/de\/produkt\/warida-wga-lte\/#primaryimage\"},\"thumbnailUrl\":\"https:\/\/sklep.globtree.pl\/wp-content\/uploads\/2023\/09\/warida-1-300x300-1.webp\",\"datePublished\":\"2023-09-28T10:56:40+00:00\",\"dateModified\":\"2024-08-13T08:12:15+00:00\",\"breadcrumb\":{\"@id\":\"https:\/\/sklep.globtree.pl\/de\/produkt\/warida-wga-lte\/#breadcrumb\"},\"inLanguage\":\"de\",\"potentialAction\":[{\"@type\":\"ReadAction\",\"target\":[\"https:\/\/sklep.globtree.pl\/de\/produkt\/warida-wga-lte\/\"]}]},{\"@type\":\"ImageObject\",\"inLanguage\":\"de\",\"@id\":\"https:\/\/sklep.globtree.pl\/de\/produkt\/warida-wga-lte\/#primaryimage\",\"url\":\"https:\/\/sklep.globtree.pl\/wp-content\/uploads\/2023\/09\/warida-1-300x300-1.webp\",\"contentUrl\":\"https:\/\/sklep.globtree.pl\/wp-content\/uploads\/2023\/09\/warida-1-300x300-1.webp\",\"width\":300,\"height\":300,\"caption\":\"Wodomierz WARIDA WGA z modu\u0142em LTE\"},{\"@type\":\"BreadcrumbList\",\"@id\":\"https:\/\/sklep.globtree.pl\/de\/produkt\/warida-wga-lte\/#breadcrumb\",\"itemListElement\":[{\"@type\":\"ListItem\",\"position\":1,\"name\":\"Strona g\u0142\u00f3wna\",\"item\":\"https:\/\/sklep.globtree.pl\/de\/homepage\/\"},{\"@type\":\"ListItem\",\"position\":2,\"name\":\"Shop\",\"item\":\"https:\/\/sklep.globtree.pl\/de\/shop\/\"},{\"@type\":\"ListItem\",\"position\":3,\"name\":\"WARIDA WGA LTE\"}]},{\"@type\":\"WebSite\",\"@id\":\"https:\/\/sklep.globtree.pl\/#website\",\"url\":\"https:\/\/sklep.globtree.pl\/\",\"name\":\"Sklep GlobTree\",\"description\":\"Sklep internetowy z urz\u0105dzeniami telemetrii\",\"publisher\":{\"@id\":\"https:\/\/sklep.globtree.pl\/#organization\"},\"potentialAction\":[{\"@type\":\"SearchAction\",\"target\":{\"@type\":\"EntryPoint\",\"urlTemplate\":\"https:\/\/sklep.globtree.pl\/?s={search_term_string}\"},\"query-input\":{\"@type\":\"PropertyValueSpecification\",\"valueRequired\":true,\"valueName\":\"search_term_string\"}}],\"inLanguage\":\"de\"},{\"@type\":\"Organization\",\"@id\":\"https:\/\/sklep.globtree.pl\/#organization\",\"name\":\"Sklep GlobTree\",\"url\":\"https:\/\/sklep.globtree.pl\/\",\"logo\":{\"@type\":\"ImageObject\",\"inLanguage\":\"de\",\"@id\":\"https:\/\/sklep.globtree.pl\/#\/schema\/logo\/image\/\",\"url\":\"https:\/\/sklep.globtree.pl\/wp-content\/uploads\/2023\/09\/cropped-GlobTree_logo-1.png\",\"contentUrl\":\"https:\/\/sklep.globtree.pl\/wp-content\/uploads\/2023\/09\/cropped-GlobTree_logo-1.png\",\"width\":400,\"height\":80,\"caption\":\"Sklep GlobTree\"},\"image\":{\"@id\":\"https:\/\/sklep.globtree.pl\/#\/schema\/logo\/image\/\"},\"sameAs\":[\"https:\/\/www.facebook.com\/netlandteam\/\",\"https:\/\/pl.linkedin.com\/company\/globtree-sp-z-o-o\"]}]}<\/script>\n<!-- \/ Yoast SEO plugin. -->","yoast_head_json":{"title":"WARIDA WGA LTE | Sklep GlobTree","robots":{"index":"index","follow":"follow","max-snippet":"max-snippet:-1","max-image-preview":"max-image-preview:large","max-video-preview":"max-video-preview:-1"},"canonical":"https:\/\/sklep.globtree.pl\/de\/produkt\/warida-wga-lte\/","og_locale":"de_DE","og_type":"article","og_title":"WARIDA WGA LTE | Sklep GlobTree","og_description":"Das WARIDA WGA LTE Telemetrie-Overlay ist ein Telemetriemodul, das \u00fcber Cat.M1- oder NB-IoT-Technologie kommuniziert. Es stellt ein Kommunikationsmedium f\u00fcr Wasserz\u00e4hler in Wasserversorgungssystemen dar. Das Modul ist einfach zu Installation, die ohne Verletzung der Eichplombe des Wasserz\u00e4hlers erfolgt. Die im Speicher des Ger\u00e4ts gespeicherten kodierten Informationen \u00fcber die Messwerte werden auf jeder Plattform vom Typ GlobTree [&hellip;]","og_url":"https:\/\/sklep.globtree.pl\/de\/produkt\/warida-wga-lte\/","og_site_name":"Sklep GlobTree","article_publisher":"https:\/\/www.facebook.com\/netlandteam\/","article_modified_time":"2024-08-13T08:12:15+00:00","og_image":[{"width":300,"height":300,"url":"https:\/\/sklep.globtree.pl\/wp-content\/uploads\/2023\/09\/warida-1-300x300-1.webp","type":"image\/webp"}],"twitter_card":"summary_large_image","twitter_misc":{"Gesch\u00e4tzte Lesezeit":"2\u00a0Minuten"},"schema":{"@context":"https:\/\/schema.org","@graph":[{"@type":["WebPage","ItemPage"],"@id":"https:\/\/sklep.globtree.pl\/de\/produkt\/warida-wga-lte\/","url":"https:\/\/sklep.globtree.pl\/de\/produkt\/warida-wga-lte\/","name":"WARIDA WGA LTE | Sklep GlobTree","isPartOf":{"@id":"https:\/\/sklep.globtree.pl\/#website"},"primaryImageOfPage":{"@id":"https:\/\/sklep.globtree.pl\/de\/produkt\/warida-wga-lte\/#primaryimage"},"image":{"@id":"https:\/\/sklep.globtree.pl\/de\/produkt\/warida-wga-lte\/#primaryimage"},"thumbnailUrl":"https:\/\/sklep.globtree.pl\/wp-content\/uploads\/2023\/09\/warida-1-300x300-1.webp","datePublished":"2023-09-28T10:56:40+00:00","dateModified":"2024-08-13T08:12:15+00:00","breadcrumb":{"@id":"https:\/\/sklep.globtree.pl\/de\/produkt\/warida-wga-lte\/#breadcrumb"},"inLanguage":"de","potentialAction":[{"@type":"ReadAction","target":["https:\/\/sklep.globtree.pl\/de\/produkt\/warida-wga-lte\/"]}]},{"@type":"ImageObject","inLanguage":"de","@id":"https:\/\/sklep.globtree.pl\/de\/produkt\/warida-wga-lte\/#primaryimage","url":"https:\/\/sklep.globtree.pl\/wp-content\/uploads\/2023\/09\/warida-1-300x300-1.webp","contentUrl":"https:\/\/sklep.globtree.pl\/wp-content\/uploads\/2023\/09\/warida-1-300x300-1.webp","width":300,"height":300,"caption":"Wodomierz WARIDA WGA z modu\u0142em LTE"},{"@type":"BreadcrumbList","@id":"https:\/\/sklep.globtree.pl\/de\/produkt\/warida-wga-lte\/#breadcrumb","itemListElement":[{"@type":"ListItem","position":1,"name":"Strona g\u0142\u00f3wna","item":"https:\/\/sklep.globtree.pl\/de\/homepage\/"},{"@type":"ListItem","position":2,"name":"Shop","item":"https:\/\/sklep.globtree.pl\/de\/shop\/"},{"@type":"ListItem","position":3,"name":"WARIDA WGA LTE"}]},{"@type":"WebSite","@id":"https:\/\/sklep.globtree.pl\/#website","url":"https:\/\/sklep.globtree.pl\/","name":"Sklep GlobTree","description":"Sklep internetowy z urz\u0105dzeniami telemetrii","publisher":{"@id":"https:\/\/sklep.globtree.pl\/#organization"},"potentialAction":[{"@type":"SearchAction","target":{"@type":"EntryPoint","urlTemplate":"https:\/\/sklep.globtree.pl\/?s={search_term_string}"},"query-input":{"@type":"PropertyValueSpecification","valueRequired":true,"valueName":"search_term_string"}}],"inLanguage":"de"},{"@type":"Organization","@id":"https:\/\/sklep.globtree.pl\/#organization","name":"Sklep GlobTree","url":"https:\/\/sklep.globtree.pl\/","logo":{"@type":"ImageObject","inLanguage":"de","@id":"https:\/\/sklep.globtree.pl\/#\/schema\/logo\/image\/","url":"https:\/\/sklep.globtree.pl\/wp-content\/uploads\/2023\/09\/cropped-GlobTree_logo-1.png","contentUrl":"https:\/\/sklep.globtree.pl\/wp-content\/uploads\/2023\/09\/cropped-GlobTree_logo-1.png","width":400,"height":80,"caption":"Sklep GlobTree"},"image":{"@id":"https:\/\/sklep.globtree.pl\/#\/schema\/logo\/image\/"},"sameAs":["https:\/\/www.facebook.com\/netlandteam\/","https:\/\/pl.linkedin.com\/company\/globtree-sp-z-o-o"]}]}},"_links":{"self":[{"href":"https:\/\/sklep.globtree.pl\/de\/wp-json\/wp\/v2\/product\/138","targetHints":{"allow":["GET"]}}],"collection":[{"href":"https:\/\/sklep.globtree.pl\/de\/wp-json\/wp\/v2\/product"}],"about":[{"href":"https:\/\/sklep.globtree.pl\/de\/wp-json\/wp\/v2\/types\/product"}],"wp:featuredmedia":[{"embeddable":true,"href":"https:\/\/sklep.globtree.pl\/de\/wp-json\/wp\/v2\/media\/1777"}],"wp:attachment":[{"href":"https:\/\/sklep.globtree.pl\/de\/wp-json\/wp\/v2\/media?parent=138"}],"wp:term":[{"taxonomy":"product_brand","embeddable":true,"href":"https:\/\/sklep.globtree.pl\/de\/wp-json\/wp\/v2\/product_brand?post=138"},{"taxonomy":"product_cat","embeddable":true,"href":"https:\/\/sklep.globtree.pl\/de\/wp-json\/wp\/v2\/product_cat?post=138"},{"taxonomy":"product_tag","embeddable":true,"href":"https:\/\/sklep.globtree.pl\/de\/wp-json\/wp\/v2\/product_tag?post=138"}],"curies":[{"name":"wp","href":"https:\/\/api.w.org\/{rel}","templated":true}]}}