


{"id":140,"date":"2023-09-28T12:55:17","date_gmt":"2023-09-28T10:55:17","guid":{"rendered":"https:\/\/netlandsklep.artneo.pl\/produkt\/warida-wga-lora\/"},"modified":"2024-09-11T14:46:46","modified_gmt":"2024-09-11T12:46:46","slug":"warida-wga-lora","status":"publish","type":"product","link":"https:\/\/sklep.globtree.pl\/de\/produkt\/warida-wga-lora\/","title":{"rendered":"WARIDA WGA LoRa"},"content":{"rendered":"<div class=\"nolwrap\"><p>Das WARIDA WGA LoRa-Funkmodul ist ein fortschrittliches Kommunikationsger\u00e4t, das die Fernablesung von Versorgungseinrichtungen \u00fcber das LoRaWAN-Protokoll erm\u00f6glicht. Das WARIDA WGA LoRa Ger\u00e4t bietet Zuverl\u00e4ssigkeit, Leistung und Integration in jedes System, z.B. GlobTree. Die vom Funkmodul an das Gateway gesendeten Messungen werden auf jeder GlobTree-Plattform zur Verf\u00fcgung gestellt.  <strong>Technische Parameter:<\/strong><\/p>\n<ul>\n<li style=\"list-style-type: none;\">\n<ul>\n<li>Installation: Direkt auf dem Wasserz\u00e4hler<\/li>\n<li>Typ des Wasserz\u00e4hlers: Typ FM1*Y<\/li>\n<li>Impulsz\u00e4hlung vom Wasserz\u00e4hler: Induktiv<\/li>\n<li>Stromversorgung: 1,6Ah-Akku<\/li>\n<li>Batterietyp und -spannung: 2\/3AA 3.6V<\/li>\n<li>Lebensdauer der Batterie: 10 Jahre<\/li>\n<li>Betriebstemperatur: -20\u00b0C \u00f7 55\u00b0C<\/li>\n<li>Schutzklasse: IP51 IP68<\/li>\n<li>Antenne: Eingebaut<\/li>\n<li>Kommunikation mit dem Wasserz\u00e4hler: Induktiv<\/li>\n<li>Sicherheit \/ Datenverschl\u00fcsselung: AES-128-CBC<\/li>\n<li>Kommunikation mit Overlay: Infrarot + Funk<\/li>\n<\/ul>\n<\/li>\n<\/ul>\n<p><strong>Funkparameter:<\/strong><\/p>\n<ul>\n<li>\u00dcbertragungsprotokoll: LoRaWAN<\/li>\n<li>\u00dcbertragungsgeschwindigkeit: 0,25 &#8211; 5,5 kbps<\/li>\n<li>\u00dcbertragungsart: Zwei-Wege<\/li>\n<li>Frequenz: 863 &#8211; 870 MHz<\/li>\n<\/ul>\n<p>&nbsp;  *Bei Gro\u00dfeink\u00e4ufen bitten wir Sie, die Preise direkt bei uns zu erfragen. \ud83d\udcde +48 89 612 07 30 \ud83d\udce7 sklep@globtree.pl<\/p>\n<\/div>","protected":false},"excerpt":{"rendered":"<p>Das WARIDA WGA LoRa-Funkmodul ist ein fortschrittliches Kommunikationsger\u00e4t, das die Fernablesung von Versorgungseinrichtungen \u00fcber das LoRaWAN-Protokoll erm\u00f6glicht. Das WARIDA WGA LoRa Ger\u00e4t bietet Zuverl\u00e4ssigkeit, Leistung und Integration in jedes System, z.B. GlobTree. Die vom Funkmodul an das Gateway gesendeten Messungen werden auf jeder GlobTree-Plattform zur Verf\u00fcgung gestellt. Technische Parameter: Installation: Direkt auf dem Wasserz\u00e4hler Typ [&hellip;]<\/p>\n","protected":false},"featured_media":1764,"template":"","meta":[],"product_brand":[],"product_cat":[87],"product_tag":[350,355,327,340,322],"class_list":{"0":"post-140","1":"product","2":"type-product","3":"status-publish","4":"has-post-thumbnail","6":"product_cat-wasserzahler","7":"product_tag-lorawan-de","8":"product_tag-uberlagern","9":"product_tag-warida-wga-lora-de","10":"product_tag-wasserzahler","11":"product_tag-water-meter-de","13":"first","14":"instock","15":"taxable","16":"shipping-taxable","17":"purchasable","18":"product-type-variable"},"yoast_head":"<!-- This site is optimized with the Yoast SEO plugin v26.4 - https:\/\/yoast.com\/wordpress\/plugins\/seo\/ -->\n<title>\u00fcberlagern | Sklep GlobTree<\/title>\n<meta name=\"description\" content=\"Das WARIDA WGA LoRa-Funkmodul ist ein fortschrittliches Kommunikationsger\u00e4t, das die Fernablesung von Versorgungseinrichtungen \u00fcber das LoRaWAN-Protokoll erm\u00f6glicht\" \/>\n<meta name=\"robots\" content=\"index, follow, max-snippet:-1, max-image-preview:large, max-video-preview:-1\" \/>\n<link rel=\"canonical\" href=\"https:\/\/sklep.globtree.pl\/de\/produkt\/warida-wga-lora\/\" \/>\n<meta property=\"og:locale\" content=\"de_DE\" \/>\n<meta property=\"og:type\" content=\"article\" \/>\n<meta property=\"og:title\" content=\"\u00fcberlagern | Sklep GlobTree\" \/>\n<meta property=\"og:description\" content=\"Das WARIDA WGA LoRa-Funkmodul ist ein fortschrittliches Kommunikationsger\u00e4t, das die Fernablesung von Versorgungseinrichtungen \u00fcber das LoRaWAN-Protokoll erm\u00f6glicht\" \/>\n<meta property=\"og:url\" content=\"https:\/\/sklep.globtree.pl\/de\/produkt\/warida-wga-lora\/\" \/>\n<meta property=\"og:site_name\" content=\"Sklep GlobTree\" \/>\n<meta property=\"article:publisher\" content=\"https:\/\/www.facebook.com\/netlandteam\/\" \/>\n<meta property=\"article:modified_time\" content=\"2024-09-11T12:46:46+00:00\" \/>\n<meta property=\"og:image\" content=\"https:\/\/sklep.globtree.pl\/wp-content\/uploads\/2023\/09\/LoRa-300x300-1.webp\" \/>\n\t<meta property=\"og:image:width\" content=\"300\" \/>\n\t<meta property=\"og:image:height\" content=\"300\" \/>\n\t<meta property=\"og:image:type\" content=\"image\/webp\" \/>\n<meta name=\"twitter:card\" content=\"summary_large_image\" \/>\n<meta name=\"twitter:label1\" content=\"Gesch\u00e4tzte Lesezeit\" \/>\n\t<meta name=\"twitter:data1\" content=\"1\u00a0Minute\" \/>\n<script type=\"application\/ld+json\" class=\"yoast-schema-graph\">{\"@context\":\"https:\/\/schema.org\",\"@graph\":[{\"@type\":[\"WebPage\",\"ItemPage\"],\"@id\":\"https:\/\/sklep.globtree.pl\/de\/produkt\/warida-wga-lora\/\",\"url\":\"https:\/\/sklep.globtree.pl\/de\/produkt\/warida-wga-lora\/\",\"name\":\"\u00fcberlagern | Sklep GlobTree\",\"isPartOf\":{\"@id\":\"https:\/\/sklep.globtree.pl\/#website\"},\"primaryImageOfPage\":{\"@id\":\"https:\/\/sklep.globtree.pl\/de\/produkt\/warida-wga-lora\/#primaryimage\"},\"image\":{\"@id\":\"https:\/\/sklep.globtree.pl\/de\/produkt\/warida-wga-lora\/#primaryimage\"},\"thumbnailUrl\":\"https:\/\/sklep.globtree.pl\/wp-content\/uploads\/2023\/09\/LoRa-300x300-1.webp\",\"datePublished\":\"2023-09-28T10:55:17+00:00\",\"dateModified\":\"2024-09-11T12:46:46+00:00\",\"description\":\"Das WARIDA WGA LoRa-Funkmodul ist ein fortschrittliches Kommunikationsger\u00e4t, das die Fernablesung von Versorgungseinrichtungen \u00fcber das LoRaWAN-Protokoll erm\u00f6glicht\",\"breadcrumb\":{\"@id\":\"https:\/\/sklep.globtree.pl\/de\/produkt\/warida-wga-lora\/#breadcrumb\"},\"inLanguage\":\"de\",\"potentialAction\":[{\"@type\":\"ReadAction\",\"target\":[\"https:\/\/sklep.globtree.pl\/de\/produkt\/warida-wga-lora\/\"]}]},{\"@type\":\"ImageObject\",\"inLanguage\":\"de\",\"@id\":\"https:\/\/sklep.globtree.pl\/de\/produkt\/warida-wga-lora\/#primaryimage\",\"url\":\"https:\/\/sklep.globtree.pl\/wp-content\/uploads\/2023\/09\/LoRa-300x300-1.webp\",\"contentUrl\":\"https:\/\/sklep.globtree.pl\/wp-content\/uploads\/2023\/09\/LoRa-300x300-1.webp\",\"width\":300,\"height\":300,\"caption\":\"Wodomierz WARIDA WGA z modu\u0142em LoRa\"},{\"@type\":\"BreadcrumbList\",\"@id\":\"https:\/\/sklep.globtree.pl\/de\/produkt\/warida-wga-lora\/#breadcrumb\",\"itemListElement\":[{\"@type\":\"ListItem\",\"position\":1,\"name\":\"Strona g\u0142\u00f3wna\",\"item\":\"https:\/\/sklep.globtree.pl\/de\/homepage\/\"},{\"@type\":\"ListItem\",\"position\":2,\"name\":\"Shop\",\"item\":\"https:\/\/sklep.globtree.pl\/de\/shop\/\"},{\"@type\":\"ListItem\",\"position\":3,\"name\":\"WARIDA WGA LoRa\"}]},{\"@type\":\"WebSite\",\"@id\":\"https:\/\/sklep.globtree.pl\/#website\",\"url\":\"https:\/\/sklep.globtree.pl\/\",\"name\":\"Sklep GlobTree\",\"description\":\"Sklep internetowy z urz\u0105dzeniami telemetrii\",\"publisher\":{\"@id\":\"https:\/\/sklep.globtree.pl\/#organization\"},\"potentialAction\":[{\"@type\":\"SearchAction\",\"target\":{\"@type\":\"EntryPoint\",\"urlTemplate\":\"https:\/\/sklep.globtree.pl\/?s={search_term_string}\"},\"query-input\":{\"@type\":\"PropertyValueSpecification\",\"valueRequired\":true,\"valueName\":\"search_term_string\"}}],\"inLanguage\":\"de\"},{\"@type\":\"Organization\",\"@id\":\"https:\/\/sklep.globtree.pl\/#organization\",\"name\":\"Sklep GlobTree\",\"url\":\"https:\/\/sklep.globtree.pl\/\",\"logo\":{\"@type\":\"ImageObject\",\"inLanguage\":\"de\",\"@id\":\"https:\/\/sklep.globtree.pl\/#\/schema\/logo\/image\/\",\"url\":\"https:\/\/sklep.globtree.pl\/wp-content\/uploads\/2023\/09\/cropped-GlobTree_logo-1.png\",\"contentUrl\":\"https:\/\/sklep.globtree.pl\/wp-content\/uploads\/2023\/09\/cropped-GlobTree_logo-1.png\",\"width\":400,\"height\":80,\"caption\":\"Sklep GlobTree\"},\"image\":{\"@id\":\"https:\/\/sklep.globtree.pl\/#\/schema\/logo\/image\/\"},\"sameAs\":[\"https:\/\/www.facebook.com\/netlandteam\/\",\"https:\/\/pl.linkedin.com\/company\/globtree-sp-z-o-o\"]}]}<\/script>\n<!-- \/ Yoast SEO plugin. -->","yoast_head_json":{"title":"\u00fcberlagern | Sklep GlobTree","description":"Das WARIDA WGA LoRa-Funkmodul ist ein fortschrittliches Kommunikationsger\u00e4t, das die Fernablesung von Versorgungseinrichtungen \u00fcber das LoRaWAN-Protokoll erm\u00f6glicht","robots":{"index":"index","follow":"follow","max-snippet":"max-snippet:-1","max-image-preview":"max-image-preview:large","max-video-preview":"max-video-preview:-1"},"canonical":"https:\/\/sklep.globtree.pl\/de\/produkt\/warida-wga-lora\/","og_locale":"de_DE","og_type":"article","og_title":"\u00fcberlagern | Sklep GlobTree","og_description":"Das WARIDA WGA LoRa-Funkmodul ist ein fortschrittliches Kommunikationsger\u00e4t, das die Fernablesung von Versorgungseinrichtungen \u00fcber das LoRaWAN-Protokoll erm\u00f6glicht","og_url":"https:\/\/sklep.globtree.pl\/de\/produkt\/warida-wga-lora\/","og_site_name":"Sklep GlobTree","article_publisher":"https:\/\/www.facebook.com\/netlandteam\/","article_modified_time":"2024-09-11T12:46:46+00:00","og_image":[{"width":300,"height":300,"url":"https:\/\/sklep.globtree.pl\/wp-content\/uploads\/2023\/09\/LoRa-300x300-1.webp","type":"image\/webp"}],"twitter_card":"summary_large_image","twitter_misc":{"Gesch\u00e4tzte Lesezeit":"1\u00a0Minute"},"schema":{"@context":"https:\/\/schema.org","@graph":[{"@type":["WebPage","ItemPage"],"@id":"https:\/\/sklep.globtree.pl\/de\/produkt\/warida-wga-lora\/","url":"https:\/\/sklep.globtree.pl\/de\/produkt\/warida-wga-lora\/","name":"\u00fcberlagern | Sklep GlobTree","isPartOf":{"@id":"https:\/\/sklep.globtree.pl\/#website"},"primaryImageOfPage":{"@id":"https:\/\/sklep.globtree.pl\/de\/produkt\/warida-wga-lora\/#primaryimage"},"image":{"@id":"https:\/\/sklep.globtree.pl\/de\/produkt\/warida-wga-lora\/#primaryimage"},"thumbnailUrl":"https:\/\/sklep.globtree.pl\/wp-content\/uploads\/2023\/09\/LoRa-300x300-1.webp","datePublished":"2023-09-28T10:55:17+00:00","dateModified":"2024-09-11T12:46:46+00:00","description":"Das WARIDA WGA LoRa-Funkmodul ist ein fortschrittliches Kommunikationsger\u00e4t, das die Fernablesung von Versorgungseinrichtungen \u00fcber das LoRaWAN-Protokoll erm\u00f6glicht","breadcrumb":{"@id":"https:\/\/sklep.globtree.pl\/de\/produkt\/warida-wga-lora\/#breadcrumb"},"inLanguage":"de","potentialAction":[{"@type":"ReadAction","target":["https:\/\/sklep.globtree.pl\/de\/produkt\/warida-wga-lora\/"]}]},{"@type":"ImageObject","inLanguage":"de","@id":"https:\/\/sklep.globtree.pl\/de\/produkt\/warida-wga-lora\/#primaryimage","url":"https:\/\/sklep.globtree.pl\/wp-content\/uploads\/2023\/09\/LoRa-300x300-1.webp","contentUrl":"https:\/\/sklep.globtree.pl\/wp-content\/uploads\/2023\/09\/LoRa-300x300-1.webp","width":300,"height":300,"caption":"Wodomierz WARIDA WGA z modu\u0142em LoRa"},{"@type":"BreadcrumbList","@id":"https:\/\/sklep.globtree.pl\/de\/produkt\/warida-wga-lora\/#breadcrumb","itemListElement":[{"@type":"ListItem","position":1,"name":"Strona g\u0142\u00f3wna","item":"https:\/\/sklep.globtree.pl\/de\/homepage\/"},{"@type":"ListItem","position":2,"name":"Shop","item":"https:\/\/sklep.globtree.pl\/de\/shop\/"},{"@type":"ListItem","position":3,"name":"WARIDA WGA LoRa"}]},{"@type":"WebSite","@id":"https:\/\/sklep.globtree.pl\/#website","url":"https:\/\/sklep.globtree.pl\/","name":"Sklep GlobTree","description":"Sklep internetowy z urz\u0105dzeniami telemetrii","publisher":{"@id":"https:\/\/sklep.globtree.pl\/#organization"},"potentialAction":[{"@type":"SearchAction","target":{"@type":"EntryPoint","urlTemplate":"https:\/\/sklep.globtree.pl\/?s={search_term_string}"},"query-input":{"@type":"PropertyValueSpecification","valueRequired":true,"valueName":"search_term_string"}}],"inLanguage":"de"},{"@type":"Organization","@id":"https:\/\/sklep.globtree.pl\/#organization","name":"Sklep GlobTree","url":"https:\/\/sklep.globtree.pl\/","logo":{"@type":"ImageObject","inLanguage":"de","@id":"https:\/\/sklep.globtree.pl\/#\/schema\/logo\/image\/","url":"https:\/\/sklep.globtree.pl\/wp-content\/uploads\/2023\/09\/cropped-GlobTree_logo-1.png","contentUrl":"https:\/\/sklep.globtree.pl\/wp-content\/uploads\/2023\/09\/cropped-GlobTree_logo-1.png","width":400,"height":80,"caption":"Sklep GlobTree"},"image":{"@id":"https:\/\/sklep.globtree.pl\/#\/schema\/logo\/image\/"},"sameAs":["https:\/\/www.facebook.com\/netlandteam\/","https:\/\/pl.linkedin.com\/company\/globtree-sp-z-o-o"]}]}},"_links":{"self":[{"href":"https:\/\/sklep.globtree.pl\/de\/wp-json\/wp\/v2\/product\/140","targetHints":{"allow":["GET"]}}],"collection":[{"href":"https:\/\/sklep.globtree.pl\/de\/wp-json\/wp\/v2\/product"}],"about":[{"href":"https:\/\/sklep.globtree.pl\/de\/wp-json\/wp\/v2\/types\/product"}],"wp:featuredmedia":[{"embeddable":true,"href":"https:\/\/sklep.globtree.pl\/de\/wp-json\/wp\/v2\/media\/1764"}],"wp:attachment":[{"href":"https:\/\/sklep.globtree.pl\/de\/wp-json\/wp\/v2\/media?parent=140"}],"wp:term":[{"taxonomy":"product_brand","embeddable":true,"href":"https:\/\/sklep.globtree.pl\/de\/wp-json\/wp\/v2\/product_brand?post=140"},{"taxonomy":"product_cat","embeddable":true,"href":"https:\/\/sklep.globtree.pl\/de\/wp-json\/wp\/v2\/product_cat?post=140"},{"taxonomy":"product_tag","embeddable":true,"href":"https:\/\/sklep.globtree.pl\/de\/wp-json\/wp\/v2\/product_tag?post=140"}],"curies":[{"name":"wp","href":"https:\/\/api.w.org\/{rel}","templated":true}]}}