


{"id":145,"date":"2023-09-28T12:49:05","date_gmt":"2023-09-28T10:49:05","guid":{"rendered":"https:\/\/netlandsklep.artneo.pl\/produkt\/telemetrie-system-globeoms\/"},"modified":"2024-08-13T11:50:24","modified_gmt":"2024-08-13T09:50:24","slug":"system-telemetry-globe","status":"publish","type":"product","link":"https:\/\/sklep.globtree.pl\/de\/produkt\/system-telemetry-globe\/","title":{"rendered":"Telemetrie-System &#8211; GlobTree"},"content":{"rendered":"<div class=\"nolwrap\"><p>GlobTree ist ein IT-System zur \u00dcberwachung und Verwaltung des Betriebs von \u00dcbertragungsanlagen (z. B. Wasser, Fernw\u00e4rme, Beleuchtung).<\/p>\n<ul>\n<li>Karte<\/li>\n<li>Dashboards und Berichte<\/li>\n<li>Datens\u00e4tze zur Ausr\u00fcstung<\/li>\n<li>Aufzeichnungen \u00fcber Geb\u00e4ude und R\u00e4umlichkeiten<\/li>\n<li>\u00dcberwachung, Ereignisse und Formeln<\/li>\n<li>Abrechnung des Verbrauchs von Versorgungsleistungen<\/li>\n<li>Ber\u00fccksichtigung von Wasser- und W\u00e4rmeverlusten<\/li>\n<li>Fernsteuerung des Ger\u00e4ts<\/li>\n<li>Ein begehbares System<\/li>\n<li>Abzweigungsdiagramme<\/li>\n<li>GIS-Schichten<\/li>\n<li>Bereiche &#8211; Verteilung des Parameters auf der Karte<\/li>\n<li>Kontrolle der Gruppe<\/li>\n<li>Verbrauchsausgleich<\/li>\n<\/ul>\n<p>*Softwarelizenzpreise werden individuell vereinbart. Zu diesem Zweck empfehlen wir Ihnen, direkt mit uns Kontakt aufzunehmen.<\/p>\n<p>\ud83d\udcde+48 89 612 07 30<\/p>\n<p>\ud83d\udce7sklep@globtree.pl<\/p>\n<\/div>","protected":false},"excerpt":{"rendered":"<p>GlobTree ist ein IT-System zur \u00dcberwachung und Verwaltung des Betriebs von \u00dcbertragungsanlagen (z. B. Wasser, Fernw\u00e4rme, Beleuchtung). Karte Dashboards und Berichte Datens\u00e4tze zur Ausr\u00fcstung Aufzeichnungen \u00fcber Geb\u00e4ude und R\u00e4umlichkeiten \u00dcberwachung, Ereignisse und Formeln Abrechnung des Verbrauchs von Versorgungsleistungen Ber\u00fccksichtigung von Wasser- und W\u00e4rmeverlusten Fernsteuerung des Ger\u00e4ts Ein begehbares System Abzweigungsdiagramme GIS-Schichten Bereiche &#8211; Verteilung des [&hellip;]<\/p>\n","protected":false},"featured_media":2528,"template":"","meta":[],"product_brand":[],"product_cat":[43],"product_tag":[],"class_list":{"0":"post-145","1":"product","2":"type-product","3":"status-publish","4":"has-post-thumbnail","6":"product_cat-telemetrie-system","8":"first","9":"onbackorder","10":"sold-individually","11":"taxable","12":"shipping-taxable","13":"product-type-simple"},"yoast_head":"<!-- This site is optimized with the Yoast SEO plugin v26.4 - https:\/\/yoast.com\/wordpress\/plugins\/seo\/ -->\n<title>Telemetrie-System - GlobTree | Sklep GlobTree<\/title>\n<meta name=\"robots\" content=\"index, follow, max-snippet:-1, max-image-preview:large, max-video-preview:-1\" \/>\n<link rel=\"canonical\" href=\"https:\/\/sklep.globtree.pl\/de\/produkt\/system-telemetry-globe\/\" \/>\n<meta property=\"og:locale\" content=\"de_DE\" \/>\n<meta property=\"og:type\" content=\"article\" \/>\n<meta property=\"og:title\" content=\"Telemetrie-System - GlobTree | Sklep GlobTree\" \/>\n<meta property=\"og:description\" content=\"GlobTree ist ein IT-System zur \u00dcberwachung und Verwaltung des Betriebs von \u00dcbertragungsanlagen (z. B. Wasser, Fernw\u00e4rme, Beleuchtung). Karte Dashboards und Berichte Datens\u00e4tze zur Ausr\u00fcstung Aufzeichnungen \u00fcber Geb\u00e4ude und R\u00e4umlichkeiten \u00dcberwachung, Ereignisse und Formeln Abrechnung des Verbrauchs von Versorgungsleistungen Ber\u00fccksichtigung von Wasser- und W\u00e4rmeverlusten Fernsteuerung des Ger\u00e4ts Ein begehbares System Abzweigungsdiagramme GIS-Schichten Bereiche &#8211; Verteilung des [&hellip;]\" \/>\n<meta property=\"og:url\" content=\"https:\/\/sklep.globtree.pl\/de\/produkt\/system-telemetry-globe\/\" \/>\n<meta property=\"og:site_name\" content=\"Sklep GlobTree\" \/>\n<meta property=\"article:publisher\" content=\"https:\/\/www.facebook.com\/netlandteam\/\" \/>\n<meta property=\"article:modified_time\" content=\"2024-08-13T09:50:24+00:00\" \/>\n<meta property=\"og:image\" content=\"https:\/\/sklep.globtree.pl\/wp-content\/uploads\/2023\/09\/wodociagi-2.png\" \/>\n\t<meta property=\"og:image:width\" content=\"1400\" \/>\n\t<meta property=\"og:image:height\" content=\"1400\" \/>\n\t<meta property=\"og:image:type\" content=\"image\/png\" \/>\n<meta name=\"twitter:card\" content=\"summary_large_image\" \/>\n<meta name=\"twitter:label1\" content=\"Gesch\u00e4tzte Lesezeit\" \/>\n\t<meta name=\"twitter:data1\" content=\"1\u00a0Minute\" \/>\n<script type=\"application\/ld+json\" class=\"yoast-schema-graph\">{\"@context\":\"https:\/\/schema.org\",\"@graph\":[{\"@type\":[\"WebPage\",\"ItemPage\"],\"@id\":\"https:\/\/sklep.globtree.pl\/de\/produkt\/system-telemetry-globe\/\",\"url\":\"https:\/\/sklep.globtree.pl\/de\/produkt\/system-telemetry-globe\/\",\"name\":\"Telemetrie-System - GlobTree | Sklep GlobTree\",\"isPartOf\":{\"@id\":\"https:\/\/sklep.globtree.pl\/#website\"},\"primaryImageOfPage\":{\"@id\":\"https:\/\/sklep.globtree.pl\/de\/produkt\/system-telemetry-globe\/#primaryimage\"},\"image\":{\"@id\":\"https:\/\/sklep.globtree.pl\/de\/produkt\/system-telemetry-globe\/#primaryimage\"},\"thumbnailUrl\":\"https:\/\/sklep.globtree.pl\/wp-content\/uploads\/2023\/09\/wodociagi-2.png\",\"datePublished\":\"2023-09-28T10:49:05+00:00\",\"dateModified\":\"2024-08-13T09:50:24+00:00\",\"breadcrumb\":{\"@id\":\"https:\/\/sklep.globtree.pl\/de\/produkt\/system-telemetry-globe\/#breadcrumb\"},\"inLanguage\":\"de\",\"potentialAction\":[{\"@type\":\"ReadAction\",\"target\":[\"https:\/\/sklep.globtree.pl\/de\/produkt\/system-telemetry-globe\/\"]}]},{\"@type\":\"ImageObject\",\"inLanguage\":\"de\",\"@id\":\"https:\/\/sklep.globtree.pl\/de\/produkt\/system-telemetry-globe\/#primaryimage\",\"url\":\"https:\/\/sklep.globtree.pl\/wp-content\/uploads\/2023\/09\/wodociagi-2.png\",\"contentUrl\":\"https:\/\/sklep.globtree.pl\/wp-content\/uploads\/2023\/09\/wodociagi-2.png\",\"width\":1400,\"height\":1400,\"caption\":\"system telemetrii dla wodoci\u0105g\u00f3w\"},{\"@type\":\"BreadcrumbList\",\"@id\":\"https:\/\/sklep.globtree.pl\/de\/produkt\/system-telemetry-globe\/#breadcrumb\",\"itemListElement\":[{\"@type\":\"ListItem\",\"position\":1,\"name\":\"Strona g\u0142\u00f3wna\",\"item\":\"https:\/\/sklep.globtree.pl\/de\/homepage\/\"},{\"@type\":\"ListItem\",\"position\":2,\"name\":\"Shop\",\"item\":\"https:\/\/sklep.globtree.pl\/de\/shop\/\"},{\"@type\":\"ListItem\",\"position\":3,\"name\":\"Telemetrie-System &#8211; GlobTree\"}]},{\"@type\":\"WebSite\",\"@id\":\"https:\/\/sklep.globtree.pl\/#website\",\"url\":\"https:\/\/sklep.globtree.pl\/\",\"name\":\"Sklep GlobTree\",\"description\":\"Sklep internetowy z urz\u0105dzeniami telemetrii\",\"publisher\":{\"@id\":\"https:\/\/sklep.globtree.pl\/#organization\"},\"potentialAction\":[{\"@type\":\"SearchAction\",\"target\":{\"@type\":\"EntryPoint\",\"urlTemplate\":\"https:\/\/sklep.globtree.pl\/?s={search_term_string}\"},\"query-input\":{\"@type\":\"PropertyValueSpecification\",\"valueRequired\":true,\"valueName\":\"search_term_string\"}}],\"inLanguage\":\"de\"},{\"@type\":\"Organization\",\"@id\":\"https:\/\/sklep.globtree.pl\/#organization\",\"name\":\"Sklep GlobTree\",\"url\":\"https:\/\/sklep.globtree.pl\/\",\"logo\":{\"@type\":\"ImageObject\",\"inLanguage\":\"de\",\"@id\":\"https:\/\/sklep.globtree.pl\/#\/schema\/logo\/image\/\",\"url\":\"https:\/\/sklep.globtree.pl\/wp-content\/uploads\/2023\/09\/cropped-GlobTree_logo-1.png\",\"contentUrl\":\"https:\/\/sklep.globtree.pl\/wp-content\/uploads\/2023\/09\/cropped-GlobTree_logo-1.png\",\"width\":400,\"height\":80,\"caption\":\"Sklep GlobTree\"},\"image\":{\"@id\":\"https:\/\/sklep.globtree.pl\/#\/schema\/logo\/image\/\"},\"sameAs\":[\"https:\/\/www.facebook.com\/netlandteam\/\",\"https:\/\/pl.linkedin.com\/company\/globtree-sp-z-o-o\"]}]}<\/script>\n<!-- \/ Yoast SEO plugin. -->","yoast_head_json":{"title":"Telemetrie-System - GlobTree | Sklep GlobTree","robots":{"index":"index","follow":"follow","max-snippet":"max-snippet:-1","max-image-preview":"max-image-preview:large","max-video-preview":"max-video-preview:-1"},"canonical":"https:\/\/sklep.globtree.pl\/de\/produkt\/system-telemetry-globe\/","og_locale":"de_DE","og_type":"article","og_title":"Telemetrie-System - GlobTree | Sklep GlobTree","og_description":"GlobTree ist ein IT-System zur \u00dcberwachung und Verwaltung des Betriebs von \u00dcbertragungsanlagen (z. B. Wasser, Fernw\u00e4rme, Beleuchtung). Karte Dashboards und Berichte Datens\u00e4tze zur Ausr\u00fcstung Aufzeichnungen \u00fcber Geb\u00e4ude und R\u00e4umlichkeiten \u00dcberwachung, Ereignisse und Formeln Abrechnung des Verbrauchs von Versorgungsleistungen Ber\u00fccksichtigung von Wasser- und W\u00e4rmeverlusten Fernsteuerung des Ger\u00e4ts Ein begehbares System Abzweigungsdiagramme GIS-Schichten Bereiche &#8211; Verteilung des [&hellip;]","og_url":"https:\/\/sklep.globtree.pl\/de\/produkt\/system-telemetry-globe\/","og_site_name":"Sklep GlobTree","article_publisher":"https:\/\/www.facebook.com\/netlandteam\/","article_modified_time":"2024-08-13T09:50:24+00:00","og_image":[{"width":1400,"height":1400,"url":"https:\/\/sklep.globtree.pl\/wp-content\/uploads\/2023\/09\/wodociagi-2.png","type":"image\/png"}],"twitter_card":"summary_large_image","twitter_misc":{"Gesch\u00e4tzte Lesezeit":"1\u00a0Minute"},"schema":{"@context":"https:\/\/schema.org","@graph":[{"@type":["WebPage","ItemPage"],"@id":"https:\/\/sklep.globtree.pl\/de\/produkt\/system-telemetry-globe\/","url":"https:\/\/sklep.globtree.pl\/de\/produkt\/system-telemetry-globe\/","name":"Telemetrie-System - GlobTree | Sklep GlobTree","isPartOf":{"@id":"https:\/\/sklep.globtree.pl\/#website"},"primaryImageOfPage":{"@id":"https:\/\/sklep.globtree.pl\/de\/produkt\/system-telemetry-globe\/#primaryimage"},"image":{"@id":"https:\/\/sklep.globtree.pl\/de\/produkt\/system-telemetry-globe\/#primaryimage"},"thumbnailUrl":"https:\/\/sklep.globtree.pl\/wp-content\/uploads\/2023\/09\/wodociagi-2.png","datePublished":"2023-09-28T10:49:05+00:00","dateModified":"2024-08-13T09:50:24+00:00","breadcrumb":{"@id":"https:\/\/sklep.globtree.pl\/de\/produkt\/system-telemetry-globe\/#breadcrumb"},"inLanguage":"de","potentialAction":[{"@type":"ReadAction","target":["https:\/\/sklep.globtree.pl\/de\/produkt\/system-telemetry-globe\/"]}]},{"@type":"ImageObject","inLanguage":"de","@id":"https:\/\/sklep.globtree.pl\/de\/produkt\/system-telemetry-globe\/#primaryimage","url":"https:\/\/sklep.globtree.pl\/wp-content\/uploads\/2023\/09\/wodociagi-2.png","contentUrl":"https:\/\/sklep.globtree.pl\/wp-content\/uploads\/2023\/09\/wodociagi-2.png","width":1400,"height":1400,"caption":"system telemetrii dla wodoci\u0105g\u00f3w"},{"@type":"BreadcrumbList","@id":"https:\/\/sklep.globtree.pl\/de\/produkt\/system-telemetry-globe\/#breadcrumb","itemListElement":[{"@type":"ListItem","position":1,"name":"Strona g\u0142\u00f3wna","item":"https:\/\/sklep.globtree.pl\/de\/homepage\/"},{"@type":"ListItem","position":2,"name":"Shop","item":"https:\/\/sklep.globtree.pl\/de\/shop\/"},{"@type":"ListItem","position":3,"name":"Telemetrie-System &#8211; GlobTree"}]},{"@type":"WebSite","@id":"https:\/\/sklep.globtree.pl\/#website","url":"https:\/\/sklep.globtree.pl\/","name":"Sklep GlobTree","description":"Sklep internetowy z urz\u0105dzeniami telemetrii","publisher":{"@id":"https:\/\/sklep.globtree.pl\/#organization"},"potentialAction":[{"@type":"SearchAction","target":{"@type":"EntryPoint","urlTemplate":"https:\/\/sklep.globtree.pl\/?s={search_term_string}"},"query-input":{"@type":"PropertyValueSpecification","valueRequired":true,"valueName":"search_term_string"}}],"inLanguage":"de"},{"@type":"Organization","@id":"https:\/\/sklep.globtree.pl\/#organization","name":"Sklep GlobTree","url":"https:\/\/sklep.globtree.pl\/","logo":{"@type":"ImageObject","inLanguage":"de","@id":"https:\/\/sklep.globtree.pl\/#\/schema\/logo\/image\/","url":"https:\/\/sklep.globtree.pl\/wp-content\/uploads\/2023\/09\/cropped-GlobTree_logo-1.png","contentUrl":"https:\/\/sklep.globtree.pl\/wp-content\/uploads\/2023\/09\/cropped-GlobTree_logo-1.png","width":400,"height":80,"caption":"Sklep GlobTree"},"image":{"@id":"https:\/\/sklep.globtree.pl\/#\/schema\/logo\/image\/"},"sameAs":["https:\/\/www.facebook.com\/netlandteam\/","https:\/\/pl.linkedin.com\/company\/globtree-sp-z-o-o"]}]}},"_links":{"self":[{"href":"https:\/\/sklep.globtree.pl\/de\/wp-json\/wp\/v2\/product\/145","targetHints":{"allow":["GET"]}}],"collection":[{"href":"https:\/\/sklep.globtree.pl\/de\/wp-json\/wp\/v2\/product"}],"about":[{"href":"https:\/\/sklep.globtree.pl\/de\/wp-json\/wp\/v2\/types\/product"}],"wp:featuredmedia":[{"embeddable":true,"href":"https:\/\/sklep.globtree.pl\/de\/wp-json\/wp\/v2\/media\/2528"}],"wp:attachment":[{"href":"https:\/\/sklep.globtree.pl\/de\/wp-json\/wp\/v2\/media?parent=145"}],"wp:term":[{"taxonomy":"product_brand","embeddable":true,"href":"https:\/\/sklep.globtree.pl\/de\/wp-json\/wp\/v2\/product_brand?post=145"},{"taxonomy":"product_cat","embeddable":true,"href":"https:\/\/sklep.globtree.pl\/de\/wp-json\/wp\/v2\/product_cat?post=145"},{"taxonomy":"product_tag","embeddable":true,"href":"https:\/\/sklep.globtree.pl\/de\/wp-json\/wp\/v2\/product_tag?post=145"}],"curies":[{"name":"wp","href":"https:\/\/api.w.org\/{rel}","templated":true}]}}