


{"id":1989,"date":"2024-01-24T14:37:55","date_gmt":"2024-01-24T13:37:55","guid":{"rendered":"https:\/\/sklep.globtree.pl\/product\/q-heat-5-5\/"},"modified":"2024-08-12T15:31:08","modified_gmt":"2024-08-12T13:31:08","slug":"q-heat-5-5","status":"publish","type":"product","link":"https:\/\/sklep.globtree.pl\/de\/produkt\/q-heat-5-5\/","title":{"rendered":"Q HEAT 5.5"},"content":{"rendered":"<div class=\"nolwrap\"><p>Ein kompakter mechanischer W\u00e4rmez\u00e4hler, der standardm\u00e4\u00dfig mit einem optischen IrDA-Datenausgang und einem zus\u00e4tzlichen Anschluss f\u00fcr Kommunikationsmodule ausgestattet ist, oder in der R-Version mit einem auf der Hauptplatine des W\u00e4rmez\u00e4hlers vorinstallierten Funkmodul. Der W\u00e4rmez\u00e4hler wird zur Messung von W\u00e4rmeenergie, K\u00fchlenergie oder, in einer Hybridversion, zur kombinierten Messung von W\u00e4rme und K\u00e4lte eingesetzt. Er ist f\u00fcr den Einsatz in Zentralheizungsanlagen, K\u00fchlsystemen oder Hybridsystemen konzipiert.<\/p>\n<p><strong>Wesentliche Merkmale:<\/strong><\/p>\n<ul>\n<li>Batteriebetrieben &#8211; Betriebsdauer: 11 Jahre<\/li>\n<li>Hochaufl\u00f6sendes Display &#8211; 8-stellige Anzeige<\/li>\n<li>Geh\u00e4use: Messing<\/li>\n<li>Geh\u00e4use: nicht brennbarer ABS-Kunststoff<\/li>\n<li>15 monatliche Aufzeichnungen von Archivdaten<\/li>\n<\/ul>\n<p>&nbsp;<\/p>\n<p>*Bei Gro\u00dfeink\u00e4ufen bitten wir Sie, die Preise direkt bei uns zu erfragen.<\/p>\n<p>\ud83d\udcde +48 89 612 07 30<\/p>\n<p>\ud83d\udce7 sklep@globtree.pl<\/p>\n<\/div>","protected":false},"excerpt":{"rendered":"<p>Ein kompakter mechanischer W\u00e4rmez\u00e4hler, der standardm\u00e4\u00dfig mit einem optischen IrDA-Datenausgang und einem zus\u00e4tzlichen Anschluss f\u00fcr Kommunikationsmodule ausgestattet ist, oder in der R-Version mit einem auf der Hauptplatine des W\u00e4rmez\u00e4hlers vorinstallierten Funkmodul. Der W\u00e4rmez\u00e4hler wird zur Messung von W\u00e4rmeenergie, K\u00fchlenergie oder, in einer Hybridversion, zur kombinierten Messung von W\u00e4rme und K\u00e4lte eingesetzt. Er ist f\u00fcr den [&hellip;]<\/p>\n","protected":false},"featured_media":1223,"template":"","meta":[],"product_brand":[],"product_cat":[89],"product_tag":[297,294,295,296],"class_list":{"0":"post-1989","1":"product","2":"type-product","3":"status-publish","4":"has-post-thumbnail","6":"product_cat-warmezahler","7":"product_tag-qheat-de","8":"product_tag-warmezahler","9":"product_tag-warmezahler-de","10":"product_tag-warmezahler-de-2","12":"first","13":"outofstock","14":"taxable","15":"shipping-taxable","16":"purchasable","17":"product-type-variable"},"yoast_head":"<!-- This site is optimized with the Yoast SEO plugin v26.4 - https:\/\/yoast.com\/wordpress\/plugins\/seo\/ -->\n<title>W\u00e4rmez\u00e4hler | Sklep GlobTree<\/title>\n<meta name=\"description\" content=\"Kompakter mechanischer W\u00e4rmez\u00e4hler, standardm\u00e4\u00dfig ausgestattet mit einem optischen IrDA-Datenausgang und einer zus\u00e4tzlichen Schnittstelle f\u00fcr Kommunikationsmodule\" \/>\n<meta name=\"robots\" content=\"index, follow, max-snippet:-1, max-image-preview:large, max-video-preview:-1\" \/>\n<link rel=\"canonical\" href=\"https:\/\/sklep.globtree.pl\/de\/produkt\/q-heat-5-5\/\" \/>\n<meta property=\"og:locale\" content=\"de_DE\" \/>\n<meta property=\"og:type\" content=\"article\" \/>\n<meta property=\"og:title\" content=\"W\u00e4rmez\u00e4hler | Sklep GlobTree\" \/>\n<meta property=\"og:description\" content=\"Kompakter mechanischer W\u00e4rmez\u00e4hler, standardm\u00e4\u00dfig ausgestattet mit einem optischen IrDA-Datenausgang und einer zus\u00e4tzlichen Schnittstelle f\u00fcr Kommunikationsmodule\" \/>\n<meta property=\"og:url\" content=\"https:\/\/sklep.globtree.pl\/de\/produkt\/q-heat-5-5\/\" \/>\n<meta property=\"og:site_name\" content=\"Sklep GlobTree\" \/>\n<meta property=\"article:publisher\" content=\"https:\/\/www.facebook.com\/netlandteam\/\" \/>\n<meta property=\"article:modified_time\" content=\"2024-08-12T13:31:08+00:00\" \/>\n<meta property=\"og:image\" content=\"https:\/\/sklep.globtree.pl\/wp-content\/uploads\/2024\/01\/pobrane.jpg\" \/>\n\t<meta property=\"og:image:width\" content=\"268\" \/>\n\t<meta property=\"og:image:height\" content=\"188\" \/>\n\t<meta property=\"og:image:type\" content=\"image\/jpeg\" \/>\n<meta name=\"twitter:card\" content=\"summary_large_image\" \/>\n<meta name=\"twitter:label1\" content=\"Gesch\u00e4tzte Lesezeit\" \/>\n\t<meta name=\"twitter:data1\" content=\"1\u00a0Minute\" \/>\n<script type=\"application\/ld+json\" class=\"yoast-schema-graph\">{\"@context\":\"https:\/\/schema.org\",\"@graph\":[{\"@type\":[\"WebPage\",\"ItemPage\"],\"@id\":\"https:\/\/sklep.globtree.pl\/de\/produkt\/q-heat-5-5\/\",\"url\":\"https:\/\/sklep.globtree.pl\/de\/produkt\/q-heat-5-5\/\",\"name\":\"W\u00e4rmez\u00e4hler | Sklep GlobTree\",\"isPartOf\":{\"@id\":\"https:\/\/sklep.globtree.pl\/#website\"},\"primaryImageOfPage\":{\"@id\":\"https:\/\/sklep.globtree.pl\/de\/produkt\/q-heat-5-5\/#primaryimage\"},\"image\":{\"@id\":\"https:\/\/sklep.globtree.pl\/de\/produkt\/q-heat-5-5\/#primaryimage\"},\"thumbnailUrl\":\"https:\/\/sklep.globtree.pl\/wp-content\/uploads\/2024\/01\/pobrane.jpg\",\"datePublished\":\"2024-01-24T13:37:55+00:00\",\"dateModified\":\"2024-08-12T13:31:08+00:00\",\"description\":\"Kompakter mechanischer W\u00e4rmez\u00e4hler, standardm\u00e4\u00dfig ausgestattet mit einem optischen IrDA-Datenausgang und einer zus\u00e4tzlichen Schnittstelle f\u00fcr Kommunikationsmodule\",\"breadcrumb\":{\"@id\":\"https:\/\/sklep.globtree.pl\/de\/produkt\/q-heat-5-5\/#breadcrumb\"},\"inLanguage\":\"de\",\"potentialAction\":[{\"@type\":\"ReadAction\",\"target\":[\"https:\/\/sklep.globtree.pl\/de\/produkt\/q-heat-5-5\/\"]}]},{\"@type\":\"ImageObject\",\"inLanguage\":\"de\",\"@id\":\"https:\/\/sklep.globtree.pl\/de\/produkt\/q-heat-5-5\/#primaryimage\",\"url\":\"https:\/\/sklep.globtree.pl\/wp-content\/uploads\/2024\/01\/pobrane.jpg\",\"contentUrl\":\"https:\/\/sklep.globtree.pl\/wp-content\/uploads\/2024\/01\/pobrane.jpg\",\"width\":268,\"height\":188,\"caption\":\"Ciep\u0142omierz mechaniczny Q HEAT 5.5\"},{\"@type\":\"BreadcrumbList\",\"@id\":\"https:\/\/sklep.globtree.pl\/de\/produkt\/q-heat-5-5\/#breadcrumb\",\"itemListElement\":[{\"@type\":\"ListItem\",\"position\":1,\"name\":\"Strona g\u0142\u00f3wna\",\"item\":\"https:\/\/sklep.globtree.pl\/de\/homepage\/\"},{\"@type\":\"ListItem\",\"position\":2,\"name\":\"Shop\",\"item\":\"https:\/\/sklep.globtree.pl\/de\/shop\/\"},{\"@type\":\"ListItem\",\"position\":3,\"name\":\"Q HEAT 5.5\"}]},{\"@type\":\"WebSite\",\"@id\":\"https:\/\/sklep.globtree.pl\/#website\",\"url\":\"https:\/\/sklep.globtree.pl\/\",\"name\":\"Sklep GlobTree\",\"description\":\"Sklep internetowy z urz\u0105dzeniami telemetrii\",\"publisher\":{\"@id\":\"https:\/\/sklep.globtree.pl\/#organization\"},\"potentialAction\":[{\"@type\":\"SearchAction\",\"target\":{\"@type\":\"EntryPoint\",\"urlTemplate\":\"https:\/\/sklep.globtree.pl\/?s={search_term_string}\"},\"query-input\":{\"@type\":\"PropertyValueSpecification\",\"valueRequired\":true,\"valueName\":\"search_term_string\"}}],\"inLanguage\":\"de\"},{\"@type\":\"Organization\",\"@id\":\"https:\/\/sklep.globtree.pl\/#organization\",\"name\":\"Sklep GlobTree\",\"url\":\"https:\/\/sklep.globtree.pl\/\",\"logo\":{\"@type\":\"ImageObject\",\"inLanguage\":\"de\",\"@id\":\"https:\/\/sklep.globtree.pl\/#\/schema\/logo\/image\/\",\"url\":\"https:\/\/sklep.globtree.pl\/wp-content\/uploads\/2023\/09\/cropped-GlobTree_logo-1.png\",\"contentUrl\":\"https:\/\/sklep.globtree.pl\/wp-content\/uploads\/2023\/09\/cropped-GlobTree_logo-1.png\",\"width\":400,\"height\":80,\"caption\":\"Sklep GlobTree\"},\"image\":{\"@id\":\"https:\/\/sklep.globtree.pl\/#\/schema\/logo\/image\/\"},\"sameAs\":[\"https:\/\/www.facebook.com\/netlandteam\/\",\"https:\/\/pl.linkedin.com\/company\/globtree-sp-z-o-o\"]}]}<\/script>\n<!-- \/ Yoast SEO plugin. -->","yoast_head_json":{"title":"W\u00e4rmez\u00e4hler | Sklep GlobTree","description":"Kompakter mechanischer W\u00e4rmez\u00e4hler, standardm\u00e4\u00dfig ausgestattet mit einem optischen IrDA-Datenausgang und einer zus\u00e4tzlichen Schnittstelle f\u00fcr Kommunikationsmodule","robots":{"index":"index","follow":"follow","max-snippet":"max-snippet:-1","max-image-preview":"max-image-preview:large","max-video-preview":"max-video-preview:-1"},"canonical":"https:\/\/sklep.globtree.pl\/de\/produkt\/q-heat-5-5\/","og_locale":"de_DE","og_type":"article","og_title":"W\u00e4rmez\u00e4hler | Sklep GlobTree","og_description":"Kompakter mechanischer W\u00e4rmez\u00e4hler, standardm\u00e4\u00dfig ausgestattet mit einem optischen IrDA-Datenausgang und einer zus\u00e4tzlichen Schnittstelle f\u00fcr Kommunikationsmodule","og_url":"https:\/\/sklep.globtree.pl\/de\/produkt\/q-heat-5-5\/","og_site_name":"Sklep GlobTree","article_publisher":"https:\/\/www.facebook.com\/netlandteam\/","article_modified_time":"2024-08-12T13:31:08+00:00","og_image":[{"width":268,"height":188,"url":"https:\/\/sklep.globtree.pl\/wp-content\/uploads\/2024\/01\/pobrane.jpg","type":"image\/jpeg"}],"twitter_card":"summary_large_image","twitter_misc":{"Gesch\u00e4tzte Lesezeit":"1\u00a0Minute"},"schema":{"@context":"https:\/\/schema.org","@graph":[{"@type":["WebPage","ItemPage"],"@id":"https:\/\/sklep.globtree.pl\/de\/produkt\/q-heat-5-5\/","url":"https:\/\/sklep.globtree.pl\/de\/produkt\/q-heat-5-5\/","name":"W\u00e4rmez\u00e4hler | Sklep GlobTree","isPartOf":{"@id":"https:\/\/sklep.globtree.pl\/#website"},"primaryImageOfPage":{"@id":"https:\/\/sklep.globtree.pl\/de\/produkt\/q-heat-5-5\/#primaryimage"},"image":{"@id":"https:\/\/sklep.globtree.pl\/de\/produkt\/q-heat-5-5\/#primaryimage"},"thumbnailUrl":"https:\/\/sklep.globtree.pl\/wp-content\/uploads\/2024\/01\/pobrane.jpg","datePublished":"2024-01-24T13:37:55+00:00","dateModified":"2024-08-12T13:31:08+00:00","description":"Kompakter mechanischer W\u00e4rmez\u00e4hler, standardm\u00e4\u00dfig ausgestattet mit einem optischen IrDA-Datenausgang und einer zus\u00e4tzlichen Schnittstelle f\u00fcr Kommunikationsmodule","breadcrumb":{"@id":"https:\/\/sklep.globtree.pl\/de\/produkt\/q-heat-5-5\/#breadcrumb"},"inLanguage":"de","potentialAction":[{"@type":"ReadAction","target":["https:\/\/sklep.globtree.pl\/de\/produkt\/q-heat-5-5\/"]}]},{"@type":"ImageObject","inLanguage":"de","@id":"https:\/\/sklep.globtree.pl\/de\/produkt\/q-heat-5-5\/#primaryimage","url":"https:\/\/sklep.globtree.pl\/wp-content\/uploads\/2024\/01\/pobrane.jpg","contentUrl":"https:\/\/sklep.globtree.pl\/wp-content\/uploads\/2024\/01\/pobrane.jpg","width":268,"height":188,"caption":"Ciep\u0142omierz mechaniczny Q HEAT 5.5"},{"@type":"BreadcrumbList","@id":"https:\/\/sklep.globtree.pl\/de\/produkt\/q-heat-5-5\/#breadcrumb","itemListElement":[{"@type":"ListItem","position":1,"name":"Strona g\u0142\u00f3wna","item":"https:\/\/sklep.globtree.pl\/de\/homepage\/"},{"@type":"ListItem","position":2,"name":"Shop","item":"https:\/\/sklep.globtree.pl\/de\/shop\/"},{"@type":"ListItem","position":3,"name":"Q HEAT 5.5"}]},{"@type":"WebSite","@id":"https:\/\/sklep.globtree.pl\/#website","url":"https:\/\/sklep.globtree.pl\/","name":"Sklep GlobTree","description":"Sklep internetowy z urz\u0105dzeniami telemetrii","publisher":{"@id":"https:\/\/sklep.globtree.pl\/#organization"},"potentialAction":[{"@type":"SearchAction","target":{"@type":"EntryPoint","urlTemplate":"https:\/\/sklep.globtree.pl\/?s={search_term_string}"},"query-input":{"@type":"PropertyValueSpecification","valueRequired":true,"valueName":"search_term_string"}}],"inLanguage":"de"},{"@type":"Organization","@id":"https:\/\/sklep.globtree.pl\/#organization","name":"Sklep GlobTree","url":"https:\/\/sklep.globtree.pl\/","logo":{"@type":"ImageObject","inLanguage":"de","@id":"https:\/\/sklep.globtree.pl\/#\/schema\/logo\/image\/","url":"https:\/\/sklep.globtree.pl\/wp-content\/uploads\/2023\/09\/cropped-GlobTree_logo-1.png","contentUrl":"https:\/\/sklep.globtree.pl\/wp-content\/uploads\/2023\/09\/cropped-GlobTree_logo-1.png","width":400,"height":80,"caption":"Sklep GlobTree"},"image":{"@id":"https:\/\/sklep.globtree.pl\/#\/schema\/logo\/image\/"},"sameAs":["https:\/\/www.facebook.com\/netlandteam\/","https:\/\/pl.linkedin.com\/company\/globtree-sp-z-o-o"]}]}},"_links":{"self":[{"href":"https:\/\/sklep.globtree.pl\/de\/wp-json\/wp\/v2\/product\/1989","targetHints":{"allow":["GET"]}}],"collection":[{"href":"https:\/\/sklep.globtree.pl\/de\/wp-json\/wp\/v2\/product"}],"about":[{"href":"https:\/\/sklep.globtree.pl\/de\/wp-json\/wp\/v2\/types\/product"}],"wp:featuredmedia":[{"embeddable":true,"href":"https:\/\/sklep.globtree.pl\/de\/wp-json\/wp\/v2\/media\/1223"}],"wp:attachment":[{"href":"https:\/\/sklep.globtree.pl\/de\/wp-json\/wp\/v2\/media?parent=1989"}],"wp:term":[{"taxonomy":"product_brand","embeddable":true,"href":"https:\/\/sklep.globtree.pl\/de\/wp-json\/wp\/v2\/product_brand?post=1989"},{"taxonomy":"product_cat","embeddable":true,"href":"https:\/\/sklep.globtree.pl\/de\/wp-json\/wp\/v2\/product_cat?post=1989"},{"taxonomy":"product_tag","embeddable":true,"href":"https:\/\/sklep.globtree.pl\/de\/wp-json\/wp\/v2\/product_tag?post=1989"}],"curies":[{"name":"wp","href":"https:\/\/api.w.org\/{rel}","templated":true}]}}