


{"id":2911,"date":"2026-02-04T13:03:56","date_gmt":"2026-02-04T12:03:56","guid":{"rendered":"https:\/\/sklep.globtree.pl\/?post_type=product&#038;p=2911"},"modified":"2026-02-06T13:50:30","modified_gmt":"2026-02-06T12:50:30","slug":"globtree-sm-2-0-lora-wm-bus-rauchmelder","status":"publish","type":"product","link":"https:\/\/sklep.globtree.pl\/de\/produkt\/globtree-sm-2-0-lora-wm-bus-rauchmelder\/","title":{"rendered":"GlobTree SM-2.0 LoRa\/wM-Bus Rauchmelder"},"content":{"rendered":"<div class=\"nolwrap\"><p>SM-2.0-LoRa \/ wM-Bus ist ein vollst\u00e4ndig autonomer Rauchmelder f\u00fcr den Hausgebrauch, der zur Fr\u00fcherkennung von Br\u00e4nden in der Schwelphase dient, noch bevor offenes Feuer entsteht und die Temperatur ansteigt. Das Ger\u00e4t erkennt den f\u00fcr die Anfangsphase eines Brandes charakteristischen sichtbaren Rauch, wodurch eine schnelle Reaktion und die Minimierung von Sch\u00e4den erm\u00f6glicht wird.<\/p>\n<p>Der Melder wurde f\u00fcr den Einsatz in Wohngeb\u00e4uden wie Wohnungen und Einfamilienh\u00e4usern sowie in Kellern, Garagen und Dachb\u00f6den entwickelt. Er ist f\u00fcr den Einsatz in geschlossenen R\u00e4umen vorgesehen, in denen unter normalen Bedingungen keine St\u00f6rfaktoren wie Rauch, Wasserdampf oder \u00fcberm\u00e4\u00dfige Staubbelastung auftreten.<\/p>\n<p>Das Ger\u00e4t kann eigenst\u00e4ndig oder als Teil eines Brand\u00fcberwachungssystems betrieben werden und kommuniziert mit der \u00fcbergeordneten Infrastruktur \u00fcber:<\/p>\n<ul data-start=\"1121\" data-end=\"1210\">\n<li data-start=\"1121\" data-end=\"1159\">LoRa (Zusammenarbeit mit RAK-Gateway),<\/li>\n<li data-start=\"1121\" data-end=\"1159\">wM-Bus (Zusammenarbeit mit UL 5.0-Konzentrator).<\/li>\n<\/ul>\n<p>Dank der drahtlosen Kommunikation eignet sich der Melder ideal f\u00fcr Smart-Home-L\u00f6sungen, Fern\u00fcberwachungssysteme und Installationen, die einen geringen Energieverbrauch und eine hohe Zuverl\u00e4ssigkeit erfordern.<\/p>\n<p>Der Melder SM-2.0-LoRa \/ wM-Bus ist ausschlie\u00dflich f\u00fcr den Hausgebrauch bestimmt und erf\u00fcllt die Anforderungen moderner Brandschutzsysteme f\u00fcr Wohngeb\u00e4ude.<\/p>\n<p><strong>Technische Daten:<\/strong><\/p>\n<ul>\n<li>Stromversorgung 9 V 6F22 Batterie (austauschbar)<\/li>\n<li>Minimale Betriebsspannung 7 V<\/li>\n<li>\u00dcberwachungsstrom 10 \u00b5A<\/li>\n<li>Alarmlautst\u00e4rke &gt; 85 dB<\/li>\n<li>Farbe des Detektorgeh\u00e4uses wei\u00df<\/li>\n<li>Betriebstemperaturbereich von -10 \u00b0C bis +55 \u00b0C<\/li>\n<li>Relative Luftfeuchtigkeit bis zu 95 % bei 40 \u00b0C<\/li>\n<li>Abmessungen des Melders (mit Steckdose) \u00d8 112 x 57 mm<\/li>\n<li>Abstand der Befestigungsl\u00f6cher 72 mm<\/li>\n<li>Kommunikation LORA WAN oder WMBUS<\/li>\n<li>Garantie 60 Monate<\/li>\n<\/ul>\n<p><strong>Konformit\u00e4t mit der durch Zertifikate best\u00e4tigten Norm:<\/strong><\/p>\n<ul>\n<li>PN-EN 14604:2006 Autonome Rauchmelder<\/li>\n<li>EN 14604:2005 Rauchmelder<\/li>\n<\/ul>\n<p><strong>Funktionalit\u00e4t:<\/strong><\/p>\n<p>Der Sensor kann sich in folgenden Zust\u00e4nden befinden:<\/p>\n<ul>\n<li>\u00dcberwachung \u2013 alle 40 Sekunden blinkt die LED, um die korrekte Funktion zu best\u00e4tigen;<\/li>\n<li>Alarmierung \u2013 wird durch Blinken der LED und ein moduliertes akustisches Signal angezeigt;<\/li>\n<li>Wiederholung des Alarms eines anderen Melders \u2013 durch ein moduliertes akustisches Signal;<\/li>\n<li>Fehler \u2013 durch ein kurzes akustisches Signal alle 40 Sekunden ohne Blinken der LED;<\/li>\n<li>Notwendigkeit des Batteriewechsels \u2013 durch ein kurzes akustisches Signal alle 40 Sekunden und das Aufleuchten der LED.<\/li>\n<li>Messung der Umgebungstemperatur \u2013 der Sensor misst die Temperatur und \u00fcbertr\u00e4gt sie in den Lesebereich.<\/li>\n<\/ul>\n<p>Durch Dr\u00fccken der Testtaste werden optische und akustische Signale wie bei einem Feueralarm ausgel\u00f6st. Bei Verschmutzung der Messkammer des Melders, die durch langj\u00e4hrigen Betrieb unter ung\u00fcnstigen Bedingungen entstehen kann, kann die Kammer einfach gereinigt oder durch eine neue ersetzt werden.<\/p>\n<p>*Bei Gro\u00dfbestellungen wenden Sie sich bitte direkt an uns.<br \/>\n<strong>Verf\u00fcgbarkeit: 10.000 St\u00fcck, Ware auf Bestellung erh\u00e4ltlich<\/strong><\/p>\n<p>tel. +48 89 612 07 30<\/p>\n<p>email: sklep@globtree.pl<\/p>\n<\/div>","protected":false},"excerpt":{"rendered":"<p>SM-2.0-LoRa \/ wM-Bus ist ein vollst\u00e4ndig autonomer Rauchmelder f\u00fcr den Hausgebrauch, der zur Fr\u00fcherkennung von Br\u00e4nden in der Schwelphase dient, noch bevor offenes Feuer entsteht und die Temperatur ansteigt. Das Ger\u00e4t erkennt den f\u00fcr die Anfangsphase eines Brandes charakteristischen sichtbaren Rauch, wodurch eine schnelle Reaktion und die Minimierung von Sch\u00e4den erm\u00f6glicht wird. Der Melder wurde [&hellip;]<\/p>\n","protected":false},"featured_media":2905,"template":"","meta":[],"product_brand":[],"product_cat":[386],"product_tag":[],"class_list":{"0":"post-2911","1":"product","2":"type-product","3":"status-publish","4":"has-post-thumbnail","6":"product_cat-sensoren","8":"first","9":"instock","10":"featured","11":"taxable","12":"shipping-taxable","13":"purchasable","14":"product-type-simple"},"yoast_head":"<!-- This site is optimized with the Yoast SEO plugin v26.4 - https:\/\/yoast.com\/wordpress\/plugins\/seo\/ -->\n<title>GlobTree SM-2.0 LoRa\/wM-Bus Rauchmelder | Sklep GlobTree<\/title>\n<meta name=\"robots\" content=\"index, follow, max-snippet:-1, max-image-preview:large, max-video-preview:-1\" \/>\n<link rel=\"canonical\" href=\"https:\/\/sklep.globtree.pl\/de\/produkt\/globtree-sm-2-0-lora-wm-bus-rauchmelder\/\" \/>\n<meta property=\"og:locale\" content=\"de_DE\" \/>\n<meta property=\"og:type\" content=\"article\" \/>\n<meta property=\"og:title\" content=\"GlobTree SM-2.0 LoRa\/wM-Bus Rauchmelder | Sklep GlobTree\" \/>\n<meta property=\"og:description\" content=\"SM-2.0-LoRa \/ wM-Bus ist ein vollst\u00e4ndig autonomer Rauchmelder f\u00fcr den Hausgebrauch, der zur Fr\u00fcherkennung von Br\u00e4nden in der Schwelphase dient, noch bevor offenes Feuer entsteht und die Temperatur ansteigt. Das Ger\u00e4t erkennt den f\u00fcr die Anfangsphase eines Brandes charakteristischen sichtbaren Rauch, wodurch eine schnelle Reaktion und die Minimierung von Sch\u00e4den erm\u00f6glicht wird. Der Melder wurde [&hellip;]\" \/>\n<meta property=\"og:url\" content=\"https:\/\/sklep.globtree.pl\/de\/produkt\/globtree-sm-2-0-lora-wm-bus-rauchmelder\/\" \/>\n<meta property=\"og:site_name\" content=\"Sklep GlobTree\" \/>\n<meta property=\"article:publisher\" content=\"https:\/\/www.facebook.com\/netlandteam\/\" \/>\n<meta property=\"article:modified_time\" content=\"2026-02-06T12:50:30+00:00\" \/>\n<meta property=\"og:image\" content=\"https:\/\/sklep.globtree.pl\/wp-content\/uploads\/2026\/02\/Czujka.png\" \/>\n\t<meta property=\"og:image:width\" content=\"940\" \/>\n\t<meta property=\"og:image:height\" content=\"788\" \/>\n\t<meta property=\"og:image:type\" content=\"image\/png\" \/>\n<meta name=\"twitter:card\" content=\"summary_large_image\" \/>\n<meta name=\"twitter:label1\" content=\"Gesch\u00e4tzte Lesezeit\" \/>\n\t<meta name=\"twitter:data1\" content=\"3\u00a0Minuten\" \/>\n<script type=\"application\/ld+json\" class=\"yoast-schema-graph\">{\"@context\":\"https:\/\/schema.org\",\"@graph\":[{\"@type\":[\"WebPage\",\"ItemPage\"],\"@id\":\"https:\/\/sklep.globtree.pl\/de\/produkt\/globtree-sm-2-0-lora-wm-bus-rauchmelder\/\",\"url\":\"https:\/\/sklep.globtree.pl\/de\/produkt\/globtree-sm-2-0-lora-wm-bus-rauchmelder\/\",\"name\":\"GlobTree SM-2.0 LoRa\/wM-Bus Rauchmelder | Sklep GlobTree\",\"isPartOf\":{\"@id\":\"https:\/\/sklep.globtree.pl\/#website\"},\"primaryImageOfPage\":{\"@id\":\"https:\/\/sklep.globtree.pl\/de\/produkt\/globtree-sm-2-0-lora-wm-bus-rauchmelder\/#primaryimage\"},\"image\":{\"@id\":\"https:\/\/sklep.globtree.pl\/de\/produkt\/globtree-sm-2-0-lora-wm-bus-rauchmelder\/#primaryimage\"},\"thumbnailUrl\":\"https:\/\/sklep.globtree.pl\/wp-content\/uploads\/2026\/02\/Czujka.png\",\"datePublished\":\"2026-02-04T12:03:56+00:00\",\"dateModified\":\"2026-02-06T12:50:30+00:00\",\"breadcrumb\":{\"@id\":\"https:\/\/sklep.globtree.pl\/de\/produkt\/globtree-sm-2-0-lora-wm-bus-rauchmelder\/#breadcrumb\"},\"inLanguage\":\"de\",\"potentialAction\":[{\"@type\":\"ReadAction\",\"target\":[\"https:\/\/sklep.globtree.pl\/de\/produkt\/globtree-sm-2-0-lora-wm-bus-rauchmelder\/\"]}]},{\"@type\":\"ImageObject\",\"inLanguage\":\"de\",\"@id\":\"https:\/\/sklep.globtree.pl\/de\/produkt\/globtree-sm-2-0-lora-wm-bus-rauchmelder\/#primaryimage\",\"url\":\"https:\/\/sklep.globtree.pl\/wp-content\/uploads\/2026\/02\/Czujka.png\",\"contentUrl\":\"https:\/\/sklep.globtree.pl\/wp-content\/uploads\/2026\/02\/Czujka.png\",\"width\":940,\"height\":788},{\"@type\":\"BreadcrumbList\",\"@id\":\"https:\/\/sklep.globtree.pl\/de\/produkt\/globtree-sm-2-0-lora-wm-bus-rauchmelder\/#breadcrumb\",\"itemListElement\":[{\"@type\":\"ListItem\",\"position\":1,\"name\":\"Strona g\u0142\u00f3wna\",\"item\":\"https:\/\/sklep.globtree.pl\/de\/homepage\/\"},{\"@type\":\"ListItem\",\"position\":2,\"name\":\"Shop\",\"item\":\"https:\/\/sklep.globtree.pl\/de\/shop\/\"},{\"@type\":\"ListItem\",\"position\":3,\"name\":\"GlobTree SM-2.0 LoRa\/wM-Bus Rauchmelder\"}]},{\"@type\":\"WebSite\",\"@id\":\"https:\/\/sklep.globtree.pl\/#website\",\"url\":\"https:\/\/sklep.globtree.pl\/\",\"name\":\"Sklep GlobTree\",\"description\":\"Sklep internetowy z urz\u0105dzeniami telemetrii\",\"publisher\":{\"@id\":\"https:\/\/sklep.globtree.pl\/#organization\"},\"potentialAction\":[{\"@type\":\"SearchAction\",\"target\":{\"@type\":\"EntryPoint\",\"urlTemplate\":\"https:\/\/sklep.globtree.pl\/?s={search_term_string}\"},\"query-input\":{\"@type\":\"PropertyValueSpecification\",\"valueRequired\":true,\"valueName\":\"search_term_string\"}}],\"inLanguage\":\"de\"},{\"@type\":\"Organization\",\"@id\":\"https:\/\/sklep.globtree.pl\/#organization\",\"name\":\"Sklep GlobTree\",\"url\":\"https:\/\/sklep.globtree.pl\/\",\"logo\":{\"@type\":\"ImageObject\",\"inLanguage\":\"de\",\"@id\":\"https:\/\/sklep.globtree.pl\/#\/schema\/logo\/image\/\",\"url\":\"https:\/\/sklep.globtree.pl\/wp-content\/uploads\/2023\/09\/cropped-GlobTree_logo-1.png\",\"contentUrl\":\"https:\/\/sklep.globtree.pl\/wp-content\/uploads\/2023\/09\/cropped-GlobTree_logo-1.png\",\"width\":400,\"height\":80,\"caption\":\"Sklep GlobTree\"},\"image\":{\"@id\":\"https:\/\/sklep.globtree.pl\/#\/schema\/logo\/image\/\"},\"sameAs\":[\"https:\/\/www.facebook.com\/netlandteam\/\",\"https:\/\/pl.linkedin.com\/company\/globtree-sp-z-o-o\"]}]}<\/script>\n<!-- \/ Yoast SEO plugin. -->","yoast_head_json":{"title":"GlobTree SM-2.0 LoRa\/wM-Bus Rauchmelder | Sklep GlobTree","robots":{"index":"index","follow":"follow","max-snippet":"max-snippet:-1","max-image-preview":"max-image-preview:large","max-video-preview":"max-video-preview:-1"},"canonical":"https:\/\/sklep.globtree.pl\/de\/produkt\/globtree-sm-2-0-lora-wm-bus-rauchmelder\/","og_locale":"de_DE","og_type":"article","og_title":"GlobTree SM-2.0 LoRa\/wM-Bus Rauchmelder | Sklep GlobTree","og_description":"SM-2.0-LoRa \/ wM-Bus ist ein vollst\u00e4ndig autonomer Rauchmelder f\u00fcr den Hausgebrauch, der zur Fr\u00fcherkennung von Br\u00e4nden in der Schwelphase dient, noch bevor offenes Feuer entsteht und die Temperatur ansteigt. Das Ger\u00e4t erkennt den f\u00fcr die Anfangsphase eines Brandes charakteristischen sichtbaren Rauch, wodurch eine schnelle Reaktion und die Minimierung von Sch\u00e4den erm\u00f6glicht wird. Der Melder wurde [&hellip;]","og_url":"https:\/\/sklep.globtree.pl\/de\/produkt\/globtree-sm-2-0-lora-wm-bus-rauchmelder\/","og_site_name":"Sklep GlobTree","article_publisher":"https:\/\/www.facebook.com\/netlandteam\/","article_modified_time":"2026-02-06T12:50:30+00:00","og_image":[{"width":940,"height":788,"url":"https:\/\/sklep.globtree.pl\/wp-content\/uploads\/2026\/02\/Czujka.png","type":"image\/png"}],"twitter_card":"summary_large_image","twitter_misc":{"Gesch\u00e4tzte Lesezeit":"3\u00a0Minuten"},"schema":{"@context":"https:\/\/schema.org","@graph":[{"@type":["WebPage","ItemPage"],"@id":"https:\/\/sklep.globtree.pl\/de\/produkt\/globtree-sm-2-0-lora-wm-bus-rauchmelder\/","url":"https:\/\/sklep.globtree.pl\/de\/produkt\/globtree-sm-2-0-lora-wm-bus-rauchmelder\/","name":"GlobTree SM-2.0 LoRa\/wM-Bus Rauchmelder | Sklep GlobTree","isPartOf":{"@id":"https:\/\/sklep.globtree.pl\/#website"},"primaryImageOfPage":{"@id":"https:\/\/sklep.globtree.pl\/de\/produkt\/globtree-sm-2-0-lora-wm-bus-rauchmelder\/#primaryimage"},"image":{"@id":"https:\/\/sklep.globtree.pl\/de\/produkt\/globtree-sm-2-0-lora-wm-bus-rauchmelder\/#primaryimage"},"thumbnailUrl":"https:\/\/sklep.globtree.pl\/wp-content\/uploads\/2026\/02\/Czujka.png","datePublished":"2026-02-04T12:03:56+00:00","dateModified":"2026-02-06T12:50:30+00:00","breadcrumb":{"@id":"https:\/\/sklep.globtree.pl\/de\/produkt\/globtree-sm-2-0-lora-wm-bus-rauchmelder\/#breadcrumb"},"inLanguage":"de","potentialAction":[{"@type":"ReadAction","target":["https:\/\/sklep.globtree.pl\/de\/produkt\/globtree-sm-2-0-lora-wm-bus-rauchmelder\/"]}]},{"@type":"ImageObject","inLanguage":"de","@id":"https:\/\/sklep.globtree.pl\/de\/produkt\/globtree-sm-2-0-lora-wm-bus-rauchmelder\/#primaryimage","url":"https:\/\/sklep.globtree.pl\/wp-content\/uploads\/2026\/02\/Czujka.png","contentUrl":"https:\/\/sklep.globtree.pl\/wp-content\/uploads\/2026\/02\/Czujka.png","width":940,"height":788},{"@type":"BreadcrumbList","@id":"https:\/\/sklep.globtree.pl\/de\/produkt\/globtree-sm-2-0-lora-wm-bus-rauchmelder\/#breadcrumb","itemListElement":[{"@type":"ListItem","position":1,"name":"Strona g\u0142\u00f3wna","item":"https:\/\/sklep.globtree.pl\/de\/homepage\/"},{"@type":"ListItem","position":2,"name":"Shop","item":"https:\/\/sklep.globtree.pl\/de\/shop\/"},{"@type":"ListItem","position":3,"name":"GlobTree SM-2.0 LoRa\/wM-Bus Rauchmelder"}]},{"@type":"WebSite","@id":"https:\/\/sklep.globtree.pl\/#website","url":"https:\/\/sklep.globtree.pl\/","name":"Sklep GlobTree","description":"Sklep internetowy z urz\u0105dzeniami telemetrii","publisher":{"@id":"https:\/\/sklep.globtree.pl\/#organization"},"potentialAction":[{"@type":"SearchAction","target":{"@type":"EntryPoint","urlTemplate":"https:\/\/sklep.globtree.pl\/?s={search_term_string}"},"query-input":{"@type":"PropertyValueSpecification","valueRequired":true,"valueName":"search_term_string"}}],"inLanguage":"de"},{"@type":"Organization","@id":"https:\/\/sklep.globtree.pl\/#organization","name":"Sklep GlobTree","url":"https:\/\/sklep.globtree.pl\/","logo":{"@type":"ImageObject","inLanguage":"de","@id":"https:\/\/sklep.globtree.pl\/#\/schema\/logo\/image\/","url":"https:\/\/sklep.globtree.pl\/wp-content\/uploads\/2023\/09\/cropped-GlobTree_logo-1.png","contentUrl":"https:\/\/sklep.globtree.pl\/wp-content\/uploads\/2023\/09\/cropped-GlobTree_logo-1.png","width":400,"height":80,"caption":"Sklep GlobTree"},"image":{"@id":"https:\/\/sklep.globtree.pl\/#\/schema\/logo\/image\/"},"sameAs":["https:\/\/www.facebook.com\/netlandteam\/","https:\/\/pl.linkedin.com\/company\/globtree-sp-z-o-o"]}]}},"_links":{"self":[{"href":"https:\/\/sklep.globtree.pl\/de\/wp-json\/wp\/v2\/product\/2911","targetHints":{"allow":["GET"]}}],"collection":[{"href":"https:\/\/sklep.globtree.pl\/de\/wp-json\/wp\/v2\/product"}],"about":[{"href":"https:\/\/sklep.globtree.pl\/de\/wp-json\/wp\/v2\/types\/product"}],"wp:featuredmedia":[{"embeddable":true,"href":"https:\/\/sklep.globtree.pl\/de\/wp-json\/wp\/v2\/media\/2905"}],"wp:attachment":[{"href":"https:\/\/sklep.globtree.pl\/de\/wp-json\/wp\/v2\/media?parent=2911"}],"wp:term":[{"taxonomy":"product_brand","embeddable":true,"href":"https:\/\/sklep.globtree.pl\/de\/wp-json\/wp\/v2\/product_brand?post=2911"},{"taxonomy":"product_cat","embeddable":true,"href":"https:\/\/sklep.globtree.pl\/de\/wp-json\/wp\/v2\/product_cat?post=2911"},{"taxonomy":"product_tag","embeddable":true,"href":"https:\/\/sklep.globtree.pl\/de\/wp-json\/wp\/v2\/product_tag?post=2911"}],"curies":[{"name":"wp","href":"https:\/\/api.w.org\/{rel}","templated":true}]}}