


{"id":392,"date":"2023-10-10T14:23:52","date_gmt":"2023-10-10T12:23:52","guid":{"rendered":"https:\/\/netlandsklep.artneo.pl\/produkt\/ultraheat-t450\/"},"modified":"2024-08-13T10:38:59","modified_gmt":"2024-08-13T08:38:59","slug":"ultraheat-t450","status":"publish","type":"product","link":"https:\/\/sklep.globtree.pl\/de\/produkt\/ultraheat-t450\/","title":{"rendered":"ULTRAHEAT T450"},"content":{"rendered":"<div class=\"nolwrap\"><p>Universal-Ultraschallz\u00e4hler f\u00fcr W\u00e4rme, K\u00e4lte oder Kombi (W\u00e4rme und K\u00e4lte). Mit seiner Pr\u00e4zision, Zuverl\u00e4ssigkeit und Flexibilit\u00e4t erf\u00fcllt er perfekt die Anforderungen sowohl der Haustechnik als auch der Fernw\u00e4rmenetze. All dies wird zu einem optimalen Preis-Leistungs-Verh\u00e4ltnis realisiert.<\/p>\n<p><strong>Wesentliche Merkmale:<\/strong><\/p>\n<ul>\n<li>Metall-Durchflussmesswandler mit patentiertem<\/li>\n<li>DuraSurface\u2122 Oberfl\u00e4che<\/li>\n<li>Steckplatz f\u00fcr 1 Kommunikationsmodul<\/li>\n<li>5 Ver\u00e4nderungen der wichtigsten Leistungsparameter<\/li>\n<li>Datenlogger mit Speicher f\u00fcr 1872 Eintr\u00e4ge<\/li>\n<li>Intelligenter, adaptiver Integrationsmodus<\/li>\n<li>Batteriebetrieben 20 Jahre<\/li>\n<li>Mbus-Stromversorgung verdrahtet<\/li>\n<\/ul>\n<p>&nbsp;<\/p>\n<p><strong>Technische Daten:<\/strong><\/p>\n<p><strong>Allgemeines:<\/strong><\/p>\n<p>Messgenauigkeit: Klasse 2 oder 3 (EN 1434)<br \/>\nUmweltklasse: A (EN 1434)<br \/>\nMechanische Klasse: M2 (2014\/32\/EU)<br \/>\nElektromagnetische Klasse: E1 (2014\/32\/EU)<br \/>\nLuftfeuchtigkeit: &lt; 93% relativ bei 25\u00b0C, nicht kondensierend<br \/>\nMax. H\u00f6he: 2000 m \u00fcber dem Meeresspiegel.<br \/>\nTemp. Lagerung: -20 &#8230; 60 \u00b0C<\/p>\n<p><strong>Umstellung der Indikatoren:<\/strong><\/p>\n<p>Umgebungstemperatur: 5 &#8230; 55 \u00b0C<br \/>\nSchutzart: IP 54 \/ optional IP68 (EN 60529)<br \/>\nStromversorgung: 1 bis 4 Batterien des Typs AA \/ Lebensdauer 6 bis 20 Jahre<br \/>\nEmpfindlichkeitsschwelle der Messung \u0394T: &lt; 0,2 K<br \/>\nTemperaturunterschied \u0394T: 3 K &#8230; 120 K<br \/>\nTemperatur-Messbereich: 0 &#8230; 180 \u00b0C<br \/>\nLCD-Anzeige: 8 Ziffern<br \/>\nOptische Schnittstelle: Konform mit EN 62056-21<br \/>\nKommunikation: Optional: M-Bus, wM-Bus, LoRa, andere<br \/>\nSignalkabel: Fest, L\u00e4nge 1,5 m bis 5 m<br \/>\nAdaptives Messintervall:<br \/>\nNormal: \u03c4Q= 2sec. \/ \u03c4\u0394T=32 sec.<br \/>\nSchnell: \u03c4Q= 2sec. \/ \u03c4\u0394T=4 sec.<\/p>\n<p><strong>Stromversorgung:<\/strong><\/p>\n<p>Batteriebetriebener: Typ AA, Lithium-Ionen<br \/>\nGeringer Lithiumgehalt: 0,65 g pro Batterie<br \/>\nAnzahl der Batterien: 1 bis 4, je nach Konfiguration<\/p>\n<p><strong>Temperatursensoren:<\/strong><\/p>\n<p>Typ: Pt 500 oder Pt 100 (EN 60751)<br \/>\nAnschlussart: 2-Draht<br \/>\nL\u00e4nge des Sensorkabels: Max. 10 m wie genehmigt<br \/>\nSensoraufbau, Temperaturbereich:<br \/>\nTyp PS \u00d8 5,2 x 45 mm, 1,5 m, 150 \u00b0C<br \/>\nTyp PS \u00d8 5,2 x 45 mm, 5,0 m, 150 \u00b0C<\/p>\n<p><strong>Durchfluss-Messwertgeber:<\/strong><\/p>\n<p>Schutzart: IP 54 \/ IP65 \/ optional IP 68 (EN 60529)<br \/>\nMontageart: R\u00fccklauf oder Vorlauf (5x schaltbar)<br \/>\nEinbaurichtung: frei<br \/>\nGerade Abschnitte: nicht erforderlich<br \/>\nMessdynamik: 1:100 (nach MID)<br \/>\nMID-Temperaturbereich: 5 &#8230; 130 \u00b0C<br \/>\nW\u00e4rmemessung: 10 &#8230; 130 \u00b0C<br \/>\nKaltmessung: 5 &#8230; 50 \u00b0C<br \/>\nMaximale \u00dcberlast: 2,8 x qp<br \/>\nNenndruck: PN16 (PS16), PN25 (PS25)<br \/>\nMessintervall: 2 Sekunden, unabh\u00e4ngig von der Betriebsart<\/p>\n<p><strong>Stromversorgung &#8211; Anzahl der verwendeten Batterien:<\/strong><\/p>\n<p>Batterielebensdauer: 6 Jahre 11 Jahre 16 Jahre 20 Jahre<br \/>\nZ\u00e4hler ohne Kommunikation: 1xAA 2xAA 3xAA 4xAA<br \/>\nFunkmodul 868MHz: 2xAA 3xAA 4xAA<\/p>\n<p>*Bei Gro\u00dfeink\u00e4ufen bitten wir Sie, die Preise direkt bei uns zu erfragen.<\/p>\n<p>\ud83d\udcde+48 89 612 07 30<\/p>\n<p>\ud83d\udce7 sklep@globtree.pl<\/p>\n<\/div>","protected":false},"excerpt":{"rendered":"<p>Universal-Ultraschallz\u00e4hler f\u00fcr W\u00e4rme, K\u00e4lte oder Kombi (W\u00e4rme und K\u00e4lte). Mit seiner Pr\u00e4zision, Zuverl\u00e4ssigkeit und Flexibilit\u00e4t erf\u00fcllt er perfekt die Anforderungen sowohl der Haustechnik als auch der Fernw\u00e4rmenetze. All dies wird zu einem optimalen Preis-Leistungs-Verh\u00e4ltnis realisiert. Wesentliche Merkmale: Metall-Durchflussmesswandler mit patentiertem DuraSurface\u2122 Oberfl\u00e4che Steckplatz f\u00fcr 1 Kommunikationsmodul 5 Ver\u00e4nderungen der wichtigsten Leistungsparameter Datenlogger mit Speicher f\u00fcr [&hellip;]<\/p>\n","protected":false},"featured_media":524,"template":"","meta":[],"product_brand":[],"product_cat":[89],"product_tag":[356,333,294,295,296],"class_list":{"0":"post-392","1":"product","2":"type-product","3":"status-publish","4":"has-post-thumbnail","6":"product_cat-warmezahler","7":"product_tag-landisgyr-t450-de","8":"product_tag-ultraheat-t450-de","9":"product_tag-warmezahler","10":"product_tag-warmezahler-de","11":"product_tag-warmezahler-de-2","13":"first","14":"outofstock","15":"taxable","16":"shipping-taxable","17":"purchasable","18":"product-type-variable"},"yoast_head":"<!-- This site is optimized with the Yoast SEO plugin v26.4 - https:\/\/yoast.com\/wordpress\/plugins\/seo\/ -->\n<title>ULTRAHEAT T450 | Sklep GlobTree<\/title>\n<meta name=\"robots\" content=\"index, follow, max-snippet:-1, max-image-preview:large, max-video-preview:-1\" \/>\n<link rel=\"canonical\" href=\"https:\/\/sklep.globtree.pl\/de\/produkt\/ultraheat-t450\/\" \/>\n<meta property=\"og:locale\" content=\"de_DE\" \/>\n<meta property=\"og:type\" content=\"article\" \/>\n<meta property=\"og:title\" content=\"ULTRAHEAT T450 | Sklep GlobTree\" \/>\n<meta property=\"og:description\" content=\"Universal-Ultraschallz\u00e4hler f\u00fcr W\u00e4rme, K\u00e4lte oder Kombi (W\u00e4rme und K\u00e4lte). Mit seiner Pr\u00e4zision, Zuverl\u00e4ssigkeit und Flexibilit\u00e4t erf\u00fcllt er perfekt die Anforderungen sowohl der Haustechnik als auch der Fernw\u00e4rmenetze. All dies wird zu einem optimalen Preis-Leistungs-Verh\u00e4ltnis realisiert. Wesentliche Merkmale: Metall-Durchflussmesswandler mit patentiertem DuraSurface\u2122 Oberfl\u00e4che Steckplatz f\u00fcr 1 Kommunikationsmodul 5 Ver\u00e4nderungen der wichtigsten Leistungsparameter Datenlogger mit Speicher f\u00fcr [&hellip;]\" \/>\n<meta property=\"og:url\" content=\"https:\/\/sklep.globtree.pl\/de\/produkt\/ultraheat-t450\/\" \/>\n<meta property=\"og:site_name\" content=\"Sklep GlobTree\" \/>\n<meta property=\"article:publisher\" content=\"https:\/\/www.facebook.com\/netlandteam\/\" \/>\n<meta property=\"article:modified_time\" content=\"2024-08-13T08:38:59+00:00\" \/>\n<meta property=\"og:image\" content=\"https:\/\/sklep.globtree.pl\/wp-content\/uploads\/2023\/10\/450-1.webp\" \/>\n\t<meta property=\"og:image:width\" content=\"712\" \/>\n\t<meta property=\"og:image:height\" content=\"712\" \/>\n\t<meta property=\"og:image:type\" content=\"image\/webp\" \/>\n<meta name=\"twitter:card\" content=\"summary_large_image\" \/>\n<meta name=\"twitter:label1\" content=\"Gesch\u00e4tzte Lesezeit\" \/>\n\t<meta name=\"twitter:data1\" content=\"3\u00a0Minuten\" \/>\n<script type=\"application\/ld+json\" class=\"yoast-schema-graph\">{\"@context\":\"https:\/\/schema.org\",\"@graph\":[{\"@type\":[\"WebPage\",\"ItemPage\"],\"@id\":\"https:\/\/sklep.globtree.pl\/de\/produkt\/ultraheat-t450\/\",\"url\":\"https:\/\/sklep.globtree.pl\/de\/produkt\/ultraheat-t450\/\",\"name\":\"ULTRAHEAT T450 | Sklep GlobTree\",\"isPartOf\":{\"@id\":\"https:\/\/sklep.globtree.pl\/#website\"},\"primaryImageOfPage\":{\"@id\":\"https:\/\/sklep.globtree.pl\/de\/produkt\/ultraheat-t450\/#primaryimage\"},\"image\":{\"@id\":\"https:\/\/sklep.globtree.pl\/de\/produkt\/ultraheat-t450\/#primaryimage\"},\"thumbnailUrl\":\"https:\/\/sklep.globtree.pl\/wp-content\/uploads\/2023\/10\/450-1.webp\",\"datePublished\":\"2023-10-10T12:23:52+00:00\",\"dateModified\":\"2024-08-13T08:38:59+00:00\",\"breadcrumb\":{\"@id\":\"https:\/\/sklep.globtree.pl\/de\/produkt\/ultraheat-t450\/#breadcrumb\"},\"inLanguage\":\"de\",\"potentialAction\":[{\"@type\":\"ReadAction\",\"target\":[\"https:\/\/sklep.globtree.pl\/de\/produkt\/ultraheat-t450\/\"]}]},{\"@type\":\"ImageObject\",\"inLanguage\":\"de\",\"@id\":\"https:\/\/sklep.globtree.pl\/de\/produkt\/ultraheat-t450\/#primaryimage\",\"url\":\"https:\/\/sklep.globtree.pl\/wp-content\/uploads\/2023\/10\/450-1.webp\",\"contentUrl\":\"https:\/\/sklep.globtree.pl\/wp-content\/uploads\/2023\/10\/450-1.webp\",\"width\":712,\"height\":712,\"caption\":\"Ciep\u0142omierz ultrad\u017awi\u0119kowy T450\"},{\"@type\":\"BreadcrumbList\",\"@id\":\"https:\/\/sklep.globtree.pl\/de\/produkt\/ultraheat-t450\/#breadcrumb\",\"itemListElement\":[{\"@type\":\"ListItem\",\"position\":1,\"name\":\"Strona g\u0142\u00f3wna\",\"item\":\"https:\/\/sklep.globtree.pl\/de\/homepage\/\"},{\"@type\":\"ListItem\",\"position\":2,\"name\":\"Shop\",\"item\":\"https:\/\/sklep.globtree.pl\/de\/shop\/\"},{\"@type\":\"ListItem\",\"position\":3,\"name\":\"ULTRAHEAT T450\"}]},{\"@type\":\"WebSite\",\"@id\":\"https:\/\/sklep.globtree.pl\/#website\",\"url\":\"https:\/\/sklep.globtree.pl\/\",\"name\":\"Sklep GlobTree\",\"description\":\"Sklep internetowy z urz\u0105dzeniami telemetrii\",\"publisher\":{\"@id\":\"https:\/\/sklep.globtree.pl\/#organization\"},\"potentialAction\":[{\"@type\":\"SearchAction\",\"target\":{\"@type\":\"EntryPoint\",\"urlTemplate\":\"https:\/\/sklep.globtree.pl\/?s={search_term_string}\"},\"query-input\":{\"@type\":\"PropertyValueSpecification\",\"valueRequired\":true,\"valueName\":\"search_term_string\"}}],\"inLanguage\":\"de\"},{\"@type\":\"Organization\",\"@id\":\"https:\/\/sklep.globtree.pl\/#organization\",\"name\":\"Sklep GlobTree\",\"url\":\"https:\/\/sklep.globtree.pl\/\",\"logo\":{\"@type\":\"ImageObject\",\"inLanguage\":\"de\",\"@id\":\"https:\/\/sklep.globtree.pl\/#\/schema\/logo\/image\/\",\"url\":\"https:\/\/sklep.globtree.pl\/wp-content\/uploads\/2023\/09\/cropped-GlobTree_logo-1.png\",\"contentUrl\":\"https:\/\/sklep.globtree.pl\/wp-content\/uploads\/2023\/09\/cropped-GlobTree_logo-1.png\",\"width\":400,\"height\":80,\"caption\":\"Sklep GlobTree\"},\"image\":{\"@id\":\"https:\/\/sklep.globtree.pl\/#\/schema\/logo\/image\/\"},\"sameAs\":[\"https:\/\/www.facebook.com\/netlandteam\/\",\"https:\/\/pl.linkedin.com\/company\/globtree-sp-z-o-o\"]}]}<\/script>\n<!-- \/ Yoast SEO plugin. -->","yoast_head_json":{"title":"ULTRAHEAT T450 | Sklep GlobTree","robots":{"index":"index","follow":"follow","max-snippet":"max-snippet:-1","max-image-preview":"max-image-preview:large","max-video-preview":"max-video-preview:-1"},"canonical":"https:\/\/sklep.globtree.pl\/de\/produkt\/ultraheat-t450\/","og_locale":"de_DE","og_type":"article","og_title":"ULTRAHEAT T450 | Sklep GlobTree","og_description":"Universal-Ultraschallz\u00e4hler f\u00fcr W\u00e4rme, K\u00e4lte oder Kombi (W\u00e4rme und K\u00e4lte). Mit seiner Pr\u00e4zision, Zuverl\u00e4ssigkeit und Flexibilit\u00e4t erf\u00fcllt er perfekt die Anforderungen sowohl der Haustechnik als auch der Fernw\u00e4rmenetze. All dies wird zu einem optimalen Preis-Leistungs-Verh\u00e4ltnis realisiert. Wesentliche Merkmale: Metall-Durchflussmesswandler mit patentiertem DuraSurface\u2122 Oberfl\u00e4che Steckplatz f\u00fcr 1 Kommunikationsmodul 5 Ver\u00e4nderungen der wichtigsten Leistungsparameter Datenlogger mit Speicher f\u00fcr [&hellip;]","og_url":"https:\/\/sklep.globtree.pl\/de\/produkt\/ultraheat-t450\/","og_site_name":"Sklep GlobTree","article_publisher":"https:\/\/www.facebook.com\/netlandteam\/","article_modified_time":"2024-08-13T08:38:59+00:00","og_image":[{"width":712,"height":712,"url":"https:\/\/sklep.globtree.pl\/wp-content\/uploads\/2023\/10\/450-1.webp","type":"image\/webp"}],"twitter_card":"summary_large_image","twitter_misc":{"Gesch\u00e4tzte Lesezeit":"3\u00a0Minuten"},"schema":{"@context":"https:\/\/schema.org","@graph":[{"@type":["WebPage","ItemPage"],"@id":"https:\/\/sklep.globtree.pl\/de\/produkt\/ultraheat-t450\/","url":"https:\/\/sklep.globtree.pl\/de\/produkt\/ultraheat-t450\/","name":"ULTRAHEAT T450 | Sklep GlobTree","isPartOf":{"@id":"https:\/\/sklep.globtree.pl\/#website"},"primaryImageOfPage":{"@id":"https:\/\/sklep.globtree.pl\/de\/produkt\/ultraheat-t450\/#primaryimage"},"image":{"@id":"https:\/\/sklep.globtree.pl\/de\/produkt\/ultraheat-t450\/#primaryimage"},"thumbnailUrl":"https:\/\/sklep.globtree.pl\/wp-content\/uploads\/2023\/10\/450-1.webp","datePublished":"2023-10-10T12:23:52+00:00","dateModified":"2024-08-13T08:38:59+00:00","breadcrumb":{"@id":"https:\/\/sklep.globtree.pl\/de\/produkt\/ultraheat-t450\/#breadcrumb"},"inLanguage":"de","potentialAction":[{"@type":"ReadAction","target":["https:\/\/sklep.globtree.pl\/de\/produkt\/ultraheat-t450\/"]}]},{"@type":"ImageObject","inLanguage":"de","@id":"https:\/\/sklep.globtree.pl\/de\/produkt\/ultraheat-t450\/#primaryimage","url":"https:\/\/sklep.globtree.pl\/wp-content\/uploads\/2023\/10\/450-1.webp","contentUrl":"https:\/\/sklep.globtree.pl\/wp-content\/uploads\/2023\/10\/450-1.webp","width":712,"height":712,"caption":"Ciep\u0142omierz ultrad\u017awi\u0119kowy T450"},{"@type":"BreadcrumbList","@id":"https:\/\/sklep.globtree.pl\/de\/produkt\/ultraheat-t450\/#breadcrumb","itemListElement":[{"@type":"ListItem","position":1,"name":"Strona g\u0142\u00f3wna","item":"https:\/\/sklep.globtree.pl\/de\/homepage\/"},{"@type":"ListItem","position":2,"name":"Shop","item":"https:\/\/sklep.globtree.pl\/de\/shop\/"},{"@type":"ListItem","position":3,"name":"ULTRAHEAT T450"}]},{"@type":"WebSite","@id":"https:\/\/sklep.globtree.pl\/#website","url":"https:\/\/sklep.globtree.pl\/","name":"Sklep GlobTree","description":"Sklep internetowy z urz\u0105dzeniami telemetrii","publisher":{"@id":"https:\/\/sklep.globtree.pl\/#organization"},"potentialAction":[{"@type":"SearchAction","target":{"@type":"EntryPoint","urlTemplate":"https:\/\/sklep.globtree.pl\/?s={search_term_string}"},"query-input":{"@type":"PropertyValueSpecification","valueRequired":true,"valueName":"search_term_string"}}],"inLanguage":"de"},{"@type":"Organization","@id":"https:\/\/sklep.globtree.pl\/#organization","name":"Sklep GlobTree","url":"https:\/\/sklep.globtree.pl\/","logo":{"@type":"ImageObject","inLanguage":"de","@id":"https:\/\/sklep.globtree.pl\/#\/schema\/logo\/image\/","url":"https:\/\/sklep.globtree.pl\/wp-content\/uploads\/2023\/09\/cropped-GlobTree_logo-1.png","contentUrl":"https:\/\/sklep.globtree.pl\/wp-content\/uploads\/2023\/09\/cropped-GlobTree_logo-1.png","width":400,"height":80,"caption":"Sklep GlobTree"},"image":{"@id":"https:\/\/sklep.globtree.pl\/#\/schema\/logo\/image\/"},"sameAs":["https:\/\/www.facebook.com\/netlandteam\/","https:\/\/pl.linkedin.com\/company\/globtree-sp-z-o-o"]}]}},"_links":{"self":[{"href":"https:\/\/sklep.globtree.pl\/de\/wp-json\/wp\/v2\/product\/392","targetHints":{"allow":["GET"]}}],"collection":[{"href":"https:\/\/sklep.globtree.pl\/de\/wp-json\/wp\/v2\/product"}],"about":[{"href":"https:\/\/sklep.globtree.pl\/de\/wp-json\/wp\/v2\/types\/product"}],"wp:featuredmedia":[{"embeddable":true,"href":"https:\/\/sklep.globtree.pl\/de\/wp-json\/wp\/v2\/media\/524"}],"wp:attachment":[{"href":"https:\/\/sklep.globtree.pl\/de\/wp-json\/wp\/v2\/media?parent=392"}],"wp:term":[{"taxonomy":"product_brand","embeddable":true,"href":"https:\/\/sklep.globtree.pl\/de\/wp-json\/wp\/v2\/product_brand?post=392"},{"taxonomy":"product_cat","embeddable":true,"href":"https:\/\/sklep.globtree.pl\/de\/wp-json\/wp\/v2\/product_cat?post=392"},{"taxonomy":"product_tag","embeddable":true,"href":"https:\/\/sklep.globtree.pl\/de\/wp-json\/wp\/v2\/product_tag?post=392"}],"curies":[{"name":"wp","href":"https:\/\/api.w.org\/{rel}","templated":true}]}}