


{"id":406,"date":"2023-10-10T14:21:03","date_gmt":"2023-10-10T12:21:03","guid":{"rendered":"https:\/\/netlandsklep.artneo.pl\/produkt\/ultraheat-t330\/"},"modified":"2024-08-13T10:34:15","modified_gmt":"2024-08-13T08:34:15","slug":"ultraheis-t330","status":"publish","type":"product","link":"https:\/\/sklep.globtree.pl\/de\/produkt\/ultraheis-t330\/","title":{"rendered":"ULTRAHEAT T330"},"content":{"rendered":"<div class=\"nolwrap\"><p>Der kompakte Ultraschall-W\u00e4rmez\u00e4hler T330 ist f\u00fcr die Messung des W\u00e4rmestroms und des W\u00e4rmeverbrauchs in Heizungsanlagen in Wohngeb\u00e4uden konzipiert, in denen das Medium Wasser ist. Er ist auch als Kaltz\u00e4hler erh\u00e4ltlich. Der W\u00e4rmez\u00e4hler T330 misst den Durchfluss nach dem Ultraschallverfahren, das sich durch eine hohe Messgenauigkeit auszeichnet. Das Ger\u00e4t besteht aus einem Durchflusswandler, zwei Temperatursensoren und einem elektronischen System, das den Energieverbrauch aus dem Volumen des Mediums und der Temperaturdifferenz berechnet. Der Durchflussmessumformer ist vollst\u00e4ndig aus Metall gefertigt.<\/p>\n<p><strong>Hauptmerkmale<\/strong><\/p>\n<ul>\n<li>Ultraschallmessung &#8211; genau und stabil<\/li>\n<li>Keine beweglichen, verschlei\u00dfenden Teile<\/li>\n<li>Gro\u00dfes, leicht ablesbares Display<\/li>\n<li>Speicher f\u00fcr Werte der letzten 24 Monate<\/li>\n<li>Intelligenter, adaptiver Messmodus<\/li>\n<li>Freie Installation, keine geraden Abschnitte<\/li>\n<li>Metall-Durchflussmesswandler mit patentiertem<\/li>\n<li>DuraSurface\u2122 Oberfl\u00e4che<\/li>\n<li>Batteriestromversorgung 11 Jahre auch mit Kommunikation<\/li>\n<li>Umschaltbare Montagerichtung R\u00fccklauf &lt;&gt; Versorgung<\/li>\n<\/ul>\n<p>&nbsp;<\/p>\n<p><strong>Technische Daten:<\/strong><\/p>\n<p><strong>Allgemeines:<\/strong><\/p>\n<p>Messgenauigkeit: Klasse 2 oder 3 (EN 1434)<br \/>\nUmweltklasse: A (EN 1434) f\u00fcr die Verwendung in Innenr\u00e4umen.<br \/>\nMechanische Klasse: M1 \/ M2 *)<br \/>\nElektromagnetische Klasse: E1 *)<br \/>\nLuftfeuchtigkeit der Umgebung:<br \/>\n&lt; 93 % relativ, bei 25 \u00b0C, nicht kondensierend<br \/>\nMax. H\u00f6henlage&#8220; 2000 m \u00fcber dem Meeresspiegel.<br \/>\n*) gem\u00e4\u00df 2014\/32\/EG MID<\/p>\n<p><strong>Indikator-Konverter:<\/strong><\/p>\n<p>Umgebungstemperatur: 5 &#8230; 55 \u00b0C<br \/>\nSchutzart:IP 54 nach EN 60529<br \/>\nBatteriebetrieben: Lebensdauer 6, 11 oder 12 Jahre<br \/>\nEmpfindlichkeitsschwelle der Messung \u0394T: 0,2 K<br \/>\nTemperaturunterschied \u0394T: 3 K &#8230; 80 K; 3 K &#8230; 120 K<br \/>\nTemperatur-Messbereich: 0 &#8230; 180 \u00b0C<br \/>\nLCD-Anzeige: 7-stellige<br \/>\nOptische Schnittstelle: Konform mit EN 62056-21<br \/>\nKommunikation: nach Wahl: Mbus, wM-Bus, Lora<br \/>\nSignalkabel: Fest, Kabell\u00e4nge 1,5 m<br \/>\nMessintervall \u0394T: von 4 bis 60 Sekunden (adaptiver Modus)<\/p>\n<p><strong>Temperatursensor:<\/strong><\/p>\n<p>Anschlussart: Pt 500, 2-Leiter, permanent<br \/>\nSensorkabell\u00e4nge: 1,5 m, 3 m (PS-Typ optional 5 m)<br \/>\nKonstruktion des Sensors, Temperaturbereich:<br \/>\nTyp PS \u00d8 5,2 x 45 mm, 1,5 m, 105 \u00b0C;<br \/>\nTyp PS \u00d8 5,2 x 45 mm, 5,0 m, 105 \u00b0C;<br \/>\nTyp PS \u00d8 5,2 x 45 mm, 3,0 m, 130 \u00b0C;<br \/>\nTyp DS, M10 x 27,5 mm, 1,5 m, 130 \u00b0C<\/p>\n<p><strong>Durchfluss-Messwertgeber:<\/strong><\/p>\n<p>Schutzart: IP54 nach EN 60529, wahlweise IP65 \/ IP68<br \/>\nInstallation: R\u00fccklauf oder Vorlauf, schaltbar 1x<br \/>\nEinbaurichtung: Beliebig<br \/>\nGerade Abschnitte: Nicht erforderlich<br \/>\nDynamik der Messung: 1:100<br \/>\nTemperaturbereich: 5 &#8230; 105\/130 \u00b0C<br \/>\nMaximale \u00dcberlast: qs = 2 x qp, konstant<\/p>\n<p><strong>Nenndruck:<br \/>\n<\/strong>PN16 (1,6 MPa; PS16)<br \/>\nPN25 (2,5 MPa; PS25)<\/p>\n<p><strong>Stromversorgung:<\/strong><\/p>\n<p>Batteriebetriebener: Typ AA, Lithium-Ionen<br \/>\nLithiumgehalt: 0,65 g pro Batterie<br \/>\nAnzahl der Batterien: 1 &#8211; 3, je nach Konfiguration<\/p>\n<p>*Bei Gro\u00dfeink\u00e4ufen bitten wir Sie, die Preise direkt bei uns zu erfragen.<\/p>\n<p>\ud83d\udcde+48 89 612 07 30<\/p>\n<p>\ud83d\udce7 sklep@globtree.pl<\/p>\n<\/div>","protected":false},"excerpt":{"rendered":"<p>Der kompakte Ultraschall-W\u00e4rmez\u00e4hler T330 ist f\u00fcr die Messung des W\u00e4rmestroms und des W\u00e4rmeverbrauchs in Heizungsanlagen in Wohngeb\u00e4uden konzipiert, in denen das Medium Wasser ist. Er ist auch als Kaltz\u00e4hler erh\u00e4ltlich. Der W\u00e4rmez\u00e4hler T330 misst den Durchfluss nach dem Ultraschallverfahren, das sich durch eine hohe Messgenauigkeit auszeichnet. Das Ger\u00e4t besteht aus einem Durchflusswandler, zwei Temperatursensoren und [&hellip;]<\/p>\n","protected":false},"featured_media":1645,"template":"","meta":[],"product_brand":[],"product_cat":[89],"product_tag":[318,335,294,295,296],"class_list":{"0":"post-406","1":"product","2":"type-product","3":"status-publish","4":"has-post-thumbnail","6":"product_cat-warmezahler","7":"product_tag-landisgyr-t330-de","8":"product_tag-ultraheat-t330-de","9":"product_tag-warmezahler","10":"product_tag-warmezahler-de","11":"product_tag-warmezahler-de-2","13":"first","14":"outofstock","15":"taxable","16":"shipping-taxable","17":"purchasable","18":"product-type-variable"},"yoast_head":"<!-- This site is optimized with the Yoast SEO plugin v26.4 - https:\/\/yoast.com\/wordpress\/plugins\/seo\/ -->\n<title>ULTRAHEAT T330 | Sklep GlobTree<\/title>\n<meta name=\"robots\" content=\"index, follow, max-snippet:-1, max-image-preview:large, max-video-preview:-1\" \/>\n<link rel=\"canonical\" href=\"https:\/\/sklep.globtree.pl\/de\/produkt\/ultraheis-t330\/\" \/>\n<meta property=\"og:locale\" content=\"de_DE\" \/>\n<meta property=\"og:type\" content=\"article\" \/>\n<meta property=\"og:title\" content=\"ULTRAHEAT T330 | Sklep GlobTree\" \/>\n<meta property=\"og:description\" content=\"Der kompakte Ultraschall-W\u00e4rmez\u00e4hler T330 ist f\u00fcr die Messung des W\u00e4rmestroms und des W\u00e4rmeverbrauchs in Heizungsanlagen in Wohngeb\u00e4uden konzipiert, in denen das Medium Wasser ist. Er ist auch als Kaltz\u00e4hler erh\u00e4ltlich. Der W\u00e4rmez\u00e4hler T330 misst den Durchfluss nach dem Ultraschallverfahren, das sich durch eine hohe Messgenauigkeit auszeichnet. Das Ger\u00e4t besteht aus einem Durchflusswandler, zwei Temperatursensoren und [&hellip;]\" \/>\n<meta property=\"og:url\" content=\"https:\/\/sklep.globtree.pl\/de\/produkt\/ultraheis-t330\/\" \/>\n<meta property=\"og:site_name\" content=\"Sklep GlobTree\" \/>\n<meta property=\"article:publisher\" content=\"https:\/\/www.facebook.com\/netlandteam\/\" \/>\n<meta property=\"article:modified_time\" content=\"2024-08-13T08:34:15+00:00\" \/>\n<meta property=\"og:image\" content=\"https:\/\/sklep.globtree.pl\/wp-content\/uploads\/2023\/10\/330-4-300x300-1.webp\" \/>\n\t<meta property=\"og:image:width\" content=\"300\" \/>\n\t<meta property=\"og:image:height\" content=\"300\" \/>\n\t<meta property=\"og:image:type\" content=\"image\/webp\" \/>\n<meta name=\"twitter:card\" content=\"summary_large_image\" \/>\n<meta name=\"twitter:label1\" content=\"Gesch\u00e4tzte Lesezeit\" \/>\n\t<meta name=\"twitter:data1\" content=\"3\u00a0Minuten\" \/>\n<script type=\"application\/ld+json\" class=\"yoast-schema-graph\">{\"@context\":\"https:\/\/schema.org\",\"@graph\":[{\"@type\":[\"WebPage\",\"ItemPage\"],\"@id\":\"https:\/\/sklep.globtree.pl\/de\/produkt\/ultraheis-t330\/\",\"url\":\"https:\/\/sklep.globtree.pl\/de\/produkt\/ultraheis-t330\/\",\"name\":\"ULTRAHEAT T330 | Sklep GlobTree\",\"isPartOf\":{\"@id\":\"https:\/\/sklep.globtree.pl\/#website\"},\"primaryImageOfPage\":{\"@id\":\"https:\/\/sklep.globtree.pl\/de\/produkt\/ultraheis-t330\/#primaryimage\"},\"image\":{\"@id\":\"https:\/\/sklep.globtree.pl\/de\/produkt\/ultraheis-t330\/#primaryimage\"},\"thumbnailUrl\":\"https:\/\/sklep.globtree.pl\/wp-content\/uploads\/2023\/10\/330-4-300x300-1.webp\",\"datePublished\":\"2023-10-10T12:21:03+00:00\",\"dateModified\":\"2024-08-13T08:34:15+00:00\",\"breadcrumb\":{\"@id\":\"https:\/\/sklep.globtree.pl\/de\/produkt\/ultraheis-t330\/#breadcrumb\"},\"inLanguage\":\"de\",\"potentialAction\":[{\"@type\":\"ReadAction\",\"target\":[\"https:\/\/sklep.globtree.pl\/de\/produkt\/ultraheis-t330\/\"]}]},{\"@type\":\"ImageObject\",\"inLanguage\":\"de\",\"@id\":\"https:\/\/sklep.globtree.pl\/de\/produkt\/ultraheis-t330\/#primaryimage\",\"url\":\"https:\/\/sklep.globtree.pl\/wp-content\/uploads\/2023\/10\/330-4-300x300-1.webp\",\"contentUrl\":\"https:\/\/sklep.globtree.pl\/wp-content\/uploads\/2023\/10\/330-4-300x300-1.webp\",\"width\":300,\"height\":300,\"caption\":\"Ciep\u0142omierz ultrad\u017awi\u0119kowy T330\"},{\"@type\":\"BreadcrumbList\",\"@id\":\"https:\/\/sklep.globtree.pl\/de\/produkt\/ultraheis-t330\/#breadcrumb\",\"itemListElement\":[{\"@type\":\"ListItem\",\"position\":1,\"name\":\"Strona g\u0142\u00f3wna\",\"item\":\"https:\/\/sklep.globtree.pl\/de\/homepage\/\"},{\"@type\":\"ListItem\",\"position\":2,\"name\":\"Shop\",\"item\":\"https:\/\/sklep.globtree.pl\/de\/shop\/\"},{\"@type\":\"ListItem\",\"position\":3,\"name\":\"ULTRAHEAT T330\"}]},{\"@type\":\"WebSite\",\"@id\":\"https:\/\/sklep.globtree.pl\/#website\",\"url\":\"https:\/\/sklep.globtree.pl\/\",\"name\":\"Sklep GlobTree\",\"description\":\"Sklep internetowy z urz\u0105dzeniami telemetrii\",\"publisher\":{\"@id\":\"https:\/\/sklep.globtree.pl\/#organization\"},\"potentialAction\":[{\"@type\":\"SearchAction\",\"target\":{\"@type\":\"EntryPoint\",\"urlTemplate\":\"https:\/\/sklep.globtree.pl\/?s={search_term_string}\"},\"query-input\":{\"@type\":\"PropertyValueSpecification\",\"valueRequired\":true,\"valueName\":\"search_term_string\"}}],\"inLanguage\":\"de\"},{\"@type\":\"Organization\",\"@id\":\"https:\/\/sklep.globtree.pl\/#organization\",\"name\":\"Sklep GlobTree\",\"url\":\"https:\/\/sklep.globtree.pl\/\",\"logo\":{\"@type\":\"ImageObject\",\"inLanguage\":\"de\",\"@id\":\"https:\/\/sklep.globtree.pl\/#\/schema\/logo\/image\/\",\"url\":\"https:\/\/sklep.globtree.pl\/wp-content\/uploads\/2023\/09\/cropped-GlobTree_logo-1.png\",\"contentUrl\":\"https:\/\/sklep.globtree.pl\/wp-content\/uploads\/2023\/09\/cropped-GlobTree_logo-1.png\",\"width\":400,\"height\":80,\"caption\":\"Sklep GlobTree\"},\"image\":{\"@id\":\"https:\/\/sklep.globtree.pl\/#\/schema\/logo\/image\/\"},\"sameAs\":[\"https:\/\/www.facebook.com\/netlandteam\/\",\"https:\/\/pl.linkedin.com\/company\/globtree-sp-z-o-o\"]}]}<\/script>\n<!-- \/ Yoast SEO plugin. -->","yoast_head_json":{"title":"ULTRAHEAT T330 | Sklep GlobTree","robots":{"index":"index","follow":"follow","max-snippet":"max-snippet:-1","max-image-preview":"max-image-preview:large","max-video-preview":"max-video-preview:-1"},"canonical":"https:\/\/sklep.globtree.pl\/de\/produkt\/ultraheis-t330\/","og_locale":"de_DE","og_type":"article","og_title":"ULTRAHEAT T330 | Sklep GlobTree","og_description":"Der kompakte Ultraschall-W\u00e4rmez\u00e4hler T330 ist f\u00fcr die Messung des W\u00e4rmestroms und des W\u00e4rmeverbrauchs in Heizungsanlagen in Wohngeb\u00e4uden konzipiert, in denen das Medium Wasser ist. Er ist auch als Kaltz\u00e4hler erh\u00e4ltlich. Der W\u00e4rmez\u00e4hler T330 misst den Durchfluss nach dem Ultraschallverfahren, das sich durch eine hohe Messgenauigkeit auszeichnet. Das Ger\u00e4t besteht aus einem Durchflusswandler, zwei Temperatursensoren und [&hellip;]","og_url":"https:\/\/sklep.globtree.pl\/de\/produkt\/ultraheis-t330\/","og_site_name":"Sklep GlobTree","article_publisher":"https:\/\/www.facebook.com\/netlandteam\/","article_modified_time":"2024-08-13T08:34:15+00:00","og_image":[{"width":300,"height":300,"url":"https:\/\/sklep.globtree.pl\/wp-content\/uploads\/2023\/10\/330-4-300x300-1.webp","type":"image\/webp"}],"twitter_card":"summary_large_image","twitter_misc":{"Gesch\u00e4tzte Lesezeit":"3\u00a0Minuten"},"schema":{"@context":"https:\/\/schema.org","@graph":[{"@type":["WebPage","ItemPage"],"@id":"https:\/\/sklep.globtree.pl\/de\/produkt\/ultraheis-t330\/","url":"https:\/\/sklep.globtree.pl\/de\/produkt\/ultraheis-t330\/","name":"ULTRAHEAT T330 | Sklep GlobTree","isPartOf":{"@id":"https:\/\/sklep.globtree.pl\/#website"},"primaryImageOfPage":{"@id":"https:\/\/sklep.globtree.pl\/de\/produkt\/ultraheis-t330\/#primaryimage"},"image":{"@id":"https:\/\/sklep.globtree.pl\/de\/produkt\/ultraheis-t330\/#primaryimage"},"thumbnailUrl":"https:\/\/sklep.globtree.pl\/wp-content\/uploads\/2023\/10\/330-4-300x300-1.webp","datePublished":"2023-10-10T12:21:03+00:00","dateModified":"2024-08-13T08:34:15+00:00","breadcrumb":{"@id":"https:\/\/sklep.globtree.pl\/de\/produkt\/ultraheis-t330\/#breadcrumb"},"inLanguage":"de","potentialAction":[{"@type":"ReadAction","target":["https:\/\/sklep.globtree.pl\/de\/produkt\/ultraheis-t330\/"]}]},{"@type":"ImageObject","inLanguage":"de","@id":"https:\/\/sklep.globtree.pl\/de\/produkt\/ultraheis-t330\/#primaryimage","url":"https:\/\/sklep.globtree.pl\/wp-content\/uploads\/2023\/10\/330-4-300x300-1.webp","contentUrl":"https:\/\/sklep.globtree.pl\/wp-content\/uploads\/2023\/10\/330-4-300x300-1.webp","width":300,"height":300,"caption":"Ciep\u0142omierz ultrad\u017awi\u0119kowy T330"},{"@type":"BreadcrumbList","@id":"https:\/\/sklep.globtree.pl\/de\/produkt\/ultraheis-t330\/#breadcrumb","itemListElement":[{"@type":"ListItem","position":1,"name":"Strona g\u0142\u00f3wna","item":"https:\/\/sklep.globtree.pl\/de\/homepage\/"},{"@type":"ListItem","position":2,"name":"Shop","item":"https:\/\/sklep.globtree.pl\/de\/shop\/"},{"@type":"ListItem","position":3,"name":"ULTRAHEAT T330"}]},{"@type":"WebSite","@id":"https:\/\/sklep.globtree.pl\/#website","url":"https:\/\/sklep.globtree.pl\/","name":"Sklep GlobTree","description":"Sklep internetowy z urz\u0105dzeniami telemetrii","publisher":{"@id":"https:\/\/sklep.globtree.pl\/#organization"},"potentialAction":[{"@type":"SearchAction","target":{"@type":"EntryPoint","urlTemplate":"https:\/\/sklep.globtree.pl\/?s={search_term_string}"},"query-input":{"@type":"PropertyValueSpecification","valueRequired":true,"valueName":"search_term_string"}}],"inLanguage":"de"},{"@type":"Organization","@id":"https:\/\/sklep.globtree.pl\/#organization","name":"Sklep GlobTree","url":"https:\/\/sklep.globtree.pl\/","logo":{"@type":"ImageObject","inLanguage":"de","@id":"https:\/\/sklep.globtree.pl\/#\/schema\/logo\/image\/","url":"https:\/\/sklep.globtree.pl\/wp-content\/uploads\/2023\/09\/cropped-GlobTree_logo-1.png","contentUrl":"https:\/\/sklep.globtree.pl\/wp-content\/uploads\/2023\/09\/cropped-GlobTree_logo-1.png","width":400,"height":80,"caption":"Sklep GlobTree"},"image":{"@id":"https:\/\/sklep.globtree.pl\/#\/schema\/logo\/image\/"},"sameAs":["https:\/\/www.facebook.com\/netlandteam\/","https:\/\/pl.linkedin.com\/company\/globtree-sp-z-o-o"]}]}},"_links":{"self":[{"href":"https:\/\/sklep.globtree.pl\/de\/wp-json\/wp\/v2\/product\/406","targetHints":{"allow":["GET"]}}],"collection":[{"href":"https:\/\/sklep.globtree.pl\/de\/wp-json\/wp\/v2\/product"}],"about":[{"href":"https:\/\/sklep.globtree.pl\/de\/wp-json\/wp\/v2\/types\/product"}],"wp:featuredmedia":[{"embeddable":true,"href":"https:\/\/sklep.globtree.pl\/de\/wp-json\/wp\/v2\/media\/1645"}],"wp:attachment":[{"href":"https:\/\/sklep.globtree.pl\/de\/wp-json\/wp\/v2\/media?parent=406"}],"wp:term":[{"taxonomy":"product_brand","embeddable":true,"href":"https:\/\/sklep.globtree.pl\/de\/wp-json\/wp\/v2\/product_brand?post=406"},{"taxonomy":"product_cat","embeddable":true,"href":"https:\/\/sklep.globtree.pl\/de\/wp-json\/wp\/v2\/product_cat?post=406"},{"taxonomy":"product_tag","embeddable":true,"href":"https:\/\/sklep.globtree.pl\/de\/wp-json\/wp\/v2\/product_tag?post=406"}],"curies":[{"name":"wp","href":"https:\/\/api.w.org\/{rel}","templated":true}]}}