


{"id":876,"date":"2024-01-24T12:18:53","date_gmt":"2024-01-24T11:18:53","guid":{"rendered":"https:\/\/sklep.netland.com.pl\/?post_type=product&#038;p=876"},"modified":"2024-08-13T10:43:06","modified_gmt":"2024-08-13T08:43:06","slug":"ultraheat-t550","status":"publish","type":"product","link":"https:\/\/sklep.globtree.pl\/de\/produkt\/ultraheat-t550\/","title":{"rendered":"ULTRAHEAT T550"},"content":{"rendered":"<div class=\"nolwrap\"><p>Der T550 ist ein fortschrittlicher Ultraschall-W\u00e4rme-, K\u00e4lte- oder kombinierter (W\u00e4rme und K\u00e4lte) Z\u00e4hler f\u00fcr den Einsatz in Fernw\u00e4rme- und Kesselanlagen. All dies wird zu einem optimalen Preis-Leistungs-Verh\u00e4ltnis realisiert.<\/p>\n<p><strong>Hauptmerkmale <\/strong><\/p>\n<ul>\n<li>Durchflussbereich 0,6 bis 150 m3\/h<\/li>\n<li>Hoher Dynamikbereich 1:1000<\/li>\n<li>Metall-Durchflussmesswandler mit patentiertem<\/li>\n<li>DuraSurface\u2122 Oberfl\u00e4che<\/li>\n<li>2 Steckpl\u00e4tze f\u00fcr Kommunikationsmodule<\/li>\n<li>Programmierbarer Datenlogger mit Speicher f\u00fcr 1328 Eintr\u00e4ge (H+D), plus 60M , 15Y<\/li>\n<li>Schneller Integrationsmodus<\/li>\n<li>Batteriebetrieben 16 Jahre<\/li>\n<\/ul>\n<p>&nbsp;<\/p>\n<p><strong>Technische Daten<\/strong><\/p>\n<p><strong>Allgemeines:<\/strong><\/p>\n<p>Messgenauigkeit: Klasse 2 nach EN 1434<br \/>\nUmweltklasse: A (EN 1434)<br \/>\nMechanische Klasse: M1 (2014\/32\/EU)<br \/>\nElektromagnetische Klasse: E1 (2014\/32\/EU)<br \/>\nUmgebungsluftfeuchtigkeit: &lt; 93 % relativ, bei 25 \u00b0C, ohne Kondensation<br \/>\nMax. H\u00f6he: 2000 m \u00fcber dem Meeresspiegel.<br \/>\nTemp. Lagerung: -20 &#8230; 60 \u00b0C<\/p>\n<p><strong>Indikator-Konverter:<\/strong><\/p>\n<p>Umgebungstemperatur: 5 &#8230; 55 \u00b0C<br \/>\nSchutzart: IP 54 (EN 60529)<br \/>\nStromversorgung:<br \/>\nBatterien (6 bis 16 Jahre Lebensdauer)<br \/>\nNetz, 230 VAC Stromversorgung<br \/>\nEmpfindlichkeitsschwelle der Messung \u0394T: &lt; 0,2 K<br \/>\nTemperaturunterschied \u0394T: 3 K &#8230; 120 K<br \/>\nTemperatur-Messbereich: 0 &#8230; 180 \u00b0C<br \/>\nIntervall der Temperaturmessung: 4 bis 30 Sekunden (*abh\u00e4ngig von der Betriebsart)<br \/>\nLCD-Anzeige: 7-stellige<br \/>\nOptische Schnittstelle: Konform mit EN 62056-21<br \/>\nKommunikation: Optional, \u00fcber Kommunikationsmodule<br \/>\nIntegrationsmodus:<br \/>\nNormal: \u03c4Q= 4sec. \/ \u03c4\u0394T=30 sec.<br \/>\nSchnell: \u03c4Q= 2sec. \/ \u03c4\u0394T=4 sec.<\/p>\n<p><strong>Temperatursensor:<\/strong><\/p>\n<p>Typ: Pt 500 oder Pt 100 (EN 60751)<br \/>\nAnschlussart: 2 oder 4-Leiter<br \/>\nL\u00e4nge des Sensorkabels: Max. 10 m wie genehmigt<br \/>\nSensoraufbau, Temperaturbereich:<br \/>\nTyp PS \u00d8 5,2 x 45 mm, 1,5 m, 180 \u00b0C<br \/>\nTyp PS \u00d8 5,2 x 45 mm, 3,0 m, 180 \u00b0C<br \/>\nTyp PS \u00d8 5,2 x 45 mm, 5,0 m, 180 \u00b0C<\/p>\n<p><strong>Durchfluss-Messwertgeber:<\/strong><\/p>\n<p>Schutzart: IP 54 \/ IP65 \/ optional IP 68 (EN 60529)<br \/>\nMontageart: R\u00fccklauf oder Vorlauf (5x schaltbar)<br \/>\nEinbaurichtung: frei<br \/>\nGerade Abschnitte: nicht erforderlich<br \/>\nMessintervall: 2 bis 8 Sekunden (*abh\u00e4ngig vom Modus)<br \/>\nMessdynamik:<br \/>\n1:100 (nach MID)<br \/>\n1:1000 (qr : 2,8 x qp &#8211; Angabe des Herstellers)<br \/>\nMID-Temperaturbereich: 5 &#8230; 130 \u00b0C *)<br \/>\nMaximale Temperatur von: 150\u00b0C f\u00fcr 2000 h \/ Jahr<br \/>\nMaximale \u00dcberlast: 2,8 x qp<br \/>\nNenndruck: PN16 (PS16), PN25 (PS25)<br \/>\nDurchflussbereich qp: 0,6 bis 150 m3\/h<br \/>\nSignalkabel: Fest oder abnehmbar, L\u00e4nge 1,5 \/ 3 \/ 5 m<br \/>\n*) Kann von nationalen Typgenehmigungen abh\u00e4ngen<\/p>\n<p><strong>Stromversorgung:<\/strong><\/p>\n<p>Der W\u00e4rmez\u00e4hler erkennt automatisch, ob er mit einer Batterie oder einem Netzadapter betrieben wird.<\/p>\n<p>*Bei Gro\u00dfeink\u00e4ufen bitten wir Sie, die Preise direkt bei uns zu erfragen.<\/p>\n<p>\ud83d\udcde+48 89 612 07 30<\/p>\n<p>\ud83d\udce7 sklep@globtree.pl<\/p>\n<\/div>","protected":false},"excerpt":{"rendered":"<p>Der T550 ist ein fortschrittlicher Ultraschall-W\u00e4rme-, K\u00e4lte- oder kombinierter (W\u00e4rme und K\u00e4lte) Z\u00e4hler f\u00fcr den Einsatz in Fernw\u00e4rme- und Kesselanlagen. All dies wird zu einem optimalen Preis-Leistungs-Verh\u00e4ltnis realisiert. Hauptmerkmale Durchflussbereich 0,6 bis 150 m3\/h Hoher Dynamikbereich 1:1000 Metall-Durchflussmesswandler mit patentiertem DuraSurface\u2122 Oberfl\u00e4che 2 Steckpl\u00e4tze f\u00fcr Kommunikationsmodule Programmierbarer Datenlogger mit Speicher f\u00fcr 1328 Eintr\u00e4ge (H+D), plus [&hellip;]<\/p>\n","protected":false},"featured_media":527,"template":"","meta":[],"product_brand":[],"product_cat":[89],"product_tag":[356,333,294,295,296],"class_list":{"0":"post-876","1":"product","2":"type-product","3":"status-publish","4":"has-post-thumbnail","6":"product_cat-warmezahler","7":"product_tag-landisgyr-t450-de","8":"product_tag-ultraheat-t450-de","9":"product_tag-warmezahler","10":"product_tag-warmezahler-de","11":"product_tag-warmezahler-de-2","13":"first","14":"outofstock","15":"taxable","16":"shipping-taxable","17":"purchasable","18":"product-type-variable"},"yoast_head":"<!-- This site is optimized with the Yoast SEO plugin v26.4 - https:\/\/yoast.com\/wordpress\/plugins\/seo\/ -->\n<title>ULTRAHEAT T550 | Sklep GlobTree<\/title>\n<meta name=\"robots\" content=\"index, follow, max-snippet:-1, max-image-preview:large, max-video-preview:-1\" \/>\n<link rel=\"canonical\" href=\"https:\/\/sklep.globtree.pl\/de\/produkt\/ultraheat-t550\/\" \/>\n<meta property=\"og:locale\" content=\"de_DE\" \/>\n<meta property=\"og:type\" content=\"article\" \/>\n<meta property=\"og:title\" content=\"ULTRAHEAT T550 | Sklep GlobTree\" \/>\n<meta property=\"og:description\" content=\"Der T550 ist ein fortschrittlicher Ultraschall-W\u00e4rme-, K\u00e4lte- oder kombinierter (W\u00e4rme und K\u00e4lte) Z\u00e4hler f\u00fcr den Einsatz in Fernw\u00e4rme- und Kesselanlagen. All dies wird zu einem optimalen Preis-Leistungs-Verh\u00e4ltnis realisiert. Hauptmerkmale Durchflussbereich 0,6 bis 150 m3\/h Hoher Dynamikbereich 1:1000 Metall-Durchflussmesswandler mit patentiertem DuraSurface\u2122 Oberfl\u00e4che 2 Steckpl\u00e4tze f\u00fcr Kommunikationsmodule Programmierbarer Datenlogger mit Speicher f\u00fcr 1328 Eintr\u00e4ge (H+D), plus [&hellip;]\" \/>\n<meta property=\"og:url\" content=\"https:\/\/sklep.globtree.pl\/de\/produkt\/ultraheat-t550\/\" \/>\n<meta property=\"og:site_name\" content=\"Sklep GlobTree\" \/>\n<meta property=\"article:publisher\" content=\"https:\/\/www.facebook.com\/netlandteam\/\" \/>\n<meta property=\"article:modified_time\" content=\"2024-08-13T08:43:06+00:00\" \/>\n<meta property=\"og:image\" content=\"https:\/\/sklep.globtree.pl\/wp-content\/uploads\/2023\/10\/550-1.webp\" \/>\n\t<meta property=\"og:image:width\" content=\"712\" \/>\n\t<meta property=\"og:image:height\" content=\"712\" \/>\n\t<meta property=\"og:image:type\" content=\"image\/webp\" \/>\n<meta name=\"twitter:card\" content=\"summary_large_image\" \/>\n<meta name=\"twitter:label1\" content=\"Gesch\u00e4tzte Lesezeit\" \/>\n\t<meta name=\"twitter:data1\" content=\"3\u00a0Minuten\" \/>\n<script type=\"application\/ld+json\" class=\"yoast-schema-graph\">{\"@context\":\"https:\/\/schema.org\",\"@graph\":[{\"@type\":[\"WebPage\",\"ItemPage\"],\"@id\":\"https:\/\/sklep.globtree.pl\/de\/produkt\/ultraheat-t550\/\",\"url\":\"https:\/\/sklep.globtree.pl\/de\/produkt\/ultraheat-t550\/\",\"name\":\"ULTRAHEAT T550 | Sklep GlobTree\",\"isPartOf\":{\"@id\":\"https:\/\/sklep.globtree.pl\/#website\"},\"primaryImageOfPage\":{\"@id\":\"https:\/\/sklep.globtree.pl\/de\/produkt\/ultraheat-t550\/#primaryimage\"},\"image\":{\"@id\":\"https:\/\/sklep.globtree.pl\/de\/produkt\/ultraheat-t550\/#primaryimage\"},\"thumbnailUrl\":\"https:\/\/sklep.globtree.pl\/wp-content\/uploads\/2023\/10\/550-1.webp\",\"datePublished\":\"2024-01-24T11:18:53+00:00\",\"dateModified\":\"2024-08-13T08:43:06+00:00\",\"breadcrumb\":{\"@id\":\"https:\/\/sklep.globtree.pl\/de\/produkt\/ultraheat-t550\/#breadcrumb\"},\"inLanguage\":\"de\",\"potentialAction\":[{\"@type\":\"ReadAction\",\"target\":[\"https:\/\/sklep.globtree.pl\/de\/produkt\/ultraheat-t550\/\"]}]},{\"@type\":\"ImageObject\",\"inLanguage\":\"de\",\"@id\":\"https:\/\/sklep.globtree.pl\/de\/produkt\/ultraheat-t550\/#primaryimage\",\"url\":\"https:\/\/sklep.globtree.pl\/wp-content\/uploads\/2023\/10\/550-1.webp\",\"contentUrl\":\"https:\/\/sklep.globtree.pl\/wp-content\/uploads\/2023\/10\/550-1.webp\",\"width\":712,\"height\":712,\"caption\":\"Ciep\u0142omierz ultrad\u017awi\u0119kowy T550\"},{\"@type\":\"BreadcrumbList\",\"@id\":\"https:\/\/sklep.globtree.pl\/de\/produkt\/ultraheat-t550\/#breadcrumb\",\"itemListElement\":[{\"@type\":\"ListItem\",\"position\":1,\"name\":\"Strona g\u0142\u00f3wna\",\"item\":\"https:\/\/sklep.globtree.pl\/de\/homepage\/\"},{\"@type\":\"ListItem\",\"position\":2,\"name\":\"Shop\",\"item\":\"https:\/\/sklep.globtree.pl\/de\/shop\/\"},{\"@type\":\"ListItem\",\"position\":3,\"name\":\"ULTRAHEAT T550\"}]},{\"@type\":\"WebSite\",\"@id\":\"https:\/\/sklep.globtree.pl\/#website\",\"url\":\"https:\/\/sklep.globtree.pl\/\",\"name\":\"Sklep GlobTree\",\"description\":\"Sklep internetowy z urz\u0105dzeniami telemetrii\",\"publisher\":{\"@id\":\"https:\/\/sklep.globtree.pl\/#organization\"},\"potentialAction\":[{\"@type\":\"SearchAction\",\"target\":{\"@type\":\"EntryPoint\",\"urlTemplate\":\"https:\/\/sklep.globtree.pl\/?s={search_term_string}\"},\"query-input\":{\"@type\":\"PropertyValueSpecification\",\"valueRequired\":true,\"valueName\":\"search_term_string\"}}],\"inLanguage\":\"de\"},{\"@type\":\"Organization\",\"@id\":\"https:\/\/sklep.globtree.pl\/#organization\",\"name\":\"Sklep GlobTree\",\"url\":\"https:\/\/sklep.globtree.pl\/\",\"logo\":{\"@type\":\"ImageObject\",\"inLanguage\":\"de\",\"@id\":\"https:\/\/sklep.globtree.pl\/#\/schema\/logo\/image\/\",\"url\":\"https:\/\/sklep.globtree.pl\/wp-content\/uploads\/2023\/09\/cropped-GlobTree_logo-1.png\",\"contentUrl\":\"https:\/\/sklep.globtree.pl\/wp-content\/uploads\/2023\/09\/cropped-GlobTree_logo-1.png\",\"width\":400,\"height\":80,\"caption\":\"Sklep GlobTree\"},\"image\":{\"@id\":\"https:\/\/sklep.globtree.pl\/#\/schema\/logo\/image\/\"},\"sameAs\":[\"https:\/\/www.facebook.com\/netlandteam\/\",\"https:\/\/pl.linkedin.com\/company\/globtree-sp-z-o-o\"]}]}<\/script>\n<!-- \/ Yoast SEO plugin. -->","yoast_head_json":{"title":"ULTRAHEAT T550 | Sklep GlobTree","robots":{"index":"index","follow":"follow","max-snippet":"max-snippet:-1","max-image-preview":"max-image-preview:large","max-video-preview":"max-video-preview:-1"},"canonical":"https:\/\/sklep.globtree.pl\/de\/produkt\/ultraheat-t550\/","og_locale":"de_DE","og_type":"article","og_title":"ULTRAHEAT T550 | Sklep GlobTree","og_description":"Der T550 ist ein fortschrittlicher Ultraschall-W\u00e4rme-, K\u00e4lte- oder kombinierter (W\u00e4rme und K\u00e4lte) Z\u00e4hler f\u00fcr den Einsatz in Fernw\u00e4rme- und Kesselanlagen. All dies wird zu einem optimalen Preis-Leistungs-Verh\u00e4ltnis realisiert. Hauptmerkmale Durchflussbereich 0,6 bis 150 m3\/h Hoher Dynamikbereich 1:1000 Metall-Durchflussmesswandler mit patentiertem DuraSurface\u2122 Oberfl\u00e4che 2 Steckpl\u00e4tze f\u00fcr Kommunikationsmodule Programmierbarer Datenlogger mit Speicher f\u00fcr 1328 Eintr\u00e4ge (H+D), plus [&hellip;]","og_url":"https:\/\/sklep.globtree.pl\/de\/produkt\/ultraheat-t550\/","og_site_name":"Sklep GlobTree","article_publisher":"https:\/\/www.facebook.com\/netlandteam\/","article_modified_time":"2024-08-13T08:43:06+00:00","og_image":[{"width":712,"height":712,"url":"https:\/\/sklep.globtree.pl\/wp-content\/uploads\/2023\/10\/550-1.webp","type":"image\/webp"}],"twitter_card":"summary_large_image","twitter_misc":{"Gesch\u00e4tzte Lesezeit":"3\u00a0Minuten"},"schema":{"@context":"https:\/\/schema.org","@graph":[{"@type":["WebPage","ItemPage"],"@id":"https:\/\/sklep.globtree.pl\/de\/produkt\/ultraheat-t550\/","url":"https:\/\/sklep.globtree.pl\/de\/produkt\/ultraheat-t550\/","name":"ULTRAHEAT T550 | Sklep GlobTree","isPartOf":{"@id":"https:\/\/sklep.globtree.pl\/#website"},"primaryImageOfPage":{"@id":"https:\/\/sklep.globtree.pl\/de\/produkt\/ultraheat-t550\/#primaryimage"},"image":{"@id":"https:\/\/sklep.globtree.pl\/de\/produkt\/ultraheat-t550\/#primaryimage"},"thumbnailUrl":"https:\/\/sklep.globtree.pl\/wp-content\/uploads\/2023\/10\/550-1.webp","datePublished":"2024-01-24T11:18:53+00:00","dateModified":"2024-08-13T08:43:06+00:00","breadcrumb":{"@id":"https:\/\/sklep.globtree.pl\/de\/produkt\/ultraheat-t550\/#breadcrumb"},"inLanguage":"de","potentialAction":[{"@type":"ReadAction","target":["https:\/\/sklep.globtree.pl\/de\/produkt\/ultraheat-t550\/"]}]},{"@type":"ImageObject","inLanguage":"de","@id":"https:\/\/sklep.globtree.pl\/de\/produkt\/ultraheat-t550\/#primaryimage","url":"https:\/\/sklep.globtree.pl\/wp-content\/uploads\/2023\/10\/550-1.webp","contentUrl":"https:\/\/sklep.globtree.pl\/wp-content\/uploads\/2023\/10\/550-1.webp","width":712,"height":712,"caption":"Ciep\u0142omierz ultrad\u017awi\u0119kowy T550"},{"@type":"BreadcrumbList","@id":"https:\/\/sklep.globtree.pl\/de\/produkt\/ultraheat-t550\/#breadcrumb","itemListElement":[{"@type":"ListItem","position":1,"name":"Strona g\u0142\u00f3wna","item":"https:\/\/sklep.globtree.pl\/de\/homepage\/"},{"@type":"ListItem","position":2,"name":"Shop","item":"https:\/\/sklep.globtree.pl\/de\/shop\/"},{"@type":"ListItem","position":3,"name":"ULTRAHEAT T550"}]},{"@type":"WebSite","@id":"https:\/\/sklep.globtree.pl\/#website","url":"https:\/\/sklep.globtree.pl\/","name":"Sklep GlobTree","description":"Sklep internetowy z urz\u0105dzeniami telemetrii","publisher":{"@id":"https:\/\/sklep.globtree.pl\/#organization"},"potentialAction":[{"@type":"SearchAction","target":{"@type":"EntryPoint","urlTemplate":"https:\/\/sklep.globtree.pl\/?s={search_term_string}"},"query-input":{"@type":"PropertyValueSpecification","valueRequired":true,"valueName":"search_term_string"}}],"inLanguage":"de"},{"@type":"Organization","@id":"https:\/\/sklep.globtree.pl\/#organization","name":"Sklep GlobTree","url":"https:\/\/sklep.globtree.pl\/","logo":{"@type":"ImageObject","inLanguage":"de","@id":"https:\/\/sklep.globtree.pl\/#\/schema\/logo\/image\/","url":"https:\/\/sklep.globtree.pl\/wp-content\/uploads\/2023\/09\/cropped-GlobTree_logo-1.png","contentUrl":"https:\/\/sklep.globtree.pl\/wp-content\/uploads\/2023\/09\/cropped-GlobTree_logo-1.png","width":400,"height":80,"caption":"Sklep GlobTree"},"image":{"@id":"https:\/\/sklep.globtree.pl\/#\/schema\/logo\/image\/"},"sameAs":["https:\/\/www.facebook.com\/netlandteam\/","https:\/\/pl.linkedin.com\/company\/globtree-sp-z-o-o"]}]}},"_links":{"self":[{"href":"https:\/\/sklep.globtree.pl\/de\/wp-json\/wp\/v2\/product\/876","targetHints":{"allow":["GET"]}}],"collection":[{"href":"https:\/\/sklep.globtree.pl\/de\/wp-json\/wp\/v2\/product"}],"about":[{"href":"https:\/\/sklep.globtree.pl\/de\/wp-json\/wp\/v2\/types\/product"}],"wp:featuredmedia":[{"embeddable":true,"href":"https:\/\/sklep.globtree.pl\/de\/wp-json\/wp\/v2\/media\/527"}],"wp:attachment":[{"href":"https:\/\/sklep.globtree.pl\/de\/wp-json\/wp\/v2\/media?parent=876"}],"wp:term":[{"taxonomy":"product_brand","embeddable":true,"href":"https:\/\/sklep.globtree.pl\/de\/wp-json\/wp\/v2\/product_brand?post=876"},{"taxonomy":"product_cat","embeddable":true,"href":"https:\/\/sklep.globtree.pl\/de\/wp-json\/wp\/v2\/product_cat?post=876"},{"taxonomy":"product_tag","embeddable":true,"href":"https:\/\/sklep.globtree.pl\/de\/wp-json\/wp\/v2\/product_tag?post=876"}],"curies":[{"name":"wp","href":"https:\/\/api.w.org\/{rel}","templated":true}]}}