


{"id":1816,"date":"2024-01-24T12:18:53","date_gmt":"2024-01-24T11:18:53","guid":{"rendered":"https:\/\/sklep.globtree.pl\/product\/ultraheat-t550\/"},"modified":"2024-08-13T11:26:25","modified_gmt":"2024-08-13T09:26:25","slug":"ultraheat-t550","status":"publish","type":"product","link":"https:\/\/sklep.globtree.pl\/en\/product\/ultraheat-t550\/","title":{"rendered":"ULTRAHEAT T550"},"content":{"rendered":"<div class=\"nolwrap\"><p>The T550 is an advanced ultrasonic heat, cooling or combined (heat and cooling) meter for use in district heating and boiler plants. All of this is realized at the best value for money over its lifetime.<\/p>\n<p><strong>Main features <\/strong><\/p>\n<ul>\n<li>Flow range: 0.6 to 150 m3\/h<\/li>\n<li>High dynamic range measurement: 1:1000<\/li>\n<li>Metal flow transducer with patented DuraSurface\u2122 surface<\/li>\n<li>2 Slots for communication modules<\/li>\n<li>Programmable Datalogger with memory of 1328 entries (H+D), plus 60M , 15Y<\/li>\n<li>Quick integration mode<\/li>\n<li>Battery powered &#8211; 16 years<\/li>\n<\/ul>\n<p><strong>Technical parameters<\/strong><\/p>\n<p><strong>General:<\/strong><\/p>\n<ul>\n<li>Measurement accuracy: Class 2 according to EN 1434<\/li>\n<li>Environmental class: A (EN 1434)<\/li>\n<li>Mechanical class: M1 (2014\/32\/EU)<\/li>\n<li>Electromagnetic class: E1 (2014\/32\/EU)<\/li>\n<li>Ambient humidity: &lt; 93 % relative, at 25 \u00b0C, non-condensing<\/li>\n<li>Altitude: 2,000 meters above sea level.<\/li>\n<li>Storage: -20 &#8230; 60 \u00b0C<\/li>\n<\/ul>\n<p><strong>Power supply:<br \/>\n<\/strong>The heat meter automatically detects whether it is powered by battery or AC adapter.<\/p>\n<p><strong>Power options:<\/strong><\/p>\n<ul>\n<li>2xAA battery with a life of 6 years<\/li>\n<li>C battery with a lifespan of 11 years<\/li>\n<li>D battery with a life of 16 years (standard)<\/li>\n<li>230 VAC power supply<\/li>\n<li>110 VAC power supply<\/li>\n<li>24 VACDC power supply<\/li>\n<\/ul>\n<p><strong>24V power supplies (safe voltage)<\/strong><\/p>\n<ul>\n<li>Input voltage: 12&#8230;36 VAC or 12&#8230;42 VDC<\/li>\n<li>Frequency: 50 \/ 60 Hz or DC<\/li>\n<li>Power consumption: Max. 0.8 VA<\/li>\n<\/ul>\n<p><strong>110\/230VDC power supplies<\/strong><\/p>\n<ul>\n<li>Input voltage 85&#8230;121 V AC or 196&#8230;253 V AC<\/li>\n<li>Frequency 50 \/ 60 Hz or DC<\/li>\n<li>Power consumption Max. 0.8 VA<\/li>\n<li>6A MCB protection<\/li>\n<\/ul>\n<p>&nbsp;<\/p>\n<p>*For bulk purchases, we encourage you to contact us directly for pricing and quotation preparation.<\/p>\n<p>\ud83d\udcde +48 89 612 07 30<\/p>\n<p>\ud83d\udce7 sklep@globtree.pl<\/p>\n<\/div>","protected":false},"excerpt":{"rendered":"<p>The T550 is an advanced ultrasonic heat, cooling or combined (heat and cooling) meter for use in district heating and boiler plants. All of this is realized at the best value for money over its lifetime. Main features Flow range: 0.6 to 150 m3\/h High dynamic range measurement: 1:1000 Metal flow transducer with patented DuraSurface\u2122 [&hellip;]<\/p>\n","protected":false},"featured_media":1817,"template":"","meta":[],"product_brand":[],"product_cat":[216],"product_tag":[232,233,234,235,236],"class_list":{"0":"post-1816","1":"product","2":"type-product","3":"status-publish","4":"has-post-thumbnail","6":"product_cat-heat-meters","7":"product_tag-heat-meter-en","8":"product_tag-heat-meter-en-2","9":"product_tag-heat-meter-en-3","10":"product_tag-landisgyr-t450-en","11":"product_tag-ultraheat-t450-en","13":"first","14":"outofstock","15":"taxable","16":"shipping-taxable","17":"purchasable","18":"product-type-variable"},"yoast_head":"<!-- This site is optimized with the Yoast SEO plugin v26.4 - https:\/\/yoast.com\/wordpress\/plugins\/seo\/ -->\n<title>Heat meter ULTRAHEAT T550 | Sklep GlobTree<\/title>\n<meta name=\"description\" content=\"The T550 is an advanced ultrasonic heat, cooling, or combined (heat and cooling) meter for use in district heating and boiler plants\" \/>\n<meta name=\"robots\" content=\"index, follow, max-snippet:-1, max-image-preview:large, max-video-preview:-1\" \/>\n<link rel=\"canonical\" href=\"https:\/\/sklep.globtree.pl\/produkt\/cieplomierz-ultraheat-t550\/\" \/>\n<meta property=\"og:locale\" content=\"en_US\" \/>\n<meta property=\"og:type\" content=\"article\" \/>\n<meta property=\"og:title\" content=\"Heat meter ULTRAHEAT T550 | Sklep GlobTree\" \/>\n<meta property=\"og:description\" content=\"The T550 is an advanced ultrasonic heat, cooling, or combined (heat and cooling) meter for use in district heating and boiler plants\" \/>\n<meta property=\"og:url\" content=\"https:\/\/sklep.globtree.pl\/produkt\/cieplomierz-ultraheat-t550\/\" \/>\n<meta property=\"og:site_name\" content=\"Sklep GlobTree\" \/>\n<meta property=\"article:publisher\" content=\"https:\/\/www.facebook.com\/netlandteam\/\" \/>\n<meta property=\"article:modified_time\" content=\"2024-08-13T09:26:25+00:00\" \/>\n<meta property=\"og:image\" content=\"https:\/\/sklep.globtree.pl\/wp-content\/uploads\/2023\/10\/550-1.webp\" \/>\n\t<meta property=\"og:image:width\" content=\"712\" \/>\n\t<meta property=\"og:image:height\" content=\"712\" \/>\n\t<meta property=\"og:image:type\" content=\"image\/webp\" \/>\n<meta name=\"twitter:card\" content=\"summary_large_image\" \/>\n<meta name=\"twitter:label1\" content=\"Est. reading time\" \/>\n\t<meta name=\"twitter:data1\" content=\"2 minutes\" \/>\n<script type=\"application\/ld+json\" class=\"yoast-schema-graph\">{\"@context\":\"https:\/\/schema.org\",\"@graph\":[{\"@type\":[\"WebPage\",\"ItemPage\"],\"@id\":\"https:\/\/sklep.globtree.pl\/produkt\/cieplomierz-ultraheat-t550\/\",\"url\":\"https:\/\/sklep.globtree.pl\/produkt\/cieplomierz-ultraheat-t550\/\",\"name\":\"Heat meter ULTRAHEAT T550 | Sklep GlobTree\",\"isPartOf\":{\"@id\":\"https:\/\/sklep.globtree.pl\/#website\"},\"primaryImageOfPage\":{\"@id\":\"https:\/\/sklep.globtree.pl\/produkt\/cieplomierz-ultraheat-t550\/#primaryimage\"},\"image\":{\"@id\":\"https:\/\/sklep.globtree.pl\/produkt\/cieplomierz-ultraheat-t550\/#primaryimage\"},\"thumbnailUrl\":\"https:\/\/sklep.globtree.pl\/wp-content\/uploads\/2023\/10\/550-1.webp\",\"datePublished\":\"2024-01-24T11:18:53+00:00\",\"dateModified\":\"2024-08-13T09:26:25+00:00\",\"description\":\"The T550 is an advanced ultrasonic heat, cooling, or combined (heat and cooling) meter for use in district heating and boiler plants\",\"breadcrumb\":{\"@id\":\"https:\/\/sklep.globtree.pl\/produkt\/cieplomierz-ultraheat-t550\/#breadcrumb\"},\"inLanguage\":\"en-US\",\"potentialAction\":[{\"@type\":\"ReadAction\",\"target\":[\"https:\/\/sklep.globtree.pl\/produkt\/cieplomierz-ultraheat-t550\/\"]}]},{\"@type\":\"ImageObject\",\"inLanguage\":\"en-US\",\"@id\":\"https:\/\/sklep.globtree.pl\/produkt\/cieplomierz-ultraheat-t550\/#primaryimage\",\"url\":\"https:\/\/sklep.globtree.pl\/wp-content\/uploads\/2023\/10\/550-1.webp\",\"contentUrl\":\"https:\/\/sklep.globtree.pl\/wp-content\/uploads\/2023\/10\/550-1.webp\",\"width\":712,\"height\":712,\"caption\":\"Ciep\u0142omierz ultrad\u017awi\u0119kowy T550\"},{\"@type\":\"BreadcrumbList\",\"@id\":\"https:\/\/sklep.globtree.pl\/produkt\/cieplomierz-ultraheat-t550\/#breadcrumb\",\"itemListElement\":[{\"@type\":\"ListItem\",\"position\":1,\"name\":\"Strona g\u0142\u00f3wna\",\"item\":\"https:\/\/sklep.globtree.pl\/en\/home-page\/\"},{\"@type\":\"ListItem\",\"position\":2,\"name\":\"Shop\",\"item\":\"https:\/\/sklep.globtree.pl\/en\/shop\/\"},{\"@type\":\"ListItem\",\"position\":3,\"name\":\"ULTRAHEAT T550\"}]},{\"@type\":\"WebSite\",\"@id\":\"https:\/\/sklep.globtree.pl\/#website\",\"url\":\"https:\/\/sklep.globtree.pl\/\",\"name\":\"Sklep GlobTree\",\"description\":\"Liczniki medi\u00f3w i urz\u0105dzenia telemetrii\",\"publisher\":{\"@id\":\"https:\/\/sklep.globtree.pl\/#organization\"},\"potentialAction\":[{\"@type\":\"SearchAction\",\"target\":{\"@type\":\"EntryPoint\",\"urlTemplate\":\"https:\/\/sklep.globtree.pl\/?s={search_term_string}\"},\"query-input\":{\"@type\":\"PropertyValueSpecification\",\"valueRequired\":true,\"valueName\":\"search_term_string\"}}],\"inLanguage\":\"en-US\"},{\"@type\":\"Organization\",\"@id\":\"https:\/\/sklep.globtree.pl\/#organization\",\"name\":\"Sklep GlobTree\",\"url\":\"https:\/\/sklep.globtree.pl\/\",\"logo\":{\"@type\":\"ImageObject\",\"inLanguage\":\"en-US\",\"@id\":\"https:\/\/sklep.globtree.pl\/#\/schema\/logo\/image\/\",\"url\":\"https:\/\/sklep.globtree.pl\/wp-content\/uploads\/2023\/09\/cropped-GlobTree_logo-1.png\",\"contentUrl\":\"https:\/\/sklep.globtree.pl\/wp-content\/uploads\/2023\/09\/cropped-GlobTree_logo-1.png\",\"width\":400,\"height\":80,\"caption\":\"Sklep GlobTree\"},\"image\":{\"@id\":\"https:\/\/sklep.globtree.pl\/#\/schema\/logo\/image\/\"},\"sameAs\":[\"https:\/\/www.facebook.com\/netlandteam\/\",\"https:\/\/pl.linkedin.com\/company\/globtree-sp-z-o-o\"]}]}<\/script>\n<!-- \/ Yoast SEO plugin. -->","yoast_head_json":{"title":"Heat meter ULTRAHEAT T550 | Sklep GlobTree","description":"The T550 is an advanced ultrasonic heat, cooling, or combined (heat and cooling) meter for use in district heating and boiler plants","robots":{"index":"index","follow":"follow","max-snippet":"max-snippet:-1","max-image-preview":"max-image-preview:large","max-video-preview":"max-video-preview:-1"},"canonical":"https:\/\/sklep.globtree.pl\/produkt\/cieplomierz-ultraheat-t550\/","og_locale":"en_US","og_type":"article","og_title":"Heat meter ULTRAHEAT T550 | Sklep GlobTree","og_description":"The T550 is an advanced ultrasonic heat, cooling, or combined (heat and cooling) meter for use in district heating and boiler plants","og_url":"https:\/\/sklep.globtree.pl\/produkt\/cieplomierz-ultraheat-t550\/","og_site_name":"Sklep GlobTree","article_publisher":"https:\/\/www.facebook.com\/netlandteam\/","article_modified_time":"2024-08-13T09:26:25+00:00","og_image":[{"width":712,"height":712,"url":"https:\/\/sklep.globtree.pl\/wp-content\/uploads\/2023\/10\/550-1.webp","type":"image\/webp"}],"twitter_card":"summary_large_image","twitter_misc":{"Est. reading time":"2 minutes"},"schema":{"@context":"https:\/\/schema.org","@graph":[{"@type":["WebPage","ItemPage"],"@id":"https:\/\/sklep.globtree.pl\/produkt\/cieplomierz-ultraheat-t550\/","url":"https:\/\/sklep.globtree.pl\/produkt\/cieplomierz-ultraheat-t550\/","name":"Heat meter ULTRAHEAT T550 | Sklep GlobTree","isPartOf":{"@id":"https:\/\/sklep.globtree.pl\/#website"},"primaryImageOfPage":{"@id":"https:\/\/sklep.globtree.pl\/produkt\/cieplomierz-ultraheat-t550\/#primaryimage"},"image":{"@id":"https:\/\/sklep.globtree.pl\/produkt\/cieplomierz-ultraheat-t550\/#primaryimage"},"thumbnailUrl":"https:\/\/sklep.globtree.pl\/wp-content\/uploads\/2023\/10\/550-1.webp","datePublished":"2024-01-24T11:18:53+00:00","dateModified":"2024-08-13T09:26:25+00:00","description":"The T550 is an advanced ultrasonic heat, cooling, or combined (heat and cooling) meter for use in district heating and boiler plants","breadcrumb":{"@id":"https:\/\/sklep.globtree.pl\/produkt\/cieplomierz-ultraheat-t550\/#breadcrumb"},"inLanguage":"en-US","potentialAction":[{"@type":"ReadAction","target":["https:\/\/sklep.globtree.pl\/produkt\/cieplomierz-ultraheat-t550\/"]}]},{"@type":"ImageObject","inLanguage":"en-US","@id":"https:\/\/sklep.globtree.pl\/produkt\/cieplomierz-ultraheat-t550\/#primaryimage","url":"https:\/\/sklep.globtree.pl\/wp-content\/uploads\/2023\/10\/550-1.webp","contentUrl":"https:\/\/sklep.globtree.pl\/wp-content\/uploads\/2023\/10\/550-1.webp","width":712,"height":712,"caption":"Ciep\u0142omierz ultrad\u017awi\u0119kowy T550"},{"@type":"BreadcrumbList","@id":"https:\/\/sklep.globtree.pl\/produkt\/cieplomierz-ultraheat-t550\/#breadcrumb","itemListElement":[{"@type":"ListItem","position":1,"name":"Strona g\u0142\u00f3wna","item":"https:\/\/sklep.globtree.pl\/en\/home-page\/"},{"@type":"ListItem","position":2,"name":"Shop","item":"https:\/\/sklep.globtree.pl\/en\/shop\/"},{"@type":"ListItem","position":3,"name":"ULTRAHEAT T550"}]},{"@type":"WebSite","@id":"https:\/\/sklep.globtree.pl\/#website","url":"https:\/\/sklep.globtree.pl\/","name":"Sklep GlobTree","description":"Liczniki medi\u00f3w i urz\u0105dzenia telemetrii","publisher":{"@id":"https:\/\/sklep.globtree.pl\/#organization"},"potentialAction":[{"@type":"SearchAction","target":{"@type":"EntryPoint","urlTemplate":"https:\/\/sklep.globtree.pl\/?s={search_term_string}"},"query-input":{"@type":"PropertyValueSpecification","valueRequired":true,"valueName":"search_term_string"}}],"inLanguage":"en-US"},{"@type":"Organization","@id":"https:\/\/sklep.globtree.pl\/#organization","name":"Sklep GlobTree","url":"https:\/\/sklep.globtree.pl\/","logo":{"@type":"ImageObject","inLanguage":"en-US","@id":"https:\/\/sklep.globtree.pl\/#\/schema\/logo\/image\/","url":"https:\/\/sklep.globtree.pl\/wp-content\/uploads\/2023\/09\/cropped-GlobTree_logo-1.png","contentUrl":"https:\/\/sklep.globtree.pl\/wp-content\/uploads\/2023\/09\/cropped-GlobTree_logo-1.png","width":400,"height":80,"caption":"Sklep GlobTree"},"image":{"@id":"https:\/\/sklep.globtree.pl\/#\/schema\/logo\/image\/"},"sameAs":["https:\/\/www.facebook.com\/netlandteam\/","https:\/\/pl.linkedin.com\/company\/globtree-sp-z-o-o"]}]}},"_links":{"self":[{"href":"https:\/\/sklep.globtree.pl\/en\/wp-json\/wp\/v2\/product\/1816","targetHints":{"allow":["GET"]}}],"collection":[{"href":"https:\/\/sklep.globtree.pl\/en\/wp-json\/wp\/v2\/product"}],"about":[{"href":"https:\/\/sklep.globtree.pl\/en\/wp-json\/wp\/v2\/types\/product"}],"wp:featuredmedia":[{"embeddable":true,"href":"https:\/\/sklep.globtree.pl\/en\/wp-json\/wp\/v2\/media\/1817"}],"wp:attachment":[{"href":"https:\/\/sklep.globtree.pl\/en\/wp-json\/wp\/v2\/media?parent=1816"}],"wp:term":[{"taxonomy":"product_brand","embeddable":true,"href":"https:\/\/sklep.globtree.pl\/en\/wp-json\/wp\/v2\/product_brand?post=1816"},{"taxonomy":"product_cat","embeddable":true,"href":"https:\/\/sklep.globtree.pl\/en\/wp-json\/wp\/v2\/product_cat?post=1816"},{"taxonomy":"product_tag","embeddable":true,"href":"https:\/\/sklep.globtree.pl\/en\/wp-json\/wp\/v2\/product_tag?post=1816"}],"curies":[{"name":"wp","href":"https:\/\/api.w.org\/{rel}","templated":true}]}}