


{"id":1894,"date":"2023-10-10T14:15:08","date_gmt":"2023-10-10T12:15:08","guid":{"rendered":"https:\/\/sklep.globtree.pl\/product\/ultraheat-t230\/"},"modified":"2024-11-14T23:00:35","modified_gmt":"2024-11-14T22:00:35","slug":"ultraheat-t230","status":"publish","type":"product","link":"https:\/\/sklep.globtree.pl\/en\/product\/ultraheat-t230\/","title":{"rendered":"ULTRAHEAT T230"},"content":{"rendered":"<div class=\"nolwrap\"><p>A state-of-the-art ultrasonic heat, cool or combo (heat and cool) meter, with a flow transducer made of fiberglass-reinforced composite, which has been specially designed and optimized for the requirements of building technology and plastic installations.<\/p>\n<p><strong>Main features:<\/strong><\/p>\n<ul>\n<li>Ultrasonic measurement &#8211; accurate and stable<\/li>\n<li>Large, easy-to-read display<\/li>\n<li>Memory of values for the last 24 months<\/li>\n<li>Intelligent, adaptive measurement mode<\/li>\n<li>Any way of installation, no straight sections<\/li>\n<li>Composite transducer-lightweight and durable<\/li>\n<li>Battery power 11 years also with communication<\/li>\n<li>Switchable mounting return &lt;&gt; power supply<\/li>\n<\/ul>\n<p><strong>Parameters specifications:<\/strong><\/p>\n<p><strong>General:<\/strong><\/p>\n<ul>\n<li>Measurement accuracy: Class 2 or 3 (EN 1434)<\/li>\n<li>Environmental class: A (EN 1434) for indoor use of pom.<\/li>\n<li>Mechanical class: M1*<\/li>\n<li>Electromagnetic class E1*<\/li>\n<li>Ambient humidity: &lt; 93 % relative, at 25 \u00b0C, non-condensing<\/li>\n<li>Altitude: 2,000 meters above sea level.<\/li>\n<li>Storage: -20 &#8230; 60 \u00b0C<\/li>\n<\/ul>\n<p>*according to 2014\/32\/EC MID<\/p>\n<p><strong>Power supply:<\/strong><\/p>\n<ul>\n<li>Bateryjne: Typ AA, litowo-jonowa<\/li>\n<li>Lithium content: 0.65 g per battery<\/li>\n<li>Number of batteries: 1 to 3, depending on configuration<\/li>\n<\/ul>\n<p>&nbsp;<\/p>\n<p>*For bulk purchases, we encourage you to contact us directly for pricing.<\/p>\n<p>\ud83d\udcde +48 89 612 07 30<\/p>\n<p>\ud83d\udce7 sklep@globtree.pl<\/p>\n<\/div>","protected":false},"excerpt":{"rendered":"<p>A state-of-the-art ultrasonic heat, cool or combo (heat and cool) meter, with a flow transducer made of fiberglass-reinforced composite, which has been specially designed and optimized for the requirements of building technology and plastic installations. Main features: Ultrasonic measurement &#8211; accurate and stable Large, easy-to-read display Memory of values for the last 24 months Intelligent, [&hellip;]<\/p>\n","protected":false},"featured_media":1640,"template":"","meta":[],"product_brand":[],"product_cat":[216],"product_tag":[232,233,234,281,282],"class_list":{"0":"post-1894","1":"product","2":"type-product","3":"status-publish","4":"has-post-thumbnail","6":"product_cat-heat-meters","7":"product_tag-heat-meter-en","8":"product_tag-heat-meter-en-2","9":"product_tag-heat-meter-en-3","10":"product_tag-landisgyr-t230-en","11":"product_tag-ultraheat-t230-en","13":"first","14":"outofstock","15":"taxable","16":"shipping-taxable","17":"purchasable","18":"product-type-variable"},"yoast_head":"<!-- This site is optimized with the Yoast SEO plugin v26.4 - https:\/\/yoast.com\/wordpress\/plugins\/seo\/ -->\n<title>Heat meter ULTRAHEAT T230 | Sklep GlobTree<\/title>\n<meta name=\"description\" content=\"State-of-the-art ultrasonic meter for heat, cold or combo (heat and cold), with flow transducer made of glass fiber reinforced composite material\" \/>\n<meta name=\"robots\" content=\"index, follow, max-snippet:-1, max-image-preview:large, max-video-preview:-1\" \/>\n<link rel=\"canonical\" href=\"https:\/\/sklep.globtree.pl\/produkt\/cieplomierz-ultraheat-t230\/\" \/>\n<meta property=\"og:locale\" content=\"en_US\" \/>\n<meta property=\"og:type\" content=\"article\" \/>\n<meta property=\"og:title\" content=\"Heat meter ULTRAHEAT T230 | Sklep GlobTree\" \/>\n<meta property=\"og:description\" content=\"State-of-the-art ultrasonic meter for heat, cold or combo (heat and cold), with flow transducer made of glass fiber reinforced composite material\" \/>\n<meta property=\"og:url\" content=\"https:\/\/sklep.globtree.pl\/produkt\/cieplomierz-ultraheat-t230\/\" \/>\n<meta property=\"og:site_name\" content=\"Sklep GlobTree\" \/>\n<meta property=\"article:publisher\" content=\"https:\/\/www.facebook.com\/netlandteam\/\" \/>\n<meta property=\"article:modified_time\" content=\"2024-11-14T22:00:35+00:00\" \/>\n<meta property=\"og:image\" content=\"https:\/\/sklep.globtree.pl\/wp-content\/uploads\/2023\/10\/230-2-300x300-1.webp\" \/>\n\t<meta property=\"og:image:width\" content=\"300\" \/>\n\t<meta property=\"og:image:height\" content=\"300\" \/>\n\t<meta property=\"og:image:type\" content=\"image\/webp\" \/>\n<meta name=\"twitter:card\" content=\"summary_large_image\" \/>\n<meta name=\"twitter:label1\" content=\"Est. reading time\" \/>\n\t<meta name=\"twitter:data1\" content=\"2 minutes\" \/>\n<script type=\"application\/ld+json\" class=\"yoast-schema-graph\">{\"@context\":\"https:\/\/schema.org\",\"@graph\":[{\"@type\":[\"WebPage\",\"ItemPage\"],\"@id\":\"https:\/\/sklep.globtree.pl\/produkt\/cieplomierz-ultraheat-t230\/\",\"url\":\"https:\/\/sklep.globtree.pl\/produkt\/cieplomierz-ultraheat-t230\/\",\"name\":\"Heat meter ULTRAHEAT T230 | Sklep GlobTree\",\"isPartOf\":{\"@id\":\"https:\/\/sklep.globtree.pl\/#website\"},\"primaryImageOfPage\":{\"@id\":\"https:\/\/sklep.globtree.pl\/produkt\/cieplomierz-ultraheat-t230\/#primaryimage\"},\"image\":{\"@id\":\"https:\/\/sklep.globtree.pl\/produkt\/cieplomierz-ultraheat-t230\/#primaryimage\"},\"thumbnailUrl\":\"https:\/\/sklep.globtree.pl\/wp-content\/uploads\/2023\/10\/230-2-300x300-1.webp\",\"datePublished\":\"2023-10-10T12:15:08+00:00\",\"dateModified\":\"2024-11-14T22:00:35+00:00\",\"description\":\"State-of-the-art ultrasonic meter for heat, cold or combo (heat and cold), with flow transducer made of glass fiber reinforced composite material\",\"breadcrumb\":{\"@id\":\"https:\/\/sklep.globtree.pl\/produkt\/cieplomierz-ultraheat-t230\/#breadcrumb\"},\"inLanguage\":\"en-US\",\"potentialAction\":[{\"@type\":\"ReadAction\",\"target\":[\"https:\/\/sklep.globtree.pl\/produkt\/cieplomierz-ultraheat-t230\/\"]}]},{\"@type\":\"ImageObject\",\"inLanguage\":\"en-US\",\"@id\":\"https:\/\/sklep.globtree.pl\/produkt\/cieplomierz-ultraheat-t230\/#primaryimage\",\"url\":\"https:\/\/sklep.globtree.pl\/wp-content\/uploads\/2023\/10\/230-2-300x300-1.webp\",\"contentUrl\":\"https:\/\/sklep.globtree.pl\/wp-content\/uploads\/2023\/10\/230-2-300x300-1.webp\",\"width\":300,\"height\":300,\"caption\":\"Ciep\u0142omierz ultrad\u017awi\u0119kowy T230\"},{\"@type\":\"BreadcrumbList\",\"@id\":\"https:\/\/sklep.globtree.pl\/produkt\/cieplomierz-ultraheat-t230\/#breadcrumb\",\"itemListElement\":[{\"@type\":\"ListItem\",\"position\":1,\"name\":\"Strona g\u0142\u00f3wna\",\"item\":\"https:\/\/sklep.globtree.pl\/en\/home-page\/\"},{\"@type\":\"ListItem\",\"position\":2,\"name\":\"Shop\",\"item\":\"https:\/\/sklep.globtree.pl\/en\/shop\/\"},{\"@type\":\"ListItem\",\"position\":3,\"name\":\"ULTRAHEAT T230\"}]},{\"@type\":\"WebSite\",\"@id\":\"https:\/\/sklep.globtree.pl\/#website\",\"url\":\"https:\/\/sklep.globtree.pl\/\",\"name\":\"Sklep GlobTree\",\"description\":\"Liczniki medi\u00f3w i urz\u0105dzenia telemetrii\",\"publisher\":{\"@id\":\"https:\/\/sklep.globtree.pl\/#organization\"},\"potentialAction\":[{\"@type\":\"SearchAction\",\"target\":{\"@type\":\"EntryPoint\",\"urlTemplate\":\"https:\/\/sklep.globtree.pl\/?s={search_term_string}\"},\"query-input\":{\"@type\":\"PropertyValueSpecification\",\"valueRequired\":true,\"valueName\":\"search_term_string\"}}],\"inLanguage\":\"en-US\"},{\"@type\":\"Organization\",\"@id\":\"https:\/\/sklep.globtree.pl\/#organization\",\"name\":\"Sklep GlobTree\",\"url\":\"https:\/\/sklep.globtree.pl\/\",\"logo\":{\"@type\":\"ImageObject\",\"inLanguage\":\"en-US\",\"@id\":\"https:\/\/sklep.globtree.pl\/#\/schema\/logo\/image\/\",\"url\":\"https:\/\/sklep.globtree.pl\/wp-content\/uploads\/2023\/09\/cropped-GlobTree_logo-1.png\",\"contentUrl\":\"https:\/\/sklep.globtree.pl\/wp-content\/uploads\/2023\/09\/cropped-GlobTree_logo-1.png\",\"width\":400,\"height\":80,\"caption\":\"Sklep GlobTree\"},\"image\":{\"@id\":\"https:\/\/sklep.globtree.pl\/#\/schema\/logo\/image\/\"},\"sameAs\":[\"https:\/\/www.facebook.com\/netlandteam\/\",\"https:\/\/pl.linkedin.com\/company\/globtree-sp-z-o-o\"]}]}<\/script>\n<!-- \/ Yoast SEO plugin. -->","yoast_head_json":{"title":"Heat meter ULTRAHEAT T230 | Sklep GlobTree","description":"State-of-the-art ultrasonic meter for heat, cold or combo (heat and cold), with flow transducer made of glass fiber reinforced composite material","robots":{"index":"index","follow":"follow","max-snippet":"max-snippet:-1","max-image-preview":"max-image-preview:large","max-video-preview":"max-video-preview:-1"},"canonical":"https:\/\/sklep.globtree.pl\/produkt\/cieplomierz-ultraheat-t230\/","og_locale":"en_US","og_type":"article","og_title":"Heat meter ULTRAHEAT T230 | Sklep GlobTree","og_description":"State-of-the-art ultrasonic meter for heat, cold or combo (heat and cold), with flow transducer made of glass fiber reinforced composite material","og_url":"https:\/\/sklep.globtree.pl\/produkt\/cieplomierz-ultraheat-t230\/","og_site_name":"Sklep GlobTree","article_publisher":"https:\/\/www.facebook.com\/netlandteam\/","article_modified_time":"2024-11-14T22:00:35+00:00","og_image":[{"width":300,"height":300,"url":"https:\/\/sklep.globtree.pl\/wp-content\/uploads\/2023\/10\/230-2-300x300-1.webp","type":"image\/webp"}],"twitter_card":"summary_large_image","twitter_misc":{"Est. reading time":"2 minutes"},"schema":{"@context":"https:\/\/schema.org","@graph":[{"@type":["WebPage","ItemPage"],"@id":"https:\/\/sklep.globtree.pl\/produkt\/cieplomierz-ultraheat-t230\/","url":"https:\/\/sklep.globtree.pl\/produkt\/cieplomierz-ultraheat-t230\/","name":"Heat meter ULTRAHEAT T230 | Sklep GlobTree","isPartOf":{"@id":"https:\/\/sklep.globtree.pl\/#website"},"primaryImageOfPage":{"@id":"https:\/\/sklep.globtree.pl\/produkt\/cieplomierz-ultraheat-t230\/#primaryimage"},"image":{"@id":"https:\/\/sklep.globtree.pl\/produkt\/cieplomierz-ultraheat-t230\/#primaryimage"},"thumbnailUrl":"https:\/\/sklep.globtree.pl\/wp-content\/uploads\/2023\/10\/230-2-300x300-1.webp","datePublished":"2023-10-10T12:15:08+00:00","dateModified":"2024-11-14T22:00:35+00:00","description":"State-of-the-art ultrasonic meter for heat, cold or combo (heat and cold), with flow transducer made of glass fiber reinforced composite material","breadcrumb":{"@id":"https:\/\/sklep.globtree.pl\/produkt\/cieplomierz-ultraheat-t230\/#breadcrumb"},"inLanguage":"en-US","potentialAction":[{"@type":"ReadAction","target":["https:\/\/sklep.globtree.pl\/produkt\/cieplomierz-ultraheat-t230\/"]}]},{"@type":"ImageObject","inLanguage":"en-US","@id":"https:\/\/sklep.globtree.pl\/produkt\/cieplomierz-ultraheat-t230\/#primaryimage","url":"https:\/\/sklep.globtree.pl\/wp-content\/uploads\/2023\/10\/230-2-300x300-1.webp","contentUrl":"https:\/\/sklep.globtree.pl\/wp-content\/uploads\/2023\/10\/230-2-300x300-1.webp","width":300,"height":300,"caption":"Ciep\u0142omierz ultrad\u017awi\u0119kowy T230"},{"@type":"BreadcrumbList","@id":"https:\/\/sklep.globtree.pl\/produkt\/cieplomierz-ultraheat-t230\/#breadcrumb","itemListElement":[{"@type":"ListItem","position":1,"name":"Strona g\u0142\u00f3wna","item":"https:\/\/sklep.globtree.pl\/en\/home-page\/"},{"@type":"ListItem","position":2,"name":"Shop","item":"https:\/\/sklep.globtree.pl\/en\/shop\/"},{"@type":"ListItem","position":3,"name":"ULTRAHEAT T230"}]},{"@type":"WebSite","@id":"https:\/\/sklep.globtree.pl\/#website","url":"https:\/\/sklep.globtree.pl\/","name":"Sklep GlobTree","description":"Liczniki medi\u00f3w i urz\u0105dzenia telemetrii","publisher":{"@id":"https:\/\/sklep.globtree.pl\/#organization"},"potentialAction":[{"@type":"SearchAction","target":{"@type":"EntryPoint","urlTemplate":"https:\/\/sklep.globtree.pl\/?s={search_term_string}"},"query-input":{"@type":"PropertyValueSpecification","valueRequired":true,"valueName":"search_term_string"}}],"inLanguage":"en-US"},{"@type":"Organization","@id":"https:\/\/sklep.globtree.pl\/#organization","name":"Sklep GlobTree","url":"https:\/\/sklep.globtree.pl\/","logo":{"@type":"ImageObject","inLanguage":"en-US","@id":"https:\/\/sklep.globtree.pl\/#\/schema\/logo\/image\/","url":"https:\/\/sklep.globtree.pl\/wp-content\/uploads\/2023\/09\/cropped-GlobTree_logo-1.png","contentUrl":"https:\/\/sklep.globtree.pl\/wp-content\/uploads\/2023\/09\/cropped-GlobTree_logo-1.png","width":400,"height":80,"caption":"Sklep GlobTree"},"image":{"@id":"https:\/\/sklep.globtree.pl\/#\/schema\/logo\/image\/"},"sameAs":["https:\/\/www.facebook.com\/netlandteam\/","https:\/\/pl.linkedin.com\/company\/globtree-sp-z-o-o"]}]}},"_links":{"self":[{"href":"https:\/\/sklep.globtree.pl\/en\/wp-json\/wp\/v2\/product\/1894","targetHints":{"allow":["GET"]}}],"collection":[{"href":"https:\/\/sklep.globtree.pl\/en\/wp-json\/wp\/v2\/product"}],"about":[{"href":"https:\/\/sklep.globtree.pl\/en\/wp-json\/wp\/v2\/types\/product"}],"wp:featuredmedia":[{"embeddable":true,"href":"https:\/\/sklep.globtree.pl\/en\/wp-json\/wp\/v2\/media\/1640"}],"wp:attachment":[{"href":"https:\/\/sklep.globtree.pl\/en\/wp-json\/wp\/v2\/media?parent=1894"}],"wp:term":[{"taxonomy":"product_brand","embeddable":true,"href":"https:\/\/sklep.globtree.pl\/en\/wp-json\/wp\/v2\/product_brand?post=1894"},{"taxonomy":"product_cat","embeddable":true,"href":"https:\/\/sklep.globtree.pl\/en\/wp-json\/wp\/v2\/product_cat?post=1894"},{"taxonomy":"product_tag","embeddable":true,"href":"https:\/\/sklep.globtree.pl\/en\/wp-json\/wp\/v2\/product_tag?post=1894"}],"curies":[{"name":"wp","href":"https:\/\/api.w.org\/{rel}","templated":true}]}}