


{"id":1923,"date":"2023-10-10T14:21:03","date_gmt":"2023-10-10T12:21:03","guid":{"rendered":"https:\/\/sklep.globtree.pl\/product\/ultraheat-t330\/"},"modified":"2024-08-13T11:24:03","modified_gmt":"2024-08-13T09:24:03","slug":"ultraheat-t330","status":"publish","type":"product","link":"https:\/\/sklep.globtree.pl\/en\/product\/ultraheat-t330\/","title":{"rendered":"ULTRAHEAT T330"},"content":{"rendered":"<div class=\"nolwrap\"><p>The T330 compact ultrasonic heat meter is designed for measuring heat flow and consumption in residential heating systems where the medium is water. It is also available as a cooling meter. The T330 heat meter measures flow based on the ultrasonic method, which has high measurement accuracy. The device consists of a flow transducer, two temperature sensors and an electronic circuit that calculates energy consumption from the volume of the medium and the temperature difference. The flow transducer is made entirely of metal.<\/p>\n<p><strong>Main features<\/strong><\/p>\n<ul>\n<li>Ultrasonic measurement-accurate and stable<\/li>\n<li>No moving, wearing parts<\/li>\n<li>Large, easy-to-read display<\/li>\n<li>Memory of values for the last 24 months<\/li>\n<li>Intelligent, adaptive measurement mode<\/li>\n<li>Any way of installation, no straight sections<\/li>\n<li>Metal flow transducer with patented<\/li>\n<li>DuraSurface\u2122 surface<\/li>\n<li>Battery power 11 years also with communication<\/li>\n<li>Prze\u0142\u0105czalny kierunek monta\u017cu powr\u00f3t &lt;&gt; zasilanie<\/li>\n<\/ul>\n<p>&nbsp;<\/p>\n<p><strong>Technical parameters:<\/strong><\/p>\n<p><strong>General:<\/strong><\/p>\n<ul>\n<li>Measurement accuracy: Class 2 or 3 (EN 1434)<\/li>\n<li>Environmental class: A (EN 1434) for indoor use of pom.<\/li>\n<li>Mechanical class: M1 \/ M2*<\/li>\n<li>Electromagnetic class: E1*<\/li>\n<li>Ambient humidity: &lt; 93 % relative, at 25 \u00b0C, non-condensing<\/li>\n<li>Altitude: 2,000 meters above sea level.<\/li>\n<\/ul>\n<p>*according to 2014\/32\/EC MID<\/p>\n<p><strong>Power supply:<\/strong><\/p>\n<ul>\n<li>Battery-powered Type AA, lithium-ion<\/li>\n<li>Lithium content 0.65 g per battery<\/li>\n<li>Number of batteries 1 &#8211; 3, depending on configuration<\/li>\n<\/ul>\n<p>&nbsp;<\/p>\n<p>*For bulk purchases, we encourage you to contact us directly for pricing.<\/p>\n<p>\ud83d\udcde +48 89 612 07 30<\/p>\n<p>\ud83d\udce7 sklep@globtree.pl<\/p>\n<\/div>","protected":false},"excerpt":{"rendered":"<p>The T330 compact ultrasonic heat meter is designed for measuring heat flow and consumption in residential heating systems where the medium is water. It is also available as a cooling meter. The T330 heat meter measures flow based on the ultrasonic method, which has high measurement accuracy. The device consists of a flow transducer, two [&hellip;]<\/p>\n","protected":false},"featured_media":1644,"template":"","meta":[],"product_brand":[],"product_cat":[216],"product_tag":[232,233,234,284,283],"class_list":{"0":"post-1923","1":"product","2":"type-product","3":"status-publish","4":"has-post-thumbnail","6":"product_cat-heat-meters","7":"product_tag-heat-meter-en","8":"product_tag-heat-meter-en-2","9":"product_tag-heat-meter-en-3","10":"product_tag-landisgyr-t330-en","11":"product_tag-ultraheat-t330-en","13":"first","14":"outofstock","15":"taxable","16":"shipping-taxable","17":"purchasable","18":"product-type-variable"},"yoast_head":"<!-- This site is optimized with the Yoast SEO plugin v26.4 - https:\/\/yoast.com\/wordpress\/plugins\/seo\/ -->\n<title>Heat meter ULTRAHEAT T330 | Sklep GlobTree<\/title>\n<meta name=\"description\" content=\"T330 compact ultrasonic heat meter is designed to measure heat flow and consumption in residential heating systems\" \/>\n<meta name=\"robots\" content=\"index, follow, max-snippet:-1, max-image-preview:large, max-video-preview:-1\" \/>\n<link rel=\"canonical\" href=\"https:\/\/sklep.globtree.pl\/produkt\/cieplomierz-ultraheat-t330\/\" \/>\n<meta property=\"og:locale\" content=\"en_US\" \/>\n<meta property=\"og:type\" content=\"article\" \/>\n<meta property=\"og:title\" content=\"Heat meter ULTRAHEAT T330 | Sklep GlobTree\" \/>\n<meta property=\"og:description\" content=\"T330 compact ultrasonic heat meter is designed to measure heat flow and consumption in residential heating systems\" \/>\n<meta property=\"og:url\" content=\"https:\/\/sklep.globtree.pl\/produkt\/cieplomierz-ultraheat-t330\/\" \/>\n<meta property=\"og:site_name\" content=\"Sklep GlobTree\" \/>\n<meta property=\"article:publisher\" content=\"https:\/\/www.facebook.com\/netlandteam\/\" \/>\n<meta property=\"article:modified_time\" content=\"2024-08-13T09:24:03+00:00\" \/>\n<meta property=\"og:image\" content=\"https:\/\/sklep.globtree.pl\/wp-content\/uploads\/2023\/10\/330-4-300x300-1.webp\" \/>\n\t<meta property=\"og:image:width\" content=\"300\" \/>\n\t<meta property=\"og:image:height\" content=\"300\" \/>\n\t<meta property=\"og:image:type\" content=\"image\/webp\" \/>\n<meta name=\"twitter:card\" content=\"summary_large_image\" \/>\n<meta name=\"twitter:label1\" content=\"Est. reading time\" \/>\n\t<meta name=\"twitter:data1\" content=\"2 minutes\" \/>\n<script type=\"application\/ld+json\" class=\"yoast-schema-graph\">{\"@context\":\"https:\/\/schema.org\",\"@graph\":[{\"@type\":[\"WebPage\",\"ItemPage\"],\"@id\":\"https:\/\/sklep.globtree.pl\/produkt\/cieplomierz-ultraheat-t330\/\",\"url\":\"https:\/\/sklep.globtree.pl\/produkt\/cieplomierz-ultraheat-t330\/\",\"name\":\"Heat meter ULTRAHEAT T330 | Sklep GlobTree\",\"isPartOf\":{\"@id\":\"https:\/\/sklep.globtree.pl\/#website\"},\"primaryImageOfPage\":{\"@id\":\"https:\/\/sklep.globtree.pl\/produkt\/cieplomierz-ultraheat-t330\/#primaryimage\"},\"image\":{\"@id\":\"https:\/\/sklep.globtree.pl\/produkt\/cieplomierz-ultraheat-t330\/#primaryimage\"},\"thumbnailUrl\":\"https:\/\/sklep.globtree.pl\/wp-content\/uploads\/2023\/10\/330-4-300x300-1.webp\",\"datePublished\":\"2023-10-10T12:21:03+00:00\",\"dateModified\":\"2024-08-13T09:24:03+00:00\",\"description\":\"T330 compact ultrasonic heat meter is designed to measure heat flow and consumption in residential heating systems\",\"breadcrumb\":{\"@id\":\"https:\/\/sklep.globtree.pl\/produkt\/cieplomierz-ultraheat-t330\/#breadcrumb\"},\"inLanguage\":\"en-US\",\"potentialAction\":[{\"@type\":\"ReadAction\",\"target\":[\"https:\/\/sklep.globtree.pl\/produkt\/cieplomierz-ultraheat-t330\/\"]}]},{\"@type\":\"ImageObject\",\"inLanguage\":\"en-US\",\"@id\":\"https:\/\/sklep.globtree.pl\/produkt\/cieplomierz-ultraheat-t330\/#primaryimage\",\"url\":\"https:\/\/sklep.globtree.pl\/wp-content\/uploads\/2023\/10\/330-4-300x300-1.webp\",\"contentUrl\":\"https:\/\/sklep.globtree.pl\/wp-content\/uploads\/2023\/10\/330-4-300x300-1.webp\",\"width\":300,\"height\":300,\"caption\":\"Ciep\u0142omierz ultrad\u017awi\u0119kowy T330\"},{\"@type\":\"BreadcrumbList\",\"@id\":\"https:\/\/sklep.globtree.pl\/produkt\/cieplomierz-ultraheat-t330\/#breadcrumb\",\"itemListElement\":[{\"@type\":\"ListItem\",\"position\":1,\"name\":\"Strona g\u0142\u00f3wna\",\"item\":\"https:\/\/sklep.globtree.pl\/en\/home-page\/\"},{\"@type\":\"ListItem\",\"position\":2,\"name\":\"Shop\",\"item\":\"https:\/\/sklep.globtree.pl\/en\/shop\/\"},{\"@type\":\"ListItem\",\"position\":3,\"name\":\"ULTRAHEAT T330\"}]},{\"@type\":\"WebSite\",\"@id\":\"https:\/\/sklep.globtree.pl\/#website\",\"url\":\"https:\/\/sklep.globtree.pl\/\",\"name\":\"Sklep GlobTree\",\"description\":\"Liczniki medi\u00f3w i urz\u0105dzenia telemetrii\",\"publisher\":{\"@id\":\"https:\/\/sklep.globtree.pl\/#organization\"},\"potentialAction\":[{\"@type\":\"SearchAction\",\"target\":{\"@type\":\"EntryPoint\",\"urlTemplate\":\"https:\/\/sklep.globtree.pl\/?s={search_term_string}\"},\"query-input\":{\"@type\":\"PropertyValueSpecification\",\"valueRequired\":true,\"valueName\":\"search_term_string\"}}],\"inLanguage\":\"en-US\"},{\"@type\":\"Organization\",\"@id\":\"https:\/\/sklep.globtree.pl\/#organization\",\"name\":\"Sklep GlobTree\",\"url\":\"https:\/\/sklep.globtree.pl\/\",\"logo\":{\"@type\":\"ImageObject\",\"inLanguage\":\"en-US\",\"@id\":\"https:\/\/sklep.globtree.pl\/#\/schema\/logo\/image\/\",\"url\":\"https:\/\/sklep.globtree.pl\/wp-content\/uploads\/2023\/09\/cropped-GlobTree_logo-1.png\",\"contentUrl\":\"https:\/\/sklep.globtree.pl\/wp-content\/uploads\/2023\/09\/cropped-GlobTree_logo-1.png\",\"width\":400,\"height\":80,\"caption\":\"Sklep GlobTree\"},\"image\":{\"@id\":\"https:\/\/sklep.globtree.pl\/#\/schema\/logo\/image\/\"},\"sameAs\":[\"https:\/\/www.facebook.com\/netlandteam\/\",\"https:\/\/pl.linkedin.com\/company\/globtree-sp-z-o-o\"]}]}<\/script>\n<!-- \/ Yoast SEO plugin. -->","yoast_head_json":{"title":"Heat meter ULTRAHEAT T330 | Sklep GlobTree","description":"T330 compact ultrasonic heat meter is designed to measure heat flow and consumption in residential heating systems","robots":{"index":"index","follow":"follow","max-snippet":"max-snippet:-1","max-image-preview":"max-image-preview:large","max-video-preview":"max-video-preview:-1"},"canonical":"https:\/\/sklep.globtree.pl\/produkt\/cieplomierz-ultraheat-t330\/","og_locale":"en_US","og_type":"article","og_title":"Heat meter ULTRAHEAT T330 | Sklep GlobTree","og_description":"T330 compact ultrasonic heat meter is designed to measure heat flow and consumption in residential heating systems","og_url":"https:\/\/sklep.globtree.pl\/produkt\/cieplomierz-ultraheat-t330\/","og_site_name":"Sklep GlobTree","article_publisher":"https:\/\/www.facebook.com\/netlandteam\/","article_modified_time":"2024-08-13T09:24:03+00:00","og_image":[{"width":300,"height":300,"url":"https:\/\/sklep.globtree.pl\/wp-content\/uploads\/2023\/10\/330-4-300x300-1.webp","type":"image\/webp"}],"twitter_card":"summary_large_image","twitter_misc":{"Est. reading time":"2 minutes"},"schema":{"@context":"https:\/\/schema.org","@graph":[{"@type":["WebPage","ItemPage"],"@id":"https:\/\/sklep.globtree.pl\/produkt\/cieplomierz-ultraheat-t330\/","url":"https:\/\/sklep.globtree.pl\/produkt\/cieplomierz-ultraheat-t330\/","name":"Heat meter ULTRAHEAT T330 | Sklep GlobTree","isPartOf":{"@id":"https:\/\/sklep.globtree.pl\/#website"},"primaryImageOfPage":{"@id":"https:\/\/sklep.globtree.pl\/produkt\/cieplomierz-ultraheat-t330\/#primaryimage"},"image":{"@id":"https:\/\/sklep.globtree.pl\/produkt\/cieplomierz-ultraheat-t330\/#primaryimage"},"thumbnailUrl":"https:\/\/sklep.globtree.pl\/wp-content\/uploads\/2023\/10\/330-4-300x300-1.webp","datePublished":"2023-10-10T12:21:03+00:00","dateModified":"2024-08-13T09:24:03+00:00","description":"T330 compact ultrasonic heat meter is designed to measure heat flow and consumption in residential heating systems","breadcrumb":{"@id":"https:\/\/sklep.globtree.pl\/produkt\/cieplomierz-ultraheat-t330\/#breadcrumb"},"inLanguage":"en-US","potentialAction":[{"@type":"ReadAction","target":["https:\/\/sklep.globtree.pl\/produkt\/cieplomierz-ultraheat-t330\/"]}]},{"@type":"ImageObject","inLanguage":"en-US","@id":"https:\/\/sklep.globtree.pl\/produkt\/cieplomierz-ultraheat-t330\/#primaryimage","url":"https:\/\/sklep.globtree.pl\/wp-content\/uploads\/2023\/10\/330-4-300x300-1.webp","contentUrl":"https:\/\/sklep.globtree.pl\/wp-content\/uploads\/2023\/10\/330-4-300x300-1.webp","width":300,"height":300,"caption":"Ciep\u0142omierz ultrad\u017awi\u0119kowy T330"},{"@type":"BreadcrumbList","@id":"https:\/\/sklep.globtree.pl\/produkt\/cieplomierz-ultraheat-t330\/#breadcrumb","itemListElement":[{"@type":"ListItem","position":1,"name":"Strona g\u0142\u00f3wna","item":"https:\/\/sklep.globtree.pl\/en\/home-page\/"},{"@type":"ListItem","position":2,"name":"Shop","item":"https:\/\/sklep.globtree.pl\/en\/shop\/"},{"@type":"ListItem","position":3,"name":"ULTRAHEAT T330"}]},{"@type":"WebSite","@id":"https:\/\/sklep.globtree.pl\/#website","url":"https:\/\/sklep.globtree.pl\/","name":"Sklep GlobTree","description":"Liczniki medi\u00f3w i urz\u0105dzenia telemetrii","publisher":{"@id":"https:\/\/sklep.globtree.pl\/#organization"},"potentialAction":[{"@type":"SearchAction","target":{"@type":"EntryPoint","urlTemplate":"https:\/\/sklep.globtree.pl\/?s={search_term_string}"},"query-input":{"@type":"PropertyValueSpecification","valueRequired":true,"valueName":"search_term_string"}}],"inLanguage":"en-US"},{"@type":"Organization","@id":"https:\/\/sklep.globtree.pl\/#organization","name":"Sklep GlobTree","url":"https:\/\/sklep.globtree.pl\/","logo":{"@type":"ImageObject","inLanguage":"en-US","@id":"https:\/\/sklep.globtree.pl\/#\/schema\/logo\/image\/","url":"https:\/\/sklep.globtree.pl\/wp-content\/uploads\/2023\/09\/cropped-GlobTree_logo-1.png","contentUrl":"https:\/\/sklep.globtree.pl\/wp-content\/uploads\/2023\/09\/cropped-GlobTree_logo-1.png","width":400,"height":80,"caption":"Sklep GlobTree"},"image":{"@id":"https:\/\/sklep.globtree.pl\/#\/schema\/logo\/image\/"},"sameAs":["https:\/\/www.facebook.com\/netlandteam\/","https:\/\/pl.linkedin.com\/company\/globtree-sp-z-o-o"]}]}},"_links":{"self":[{"href":"https:\/\/sklep.globtree.pl\/en\/wp-json\/wp\/v2\/product\/1923","targetHints":{"allow":["GET"]}}],"collection":[{"href":"https:\/\/sklep.globtree.pl\/en\/wp-json\/wp\/v2\/product"}],"about":[{"href":"https:\/\/sklep.globtree.pl\/en\/wp-json\/wp\/v2\/types\/product"}],"wp:featuredmedia":[{"embeddable":true,"href":"https:\/\/sklep.globtree.pl\/en\/wp-json\/wp\/v2\/media\/1644"}],"wp:attachment":[{"href":"https:\/\/sklep.globtree.pl\/en\/wp-json\/wp\/v2\/media?parent=1923"}],"wp:term":[{"taxonomy":"product_brand","embeddable":true,"href":"https:\/\/sklep.globtree.pl\/en\/wp-json\/wp\/v2\/product_brand?post=1923"},{"taxonomy":"product_cat","embeddable":true,"href":"https:\/\/sklep.globtree.pl\/en\/wp-json\/wp\/v2\/product_cat?post=1923"},{"taxonomy":"product_tag","embeddable":true,"href":"https:\/\/sklep.globtree.pl\/en\/wp-json\/wp\/v2\/product_tag?post=1923"}],"curies":[{"name":"wp","href":"https:\/\/api.w.org\/{rel}","templated":true}]}}