


{"id":1967,"date":"2023-09-28T13:04:53","date_gmt":"2023-09-28T11:04:53","guid":{"rendered":"https:\/\/sklep.globtree.pl\/product\/ruto-telemetry-head\/"},"modified":"2024-08-08T11:06:52","modified_gmt":"2024-08-08T09:06:52","slug":"ruto-telemetry-head","status":"publish","type":"product","link":"https:\/\/sklep.globtree.pl\/en\/product\/ruto-telemetry-head\/","title":{"rendered":"RUTO Telemetry Head"},"content":{"rendered":"<div class=\"nolwrap\"><p>RUTO telemetry head allows quick and easy reading by means of a collection method, water, heat meters equipped with Wireless M-Bus OMS radio module. The radio head listens for and receives radio frames from measuring devices. Through Bluetooth communication, the head sends data to the mobile app, which is then stored in the phone&#8217;s memory. Dane pomiarowe zgromadzone na urz\u0105dzeniu mobilnym przesy\u0142ane s\u0105 do systemu GlobTree. Data can be collected both on foot &#8211; the walk-by system &#8211; and by detour &#8211; the drive-by system, covering collection routes. Radio reading takes much less time, and the digital method of data exchange eliminates manual data entry errors.<\/p>\n<p><strong>Parameters<\/strong><strong> specifications:<\/strong><\/p>\n<ul>\n<li>Power supply: 3.7V 1500 mAh lithium-polymer battery<\/li>\n<li>Operating temperature: -20\u00b0C &#8211; 55\u00b0C<\/li>\n<li>Communication: wM-Bus 868.95 MHz \/ Bluetooth Low Energy<\/li>\n<li>Antenna: external<\/li>\n<\/ul>\n<p><strong>Wireless M-Bus &#8211; RECEIVER:<\/strong><\/p>\n<ul>\n<li>Frequency: 868.30MHz (868.00 MHz to 869.60 MHz)<\/li>\n<li>Receiver range:<\/li>\n<\/ul>\n<p>&#8211; Free space &#8211; up to 800 m<\/p>\n<p>&#8211; Inside the building &#8211; up to 30 m<\/p>\n<ul>\n<li>Communication mode: wM-Bus OMS modes T1 and C1<\/li>\n<li>Encryption: AES: Advanced Encryption Standard &#8211; key length 128 bit<\/li>\n<\/ul>\n<p><strong>Bluetooth Low Energy:<\/strong><\/p>\n<ul>\n<li>Wersja BLE: 5.2<\/li>\n<li>Zasi\u0119g: &lt;100m<\/li>\n<\/ul>\n<p>&nbsp;<\/p>\n<p>*For bulk purchases, we encourage you to contact us directly for pricing.<\/p>\n<p>\ud83d\udcde 89 612 07 30<\/p>\n<p>\ud83d\udce7 sklep@globtree.pl<\/p>\n<\/div>","protected":false},"excerpt":{"rendered":"<p>RUTO telemetry head allows quick and easy reading by means of a collection method, water, heat meters equipped with Wireless M-Bus OMS radio module. The radio head listens for and receives radio frames from measuring devices. Through Bluetooth communication, the head sends data to the mobile app, which is then stored in the phone&#8217;s memory. [&hellip;]<\/p>\n","protected":false},"featured_media":1747,"template":"","meta":[],"product_brand":[],"product_cat":[218],"product_tag":[287,285,286,264],"class_list":{"0":"post-1967","1":"product","2":"type-product","3":"status-publish","4":"has-post-thumbnail","6":"product_cat-transmission-equipment","7":"product_tag-bluetooth-en","8":"product_tag-head-inkasen","9":"product_tag-head-ruto","10":"product_tag-wmbus-en","12":"first","13":"instock","14":"featured","15":"taxable","16":"shipping-taxable","17":"purchasable","18":"product-type-simple"},"yoast_head":"<!-- This site is optimized with the Yoast SEO plugin v26.4 - https:\/\/yoast.com\/wordpress\/plugins\/seo\/ -->\n<title>RUTO Telemetry Head | Sklep GlobTree<\/title>\n<meta name=\"description\" content=\"RUTO telemetry head allows quick and easy reading by means of a collection method, water, heat meters equipped with Wireless M-Bus OMS radio module.\" \/>\n<meta name=\"robots\" content=\"index, follow, max-snippet:-1, max-image-preview:large, max-video-preview:-1\" \/>\n<link rel=\"canonical\" href=\"https:\/\/sklep.globtree.pl\/produkt\/glowica-inkasencka\/\" \/>\n<meta property=\"og:locale\" content=\"en_US\" \/>\n<meta property=\"og:type\" content=\"article\" \/>\n<meta property=\"og:title\" content=\"RUTO Telemetry Head | Sklep GlobTree\" \/>\n<meta property=\"og:description\" content=\"RUTO telemetry head allows quick and easy reading by means of a collection method, water, heat meters equipped with Wireless M-Bus OMS radio module.\" \/>\n<meta property=\"og:url\" content=\"https:\/\/sklep.globtree.pl\/produkt\/glowica-inkasencka\/\" \/>\n<meta property=\"og:site_name\" content=\"Sklep GlobTree\" \/>\n<meta property=\"article:publisher\" content=\"https:\/\/www.facebook.com\/netlandteam\/\" \/>\n<meta property=\"article:modified_time\" content=\"2024-08-08T09:06:52+00:00\" \/>\n<meta property=\"og:image\" content=\"https:\/\/sklep.globtree.pl\/wp-content\/uploads\/2023\/09\/ruto2-300x300-1.webp\" \/>\n\t<meta property=\"og:image:width\" content=\"300\" \/>\n\t<meta property=\"og:image:height\" content=\"300\" \/>\n\t<meta property=\"og:image:type\" content=\"image\/webp\" \/>\n<meta name=\"twitter:card\" content=\"summary_large_image\" \/>\n<meta name=\"twitter:label1\" content=\"Est. reading time\" \/>\n\t<meta name=\"twitter:data1\" content=\"2 minutes\" \/>\n<script type=\"application\/ld+json\" class=\"yoast-schema-graph\">{\"@context\":\"https:\/\/schema.org\",\"@graph\":[{\"@type\":[\"WebPage\",\"ItemPage\"],\"@id\":\"https:\/\/sklep.globtree.pl\/produkt\/glowica-inkasencka\/\",\"url\":\"https:\/\/sklep.globtree.pl\/produkt\/glowica-inkasencka\/\",\"name\":\"RUTO Telemetry Head | Sklep GlobTree\",\"isPartOf\":{\"@id\":\"https:\/\/sklep.globtree.pl\/#website\"},\"primaryImageOfPage\":{\"@id\":\"https:\/\/sklep.globtree.pl\/produkt\/glowica-inkasencka\/#primaryimage\"},\"image\":{\"@id\":\"https:\/\/sklep.globtree.pl\/produkt\/glowica-inkasencka\/#primaryimage\"},\"thumbnailUrl\":\"https:\/\/sklep.globtree.pl\/wp-content\/uploads\/2023\/09\/ruto2-300x300-1.webp\",\"datePublished\":\"2023-09-28T11:04:53+00:00\",\"dateModified\":\"2024-08-08T09:06:52+00:00\",\"description\":\"RUTO telemetry head allows quick and easy reading by means of a collection method, water, heat meters equipped with Wireless M-Bus OMS radio module.\",\"breadcrumb\":{\"@id\":\"https:\/\/sklep.globtree.pl\/produkt\/glowica-inkasencka\/#breadcrumb\"},\"inLanguage\":\"en-US\",\"potentialAction\":[{\"@type\":\"ReadAction\",\"target\":[\"https:\/\/sklep.globtree.pl\/produkt\/glowica-inkasencka\/\"]}]},{\"@type\":\"ImageObject\",\"inLanguage\":\"en-US\",\"@id\":\"https:\/\/sklep.globtree.pl\/produkt\/glowica-inkasencka\/#primaryimage\",\"url\":\"https:\/\/sklep.globtree.pl\/wp-content\/uploads\/2023\/09\/ruto2-300x300-1.webp\",\"contentUrl\":\"https:\/\/sklep.globtree.pl\/wp-content\/uploads\/2023\/09\/ruto2-300x300-1.webp\",\"width\":300,\"height\":300,\"caption\":\"G\u0142owica telemetryczna Ruto\"},{\"@type\":\"BreadcrumbList\",\"@id\":\"https:\/\/sklep.globtree.pl\/produkt\/glowica-inkasencka\/#breadcrumb\",\"itemListElement\":[{\"@type\":\"ListItem\",\"position\":1,\"name\":\"Strona g\u0142\u00f3wna\",\"item\":\"https:\/\/sklep.globtree.pl\/en\/home-page\/\"},{\"@type\":\"ListItem\",\"position\":2,\"name\":\"Shop\",\"item\":\"https:\/\/sklep.globtree.pl\/en\/shop\/\"},{\"@type\":\"ListItem\",\"position\":3,\"name\":\"RUTO Telemetry Head\"}]},{\"@type\":\"WebSite\",\"@id\":\"https:\/\/sklep.globtree.pl\/#website\",\"url\":\"https:\/\/sklep.globtree.pl\/\",\"name\":\"Sklep GlobTree\",\"description\":\"Liczniki medi\u00f3w i urz\u0105dzenia telemetrii\",\"publisher\":{\"@id\":\"https:\/\/sklep.globtree.pl\/#organization\"},\"potentialAction\":[{\"@type\":\"SearchAction\",\"target\":{\"@type\":\"EntryPoint\",\"urlTemplate\":\"https:\/\/sklep.globtree.pl\/?s={search_term_string}\"},\"query-input\":{\"@type\":\"PropertyValueSpecification\",\"valueRequired\":true,\"valueName\":\"search_term_string\"}}],\"inLanguage\":\"en-US\"},{\"@type\":\"Organization\",\"@id\":\"https:\/\/sklep.globtree.pl\/#organization\",\"name\":\"Sklep GlobTree\",\"url\":\"https:\/\/sklep.globtree.pl\/\",\"logo\":{\"@type\":\"ImageObject\",\"inLanguage\":\"en-US\",\"@id\":\"https:\/\/sklep.globtree.pl\/#\/schema\/logo\/image\/\",\"url\":\"https:\/\/sklep.globtree.pl\/wp-content\/uploads\/2023\/09\/cropped-GlobTree_logo-1.png\",\"contentUrl\":\"https:\/\/sklep.globtree.pl\/wp-content\/uploads\/2023\/09\/cropped-GlobTree_logo-1.png\",\"width\":400,\"height\":80,\"caption\":\"Sklep GlobTree\"},\"image\":{\"@id\":\"https:\/\/sklep.globtree.pl\/#\/schema\/logo\/image\/\"},\"sameAs\":[\"https:\/\/www.facebook.com\/netlandteam\/\",\"https:\/\/pl.linkedin.com\/company\/globtree-sp-z-o-o\"]}]}<\/script>\n<!-- \/ Yoast SEO plugin. -->","yoast_head_json":{"title":"RUTO Telemetry Head | Sklep GlobTree","description":"RUTO telemetry head allows quick and easy reading by means of a collection method, water, heat meters equipped with Wireless M-Bus OMS radio module.","robots":{"index":"index","follow":"follow","max-snippet":"max-snippet:-1","max-image-preview":"max-image-preview:large","max-video-preview":"max-video-preview:-1"},"canonical":"https:\/\/sklep.globtree.pl\/produkt\/glowica-inkasencka\/","og_locale":"en_US","og_type":"article","og_title":"RUTO Telemetry Head | Sklep GlobTree","og_description":"RUTO telemetry head allows quick and easy reading by means of a collection method, water, heat meters equipped with Wireless M-Bus OMS radio module.","og_url":"https:\/\/sklep.globtree.pl\/produkt\/glowica-inkasencka\/","og_site_name":"Sklep GlobTree","article_publisher":"https:\/\/www.facebook.com\/netlandteam\/","article_modified_time":"2024-08-08T09:06:52+00:00","og_image":[{"width":300,"height":300,"url":"https:\/\/sklep.globtree.pl\/wp-content\/uploads\/2023\/09\/ruto2-300x300-1.webp","type":"image\/webp"}],"twitter_card":"summary_large_image","twitter_misc":{"Est. reading time":"2 minutes"},"schema":{"@context":"https:\/\/schema.org","@graph":[{"@type":["WebPage","ItemPage"],"@id":"https:\/\/sklep.globtree.pl\/produkt\/glowica-inkasencka\/","url":"https:\/\/sklep.globtree.pl\/produkt\/glowica-inkasencka\/","name":"RUTO Telemetry Head | Sklep GlobTree","isPartOf":{"@id":"https:\/\/sklep.globtree.pl\/#website"},"primaryImageOfPage":{"@id":"https:\/\/sklep.globtree.pl\/produkt\/glowica-inkasencka\/#primaryimage"},"image":{"@id":"https:\/\/sklep.globtree.pl\/produkt\/glowica-inkasencka\/#primaryimage"},"thumbnailUrl":"https:\/\/sklep.globtree.pl\/wp-content\/uploads\/2023\/09\/ruto2-300x300-1.webp","datePublished":"2023-09-28T11:04:53+00:00","dateModified":"2024-08-08T09:06:52+00:00","description":"RUTO telemetry head allows quick and easy reading by means of a collection method, water, heat meters equipped with Wireless M-Bus OMS radio module.","breadcrumb":{"@id":"https:\/\/sklep.globtree.pl\/produkt\/glowica-inkasencka\/#breadcrumb"},"inLanguage":"en-US","potentialAction":[{"@type":"ReadAction","target":["https:\/\/sklep.globtree.pl\/produkt\/glowica-inkasencka\/"]}]},{"@type":"ImageObject","inLanguage":"en-US","@id":"https:\/\/sklep.globtree.pl\/produkt\/glowica-inkasencka\/#primaryimage","url":"https:\/\/sklep.globtree.pl\/wp-content\/uploads\/2023\/09\/ruto2-300x300-1.webp","contentUrl":"https:\/\/sklep.globtree.pl\/wp-content\/uploads\/2023\/09\/ruto2-300x300-1.webp","width":300,"height":300,"caption":"G\u0142owica telemetryczna Ruto"},{"@type":"BreadcrumbList","@id":"https:\/\/sklep.globtree.pl\/produkt\/glowica-inkasencka\/#breadcrumb","itemListElement":[{"@type":"ListItem","position":1,"name":"Strona g\u0142\u00f3wna","item":"https:\/\/sklep.globtree.pl\/en\/home-page\/"},{"@type":"ListItem","position":2,"name":"Shop","item":"https:\/\/sklep.globtree.pl\/en\/shop\/"},{"@type":"ListItem","position":3,"name":"RUTO Telemetry Head"}]},{"@type":"WebSite","@id":"https:\/\/sklep.globtree.pl\/#website","url":"https:\/\/sklep.globtree.pl\/","name":"Sklep GlobTree","description":"Liczniki medi\u00f3w i urz\u0105dzenia telemetrii","publisher":{"@id":"https:\/\/sklep.globtree.pl\/#organization"},"potentialAction":[{"@type":"SearchAction","target":{"@type":"EntryPoint","urlTemplate":"https:\/\/sklep.globtree.pl\/?s={search_term_string}"},"query-input":{"@type":"PropertyValueSpecification","valueRequired":true,"valueName":"search_term_string"}}],"inLanguage":"en-US"},{"@type":"Organization","@id":"https:\/\/sklep.globtree.pl\/#organization","name":"Sklep GlobTree","url":"https:\/\/sklep.globtree.pl\/","logo":{"@type":"ImageObject","inLanguage":"en-US","@id":"https:\/\/sklep.globtree.pl\/#\/schema\/logo\/image\/","url":"https:\/\/sklep.globtree.pl\/wp-content\/uploads\/2023\/09\/cropped-GlobTree_logo-1.png","contentUrl":"https:\/\/sklep.globtree.pl\/wp-content\/uploads\/2023\/09\/cropped-GlobTree_logo-1.png","width":400,"height":80,"caption":"Sklep GlobTree"},"image":{"@id":"https:\/\/sklep.globtree.pl\/#\/schema\/logo\/image\/"},"sameAs":["https:\/\/www.facebook.com\/netlandteam\/","https:\/\/pl.linkedin.com\/company\/globtree-sp-z-o-o"]}]}},"_links":{"self":[{"href":"https:\/\/sklep.globtree.pl\/en\/wp-json\/wp\/v2\/product\/1967","targetHints":{"allow":["GET"]}}],"collection":[{"href":"https:\/\/sklep.globtree.pl\/en\/wp-json\/wp\/v2\/product"}],"about":[{"href":"https:\/\/sklep.globtree.pl\/en\/wp-json\/wp\/v2\/types\/product"}],"wp:featuredmedia":[{"embeddable":true,"href":"https:\/\/sklep.globtree.pl\/en\/wp-json\/wp\/v2\/media\/1747"}],"wp:attachment":[{"href":"https:\/\/sklep.globtree.pl\/en\/wp-json\/wp\/v2\/media?parent=1967"}],"wp:term":[{"taxonomy":"product_brand","embeddable":true,"href":"https:\/\/sklep.globtree.pl\/en\/wp-json\/wp\/v2\/product_brand?post=1967"},{"taxonomy":"product_cat","embeddable":true,"href":"https:\/\/sklep.globtree.pl\/en\/wp-json\/wp\/v2\/product_cat?post=1967"},{"taxonomy":"product_tag","embeddable":true,"href":"https:\/\/sklep.globtree.pl\/en\/wp-json\/wp\/v2\/product_tag?post=1967"}],"curies":[{"name":"wp","href":"https:\/\/api.w.org\/{rel}","templated":true}]}}