


{"id":1172,"date":"2023-09-18T13:24:21","date_gmt":"2023-09-18T11:24:21","guid":{"rendered":"https:\/\/sklep.netland.com.pl\/?page_id=1172"},"modified":"2024-07-02T11:28:15","modified_gmt":"2024-07-02T09:28:15","slug":"informativa-sulla-privacy","status":"publish","type":"page","link":"https:\/\/sklep.globtree.pl\/it\/informativa-sulla-privacy\/","title":{"rendered":"Informativa sulla privacy"},"content":{"rendered":"<div class=\"nolwrap\">\r\n<p style=\"text-align: center;\"><strong>Informativa sulla privacy<\/strong><\/p>\r\n<p>&nbsp;<\/p>\r\n<ol>\r\n<li>La presente Informativa sulla privacy stabilisce i principi per il trattamento dei dati personali ottenuti attraverso il negozio online https:\/\/sklep.globtree.pl\/ (di seguito denominato &#8220;Negozio online&#8221;) e ne d\u00e0 informazione.<\/li>\r\n<li>Il titolare del Negozio e, allo stesso tempo, Amministratore dei dati personali \u00e8 GlobTree Sp. z o.o. con sede legale a Olsztyn (10-683), via Tryli\u0144skiego 16, iscritta nel Registro degli Imprenditori del Registro Nazionale dei Tribunali tenuto dal Tribunale Distrettuale di Olsztyn, 8a Divisione Commerciale, con il numero KRS 0000304081, NIP: 7393679238, Regon: 280292161, di seguito denominata GlobTree ,<\/li>\r\n<li>GlobTree presta particolare attenzione al rispetto della privacy dei Clienti che visitano il Negozio Internet.<\/li>\r\n<\/ol>\r\n<p>\u00a0 <strong>I. Come raccogliamo i dati?<\/strong><\/p>\r\n<ol>\r\n<li>GlobTree raccoglie informazioni relative a persone fisiche che effettuano un negozio giuridico non direttamente connesso alle loro attivit\u00e0, a persone fisiche che svolgono un&#8217;attivit\u00e0 commerciale o professionale per proprio conto e a persone fisiche che rappresentano persone giuridiche o entit\u00e0 organizzative che non sono persone giuridiche cui la legge conferisce capacit\u00e0 giuridica, che svolgono un&#8217;attivit\u00e0 commerciale o professionale per proprio conto, di seguito collettivamente denominate Clienti.<\/li>\r\n<li>I dati personali dei clienti vengono raccolti in casi:\r\n<ul>\r\n<li>registrazione di un account presso il Negozio online;<\/li>\r\n<li>effettuare un ordine nel Negozio online;<\/li>\r\n<li>l&#8217;iscrizione alla newsletter;<\/li>\r\n<li>utilizzo del servizio.<\/li>\r\n<\/ul>\r\n<\/li>\r\n<li>La registrazione di un account serve a facilitare l&#8217;utilizzo del sito web da parte del Cliente, anche per semplificare gli acquisti. Pertanto, al momento della registrazione di un account presso il Negozio online, il Cliente fornisce:\r\n<ul>\r\n<li>indirizzo e-mail;<\/li>\r\n<li>dati relativi all&#8217;indirizzo: codice postale e citt\u00e0, paese (stato); indirizzo stradale con numero civico\/appartamento;<\/li>\r\n<li>nome e cognome;<\/li>\r\n<li>numero di telefono.<\/li>\r\n<\/ul>\r\n<\/li>\r\n<li>Al momento della registrazione di un account presso il Negozio online, il Cliente imposta una password individuale per accedere al proprio account da solo. Il Cliente pu\u00f2 modificare la password in un secondo momento.<\/li>\r\n<li>\u00c8 possibile effettuare acquisti anche senza registrare un account. Quando effettua un ordine nel Negozio online, il Cliente fornisce i seguenti dati:\r\n<ul>\r\n<li>indirizzo e-mail;<\/li>\r\n<li>dati relativi all&#8217;indirizzo: codice postale e citt\u00e0, paese (stato); indirizzo stradale con numero civico\/appartamento;<\/li>\r\n<li>nome e cognome;<\/li>\r\n<li>numero di telefono.<\/li>\r\n<\/ul>\r\n<\/li>\r\n<li>Nel caso degli Imprenditori, l&#8217;ambito dei dati di cui sopra \u00e8 ulteriormente esteso per includere:\r\n<ul>\r\n<li>la ragione sociale dell&#8217;imprenditore<\/li>\r\n<li>numero di partita IVA<\/li>\r\n<\/ul>\r\n<\/li>\r\n<li>Per l&#8217;utilizzo del servizio di Newsletter, il Cliente dovr\u00e0 fornire esclusivamente il proprio indirizzo e-mail.<\/li>\r\n<li>\u00c8 inoltre possibile utilizzare il servizio senza registrare un account e senza fornire i suddetti dati personali se il Cliente non effettua un acquisto, ma si limita a leggere i contenuti pubblicati sul Sito.<\/li>\r\n<li>Durante l&#8217;utilizzo del Sito del Negozio possono essere raccolte ulteriori informazioni, in particolare: l&#8217;indirizzo IP assegnato al computer del Cliente o l&#8217;indirizzo IP esterno del provider Internet, il nome del dominio, il tipo di browser, l&#8217;orario di accesso, il tipo di sistema operativo.<\/li>\r\n<li>Possono essere raccolti anche dati di navigazione dai Clienti, comprese le informazioni sui link e sui riferimenti che scelgono di cliccare o altre azioni che compiono nel nostro Negozio online.<\/li>\r\n<\/ol>\r\n<p>\u00a0 <strong>II. Come trattiamo i dati raccolti?<\/strong><\/p>\r\n<ol>\r\n<li>Trattiamo i dati per le seguenti finalit\u00e0:\r\n<ul>\r\n<li>Esecuzione di un contratto che ci vincola o adozione di misure su richiesta del cliente, tra cui la risposta a una richiesta di informazioni, la vendita e la consegna di merci e l&#8217;accettazione della loro restituzione, la gestione di reclami, la possibilit\u00e0 per il cliente di effettuare comodamente i pagamenti, la rivendicazione o la difesa contro i reclami. La base per questo trattamento \u00e8 l&#8217;articolo 6, paragrafo 1, lettera b), del RODO;<\/li>\r\n<li>consentire al cliente di utilizzare il servizio attraverso la creazione e il mantenimento di un account utente individuale senza dover reinserire ripetutamente i dati, sempre sulla base dell&#8217;articolo 6, paragrafo 1, lettera b), della LPD;<\/li>\r\n<li>per la tenuta di registri contabili e fiscali, laddove la base \u00e8 l&#8217;articolo 6, paragrafo 1, lettera c), del RODO;<\/li>\r\n<li>se il cliente acconsente, ossia sulla base dell&#8217;articolo 6, paragrafo 1, lettera b), del RODO, utilizziamo i suoi dati per inviare informazioni commerciali, comprese le newsletter, al suo indirizzo e-mail.<\/li>\r\n<li>trattiamo i dati anche in caso di reclamo o difesa da reclami, sulla base dell&#8217;articolo 6, paragrafo 1, lettera f), del RGDP.<\/li>\r\n<\/ul>\r\n<\/li>\r\n<li>Nell&#8217;ambito della collaborazione con i clienti, i dati possono essere trattati dai nostri partner. Pertanto, oltre ai nostri dipendenti autorizzati, i destinatari di questi dati saranno: operatori e gestori di sistemi informatici, sistemi di pagamento, nostri fornitori, societ\u00e0 di trasporto, corriere e posta, uffici contabili, studi legali e agenzie di recupero crediti.<\/li>\r\n<li>Conserviamo i vostri dati a seconda del processo:<\/li>\r\n<li>Il conferimento dei dati di cui sopra \u00e8 facoltativo, ma necessario per l&#8217;esecuzione del relativo contratto. Nel caso di vendite, il conferimento dei dati \u00e8 anche un obbligo di legge se si richiede la fattura.<\/li>\r\n<\/ol>\r\n<p>\u00a0 <strong>III. Meccanismo dei cookie, indirizzo IP<\/strong><\/p>\r\n<ol>\r\n<li>Il negozio utilizza i cookie. Si tratta di piccoli file di testo inviati da un server web e memorizzati dal software del browser. Quando il browser si ricollega al sito web, quest&#8217;ultimo riconosce il tipo di dispositivo dal quale l&#8217;utente si sta collegando. I parametri consentono solo al server che li ha creati di leggere le informazioni che contengono. I cookie facilitano quindi l&#8217;utilizzo dei siti visitati in precedenza. Le informazioni raccolte riguardano l&#8217;indirizzo IP, il tipo di browser utilizzato, la lingua, il tipo di sistema operativo, il provider di servizi Internet, le informazioni sulla data e l&#8217;ora, la posizione e le informazioni inviate al sito web tramite il modulo di contatto.<\/li>\r\n<li>I dati raccolti vengono utilizzati per monitorare ed esaminare le modalit\u00e0 di utilizzo dei nostri siti da parte degli utenti, al fine di migliorare il sito fornendo un&#8217;esperienza di navigazione pi\u00f9 efficiente e continua. Il monitoraggio delle informazioni sugli utenti avviene tramite lo strumento Google Analytics, che registra il comportamento degli utenti sul sito del negozio. I cookie identificano l&#8217;utente, consentendoci di adattare il contenuto del sito che sta utilizzando alle sue esigenze. Memorizzando le preferenze dell&#8217;utente, \u00e8 possibile personalizzare la pubblicit\u00e0 in base alle sue esigenze. Utilizziamo i cookie per garantire il massimo comfort sul nostro sito web e i dati raccolti vengono utilizzati solo all&#8217;interno di GlobTree Sp. z o.o. per ottimizzare le operazioni.<\/li>\r\n<li>Sul nostro sito web utilizziamo i seguenti cookie:\r\n<ol>\r\n<li>cookie &#8220;necessari&#8221; per consentire l&#8217;utilizzo dei servizi disponibili sul sito web, ad esempio i cookie di autenticazione utilizzati per i servizi che richiedono l&#8217;autenticazione sul sito web;<\/li>\r\n<li>cookie di sicurezza, come quelli utilizzati per rilevare un uso improprio delle strutture di autenticazione del sito web;<\/li>\r\n<li>cookie di &#8220;performance&#8221;, che consentono di raccogliere informazioni sull&#8217;utilizzo del sito web;<\/li>\r\n<li>cookie &#8220;funzionali&#8221;, che consentono di &#8220;ricordare&#8221; le impostazioni selezionate dall&#8217;utente e di personalizzare l&#8217;interfaccia dell&#8217;utente, ad esempio per quanto riguarda la lingua o la regione di provenienza dell&#8217;utente, la dimensione dei caratteri, il design del sito web, ecc;<\/li>\r\n<li>cookie &#8220;pubblicitari&#8221;, utilizzati per fornire agli utenti pubblicit\u00e0 personalizzata in base alle pagine precedentemente visitate e per analizzare l&#8217;efficacia della campagna pubblicitaria.<\/li>\r\n<\/ol>\r\n<\/li>\r\n<li>L&#8217;utente ha la possibilit\u00e0 di disabilitare o ripristinare la raccolta dei cookie in qualsiasi momento modificando le impostazioni del proprio browser web. Le istruzioni su come gestire i cookie sono disponibili sul sito http:\/\/www.allaboutcookies.org\/manage-cookies.<\/li>\r\n<\/ol>\r\n<p>\u00a0 <strong>IV. Accesso e sicurezza dei dati<\/strong><\/p>\r\n<ol>\r\n<li>I dati personali raccolti da GlobTree tramite il Negozio online sono trattati in conformit\u00e0 al Regolamento (UE) 2016\/679 del Parlamento europeo e del Consiglio, del 27 aprile 2016, relativo alla protezione delle persone fisiche con riguardo al trattamento dei dati personali, nonch\u00e9 alla libera circolazione di tali dati (RODO).<\/li>\r\n<li>Solo i dipendenti autorizzati di GlobTree hanno accesso ai dati personali dei Clienti raccolti tramite il Negozio online.<\/li>\r\n<li>I dati personali dei Clienti possono essere trasferiti ad altre entit\u00e0 sulla base delle norme di legge o del consenso espresso dal Cliente. L&#8217;elenco dei soggetti di cui alla frase precedente \u00e8 indicato nel paragrafo: &#8220;Come trattiamo i dati raccolti?&#8221;.<\/li>\r\n<li>Il Cliente ha il diritto di accedere ai propri dati personali, alla possibilit\u00e0 di rettifica, alla limitazione del trattamento, alla portabilit\u00e0 dei dati, di presentare un&#8217;obiezione e di revocare il proprio consenso (se esistente) in qualsiasi momento senza pregiudicare la compatibilit\u00e0 del trattamento effettuato sulla base dello stesso prima della sua revoca. Il Cliente ha inoltre il diritto di proporre reclamo a un&#8217;autorit\u00e0 di controllo.<\/li>\r\n<li>Per i Clienti che dispongono di un account, l&#8217;accesso e la rettifica dei dati personali sono possibili anche dopo aver effettuato il login all&#8217;account del Negozio online.<\/li>\r\n<li>Il Cliente ha il diritto di richiedere la cancellazione dei dati personali. In determinate situazioni previste dalla legge, GlobTree pu\u00f2 rifiutarsi di cancellare i dati del Cliente.<\/li>\r\n<li>Nel caso di un abbonamento alla newsletter, il Cliente ha la possibilit\u00e0 di rimuovere il proprio indirizzo e-mail dalla mailing list.<\/li>\r\n<li>Nel caso in cui un Cliente con un account nel Negozio online perda in qualsiasi modo la propria password, il Negozio online consente di generare una nuova password. GlobTree non invia un promemoria della password. La password viene memorizzata in forma criptata in modo tale da non poter essere letta. Per generare una nuova password, \u00e8 necessario fornire un indirizzo e-mail nel modulo disponibile al link &#8220;Hai dimenticato la password&#8221;, fornito al momento dell&#8217;accesso a un account nel Negozio online. Il Cliente ricever\u00e0 un messaggio di posta elettronica all&#8217;indirizzo e-mail fornito durante la registrazione o salvato nell&#8217;ultima modifica del profilo dell&#8217;account, contenente un reindirizzamento a un modulo dedicato messo a disposizione sul Sito Web del Negozio, dove il Cliente avr\u00e0 la possibilit\u00e0 di impostare una nuova password.<\/li>\r\n<li>GlobTree non invia mai alcuna corrispondenza, compresa quella via e-mail, che richieda i dati di accesso e in particolare la password per accedere all&#8217;account del Cliente.<\/li>\r\n<\/ol>\r\n<p>\u00a0 <strong>V. Modifiche all&#8217;Informativa sulla privacy<\/strong><\/p>\r\n<ol>\r\n<li>L&#8217;Informativa sulla privacy \u00e8 soggetta a modifiche, di cui GlobTree informer\u00e0 i Clienti con 7 giorni di anticipo.<\/li>\r\n<li>Per qualsiasi domanda relativa all&#8217;Informativa sulla privacy, rivolgersi a: sklep@globtree.pl.<\/li>\r\n<\/ol>\r\n<p>&nbsp;<\/p>\r\n<\/div>","protected":false},"excerpt":{"rendered":"<p>Informativa sulla privacy &nbsp; La presente Informativa sulla privacy stabilisce i principi per il trattamento dei dati personali ottenuti attraverso il negozio online https:\/\/sklep.globtree.pl\/ (di seguito denominato &#8220;Negozio online&#8221;) e ne d\u00e0 informazione. Il titolare del Negozio e, allo stesso tempo, Amministratore dei dati personali \u00e8 GlobTree Sp. z o.o. con sede legale a Olsztyn [&hellip;]<\/p>\n","protected":false},"author":5,"featured_media":0,"parent":0,"menu_order":32,"comment_status":"closed","ping_status":"closed","template":"","meta":{"footnotes":""},"class_list":["post-1172","page","type-page","status-publish","hentry"],"yoast_head":"<!-- This site is optimized with the Yoast SEO plugin v26.4 - https:\/\/yoast.com\/wordpress\/plugins\/seo\/ -->\n<title>Informativa sulla privacy | Sklep GlobTree<\/title>\n<meta name=\"robots\" content=\"index, follow, max-snippet:-1, max-image-preview:large, max-video-preview:-1\" \/>\n<link rel=\"canonical\" href=\"https:\/\/sklep.globtree.pl\/it\/informativa-sulla-privacy\/\" \/>\n<meta property=\"og:locale\" content=\"it_IT\" \/>\n<meta property=\"og:type\" content=\"article\" \/>\n<meta property=\"og:title\" content=\"Informativa sulla privacy | Sklep GlobTree\" \/>\n<meta property=\"og:url\" content=\"https:\/\/sklep.globtree.pl\/it\/informativa-sulla-privacy\/\" \/>\n<meta property=\"og:site_name\" content=\"Sklep GlobTree\" \/>\n<meta property=\"article:publisher\" content=\"https:\/\/www.facebook.com\/netlandteam\/\" \/>\n<meta property=\"article:modified_time\" content=\"2024-07-02T09:28:15+00:00\" \/>\n<meta name=\"twitter:card\" content=\"summary_large_image\" \/>\n<meta name=\"twitter:label1\" content=\"Tempo di lettura stimato\" \/>\n\t<meta name=\"twitter:data1\" content=\"10 minuti\" \/>\n<script type=\"application\/ld+json\" class=\"yoast-schema-graph\">{\"@context\":\"https:\/\/schema.org\",\"@graph\":[{\"@type\":\"AdvertiserContentArticle\",\"@id\":\"https:\/\/sklep.globtree.pl\/it\/informativa-sulla-privacy\/#article\",\"isPartOf\":{\"@id\":\"https:\/\/sklep.globtree.pl\/it\/informativa-sulla-privacy\/\"},\"author\":{\"name\":\"Hunter Mccray\",\"@id\":\"https:\/\/sklep.globtree.pl\/#\/schema\/person\/382fa0ad46eeca1bb97f255e86b3734a\"},\"headline\":\"Informativa sulla privacy\",\"datePublished\":\"2023-09-18T11:24:21+00:00\",\"dateModified\":\"2024-07-02T09:28:15+00:00\",\"mainEntityOfPage\":{\"@id\":\"https:\/\/sklep.globtree.pl\/it\/informativa-sulla-privacy\/\"},\"wordCount\":1646,\"publisher\":{\"@id\":\"https:\/\/sklep.globtree.pl\/#organization\"},\"inLanguage\":\"it-IT\"},{\"@type\":\"WebPage\",\"@id\":\"https:\/\/sklep.globtree.pl\/it\/informativa-sulla-privacy\/\",\"url\":\"https:\/\/sklep.globtree.pl\/it\/informativa-sulla-privacy\/\",\"name\":\"Informativa sulla privacy | Sklep GlobTree\",\"isPartOf\":{\"@id\":\"https:\/\/sklep.globtree.pl\/#website\"},\"datePublished\":\"2023-09-18T11:24:21+00:00\",\"dateModified\":\"2024-07-02T09:28:15+00:00\",\"breadcrumb\":{\"@id\":\"https:\/\/sklep.globtree.pl\/it\/informativa-sulla-privacy\/#breadcrumb\"},\"inLanguage\":\"it-IT\",\"potentialAction\":[{\"@type\":\"ReadAction\",\"target\":[\"https:\/\/sklep.globtree.pl\/it\/informativa-sulla-privacy\/\"]}]},{\"@type\":\"BreadcrumbList\",\"@id\":\"https:\/\/sklep.globtree.pl\/it\/informativa-sulla-privacy\/#breadcrumb\",\"itemListElement\":[{\"@type\":\"ListItem\",\"position\":1,\"name\":\"Strona g\u0142\u00f3wna\",\"item\":\"https:\/\/sklep.globtree.pl\/it\/homepage\/\"},{\"@type\":\"ListItem\",\"position\":2,\"name\":\"Informativa sulla privacy\"}]},{\"@type\":\"WebSite\",\"@id\":\"https:\/\/sklep.globtree.pl\/#website\",\"url\":\"https:\/\/sklep.globtree.pl\/\",\"name\":\"Sklep GlobTree\",\"description\":\"Liczniki medi\u00f3w i urz\u0105dzenia telemetrii\",\"publisher\":{\"@id\":\"https:\/\/sklep.globtree.pl\/#organization\"},\"potentialAction\":[{\"@type\":\"SearchAction\",\"target\":{\"@type\":\"EntryPoint\",\"urlTemplate\":\"https:\/\/sklep.globtree.pl\/?s={search_term_string}\"},\"query-input\":{\"@type\":\"PropertyValueSpecification\",\"valueRequired\":true,\"valueName\":\"search_term_string\"}}],\"inLanguage\":\"it-IT\"},{\"@type\":\"Organization\",\"@id\":\"https:\/\/sklep.globtree.pl\/#organization\",\"name\":\"Sklep GlobTree\",\"url\":\"https:\/\/sklep.globtree.pl\/\",\"logo\":{\"@type\":\"ImageObject\",\"inLanguage\":\"it-IT\",\"@id\":\"https:\/\/sklep.globtree.pl\/#\/schema\/logo\/image\/\",\"url\":\"https:\/\/sklep.globtree.pl\/wp-content\/uploads\/2023\/09\/cropped-GlobTree_logo-1.png\",\"contentUrl\":\"https:\/\/sklep.globtree.pl\/wp-content\/uploads\/2023\/09\/cropped-GlobTree_logo-1.png\",\"width\":400,\"height\":80,\"caption\":\"Sklep GlobTree\"},\"image\":{\"@id\":\"https:\/\/sklep.globtree.pl\/#\/schema\/logo\/image\/\"},\"sameAs\":[\"https:\/\/www.facebook.com\/netlandteam\/\",\"https:\/\/pl.linkedin.com\/company\/globtree-sp-z-o-o\"]},{\"@type\":\"Person\",\"@id\":\"https:\/\/sklep.globtree.pl\/#\/schema\/person\/382fa0ad46eeca1bb97f255e86b3734a\",\"name\":\"Hunter Mccray\",\"image\":{\"@type\":\"ImageObject\",\"inLanguage\":\"it-IT\",\"@id\":\"https:\/\/sklep.globtree.pl\/#\/schema\/person\/image\/\",\"url\":\"https:\/\/secure.gravatar.com\/avatar\/098d91d05ac81ce8cfa813bb98d0d4477f036eccb08cc872d3ead91cc125130a?s=96&d=mm&r=g\",\"contentUrl\":\"https:\/\/secure.gravatar.com\/avatar\/098d91d05ac81ce8cfa813bb98d0d4477f036eccb08cc872d3ead91cc125130a?s=96&d=mm&r=g\",\"caption\":\"Hunter Mccray\"}}]}<\/script>\n<!-- \/ Yoast SEO plugin. -->","yoast_head_json":{"title":"Informativa sulla privacy | Sklep GlobTree","robots":{"index":"index","follow":"follow","max-snippet":"max-snippet:-1","max-image-preview":"max-image-preview:large","max-video-preview":"max-video-preview:-1"},"canonical":"https:\/\/sklep.globtree.pl\/it\/informativa-sulla-privacy\/","og_locale":"it_IT","og_type":"article","og_title":"Informativa sulla privacy | Sklep GlobTree","og_url":"https:\/\/sklep.globtree.pl\/it\/informativa-sulla-privacy\/","og_site_name":"Sklep GlobTree","article_publisher":"https:\/\/www.facebook.com\/netlandteam\/","article_modified_time":"2024-07-02T09:28:15+00:00","twitter_card":"summary_large_image","twitter_misc":{"Tempo di lettura stimato":"10 minuti"},"schema":{"@context":"https:\/\/schema.org","@graph":[{"@type":"AdvertiserContentArticle","@id":"https:\/\/sklep.globtree.pl\/it\/informativa-sulla-privacy\/#article","isPartOf":{"@id":"https:\/\/sklep.globtree.pl\/it\/informativa-sulla-privacy\/"},"author":{"name":"Hunter Mccray","@id":"https:\/\/sklep.globtree.pl\/#\/schema\/person\/382fa0ad46eeca1bb97f255e86b3734a"},"headline":"Informativa sulla privacy","datePublished":"2023-09-18T11:24:21+00:00","dateModified":"2024-07-02T09:28:15+00:00","mainEntityOfPage":{"@id":"https:\/\/sklep.globtree.pl\/it\/informativa-sulla-privacy\/"},"wordCount":1646,"publisher":{"@id":"https:\/\/sklep.globtree.pl\/#organization"},"inLanguage":"it-IT"},{"@type":"WebPage","@id":"https:\/\/sklep.globtree.pl\/it\/informativa-sulla-privacy\/","url":"https:\/\/sklep.globtree.pl\/it\/informativa-sulla-privacy\/","name":"Informativa sulla privacy | Sklep GlobTree","isPartOf":{"@id":"https:\/\/sklep.globtree.pl\/#website"},"datePublished":"2023-09-18T11:24:21+00:00","dateModified":"2024-07-02T09:28:15+00:00","breadcrumb":{"@id":"https:\/\/sklep.globtree.pl\/it\/informativa-sulla-privacy\/#breadcrumb"},"inLanguage":"it-IT","potentialAction":[{"@type":"ReadAction","target":["https:\/\/sklep.globtree.pl\/it\/informativa-sulla-privacy\/"]}]},{"@type":"BreadcrumbList","@id":"https:\/\/sklep.globtree.pl\/it\/informativa-sulla-privacy\/#breadcrumb","itemListElement":[{"@type":"ListItem","position":1,"name":"Strona g\u0142\u00f3wna","item":"https:\/\/sklep.globtree.pl\/it\/homepage\/"},{"@type":"ListItem","position":2,"name":"Informativa sulla privacy"}]},{"@type":"WebSite","@id":"https:\/\/sklep.globtree.pl\/#website","url":"https:\/\/sklep.globtree.pl\/","name":"Sklep GlobTree","description":"Liczniki medi\u00f3w i urz\u0105dzenia telemetrii","publisher":{"@id":"https:\/\/sklep.globtree.pl\/#organization"},"potentialAction":[{"@type":"SearchAction","target":{"@type":"EntryPoint","urlTemplate":"https:\/\/sklep.globtree.pl\/?s={search_term_string}"},"query-input":{"@type":"PropertyValueSpecification","valueRequired":true,"valueName":"search_term_string"}}],"inLanguage":"it-IT"},{"@type":"Organization","@id":"https:\/\/sklep.globtree.pl\/#organization","name":"Sklep GlobTree","url":"https:\/\/sklep.globtree.pl\/","logo":{"@type":"ImageObject","inLanguage":"it-IT","@id":"https:\/\/sklep.globtree.pl\/#\/schema\/logo\/image\/","url":"https:\/\/sklep.globtree.pl\/wp-content\/uploads\/2023\/09\/cropped-GlobTree_logo-1.png","contentUrl":"https:\/\/sklep.globtree.pl\/wp-content\/uploads\/2023\/09\/cropped-GlobTree_logo-1.png","width":400,"height":80,"caption":"Sklep GlobTree"},"image":{"@id":"https:\/\/sklep.globtree.pl\/#\/schema\/logo\/image\/"},"sameAs":["https:\/\/www.facebook.com\/netlandteam\/","https:\/\/pl.linkedin.com\/company\/globtree-sp-z-o-o"]},{"@type":"Person","@id":"https:\/\/sklep.globtree.pl\/#\/schema\/person\/382fa0ad46eeca1bb97f255e86b3734a","name":"Hunter Mccray","image":{"@type":"ImageObject","inLanguage":"it-IT","@id":"https:\/\/sklep.globtree.pl\/#\/schema\/person\/image\/","url":"https:\/\/secure.gravatar.com\/avatar\/098d91d05ac81ce8cfa813bb98d0d4477f036eccb08cc872d3ead91cc125130a?s=96&d=mm&r=g","contentUrl":"https:\/\/secure.gravatar.com\/avatar\/098d91d05ac81ce8cfa813bb98d0d4477f036eccb08cc872d3ead91cc125130a?s=96&d=mm&r=g","caption":"Hunter Mccray"}}]}},"_links":{"self":[{"href":"https:\/\/sklep.globtree.pl\/it\/wp-json\/wp\/v2\/pages\/1172","targetHints":{"allow":["GET"]}}],"collection":[{"href":"https:\/\/sklep.globtree.pl\/it\/wp-json\/wp\/v2\/pages"}],"about":[{"href":"https:\/\/sklep.globtree.pl\/it\/wp-json\/wp\/v2\/types\/page"}],"author":[{"embeddable":true,"href":"https:\/\/sklep.globtree.pl\/it\/wp-json\/wp\/v2\/users\/5"}],"replies":[{"embeddable":true,"href":"https:\/\/sklep.globtree.pl\/it\/wp-json\/wp\/v2\/comments?post=1172"}],"version-history":[{"count":3,"href":"https:\/\/sklep.globtree.pl\/it\/wp-json\/wp\/v2\/pages\/1172\/revisions"}],"predecessor-version":[{"id":1624,"href":"https:\/\/sklep.globtree.pl\/it\/wp-json\/wp\/v2\/pages\/1172\/revisions\/1624"}],"wp:attachment":[{"href":"https:\/\/sklep.globtree.pl\/it\/wp-json\/wp\/v2\/media?parent=1172"}],"curies":[{"name":"wp","href":"https:\/\/api.w.org\/{rel}","templated":true}]}}