


{"id":2039,"date":"2024-02-05T10:22:34","date_gmt":"2024-02-05T09:22:34","guid":{"rendered":"https:\/\/sklep.globtree.pl\/termini-e-condizioni-della-newsletter\/"},"modified":"2024-07-16T12:42:33","modified_gmt":"2024-07-16T10:42:33","slug":"termini-e-condizioni-della-newsletter","status":"publish","type":"page","link":"https:\/\/sklep.globtree.pl\/it\/termini-e-condizioni-della-newsletter\/","title":{"rendered":"Termini e condizioni della newsletter"},"content":{"rendered":"<div class=\"nolwrap\"><h2 style=\"text-align: center;\"><strong>Termini e condizioni del servizio di Newsletter<\/strong><\/h2>\n<p>&nbsp;<\/p>\n<p>1. <strong>GlobTree Ltd.<\/strong> con sede a Olsztyn, ul. Tryli\u0144skiego 16, iscritta nel Registro degli Imprenditori tenuto dal Tribunale Distrettuale di Olsztyn VIII Divisione Economica del Registro Nazionale dei Tribunali con KRS n. 0000304081, REGON 280292161, NIP 7393679238, e-mail: info@globtree.pl, di seguito denominato &#8220;GlobTree&#8221;) definisce nel presente Regolamento i principi di utilizzo del servizio di Newsletter (di seguito denominato &#8220;Newsletter&#8221;).<\/p>\n<p>2. Ti invitiamo a leggere attentamente i presenti Termini e Condizioni prima di iscriverti alla Newsletter.<\/p>\n<p>3. Il servizio Newsletter pu\u00f2 essere utilizzato da una persona fisica, o da una persona giuridica che agisce tramite un soggetto autorizzato, o da un&#8217;unit\u00e0 organizzativa priva di personalit\u00e0 giuridica, a cui la legge riconosce capacit\u00e0 giuridica, con piena capacit\u00e0 giuridica (anche: &#8220;Utente&#8221;). Se l&#8217;Utente \u00e8 una persona fisica con capacit\u00e0 giuridica limitata, sar\u00e0 obbligato a ottenere il consenso legalmente efficace del suo rappresentante legale per concludere un contratto per la fornitura del servizio di Newsletter (di seguito anche: il &#8220;Contratto&#8221;) e a presentare tale consenso a qualsiasi richiesta di GlobTree, per cui, di norma, il Contratto avr\u00e0 la natura di un contratto comunemente concluso per piccole questioni quotidiane. GlobTree non addebita agli Utenti la fornitura del servizio di Newsletter.<\/p>\n<p>4. Nell&#8217;ambito della Newsletter, GlobTree invier\u00e0 informazioni commerciali tramite posta elettronica (e-mail) all&#8217;indirizzo di posta elettronica (e-mail) fornito dall&#8217;utente. Il servizio di Newsletter viene fornito gratuitamente per un periodo di tempo indefinito fino alla cancellazione del servizio da parte dell&#8217;utente o fino alla cessazione del servizio da parte di GlobTree, che pu\u00f2 avvenire in qualsiasi momento.<\/p>\n<p>5. I messaggi inviati nell&#8217;ambito della Newsletter conterranno informazioni su prodotti e servizi offerti da GlobTree e dalle entit\u00e0 che collaborano con essa, promozioni attuali e altre informazioni riguardanti GlobTree e le entit\u00e0 che collaborano con essa, tra cui opinioni, eventi, notizie, ecc. L&#8217;invio di messaggi all&#8217;interno della Newsletter costituisce l&#8217;invio di informazioni commerciali via e-mail e l&#8217;utilizzo dell&#8217;apparecchiatura terminale di telecomunicazione dell&#8217;utente per scopi di marketing diretto. Ci\u00f2 avviene con il consenso dell&#8217;utente espresso attraverso l&#8217;iscrizione alla Newsletter in conformit\u00e0 alle disposizioni dei presenti Termini e Condizioni.<\/p>\n<p>6. Ogni messaggio di Newsletter, oltre agli elementi indicati al punto 4 dei presenti Termini e Condizioni, dovr\u00e0 contenere:<\/p>\n<ul>\n<li style=\"list-style-type: none;\">\n<ul>\n<li>informazioni sul mittente della newsletter,<\/li>\n<li>un campo &#8220;Oggetto&#8221; compilato che specifichi il contenuto della newsletter,<\/li>\n<li>link per cancellarsi dalla Newsletter.<\/li>\n<\/ul>\n<\/li>\n<\/ul>\n<p>7. L&#8217;utilizzo della Newsletter \u00e8 subordinato al possesso di un account di posta elettronica (e-mail) attivo e di un dispositivo con accesso a Internet che consenta all&#8217;utente di leggere le e-mail in arrivo.<\/p>\n<p>8. La Newsletter viene ordinata dall&#8217;utente completando le seguenti azioni nel modulo presente sul sito web del negozio <a href=\"https:\/\/sklep.globtree.pl\/it\/\">https:\/\/sklep.globtree.pl\/<\/a>:<\/p>\n<ul>\n<li style=\"list-style-type: none;\">\n<ul>\n<li>inserendo un indirizzo di posta elettronica (e-mail) valido dell&#8217;utente (questo indirizzo \u00e8 necessario per utilizzare il servizio di Newsletter);<\/li>\n<li>cliccando sul pulsante di conferma per iscriversi alla Newsletter,<\/li>\n<li>accesso da parte dell&#8217;utente all&#8217;indirizzo di posta elettronica (e-mail) fornito nel modulo,<\/li>\n<li>familiarizzare con il contenuto dei presenti Termini e Condizioni, il cui link \u00e8 incluso in un&#8217;e-mail automatica inviata da GlobTree all&#8217;indirizzo e-mail fornito nel modulo,<\/li>\n<li>cliccando sul link di conferma dell&#8217;iscrizione alla Newsletter, inserito nel suddetto messaggio di GlobTree. e-mail automatica.<\/li>\n<\/ul>\n<\/li>\n<\/ul>\n<p style=\"padding-left: 40px;\">Quando ti iscrivi alla newsletter come parte di quanto sopra. l&#8217;utente riceve le informazioni di base sulle regole di trattamento dei dati personali in relazione alla ricezione della Newsletter in forma sintetica. Informazioni dettagliate sulle regole per il trattamento dei dati personali in relazione alla ricezione della Newsletter sono disponibili all&#8217;indirizzo: https: <a href=\"https:\/\/sklep.globtree.pl\/it\/termini-e-condizioni-della-newsletter\/\">\/\/sklep.globtree.pl\/regulamin-newslettera\/.<\/a><\/p>\n<p style=\"padding-left: 40px;\">I dati personali dell&#8217;Utente sono trattati da GlobTree in qualit\u00e0 di titolare del trattamento dei dati personali al fine di fornire il servizio di Newsletter.<\/p>\n<p>9. Il conferimento dei dati personali da parte dell&#8217;Utente \u00e8 volontario, ma necessario per l&#8217;utilizzo del servizio di Newsletter, fatto salvo il paragrafo 10. di seguito. 10.<\/p>\n<p>10. GlobTree consente agli Utenti di utilizzare il servizio di Newsletter in forma anonima, nel caso in cui l&#8217;indirizzo e-mail fornito dall&#8217;Utente non consenta la sua identificazione e l&#8217;Utente non abbia fornito a GlobTree altri dati personali.<\/p>\n<p>11. L&#8217;utente ha il diritto di accedere ai propri dati personali, tra cui richiedere una copia dei propri dati, richiedere la rettifica, la limitazione del trattamento o la cancellazione dei propri dati e la cancellazione del servizio di Newsletter, il trasferimento dei propri dati personali, ad esempio ad un altro amministratore, la presentazione di un reclamo al Presidente dell&#8217;Ufficio per la protezione dei dati personali.<\/p>\n<p>12. Cliccando sul link di conferma per l&#8217;iscrizione alla Newsletter, l&#8217;indirizzo di posta elettronica (e-mail) dell&#8217;utente verr\u00e0 utilizzato per il servizio di Newsletter da quel momento in poi.<\/p>\n<p>13. L&#8217;Utente pu\u00f2 cancellarsi dalla Newsletter in qualsiasi momento, senza fornire alcuna motivazione e senza dover sostenere alcun costo, cliccando sul link presente nel footer di ogni messaggio inviato all&#8217;interno della Newsletter.<\/p>\n<p>14. Il servizio di Newsletter viene fornito per un periodo di tempo indefinito.<\/p>\n<p>15. La Newsletter sar\u00e0 interrotta all&#8217;indirizzo e-mail fornito senza ritardi ingiustificati, ma non oltre 30 giorni dalla data di cancellazione.<\/p>\n<p>16. \u00c8 possibile presentare reclami sulla Newsletter:<\/p>\n<ul>\n<li style=\"list-style-type: none;\">\n<ul>\n<li>via e-mail a sklep@globtree.pl.<\/li>\n<\/ul>\n<\/li>\n<\/ul>\n<p>17. Il reclamo deve contenere, in particolare: una descrizione della questione a cui si riferisce il reclamo, l&#8217;indirizzo di posta elettronica (e-mail) fornito al momento dell&#8217;iscrizione alla Newsletter e l&#8217;indirizzo di posta elettronica (e-mail) o di posta tradizionale a cui deve essere inviata la risposta al reclamo.<\/p>\n<p>18. Il reclamo verr\u00e0 esaminato e verr\u00e0 fornita una risposta sulla sua gestione entro quattordici giorni dal ricevimento del reclamo da parte di GlobTree. L&#8217;Utente sar\u00e0 informato della gestione del reclamo in base ai dettagli indicati nella domanda di reclamo.<\/p>\n<p>19. Diritti esclusivi su tutti gli elementi, comprese le opere ai sensi della Legge sul diritto d&#8217;autore e sui diritti connessi del 4 febbraio 1994. (Gazzetta Ufficiale n. 24, punto 83, e successive modifiche), resi disponibili da GlobTree o dai partner di GlobTree, in particolare i diritti d&#8217;autore, saranno di propriet\u00e0 di GlobTree o delle entit\u00e0 con cui GlobTree ha concluso i relativi accordi. L&#8217;utente ha il diritto di utilizzare il suddetto contenuti a titolo gratuito esclusivamente per il tuo uso personale e al solo scopo di utilizzare correttamente il servizio di Newsletter, in tutto il mondo. L&#8217;utilizzo del suddetto Contenuti diversi sono consentiti solo con l&#8217;esplicito consenso preventivo dell&#8217;ente autorizzato per iscritto a pena di nullit\u00e0.<\/p>\n<p>20. I presenti Termini e Condizioni sono disponibili gratuitamente sul sito www.globtree.pl in una forma che consente di ottenere, riprodurre e registrare il contenuto dei Termini e Condizioni mediante un sistema di comunicazione dati utilizzato dall&#8217;Utente.<\/p>\n<p>21. Il Regolamento costituir\u00e0 un contratto tipo ai sensi dell&#8217;art. 384 \u00a7 1 ustawy kodeks cywilny z dnia 23 kwietnia 1964 r. (Gazzetta delle leggi 1964 n. 16, voce 93, ovvero Gazzetta delle leggi 2023, voce 1610).<\/p>\n<p>22. Il Contratto sar\u00e0 disciplinato dalle leggi della Repubblica di Polonia e i tribunali saranno quelli ordinari della Repubblica di Polonia.<\/p>\n<p>23. GlobTree si riserva il diritto di modificare i presenti Termini e condizioni. Tutti i contratti di fornitura di Newsletter conclusi prima della data di entrata in vigore dei nuovi termini e condizioni saranno eseguiti sulla base dei termini e delle condizioni in vigore alla data di conclusione del contratto. La modifica del regolamento entrer\u00e0 in vigore entro 7 giorni dalla pubblicazione su www.globtree.pl. GlobTree informer\u00e0 gli utenti 7 giorni prima dell&#8217;entrata in vigore dei nuovi termini e condizioni tramite un&#8217;e-mail. Se l&#8217;utente non accetta il nuovo contenuto dei termini e delle condizioni, \u00e8 tenuto a comunicarlo a GlobTree, il che comporter\u00e0 la risoluzione del contratto.<\/p>\n<\/div>","protected":false},"excerpt":{"rendered":"<p>Termini e condizioni del servizio di Newsletter &nbsp; 1. GlobTree Ltd. con sede a Olsztyn, ul. Tryli\u0144skiego 16, iscritta nel Registro degli Imprenditori tenuto dal Tribunale Distrettuale di Olsztyn VIII Divisione Economica del Registro Nazionale dei Tribunali con KRS n. 0000304081, REGON 280292161, NIP 7393679238, e-mail: info@globtree.pl, di seguito denominato &#8220;GlobTree&#8221;) definisce nel presente Regolamento [&hellip;]<\/p>\n","protected":false},"author":3,"featured_media":0,"parent":0,"menu_order":1,"comment_status":"closed","ping_status":"closed","template":"","meta":{"footnotes":""},"class_list":["post-2039","page","type-page","status-publish","hentry"],"yoast_head":"<!-- This site is optimized with the Yoast SEO plugin v26.4 - https:\/\/yoast.com\/wordpress\/plugins\/seo\/ -->\n<title>Termini e condizioni della newsletter | Sklep GlobTree<\/title>\n<meta name=\"robots\" content=\"index, follow, max-snippet:-1, max-image-preview:large, max-video-preview:-1\" \/>\n<link rel=\"canonical\" href=\"https:\/\/sklep.globtree.pl\/it\/termini-e-condizioni-della-newsletter\/\" \/>\n<meta property=\"og:locale\" content=\"it_IT\" \/>\n<meta property=\"og:type\" content=\"article\" \/>\n<meta property=\"og:title\" content=\"Termini e condizioni della newsletter | Sklep GlobTree\" \/>\n<meta property=\"og:url\" content=\"https:\/\/sklep.globtree.pl\/it\/termini-e-condizioni-della-newsletter\/\" \/>\n<meta property=\"og:site_name\" content=\"Sklep GlobTree\" \/>\n<meta property=\"article:publisher\" content=\"https:\/\/www.facebook.com\/netlandteam\/\" \/>\n<meta property=\"article:modified_time\" content=\"2024-07-16T10:42:33+00:00\" \/>\n<meta name=\"twitter:card\" content=\"summary_large_image\" \/>\n<meta name=\"twitter:label1\" content=\"Tempo di lettura stimato\" \/>\n\t<meta name=\"twitter:data1\" content=\"6 minuti\" \/>\n<script type=\"application\/ld+json\" class=\"yoast-schema-graph\">{\"@context\":\"https:\/\/schema.org\",\"@graph\":[{\"@type\":\"AdvertiserContentArticle\",\"@id\":\"https:\/\/sklep.globtree.pl\/it\/termini-e-condizioni-della-newsletter\/#article\",\"isPartOf\":{\"@id\":\"https:\/\/sklep.globtree.pl\/it\/termini-e-condizioni-della-newsletter\/\"},\"author\":{\"name\":\"globtree\",\"@id\":\"https:\/\/sklep.globtree.pl\/#\/schema\/person\/f72ddc8344a8d6b11ac65825562645d9\"},\"headline\":\"Termini e condizioni della newsletter\",\"datePublished\":\"2024-02-05T09:22:34+00:00\",\"dateModified\":\"2024-07-16T10:42:33+00:00\",\"mainEntityOfPage\":{\"@id\":\"https:\/\/sklep.globtree.pl\/it\/termini-e-condizioni-della-newsletter\/\"},\"wordCount\":1255,\"publisher\":{\"@id\":\"https:\/\/sklep.globtree.pl\/#organization\"},\"inLanguage\":\"it-IT\"},{\"@type\":\"WebPage\",\"@id\":\"https:\/\/sklep.globtree.pl\/it\/termini-e-condizioni-della-newsletter\/\",\"url\":\"https:\/\/sklep.globtree.pl\/it\/termini-e-condizioni-della-newsletter\/\",\"name\":\"Termini e condizioni della newsletter | Sklep GlobTree\",\"isPartOf\":{\"@id\":\"https:\/\/sklep.globtree.pl\/#website\"},\"datePublished\":\"2024-02-05T09:22:34+00:00\",\"dateModified\":\"2024-07-16T10:42:33+00:00\",\"breadcrumb\":{\"@id\":\"https:\/\/sklep.globtree.pl\/it\/termini-e-condizioni-della-newsletter\/#breadcrumb\"},\"inLanguage\":\"it-IT\",\"potentialAction\":[{\"@type\":\"ReadAction\",\"target\":[\"https:\/\/sklep.globtree.pl\/it\/termini-e-condizioni-della-newsletter\/\"]}]},{\"@type\":\"BreadcrumbList\",\"@id\":\"https:\/\/sklep.globtree.pl\/it\/termini-e-condizioni-della-newsletter\/#breadcrumb\",\"itemListElement\":[{\"@type\":\"ListItem\",\"position\":1,\"name\":\"Strona g\u0142\u00f3wna\",\"item\":\"https:\/\/sklep.globtree.pl\/it\/homepage\/\"},{\"@type\":\"ListItem\",\"position\":2,\"name\":\"Termini e condizioni della newsletter\"}]},{\"@type\":\"WebSite\",\"@id\":\"https:\/\/sklep.globtree.pl\/#website\",\"url\":\"https:\/\/sklep.globtree.pl\/\",\"name\":\"Sklep GlobTree\",\"description\":\"Liczniki medi\u00f3w i urz\u0105dzenia telemetrii\",\"publisher\":{\"@id\":\"https:\/\/sklep.globtree.pl\/#organization\"},\"potentialAction\":[{\"@type\":\"SearchAction\",\"target\":{\"@type\":\"EntryPoint\",\"urlTemplate\":\"https:\/\/sklep.globtree.pl\/?s={search_term_string}\"},\"query-input\":{\"@type\":\"PropertyValueSpecification\",\"valueRequired\":true,\"valueName\":\"search_term_string\"}}],\"inLanguage\":\"it-IT\"},{\"@type\":\"Organization\",\"@id\":\"https:\/\/sklep.globtree.pl\/#organization\",\"name\":\"Sklep GlobTree\",\"url\":\"https:\/\/sklep.globtree.pl\/\",\"logo\":{\"@type\":\"ImageObject\",\"inLanguage\":\"it-IT\",\"@id\":\"https:\/\/sklep.globtree.pl\/#\/schema\/logo\/image\/\",\"url\":\"https:\/\/sklep.globtree.pl\/wp-content\/uploads\/2023\/09\/cropped-GlobTree_logo-1.png\",\"contentUrl\":\"https:\/\/sklep.globtree.pl\/wp-content\/uploads\/2023\/09\/cropped-GlobTree_logo-1.png\",\"width\":400,\"height\":80,\"caption\":\"Sklep GlobTree\"},\"image\":{\"@id\":\"https:\/\/sklep.globtree.pl\/#\/schema\/logo\/image\/\"},\"sameAs\":[\"https:\/\/www.facebook.com\/netlandteam\/\",\"https:\/\/pl.linkedin.com\/company\/globtree-sp-z-o-o\"]},{\"@type\":\"Person\",\"@id\":\"https:\/\/sklep.globtree.pl\/#\/schema\/person\/f72ddc8344a8d6b11ac65825562645d9\",\"name\":\"globtree\",\"image\":{\"@type\":\"ImageObject\",\"inLanguage\":\"it-IT\",\"@id\":\"https:\/\/sklep.globtree.pl\/#\/schema\/person\/image\/\",\"url\":\"https:\/\/secure.gravatar.com\/avatar\/c5457b237ca011f38a4cdcb495de639df38d12789d2a8d10d419ab2ce12537a7?s=96&d=mm&r=g\",\"contentUrl\":\"https:\/\/secure.gravatar.com\/avatar\/c5457b237ca011f38a4cdcb495de639df38d12789d2a8d10d419ab2ce12537a7?s=96&d=mm&r=g\",\"caption\":\"globtree\"}}]}<\/script>\n<!-- \/ Yoast SEO plugin. -->","yoast_head_json":{"title":"Termini e condizioni della newsletter | Sklep GlobTree","robots":{"index":"index","follow":"follow","max-snippet":"max-snippet:-1","max-image-preview":"max-image-preview:large","max-video-preview":"max-video-preview:-1"},"canonical":"https:\/\/sklep.globtree.pl\/it\/termini-e-condizioni-della-newsletter\/","og_locale":"it_IT","og_type":"article","og_title":"Termini e condizioni della newsletter | Sklep GlobTree","og_url":"https:\/\/sklep.globtree.pl\/it\/termini-e-condizioni-della-newsletter\/","og_site_name":"Sklep GlobTree","article_publisher":"https:\/\/www.facebook.com\/netlandteam\/","article_modified_time":"2024-07-16T10:42:33+00:00","twitter_card":"summary_large_image","twitter_misc":{"Tempo di lettura stimato":"6 minuti"},"schema":{"@context":"https:\/\/schema.org","@graph":[{"@type":"AdvertiserContentArticle","@id":"https:\/\/sklep.globtree.pl\/it\/termini-e-condizioni-della-newsletter\/#article","isPartOf":{"@id":"https:\/\/sklep.globtree.pl\/it\/termini-e-condizioni-della-newsletter\/"},"author":{"name":"globtree","@id":"https:\/\/sklep.globtree.pl\/#\/schema\/person\/f72ddc8344a8d6b11ac65825562645d9"},"headline":"Termini e condizioni della newsletter","datePublished":"2024-02-05T09:22:34+00:00","dateModified":"2024-07-16T10:42:33+00:00","mainEntityOfPage":{"@id":"https:\/\/sklep.globtree.pl\/it\/termini-e-condizioni-della-newsletter\/"},"wordCount":1255,"publisher":{"@id":"https:\/\/sklep.globtree.pl\/#organization"},"inLanguage":"it-IT"},{"@type":"WebPage","@id":"https:\/\/sklep.globtree.pl\/it\/termini-e-condizioni-della-newsletter\/","url":"https:\/\/sklep.globtree.pl\/it\/termini-e-condizioni-della-newsletter\/","name":"Termini e condizioni della newsletter | Sklep GlobTree","isPartOf":{"@id":"https:\/\/sklep.globtree.pl\/#website"},"datePublished":"2024-02-05T09:22:34+00:00","dateModified":"2024-07-16T10:42:33+00:00","breadcrumb":{"@id":"https:\/\/sklep.globtree.pl\/it\/termini-e-condizioni-della-newsletter\/#breadcrumb"},"inLanguage":"it-IT","potentialAction":[{"@type":"ReadAction","target":["https:\/\/sklep.globtree.pl\/it\/termini-e-condizioni-della-newsletter\/"]}]},{"@type":"BreadcrumbList","@id":"https:\/\/sklep.globtree.pl\/it\/termini-e-condizioni-della-newsletter\/#breadcrumb","itemListElement":[{"@type":"ListItem","position":1,"name":"Strona g\u0142\u00f3wna","item":"https:\/\/sklep.globtree.pl\/it\/homepage\/"},{"@type":"ListItem","position":2,"name":"Termini e condizioni della newsletter"}]},{"@type":"WebSite","@id":"https:\/\/sklep.globtree.pl\/#website","url":"https:\/\/sklep.globtree.pl\/","name":"Sklep GlobTree","description":"Liczniki medi\u00f3w i urz\u0105dzenia telemetrii","publisher":{"@id":"https:\/\/sklep.globtree.pl\/#organization"},"potentialAction":[{"@type":"SearchAction","target":{"@type":"EntryPoint","urlTemplate":"https:\/\/sklep.globtree.pl\/?s={search_term_string}"},"query-input":{"@type":"PropertyValueSpecification","valueRequired":true,"valueName":"search_term_string"}}],"inLanguage":"it-IT"},{"@type":"Organization","@id":"https:\/\/sklep.globtree.pl\/#organization","name":"Sklep GlobTree","url":"https:\/\/sklep.globtree.pl\/","logo":{"@type":"ImageObject","inLanguage":"it-IT","@id":"https:\/\/sklep.globtree.pl\/#\/schema\/logo\/image\/","url":"https:\/\/sklep.globtree.pl\/wp-content\/uploads\/2023\/09\/cropped-GlobTree_logo-1.png","contentUrl":"https:\/\/sklep.globtree.pl\/wp-content\/uploads\/2023\/09\/cropped-GlobTree_logo-1.png","width":400,"height":80,"caption":"Sklep GlobTree"},"image":{"@id":"https:\/\/sklep.globtree.pl\/#\/schema\/logo\/image\/"},"sameAs":["https:\/\/www.facebook.com\/netlandteam\/","https:\/\/pl.linkedin.com\/company\/globtree-sp-z-o-o"]},{"@type":"Person","@id":"https:\/\/sklep.globtree.pl\/#\/schema\/person\/f72ddc8344a8d6b11ac65825562645d9","name":"globtree","image":{"@type":"ImageObject","inLanguage":"it-IT","@id":"https:\/\/sklep.globtree.pl\/#\/schema\/person\/image\/","url":"https:\/\/secure.gravatar.com\/avatar\/c5457b237ca011f38a4cdcb495de639df38d12789d2a8d10d419ab2ce12537a7?s=96&d=mm&r=g","contentUrl":"https:\/\/secure.gravatar.com\/avatar\/c5457b237ca011f38a4cdcb495de639df38d12789d2a8d10d419ab2ce12537a7?s=96&d=mm&r=g","caption":"globtree"}}]}},"_links":{"self":[{"href":"https:\/\/sklep.globtree.pl\/it\/wp-json\/wp\/v2\/pages\/2039","targetHints":{"allow":["GET"]}}],"collection":[{"href":"https:\/\/sklep.globtree.pl\/it\/wp-json\/wp\/v2\/pages"}],"about":[{"href":"https:\/\/sklep.globtree.pl\/it\/wp-json\/wp\/v2\/types\/page"}],"author":[{"embeddable":true,"href":"https:\/\/sklep.globtree.pl\/it\/wp-json\/wp\/v2\/users\/3"}],"replies":[{"embeddable":true,"href":"https:\/\/sklep.globtree.pl\/it\/wp-json\/wp\/v2\/comments?post=2039"}],"version-history":[{"count":1,"href":"https:\/\/sklep.globtree.pl\/it\/wp-json\/wp\/v2\/pages\/2039\/revisions"}],"predecessor-version":[{"id":2042,"href":"https:\/\/sklep.globtree.pl\/it\/wp-json\/wp\/v2\/pages\/2039\/revisions\/2042"}],"wp:attachment":[{"href":"https:\/\/sklep.globtree.pl\/it\/wp-json\/wp\/v2\/media?parent=2039"}],"curies":[{"name":"wp","href":"https:\/\/api.w.org\/{rel}","templated":true}]}}