


{"id":2913,"date":"2026-02-04T13:03:56","date_gmt":"2026-02-04T12:03:56","guid":{"rendered":"https:\/\/sklep.globtree.pl\/?post_type=product&#038;p=2913"},"modified":"2026-02-06T13:50:00","modified_gmt":"2026-02-06T12:50:00","slug":"rilevatore-di-fumo-globtree-sm-2-0-lora-wm-bus","status":"publish","type":"product","link":"https:\/\/sklep.globtree.pl\/it\/prodotto\/rilevatore-di-fumo-globtree-sm-2-0-lora-wm-bus\/","title":{"rendered":"Rilevatore di fumo GlobTree SM-2.0 LoRa\/wM-Bus"},"content":{"rendered":"<div class=\"nolwrap\"><p>SM-2.0-LoRa \/ wM-Bus \u00e8 un rilevatore di fumo domestico completamente autonomo, progettato per rilevare tempestivamente un incendio nella fase di combustione dei materiali, prima ancora che si sviluppino fiamme e aumenti la temperatura. Il dispositivo rileva il fumo visibile, caratteristico della fase iniziale di pericolo di incendio, consentendo una reazione rapida e riducendo al minimo i danni.<\/p>\n<p>Il rilevatore \u00e8 stato progettato per l&#8217;uso in edifici residenziali, come appartamenti e case unifamiliari, nonch\u00e9 in cantine, garage e soffitte. \u00c8 destinato al funzionamento in ambienti chiusi, in cui in condizioni normali non sono presenti fattori di disturbo quali fumo, vapore acqueo o polvere eccessiva.<\/p>\n<p>Il dispositivo pu\u00f2 funzionare autonomamente o come parte di un sistema di monitoraggio antincendio, comunicando con l&#8217;infrastruttura sovraordinata tramite:<\/p>\n<ul data-start=\"1121\" data-end=\"1210\">\n<li data-start=\"1121\" data-end=\"1159\"><strong>LoRa<\/strong> (compatibile con gateway RAK),<\/li>\n<li data-start=\"1121\" data-end=\"1159\"><strong>wM-Bus<\/strong> (compatibile con concentratore UL 5.0).<\/li>\n<\/ul>\n<p>Grazie alla comunicazione wireless, il rilevatore \u00e8 ideale per soluzioni Smart Home, sistemi di monitoraggio remoto e installazioni che richiedono un basso consumo energetico e un&#8217;elevata affidabilit\u00e0.<\/p>\n<p>Il rilevatore SM-2.0-LoRa \/ wM-Bus \u00e8 destinato esclusivamente all&#8217;uso domestico e soddisfa i requisiti dei moderni sistemi di sicurezza antincendio per l&#8217;edilizia residenziale.<\/p>\n<p><strong>Dati tecnici:<\/strong><\/p>\n<ul>\n<li>Alimentazione batteria 9 V 6F22 (batteria sostituibile)<\/li>\n<li>Tensione minima di funzionamento 7 V<\/li>\n<li>Corrente di sorveglianza 10 \u00b5A<\/li>\n<li>Livello sonoro durante l&#8217;allarme &gt; 85 dB<\/li>\n<li>Colore dell&#8217;alloggiamento del rilevatore bianco<\/li>\n<li>Intervallo di temperatura di funzionamento da -10 \u00b0C a +55 \u00b0C<\/li>\n<li>Umidit\u00e0 relativa fino al 95% a 40 \u00b0C<\/li>\n<li>Dimensioni del rilevatore (con presa) \u00d8 112 x 57 mm<\/li>\n<li>Distanza tra i fori di fissaggio 72 mm<\/li>\n<li>Comunicazione LORA WAN o WMBUS<\/li>\n<li>Garanzia 60 mesi<\/li>\n<\/ul>\n<p><strong>Conformit\u00e0 alla norma confermata dai certificati:<\/strong><\/p>\n<ul>\n<li>PN-EN 14604:2006 Rilevatori di fumo autonomi<\/li>\n<li>EN 14604:2005 Dispositivi di allarme fumo<\/li>\n<\/ul>\n<p><strong>Funzionalit\u00e0:<\/strong><\/p>\n<p>Il rilevatore pu\u00f2 trovarsi nei seguenti stati:<\/p>\n<ul>\n<li>sorveglianza \u2013 il lampeggiamento del LED ogni 40 secondi conferma il corretto funzionamento del dispositivo;<\/li>\n<li>allarme \u2013 segnalato dal lampeggiamento del LED e da un segnale acustico modulato;<\/li>\n<li>ripetizione dell&#8217;allarme di un altro rilevatore \u2013 segnalato da un segnale acustico modulato;<\/li>\n<li>guasto \u2013 segnalato da un breve segnale acustico ogni 40 secondi senza lampeggiamento del LED;<\/li>\n<li>necessit\u00e0 di sostituzione della batteria \u2013 breve segnale acustico ogni 40 secondi e lampeggiamento del LED.<\/li>\n<li>misurazione della temperatura ambiente \u2013 il sensore misura la temperatura e la trasmette nel quadro di lettura.<\/li>\n<\/ul>\n<p>Premendo il pulsante di prova si attivano i segnali ottici e acustici come in caso di allarme antincendio. Se la camera di misurazione del rilevatore si sporca, cosa che pu\u00f2 verificarsi in seguito a un uso prolungato in condizioni sfavorevoli, \u00e8 possibile pulirla facilmente o sostituirla con una nuova.<\/p>\n<p>*Per acquisti all&#8217;ingrosso, vi invitiamo a contattarci direttamente<br \/>\n<strong>Disponibilit\u00e0: 10000 pezzi, merce disponibile su ordinazione<\/strong><\/p>\n<p>tel. +48 89 612 07 30<\/p>\n<p>email: sklep@globtree.pl<\/p>\n<\/div>","protected":false},"excerpt":{"rendered":"<p>SM-2.0-LoRa \/ wM-Bus \u00e8 un rilevatore di fumo domestico completamente autonomo, progettato per rilevare tempestivamente un incendio nella fase di combustione dei materiali, prima ancora che si sviluppino fiamme e aumenti la temperatura. Il dispositivo rileva il fumo visibile, caratteristico della fase iniziale di pericolo di incendio, consentendo una reazione rapida e riducendo al minimo [&hellip;]<\/p>\n","protected":false},"featured_media":2906,"template":"","meta":[],"product_brand":[],"product_cat":[387],"product_tag":[],"class_list":{"0":"post-2913","1":"product","2":"type-product","3":"status-publish","4":"has-post-thumbnail","6":"product_cat-sensori","8":"first","9":"instock","10":"featured","11":"taxable","12":"shipping-taxable","13":"purchasable","14":"product-type-simple"},"yoast_head":"<!-- This site is optimized with the Yoast SEO plugin v26.4 - https:\/\/yoast.com\/wordpress\/plugins\/seo\/ -->\n<title>Rilevatore di fumo GlobTree SM-2.0 LoRa\/wM-Bus | Sklep GlobTree<\/title>\n<meta name=\"robots\" content=\"index, follow, max-snippet:-1, max-image-preview:large, max-video-preview:-1\" \/>\n<link rel=\"canonical\" href=\"https:\/\/sklep.globtree.pl\/it\/prodotto\/rilevatore-di-fumo-globtree-sm-2-0-lora-wm-bus\/\" \/>\n<meta property=\"og:locale\" content=\"it_IT\" \/>\n<meta property=\"og:type\" content=\"article\" \/>\n<meta property=\"og:title\" content=\"Rilevatore di fumo GlobTree SM-2.0 LoRa\/wM-Bus | Sklep GlobTree\" \/>\n<meta property=\"og:description\" content=\"SM-2.0-LoRa \/ wM-Bus \u00e8 un rilevatore di fumo domestico completamente autonomo, progettato per rilevare tempestivamente un incendio nella fase di combustione dei materiali, prima ancora che si sviluppino fiamme e aumenti la temperatura. Il dispositivo rileva il fumo visibile, caratteristico della fase iniziale di pericolo di incendio, consentendo una reazione rapida e riducendo al minimo [&hellip;]\" \/>\n<meta property=\"og:url\" content=\"https:\/\/sklep.globtree.pl\/it\/prodotto\/rilevatore-di-fumo-globtree-sm-2-0-lora-wm-bus\/\" \/>\n<meta property=\"og:site_name\" content=\"Sklep GlobTree\" \/>\n<meta property=\"article:publisher\" content=\"https:\/\/www.facebook.com\/netlandteam\/\" \/>\n<meta property=\"article:modified_time\" content=\"2026-02-06T12:50:00+00:00\" \/>\n<meta property=\"og:image\" content=\"https:\/\/sklep.globtree.pl\/wp-content\/uploads\/2026\/02\/Czujka.png\" \/>\n\t<meta property=\"og:image:width\" content=\"940\" \/>\n\t<meta property=\"og:image:height\" content=\"788\" \/>\n\t<meta property=\"og:image:type\" content=\"image\/png\" \/>\n<meta name=\"twitter:card\" content=\"summary_large_image\" \/>\n<meta name=\"twitter:label1\" content=\"Tempo di lettura stimato\" \/>\n\t<meta name=\"twitter:data1\" content=\"3 minuti\" \/>\n<script type=\"application\/ld+json\" class=\"yoast-schema-graph\">{\"@context\":\"https:\/\/schema.org\",\"@graph\":[{\"@type\":[\"WebPage\",\"ItemPage\"],\"@id\":\"https:\/\/sklep.globtree.pl\/it\/prodotto\/rilevatore-di-fumo-globtree-sm-2-0-lora-wm-bus\/\",\"url\":\"https:\/\/sklep.globtree.pl\/it\/prodotto\/rilevatore-di-fumo-globtree-sm-2-0-lora-wm-bus\/\",\"name\":\"Rilevatore di fumo GlobTree SM-2.0 LoRa\/wM-Bus | Sklep GlobTree\",\"isPartOf\":{\"@id\":\"https:\/\/sklep.globtree.pl\/#website\"},\"primaryImageOfPage\":{\"@id\":\"https:\/\/sklep.globtree.pl\/it\/prodotto\/rilevatore-di-fumo-globtree-sm-2-0-lora-wm-bus\/#primaryimage\"},\"image\":{\"@id\":\"https:\/\/sklep.globtree.pl\/it\/prodotto\/rilevatore-di-fumo-globtree-sm-2-0-lora-wm-bus\/#primaryimage\"},\"thumbnailUrl\":\"https:\/\/sklep.globtree.pl\/wp-content\/uploads\/2026\/02\/Czujka.png\",\"datePublished\":\"2026-02-04T12:03:56+00:00\",\"dateModified\":\"2026-02-06T12:50:00+00:00\",\"breadcrumb\":{\"@id\":\"https:\/\/sklep.globtree.pl\/it\/prodotto\/rilevatore-di-fumo-globtree-sm-2-0-lora-wm-bus\/#breadcrumb\"},\"inLanguage\":\"it-IT\",\"potentialAction\":[{\"@type\":\"ReadAction\",\"target\":[\"https:\/\/sklep.globtree.pl\/it\/prodotto\/rilevatore-di-fumo-globtree-sm-2-0-lora-wm-bus\/\"]}]},{\"@type\":\"ImageObject\",\"inLanguage\":\"it-IT\",\"@id\":\"https:\/\/sklep.globtree.pl\/it\/prodotto\/rilevatore-di-fumo-globtree-sm-2-0-lora-wm-bus\/#primaryimage\",\"url\":\"https:\/\/sklep.globtree.pl\/wp-content\/uploads\/2026\/02\/Czujka.png\",\"contentUrl\":\"https:\/\/sklep.globtree.pl\/wp-content\/uploads\/2026\/02\/Czujka.png\",\"width\":940,\"height\":788},{\"@type\":\"BreadcrumbList\",\"@id\":\"https:\/\/sklep.globtree.pl\/it\/prodotto\/rilevatore-di-fumo-globtree-sm-2-0-lora-wm-bus\/#breadcrumb\",\"itemListElement\":[{\"@type\":\"ListItem\",\"position\":1,\"name\":\"Strona g\u0142\u00f3wna\",\"item\":\"https:\/\/sklep.globtree.pl\/it\/homepage\/\"},{\"@type\":\"ListItem\",\"position\":2,\"name\":\"Negozio\",\"item\":\"https:\/\/sklep.globtree.pl\/it\/negozio\/\"},{\"@type\":\"ListItem\",\"position\":3,\"name\":\"Rilevatore di fumo GlobTree SM-2.0 LoRa\/wM-Bus\"}]},{\"@type\":\"WebSite\",\"@id\":\"https:\/\/sklep.globtree.pl\/#website\",\"url\":\"https:\/\/sklep.globtree.pl\/\",\"name\":\"Sklep GlobTree\",\"description\":\"Liczniki medi\u00f3w i urz\u0105dzenia telemetrii\",\"publisher\":{\"@id\":\"https:\/\/sklep.globtree.pl\/#organization\"},\"potentialAction\":[{\"@type\":\"SearchAction\",\"target\":{\"@type\":\"EntryPoint\",\"urlTemplate\":\"https:\/\/sklep.globtree.pl\/?s={search_term_string}\"},\"query-input\":{\"@type\":\"PropertyValueSpecification\",\"valueRequired\":true,\"valueName\":\"search_term_string\"}}],\"inLanguage\":\"it-IT\"},{\"@type\":\"Organization\",\"@id\":\"https:\/\/sklep.globtree.pl\/#organization\",\"name\":\"Sklep GlobTree\",\"url\":\"https:\/\/sklep.globtree.pl\/\",\"logo\":{\"@type\":\"ImageObject\",\"inLanguage\":\"it-IT\",\"@id\":\"https:\/\/sklep.globtree.pl\/#\/schema\/logo\/image\/\",\"url\":\"https:\/\/sklep.globtree.pl\/wp-content\/uploads\/2023\/09\/cropped-GlobTree_logo-1.png\",\"contentUrl\":\"https:\/\/sklep.globtree.pl\/wp-content\/uploads\/2023\/09\/cropped-GlobTree_logo-1.png\",\"width\":400,\"height\":80,\"caption\":\"Sklep GlobTree\"},\"image\":{\"@id\":\"https:\/\/sklep.globtree.pl\/#\/schema\/logo\/image\/\"},\"sameAs\":[\"https:\/\/www.facebook.com\/netlandteam\/\",\"https:\/\/pl.linkedin.com\/company\/globtree-sp-z-o-o\"]}]}<\/script>\n<!-- \/ Yoast SEO plugin. -->","yoast_head_json":{"title":"Rilevatore di fumo GlobTree SM-2.0 LoRa\/wM-Bus | Sklep GlobTree","robots":{"index":"index","follow":"follow","max-snippet":"max-snippet:-1","max-image-preview":"max-image-preview:large","max-video-preview":"max-video-preview:-1"},"canonical":"https:\/\/sklep.globtree.pl\/it\/prodotto\/rilevatore-di-fumo-globtree-sm-2-0-lora-wm-bus\/","og_locale":"it_IT","og_type":"article","og_title":"Rilevatore di fumo GlobTree SM-2.0 LoRa\/wM-Bus | Sklep GlobTree","og_description":"SM-2.0-LoRa \/ wM-Bus \u00e8 un rilevatore di fumo domestico completamente autonomo, progettato per rilevare tempestivamente un incendio nella fase di combustione dei materiali, prima ancora che si sviluppino fiamme e aumenti la temperatura. Il dispositivo rileva il fumo visibile, caratteristico della fase iniziale di pericolo di incendio, consentendo una reazione rapida e riducendo al minimo [&hellip;]","og_url":"https:\/\/sklep.globtree.pl\/it\/prodotto\/rilevatore-di-fumo-globtree-sm-2-0-lora-wm-bus\/","og_site_name":"Sklep GlobTree","article_publisher":"https:\/\/www.facebook.com\/netlandteam\/","article_modified_time":"2026-02-06T12:50:00+00:00","og_image":[{"width":940,"height":788,"url":"https:\/\/sklep.globtree.pl\/wp-content\/uploads\/2026\/02\/Czujka.png","type":"image\/png"}],"twitter_card":"summary_large_image","twitter_misc":{"Tempo di lettura stimato":"3 minuti"},"schema":{"@context":"https:\/\/schema.org","@graph":[{"@type":["WebPage","ItemPage"],"@id":"https:\/\/sklep.globtree.pl\/it\/prodotto\/rilevatore-di-fumo-globtree-sm-2-0-lora-wm-bus\/","url":"https:\/\/sklep.globtree.pl\/it\/prodotto\/rilevatore-di-fumo-globtree-sm-2-0-lora-wm-bus\/","name":"Rilevatore di fumo GlobTree SM-2.0 LoRa\/wM-Bus | Sklep GlobTree","isPartOf":{"@id":"https:\/\/sklep.globtree.pl\/#website"},"primaryImageOfPage":{"@id":"https:\/\/sklep.globtree.pl\/it\/prodotto\/rilevatore-di-fumo-globtree-sm-2-0-lora-wm-bus\/#primaryimage"},"image":{"@id":"https:\/\/sklep.globtree.pl\/it\/prodotto\/rilevatore-di-fumo-globtree-sm-2-0-lora-wm-bus\/#primaryimage"},"thumbnailUrl":"https:\/\/sklep.globtree.pl\/wp-content\/uploads\/2026\/02\/Czujka.png","datePublished":"2026-02-04T12:03:56+00:00","dateModified":"2026-02-06T12:50:00+00:00","breadcrumb":{"@id":"https:\/\/sklep.globtree.pl\/it\/prodotto\/rilevatore-di-fumo-globtree-sm-2-0-lora-wm-bus\/#breadcrumb"},"inLanguage":"it-IT","potentialAction":[{"@type":"ReadAction","target":["https:\/\/sklep.globtree.pl\/it\/prodotto\/rilevatore-di-fumo-globtree-sm-2-0-lora-wm-bus\/"]}]},{"@type":"ImageObject","inLanguage":"it-IT","@id":"https:\/\/sklep.globtree.pl\/it\/prodotto\/rilevatore-di-fumo-globtree-sm-2-0-lora-wm-bus\/#primaryimage","url":"https:\/\/sklep.globtree.pl\/wp-content\/uploads\/2026\/02\/Czujka.png","contentUrl":"https:\/\/sklep.globtree.pl\/wp-content\/uploads\/2026\/02\/Czujka.png","width":940,"height":788},{"@type":"BreadcrumbList","@id":"https:\/\/sklep.globtree.pl\/it\/prodotto\/rilevatore-di-fumo-globtree-sm-2-0-lora-wm-bus\/#breadcrumb","itemListElement":[{"@type":"ListItem","position":1,"name":"Strona g\u0142\u00f3wna","item":"https:\/\/sklep.globtree.pl\/it\/homepage\/"},{"@type":"ListItem","position":2,"name":"Negozio","item":"https:\/\/sklep.globtree.pl\/it\/negozio\/"},{"@type":"ListItem","position":3,"name":"Rilevatore di fumo GlobTree SM-2.0 LoRa\/wM-Bus"}]},{"@type":"WebSite","@id":"https:\/\/sklep.globtree.pl\/#website","url":"https:\/\/sklep.globtree.pl\/","name":"Sklep GlobTree","description":"Liczniki medi\u00f3w i urz\u0105dzenia telemetrii","publisher":{"@id":"https:\/\/sklep.globtree.pl\/#organization"},"potentialAction":[{"@type":"SearchAction","target":{"@type":"EntryPoint","urlTemplate":"https:\/\/sklep.globtree.pl\/?s={search_term_string}"},"query-input":{"@type":"PropertyValueSpecification","valueRequired":true,"valueName":"search_term_string"}}],"inLanguage":"it-IT"},{"@type":"Organization","@id":"https:\/\/sklep.globtree.pl\/#organization","name":"Sklep GlobTree","url":"https:\/\/sklep.globtree.pl\/","logo":{"@type":"ImageObject","inLanguage":"it-IT","@id":"https:\/\/sklep.globtree.pl\/#\/schema\/logo\/image\/","url":"https:\/\/sklep.globtree.pl\/wp-content\/uploads\/2023\/09\/cropped-GlobTree_logo-1.png","contentUrl":"https:\/\/sklep.globtree.pl\/wp-content\/uploads\/2023\/09\/cropped-GlobTree_logo-1.png","width":400,"height":80,"caption":"Sklep GlobTree"},"image":{"@id":"https:\/\/sklep.globtree.pl\/#\/schema\/logo\/image\/"},"sameAs":["https:\/\/www.facebook.com\/netlandteam\/","https:\/\/pl.linkedin.com\/company\/globtree-sp-z-o-o"]}]}},"_links":{"self":[{"href":"https:\/\/sklep.globtree.pl\/it\/wp-json\/wp\/v2\/product\/2913","targetHints":{"allow":["GET"]}}],"collection":[{"href":"https:\/\/sklep.globtree.pl\/it\/wp-json\/wp\/v2\/product"}],"about":[{"href":"https:\/\/sklep.globtree.pl\/it\/wp-json\/wp\/v2\/types\/product"}],"wp:featuredmedia":[{"embeddable":true,"href":"https:\/\/sklep.globtree.pl\/it\/wp-json\/wp\/v2\/media\/2906"}],"wp:attachment":[{"href":"https:\/\/sklep.globtree.pl\/it\/wp-json\/wp\/v2\/media?parent=2913"}],"wp:term":[{"taxonomy":"product_brand","embeddable":true,"href":"https:\/\/sklep.globtree.pl\/it\/wp-json\/wp\/v2\/product_brand?post=2913"},{"taxonomy":"product_cat","embeddable":true,"href":"https:\/\/sklep.globtree.pl\/it\/wp-json\/wp\/v2\/product_cat?post=2913"},{"taxonomy":"product_tag","embeddable":true,"href":"https:\/\/sklep.globtree.pl\/it\/wp-json\/wp\/v2\/product_tag?post=2913"}],"curies":[{"name":"wp","href":"https:\/\/api.w.org\/{rel}","templated":true}]}}