


{"id":399,"date":"2023-10-10T14:23:52","date_gmt":"2023-10-10T12:23:52","guid":{"rendered":"https:\/\/netlandsklep.artneo.pl\/produkt\/ultraheat-t450\/"},"modified":"2024-08-13T09:54:28","modified_gmt":"2024-08-13T07:54:28","slug":"ultraheat-t450","status":"publish","type":"product","link":"https:\/\/sklep.globtree.pl\/it\/prodotto\/ultraheat-t450\/","title":{"rendered":"ULTRAHEAT T450"},"content":{"rendered":"<div class=\"nolwrap\"><p>Misuratore universale a ultrasuoni per caldo, freddo o combinato (caldo e freddo). Grazie alla sua precisione, affidabilit\u00e0 e flessibilit\u00e0, soddisfa perfettamente i requisiti della tecnologia domestica e delle reti di teleriscaldamento. Tutto questo viene realizzato con il miglior rapporto qualit\u00e0-prezzo.<\/p>\n<p><strong>Caratteristiche principali:<\/strong><\/p>\n<ul>\n<li>Trasduttore di flusso in metallo con brevetto<\/li>\n<li>Superficie DuraSurface<\/li>\n<li>Slot per 1 modulo di comunicazione<\/li>\n<li>5 variazioni dei parametri chiave di prestazione<\/li>\n<li>Registratore di dati con memoria per 1872 voci<\/li>\n<li>Modalit\u00e0 di integrazione intelligente e adattiva<\/li>\n<li>Alimentazione a batteria 20 anni<\/li>\n<li>Alimentazione Mbus cablata<\/li>\n<\/ul>\n<p><strong>Dati tecnici:<\/strong><\/p>\n<p><strong>Generale:<\/strong><\/p>\n<p>Precisione di misura: Classe 2 o 3 (EN 1434)<br \/>\nClasse ambientale: A (EN 1434)<br \/>\nClasse meccanica: M2 (2014\/32\/UE)<br \/>\nClasse elettromagnetica: E1 (2014\/32\/UE)<br \/>\nUmidit\u00e0 ambientale: &lt; 93% relativo a 25\u00b0C, non condensante<br \/>\nMax. altezza: 2000 m sul livello del mare.<br \/>\nTemp. immagazzinamento: -20 &#8230; 60 \u00b0C<\/p>\n<p><strong>Conversione dell&#8217;indicatore:<\/strong><\/p>\n<p>Temperatura ambiente: 5 &#8230; 55 \u00b0C<br \/>\nGrado di protezione: IP 54 \/ opzionalmente IP68 (EN 60529)<br \/>\nAlimentazione: da 1 a 4 batterie di tipo AA \/ durata da 6 a 20 anni<br \/>\nSoglia di sensibilit\u00e0 di misura \u0394T: &lt; 0,2 K<br \/>\nDifferenza di temperatura \u0394T: 3 K &#8230; 120 K<br \/>\nCampo di misura della temperatura: 0 &#8230; 180 \u00b0C<br \/>\nDisplay LCD: a 8 cifre<br \/>\nInterfaccia ottica: Conforme a EN 62056-21<br \/>\nComunicazione: Opzionale: M-Bus, wM-Bus, LoRa, altro<br \/>\nCavo di segnale: Fisso, lunghezza da 1,5 m a 5 m<\/p>\n<p><strong>Intervallo di misura<\/strong><strong>adattativo:<\/strong><strong><br \/>\n<\/strong>Normale: \u03c4Q= 2sec. \/ \u03c4\u0394T=32 sec.<br \/>\nVeloce: \u03c4Q= 2sec. \/ \u03c4\u0394T=4 sec.<\/p>\n<p><strong>Alimentazione:<\/strong><\/p>\n<p>Alimentazione a batteria: Tipo AA, ioni di litio<br \/>\nBasso contenuto di litio: 0,65 g per batteria<br \/>\nNumero di batterie: da 1 a 4, a seconda della configurazione<\/p>\n<p><strong>Sensori di temperatura:<\/strong><\/p>\n<p>Tipo: Pt 500 o Pt 100 (EN 60751)<br \/>\nMetodo di collegamento: a 2 fili<br \/>\nLunghezza del cavo del sensore: Max. 10 m come approvato<\/p>\n<p><strong>C<\/strong><strong>ampo di temperatura:<br \/>\n<\/strong>Tipo PS \u00d8 5,2 x 45 mm, 1,5 m, 150 \u00b0C<br \/>\nTipo PS \u00d8 5,2 x 45 mm, 5,0 m, 150 \u00b0C<\/p>\n<p><strong>Trasduttore di flusso:<\/strong><\/p>\n<p>Grado di protezione: IP 54 \/ IP65 \/ opzionalmente IP 68 (EN 60529)<br \/>\nMetodo di montaggio: Ritorno o alimentazione (commutabile 5x)<br \/>\nDirezione di montaggio: libera (Non sono necessarie sezioni rettilinee)<br \/>\nDinamica di misura: 1:100 (secondo MID)<br \/>\nIntervallo di temperatura: MID: 5 &#8230; 130 \u00b0C<br \/>\nMisura del calore: 10 &#8230; 130 \u00b0C<br \/>\nMisura a freddo: 5 &#8230; 50 \u00b0C<br \/>\nSovraccarico massimo: 2,8 x qp<br \/>\nPressione nominale: PN16 (PS16), PN25 (PS25)<br \/>\nIntervallo di misurazione: 2 secondi, indipendentemente dalla modalit\u00e0 operativa<\/p>\n<p><strong>Alimentazione<\/strong> &#8211; numero di batterie utilizzate<\/p>\n<p>Durata della batteria: 6 anni 11 anni 16 anni 20 anni<br \/>\nContatore senza comunicazione: 1xAA 2xAA 3xAA 4xAA<br \/>\nModulo radio 868MHz: 2xAA 3xAA 4xAA &#8211;<\/p>\n<p>*Per acquisti all\u2019ingrosso, ti invitiamo a contattarci direttamente per conoscere i prezzi.<\/p>\n<p><img decoding=\"async\" class=\"emoji\" role=\"img\" draggable=\"false\" src=\"https:\/\/s.w.org\/images\/core\/emoji\/15.0.3\/svg\/1f4de.svg\" alt=\"\ud83d\udcde\" \/>\u00a0+48 89 612 07 30<\/p>\n<p><img decoding=\"async\" class=\"emoji\" role=\"img\" draggable=\"false\" src=\"https:\/\/s.w.org\/images\/core\/emoji\/15.0.3\/svg\/1f4e7.svg\" alt=\"\ud83d\udce7\" \/>\u00a0sklep@globtree.pl<\/p>\n<\/div>","protected":false},"excerpt":{"rendered":"<p>Misuratore universale a ultrasuoni per caldo, freddo o combinato (caldo e freddo). Grazie alla sua precisione, affidabilit\u00e0 e flessibilit\u00e0, soddisfa perfettamente i requisiti della tecnologia domestica e delle reti di teleriscaldamento. Tutto questo viene realizzato con il miglior rapporto qualit\u00e0-prezzo. Caratteristiche principali: Trasduttore di flusso in metallo con brevetto Superficie DuraSurface Slot per 1 modulo [&hellip;]<\/p>\n","protected":false},"featured_media":525,"template":"","meta":[],"product_brand":[],"product_cat":[152],"product_tag":[289,290,291,357,332],"class_list":{"0":"post-399","1":"product","2":"type-product","3":"status-publish","4":"has-post-thumbnail","6":"product_cat-contatori-di-calore","7":"product_tag-contatore-di-calore","8":"product_tag-contatore-di-calore-it","9":"product_tag-contatore-di-calore-it-2","10":"product_tag-landisgyr-t450-it","11":"product_tag-ultraheat-t450-it","13":"first","14":"outofstock","15":"taxable","16":"shipping-taxable","17":"purchasable","18":"product-type-variable"},"yoast_head":"<!-- This site is optimized with the Yoast SEO plugin v26.4 - https:\/\/yoast.com\/wordpress\/plugins\/seo\/ -->\n<title>ULTRAHEAT T450 | Sklep GlobTree<\/title>\n<meta name=\"robots\" content=\"index, follow, max-snippet:-1, max-image-preview:large, max-video-preview:-1\" \/>\n<link rel=\"canonical\" href=\"https:\/\/sklep.globtree.pl\/it\/prodotto\/ultraheat-t450\/\" \/>\n<meta property=\"og:locale\" content=\"it_IT\" \/>\n<meta property=\"og:type\" content=\"article\" \/>\n<meta property=\"og:title\" content=\"ULTRAHEAT T450 | Sklep GlobTree\" \/>\n<meta property=\"og:description\" content=\"Misuratore universale a ultrasuoni per caldo, freddo o combinato (caldo e freddo). Grazie alla sua precisione, affidabilit\u00e0 e flessibilit\u00e0, soddisfa perfettamente i requisiti della tecnologia domestica e delle reti di teleriscaldamento. Tutto questo viene realizzato con il miglior rapporto qualit\u00e0-prezzo. Caratteristiche principali: Trasduttore di flusso in metallo con brevetto Superficie DuraSurface Slot per 1 modulo [&hellip;]\" \/>\n<meta property=\"og:url\" content=\"https:\/\/sklep.globtree.pl\/it\/prodotto\/ultraheat-t450\/\" \/>\n<meta property=\"og:site_name\" content=\"Sklep GlobTree\" \/>\n<meta property=\"article:publisher\" content=\"https:\/\/www.facebook.com\/netlandteam\/\" \/>\n<meta property=\"article:modified_time\" content=\"2024-08-13T07:54:28+00:00\" \/>\n<meta property=\"og:image\" content=\"https:\/\/sklep.globtree.pl\/wp-content\/uploads\/2023\/10\/450-1.webp\" \/>\n\t<meta property=\"og:image:width\" content=\"712\" \/>\n\t<meta property=\"og:image:height\" content=\"712\" \/>\n\t<meta property=\"og:image:type\" content=\"image\/webp\" \/>\n<meta name=\"twitter:card\" content=\"summary_large_image\" \/>\n<meta name=\"twitter:label1\" content=\"Tempo di lettura stimato\" \/>\n\t<meta name=\"twitter:data1\" content=\"4 minuti\" \/>\n<script type=\"application\/ld+json\" class=\"yoast-schema-graph\">{\"@context\":\"https:\/\/schema.org\",\"@graph\":[{\"@type\":[\"WebPage\",\"ItemPage\"],\"@id\":\"https:\/\/sklep.globtree.pl\/it\/prodotto\/ultraheat-t450\/\",\"url\":\"https:\/\/sklep.globtree.pl\/it\/prodotto\/ultraheat-t450\/\",\"name\":\"ULTRAHEAT T450 | Sklep GlobTree\",\"isPartOf\":{\"@id\":\"https:\/\/sklep.globtree.pl\/#website\"},\"primaryImageOfPage\":{\"@id\":\"https:\/\/sklep.globtree.pl\/it\/prodotto\/ultraheat-t450\/#primaryimage\"},\"image\":{\"@id\":\"https:\/\/sklep.globtree.pl\/it\/prodotto\/ultraheat-t450\/#primaryimage\"},\"thumbnailUrl\":\"https:\/\/sklep.globtree.pl\/wp-content\/uploads\/2023\/10\/450-1.webp\",\"datePublished\":\"2023-10-10T12:23:52+00:00\",\"dateModified\":\"2024-08-13T07:54:28+00:00\",\"breadcrumb\":{\"@id\":\"https:\/\/sklep.globtree.pl\/it\/prodotto\/ultraheat-t450\/#breadcrumb\"},\"inLanguage\":\"it-IT\",\"potentialAction\":[{\"@type\":\"ReadAction\",\"target\":[\"https:\/\/sklep.globtree.pl\/it\/prodotto\/ultraheat-t450\/\"]}]},{\"@type\":\"ImageObject\",\"inLanguage\":\"it-IT\",\"@id\":\"https:\/\/sklep.globtree.pl\/it\/prodotto\/ultraheat-t450\/#primaryimage\",\"url\":\"https:\/\/sklep.globtree.pl\/wp-content\/uploads\/2023\/10\/450-1.webp\",\"contentUrl\":\"https:\/\/sklep.globtree.pl\/wp-content\/uploads\/2023\/10\/450-1.webp\",\"width\":712,\"height\":712,\"caption\":\"Ciep\u0142omierz ultrad\u017awi\u0119kowy T450\"},{\"@type\":\"BreadcrumbList\",\"@id\":\"https:\/\/sklep.globtree.pl\/it\/prodotto\/ultraheat-t450\/#breadcrumb\",\"itemListElement\":[{\"@type\":\"ListItem\",\"position\":1,\"name\":\"Strona g\u0142\u00f3wna\",\"item\":\"https:\/\/sklep.globtree.pl\/it\/homepage\/\"},{\"@type\":\"ListItem\",\"position\":2,\"name\":\"Negozio\",\"item\":\"https:\/\/sklep.globtree.pl\/it\/negozio\/\"},{\"@type\":\"ListItem\",\"position\":3,\"name\":\"ULTRAHEAT T450\"}]},{\"@type\":\"WebSite\",\"@id\":\"https:\/\/sklep.globtree.pl\/#website\",\"url\":\"https:\/\/sklep.globtree.pl\/\",\"name\":\"Sklep GlobTree\",\"description\":\"Liczniki medi\u00f3w i urz\u0105dzenia telemetrii\",\"publisher\":{\"@id\":\"https:\/\/sklep.globtree.pl\/#organization\"},\"potentialAction\":[{\"@type\":\"SearchAction\",\"target\":{\"@type\":\"EntryPoint\",\"urlTemplate\":\"https:\/\/sklep.globtree.pl\/?s={search_term_string}\"},\"query-input\":{\"@type\":\"PropertyValueSpecification\",\"valueRequired\":true,\"valueName\":\"search_term_string\"}}],\"inLanguage\":\"it-IT\"},{\"@type\":\"Organization\",\"@id\":\"https:\/\/sklep.globtree.pl\/#organization\",\"name\":\"Sklep GlobTree\",\"url\":\"https:\/\/sklep.globtree.pl\/\",\"logo\":{\"@type\":\"ImageObject\",\"inLanguage\":\"it-IT\",\"@id\":\"https:\/\/sklep.globtree.pl\/#\/schema\/logo\/image\/\",\"url\":\"https:\/\/sklep.globtree.pl\/wp-content\/uploads\/2023\/09\/cropped-GlobTree_logo-1.png\",\"contentUrl\":\"https:\/\/sklep.globtree.pl\/wp-content\/uploads\/2023\/09\/cropped-GlobTree_logo-1.png\",\"width\":400,\"height\":80,\"caption\":\"Sklep GlobTree\"},\"image\":{\"@id\":\"https:\/\/sklep.globtree.pl\/#\/schema\/logo\/image\/\"},\"sameAs\":[\"https:\/\/www.facebook.com\/netlandteam\/\",\"https:\/\/pl.linkedin.com\/company\/globtree-sp-z-o-o\"]}]}<\/script>\n<!-- \/ Yoast SEO plugin. -->","yoast_head_json":{"title":"ULTRAHEAT T450 | Sklep GlobTree","robots":{"index":"index","follow":"follow","max-snippet":"max-snippet:-1","max-image-preview":"max-image-preview:large","max-video-preview":"max-video-preview:-1"},"canonical":"https:\/\/sklep.globtree.pl\/it\/prodotto\/ultraheat-t450\/","og_locale":"it_IT","og_type":"article","og_title":"ULTRAHEAT T450 | Sklep GlobTree","og_description":"Misuratore universale a ultrasuoni per caldo, freddo o combinato (caldo e freddo). Grazie alla sua precisione, affidabilit\u00e0 e flessibilit\u00e0, soddisfa perfettamente i requisiti della tecnologia domestica e delle reti di teleriscaldamento. Tutto questo viene realizzato con il miglior rapporto qualit\u00e0-prezzo. Caratteristiche principali: Trasduttore di flusso in metallo con brevetto Superficie DuraSurface Slot per 1 modulo [&hellip;]","og_url":"https:\/\/sklep.globtree.pl\/it\/prodotto\/ultraheat-t450\/","og_site_name":"Sklep GlobTree","article_publisher":"https:\/\/www.facebook.com\/netlandteam\/","article_modified_time":"2024-08-13T07:54:28+00:00","og_image":[{"width":712,"height":712,"url":"https:\/\/sklep.globtree.pl\/wp-content\/uploads\/2023\/10\/450-1.webp","type":"image\/webp"}],"twitter_card":"summary_large_image","twitter_misc":{"Tempo di lettura stimato":"4 minuti"},"schema":{"@context":"https:\/\/schema.org","@graph":[{"@type":["WebPage","ItemPage"],"@id":"https:\/\/sklep.globtree.pl\/it\/prodotto\/ultraheat-t450\/","url":"https:\/\/sklep.globtree.pl\/it\/prodotto\/ultraheat-t450\/","name":"ULTRAHEAT T450 | Sklep GlobTree","isPartOf":{"@id":"https:\/\/sklep.globtree.pl\/#website"},"primaryImageOfPage":{"@id":"https:\/\/sklep.globtree.pl\/it\/prodotto\/ultraheat-t450\/#primaryimage"},"image":{"@id":"https:\/\/sklep.globtree.pl\/it\/prodotto\/ultraheat-t450\/#primaryimage"},"thumbnailUrl":"https:\/\/sklep.globtree.pl\/wp-content\/uploads\/2023\/10\/450-1.webp","datePublished":"2023-10-10T12:23:52+00:00","dateModified":"2024-08-13T07:54:28+00:00","breadcrumb":{"@id":"https:\/\/sklep.globtree.pl\/it\/prodotto\/ultraheat-t450\/#breadcrumb"},"inLanguage":"it-IT","potentialAction":[{"@type":"ReadAction","target":["https:\/\/sklep.globtree.pl\/it\/prodotto\/ultraheat-t450\/"]}]},{"@type":"ImageObject","inLanguage":"it-IT","@id":"https:\/\/sklep.globtree.pl\/it\/prodotto\/ultraheat-t450\/#primaryimage","url":"https:\/\/sklep.globtree.pl\/wp-content\/uploads\/2023\/10\/450-1.webp","contentUrl":"https:\/\/sklep.globtree.pl\/wp-content\/uploads\/2023\/10\/450-1.webp","width":712,"height":712,"caption":"Ciep\u0142omierz ultrad\u017awi\u0119kowy T450"},{"@type":"BreadcrumbList","@id":"https:\/\/sklep.globtree.pl\/it\/prodotto\/ultraheat-t450\/#breadcrumb","itemListElement":[{"@type":"ListItem","position":1,"name":"Strona g\u0142\u00f3wna","item":"https:\/\/sklep.globtree.pl\/it\/homepage\/"},{"@type":"ListItem","position":2,"name":"Negozio","item":"https:\/\/sklep.globtree.pl\/it\/negozio\/"},{"@type":"ListItem","position":3,"name":"ULTRAHEAT T450"}]},{"@type":"WebSite","@id":"https:\/\/sklep.globtree.pl\/#website","url":"https:\/\/sklep.globtree.pl\/","name":"Sklep GlobTree","description":"Liczniki medi\u00f3w i urz\u0105dzenia telemetrii","publisher":{"@id":"https:\/\/sklep.globtree.pl\/#organization"},"potentialAction":[{"@type":"SearchAction","target":{"@type":"EntryPoint","urlTemplate":"https:\/\/sklep.globtree.pl\/?s={search_term_string}"},"query-input":{"@type":"PropertyValueSpecification","valueRequired":true,"valueName":"search_term_string"}}],"inLanguage":"it-IT"},{"@type":"Organization","@id":"https:\/\/sklep.globtree.pl\/#organization","name":"Sklep GlobTree","url":"https:\/\/sklep.globtree.pl\/","logo":{"@type":"ImageObject","inLanguage":"it-IT","@id":"https:\/\/sklep.globtree.pl\/#\/schema\/logo\/image\/","url":"https:\/\/sklep.globtree.pl\/wp-content\/uploads\/2023\/09\/cropped-GlobTree_logo-1.png","contentUrl":"https:\/\/sklep.globtree.pl\/wp-content\/uploads\/2023\/09\/cropped-GlobTree_logo-1.png","width":400,"height":80,"caption":"Sklep GlobTree"},"image":{"@id":"https:\/\/sklep.globtree.pl\/#\/schema\/logo\/image\/"},"sameAs":["https:\/\/www.facebook.com\/netlandteam\/","https:\/\/pl.linkedin.com\/company\/globtree-sp-z-o-o"]}]}},"_links":{"self":[{"href":"https:\/\/sklep.globtree.pl\/it\/wp-json\/wp\/v2\/product\/399","targetHints":{"allow":["GET"]}}],"collection":[{"href":"https:\/\/sklep.globtree.pl\/it\/wp-json\/wp\/v2\/product"}],"about":[{"href":"https:\/\/sklep.globtree.pl\/it\/wp-json\/wp\/v2\/types\/product"}],"wp:featuredmedia":[{"embeddable":true,"href":"https:\/\/sklep.globtree.pl\/it\/wp-json\/wp\/v2\/media\/525"}],"wp:attachment":[{"href":"https:\/\/sklep.globtree.pl\/it\/wp-json\/wp\/v2\/media?parent=399"}],"wp:term":[{"taxonomy":"product_brand","embeddable":true,"href":"https:\/\/sklep.globtree.pl\/it\/wp-json\/wp\/v2\/product_brand?post=399"},{"taxonomy":"product_cat","embeddable":true,"href":"https:\/\/sklep.globtree.pl\/it\/wp-json\/wp\/v2\/product_cat?post=399"},{"taxonomy":"product_tag","embeddable":true,"href":"https:\/\/sklep.globtree.pl\/it\/wp-json\/wp\/v2\/product_tag?post=399"}],"curies":[{"name":"wp","href":"https:\/\/api.w.org\/{rel}","templated":true}]}}