


{"id":407,"date":"2023-10-10T14:21:03","date_gmt":"2023-10-10T12:21:03","guid":{"rendered":"https:\/\/netlandsklep.artneo.pl\/produkt\/ultraheat-t330\/"},"modified":"2024-08-13T09:42:18","modified_gmt":"2024-08-13T07:42:18","slug":"ultraheat-t330","status":"publish","type":"product","link":"https:\/\/sklep.globtree.pl\/it\/prodotto\/ultraheat-t330\/","title":{"rendered":"ULTRAHEAT T330"},"content":{"rendered":"<div class=\"nolwrap\"><p>Il contatore di calore compatto a ultrasuoni T330 \u00e8 progettato per misurare il flusso e il consumo di calore negli impianti di riscaldamento residenziali in cui il mezzo \u00e8 l&#8217;acqua. \u00c8 disponibile anche come misuratore a freddo. Il contatore di calore T330 misura il flusso in base al metodo a ultrasuoni, caratterizzato da un&#8217;elevata precisione di misurazione. L&#8217;unit\u00e0 \u00e8 composta da un trasduttore di portata, due sensori di temperatura e un sistema elettronico che calcola il consumo energetico in base al volume del fluido e alla differenza di temperatura. Il trasduttore di flusso \u00e8 interamente in metallo.<\/p>\n<p><strong>Caratteristiche principali<\/strong><\/p>\n<ul>\n<li>Misura a ultrasuoni: precisa e stabile<\/li>\n<li>Assenza di parti mobili e soggette a usura<\/li>\n<li>Display grande e di facile lettura<\/li>\n<li>Memoria per i valori degli ultimi 24 mesi<\/li>\n<li>Modalit\u00e0 di misura intelligente e adattiva<\/li>\n<li>Installazione libera, senza tratti rettilinei<\/li>\n<li>Trasduttore di flusso in metallo con brevetto<\/li>\n<li>Superficie DuraSurface<\/li>\n<li>Alimentazione a batteria 11 anni anche con comunicazione<\/li>\n<li>Direzione di montaggio commutabile ritorno &lt;&gt; alimentazione<\/li>\n<\/ul>\n<p><strong>Dati tecnici:<\/strong><\/p>\n<p><strong>Generale:<\/strong><\/p>\n<p>Precisione di misura: Classe 2 o 3 (EN 1434)<br \/>\nClasse ambientale: A (EN 1434) per uso interno.<br \/>\nClasse meccanica: M1 \/ M2 *)<br \/>\nClasse elettromagnetica: E1 *)<br \/>\nUmidit\u00e0 ambientale: &lt; 93 % relativo, a 25 \u00b0C, senza condensa<br \/>\nMax. Altitudine&#8221; 2000 m sul livello del mare.<br \/>\n*) secondo la direttiva 2014\/32\/CE MID<\/p>\n<p><strong>Convertitore di indicatori:<\/strong><\/p>\n<p>Temperatura ambiente: 5 &#8230; 55 \u00b0C<br \/>\nGrado di protezione: IP 54 secondo EN 60529<br \/>\nAlimentazione a batteria: durata 6, 11 o 12 anni<br \/>\nSoglia di sensibilit\u00e0 di misura: \u0394T 0,2 K<br \/>\nDifferenza di temperatura: \u0394T 3 K &#8230; 80 K; 3 K &#8230; 120 K<br \/>\nCampo di misura della temperatura: 0 &#8230; 180 \u00b0C<br \/>\nDisplay: LCD a 7 cifre<br \/>\nInterfaccia ottica Conforme a EN 62056-21<br \/>\nComunicazione a scelta: Mbus, wM-Bus, Lora<br \/>\nCavo di segnale Fisso, lunghezza cavo 1,5 m<br \/>\nIntervallo di misurazione \u0394T da 4 a 60 secondi (modalit\u00e0 adattiva)<\/p>\n<p><strong>Sensore di temperatura:<\/strong><\/p>\n<p>Tipo Pt 500 secondo. EN 60751, non staccabile<br \/>\nTipo di connessione Pt 500, a 2 fili, permanente<br \/>\nLunghezza del cavo del sensore 1,5 m, 3 m (tipo PS opzionale 5 m)<br \/>\nDesign del sensore,<\/p>\n<p><strong>Intervallo di temperatura:<br \/>\n<\/strong>Tipo PS \u00d8 5,2 x 45 mm, 1,5 m, 105 \u00b0C;<br \/>\nTipo PS \u00d8 5,2 x 45 mm, 5,0 m, 105 \u00b0C;<br \/>\nTipo PS \u00d8 5,2 x 45 mm, 3,0 m, 130 \u00b0C;<br \/>\nTipo DS, M10 x 27,5 mm, 1,5 m, 130 \u00b0C<\/p>\n<p><strong>Trasduttore di flusso:<\/strong><\/p>\n<p>Grado di protezione: IP54 secondo EN 60529, opzionalmente IP65 \/ IP68<br \/>\nInstallazione: Ritorno o alimentazione, commutabile 1x<br \/>\nDirezione di installazione: Qualsiasi<br \/>\nSezioni rettilinee: Non necessario<br \/>\nDinamica di misura: 1:100<br \/>\nIntervallo di temperatura: 5 &#8230; 105\/130 \u00b0C<br \/>\nSovraccarico massimo: qs = 2 x qp, costante<\/p>\n<p><strong>Pressione nominale:<br \/>\n<\/strong>PN16 (1,6 MPa; PS16)<br \/>\nPN25 (2,5 MPa; PS25)<\/p>\n<p><strong>Alimentazione:<\/strong><\/p>\n<p>Alimentazione a batteria: Tipo AA, ioni di litio<br \/>\nContenuto di litio: 0,65 g per batteria<br \/>\nNumero di batterie: 1 &#8211; 3, a seconda della configurazione<\/p>\n<p>*Per acquisti all\u2019ingrosso, ti invitiamo a contattarci direttamente per conoscere i prezzi.<\/p>\n<p><img decoding=\"async\" class=\"emoji\" role=\"img\" draggable=\"false\" src=\"https:\/\/s.w.org\/images\/core\/emoji\/15.0.3\/svg\/1f4de.svg\" alt=\"\ud83d\udcde\" \/>\u00a0+48 89 612 07 30<\/p>\n<p><img decoding=\"async\" class=\"emoji\" role=\"img\" draggable=\"false\" src=\"https:\/\/s.w.org\/images\/core\/emoji\/15.0.3\/svg\/1f4e7.svg\" alt=\"\ud83d\udce7\" \/>\u00a0sklep@globtree.pl<\/p>\n<\/div>","protected":false},"excerpt":{"rendered":"<p>Il contatore di calore compatto a ultrasuoni T330 \u00e8 progettato per misurare il flusso e il consumo di calore negli impianti di riscaldamento residenziali in cui il mezzo \u00e8 l&#8217;acqua. \u00c8 disponibile anche come misuratore a freddo. Il contatore di calore T330 misura il flusso in base al metodo a ultrasuoni, caratterizzato da un&#8217;elevata precisione [&hellip;]<\/p>\n","protected":false},"featured_media":1646,"template":"","meta":[],"product_brand":[],"product_cat":[152],"product_tag":[289,290,291,319,334],"class_list":{"0":"post-407","1":"product","2":"type-product","3":"status-publish","4":"has-post-thumbnail","6":"product_cat-contatori-di-calore","7":"product_tag-contatore-di-calore","8":"product_tag-contatore-di-calore-it","9":"product_tag-contatore-di-calore-it-2","10":"product_tag-landisgyr-t330-it","11":"product_tag-ultraheat-t330-it","13":"first","14":"outofstock","15":"taxable","16":"shipping-taxable","17":"purchasable","18":"product-type-variable"},"yoast_head":"<!-- This site is optimized with the Yoast SEO plugin v26.4 - https:\/\/yoast.com\/wordpress\/plugins\/seo\/ -->\n<title>ULTRAHEAT T330 | Sklep GlobTree<\/title>\n<meta name=\"robots\" content=\"index, follow, max-snippet:-1, max-image-preview:large, max-video-preview:-1\" \/>\n<link rel=\"canonical\" href=\"https:\/\/sklep.globtree.pl\/it\/prodotto\/ultraheat-t330\/\" \/>\n<meta property=\"og:locale\" content=\"it_IT\" \/>\n<meta property=\"og:type\" content=\"article\" \/>\n<meta property=\"og:title\" content=\"ULTRAHEAT T330 | Sklep GlobTree\" \/>\n<meta property=\"og:description\" content=\"Il contatore di calore compatto a ultrasuoni T330 \u00e8 progettato per misurare il flusso e il consumo di calore negli impianti di riscaldamento residenziali in cui il mezzo \u00e8 l&#8217;acqua. \u00c8 disponibile anche come misuratore a freddo. Il contatore di calore T330 misura il flusso in base al metodo a ultrasuoni, caratterizzato da un&#8217;elevata precisione [&hellip;]\" \/>\n<meta property=\"og:url\" content=\"https:\/\/sklep.globtree.pl\/it\/prodotto\/ultraheat-t330\/\" \/>\n<meta property=\"og:site_name\" content=\"Sklep GlobTree\" \/>\n<meta property=\"article:publisher\" content=\"https:\/\/www.facebook.com\/netlandteam\/\" \/>\n<meta property=\"article:modified_time\" content=\"2024-08-13T07:42:18+00:00\" \/>\n<meta property=\"og:image\" content=\"https:\/\/sklep.globtree.pl\/wp-content\/uploads\/2023\/10\/330-4-300x300-1.webp\" \/>\n\t<meta property=\"og:image:width\" content=\"300\" \/>\n\t<meta property=\"og:image:height\" content=\"300\" \/>\n\t<meta property=\"og:image:type\" content=\"image\/webp\" \/>\n<meta name=\"twitter:card\" content=\"summary_large_image\" \/>\n<meta name=\"twitter:label1\" content=\"Tempo di lettura stimato\" \/>\n\t<meta name=\"twitter:data1\" content=\"4 minuti\" \/>\n<script type=\"application\/ld+json\" class=\"yoast-schema-graph\">{\"@context\":\"https:\/\/schema.org\",\"@graph\":[{\"@type\":[\"WebPage\",\"ItemPage\"],\"@id\":\"https:\/\/sklep.globtree.pl\/it\/prodotto\/ultraheat-t330\/\",\"url\":\"https:\/\/sklep.globtree.pl\/it\/prodotto\/ultraheat-t330\/\",\"name\":\"ULTRAHEAT T330 | Sklep GlobTree\",\"isPartOf\":{\"@id\":\"https:\/\/sklep.globtree.pl\/#website\"},\"primaryImageOfPage\":{\"@id\":\"https:\/\/sklep.globtree.pl\/it\/prodotto\/ultraheat-t330\/#primaryimage\"},\"image\":{\"@id\":\"https:\/\/sklep.globtree.pl\/it\/prodotto\/ultraheat-t330\/#primaryimage\"},\"thumbnailUrl\":\"https:\/\/sklep.globtree.pl\/wp-content\/uploads\/2023\/10\/330-4-300x300-1.webp\",\"datePublished\":\"2023-10-10T12:21:03+00:00\",\"dateModified\":\"2024-08-13T07:42:18+00:00\",\"breadcrumb\":{\"@id\":\"https:\/\/sklep.globtree.pl\/it\/prodotto\/ultraheat-t330\/#breadcrumb\"},\"inLanguage\":\"it-IT\",\"potentialAction\":[{\"@type\":\"ReadAction\",\"target\":[\"https:\/\/sklep.globtree.pl\/it\/prodotto\/ultraheat-t330\/\"]}]},{\"@type\":\"ImageObject\",\"inLanguage\":\"it-IT\",\"@id\":\"https:\/\/sklep.globtree.pl\/it\/prodotto\/ultraheat-t330\/#primaryimage\",\"url\":\"https:\/\/sklep.globtree.pl\/wp-content\/uploads\/2023\/10\/330-4-300x300-1.webp\",\"contentUrl\":\"https:\/\/sklep.globtree.pl\/wp-content\/uploads\/2023\/10\/330-4-300x300-1.webp\",\"width\":300,\"height\":300,\"caption\":\"Ciep\u0142omierz ultrad\u017awi\u0119kowy T330\"},{\"@type\":\"BreadcrumbList\",\"@id\":\"https:\/\/sklep.globtree.pl\/it\/prodotto\/ultraheat-t330\/#breadcrumb\",\"itemListElement\":[{\"@type\":\"ListItem\",\"position\":1,\"name\":\"Strona g\u0142\u00f3wna\",\"item\":\"https:\/\/sklep.globtree.pl\/it\/homepage\/\"},{\"@type\":\"ListItem\",\"position\":2,\"name\":\"Negozio\",\"item\":\"https:\/\/sklep.globtree.pl\/it\/negozio\/\"},{\"@type\":\"ListItem\",\"position\":3,\"name\":\"ULTRAHEAT T330\"}]},{\"@type\":\"WebSite\",\"@id\":\"https:\/\/sklep.globtree.pl\/#website\",\"url\":\"https:\/\/sklep.globtree.pl\/\",\"name\":\"Sklep GlobTree\",\"description\":\"Liczniki medi\u00f3w i urz\u0105dzenia telemetrii\",\"publisher\":{\"@id\":\"https:\/\/sklep.globtree.pl\/#organization\"},\"potentialAction\":[{\"@type\":\"SearchAction\",\"target\":{\"@type\":\"EntryPoint\",\"urlTemplate\":\"https:\/\/sklep.globtree.pl\/?s={search_term_string}\"},\"query-input\":{\"@type\":\"PropertyValueSpecification\",\"valueRequired\":true,\"valueName\":\"search_term_string\"}}],\"inLanguage\":\"it-IT\"},{\"@type\":\"Organization\",\"@id\":\"https:\/\/sklep.globtree.pl\/#organization\",\"name\":\"Sklep GlobTree\",\"url\":\"https:\/\/sklep.globtree.pl\/\",\"logo\":{\"@type\":\"ImageObject\",\"inLanguage\":\"it-IT\",\"@id\":\"https:\/\/sklep.globtree.pl\/#\/schema\/logo\/image\/\",\"url\":\"https:\/\/sklep.globtree.pl\/wp-content\/uploads\/2023\/09\/cropped-GlobTree_logo-1.png\",\"contentUrl\":\"https:\/\/sklep.globtree.pl\/wp-content\/uploads\/2023\/09\/cropped-GlobTree_logo-1.png\",\"width\":400,\"height\":80,\"caption\":\"Sklep GlobTree\"},\"image\":{\"@id\":\"https:\/\/sklep.globtree.pl\/#\/schema\/logo\/image\/\"},\"sameAs\":[\"https:\/\/www.facebook.com\/netlandteam\/\",\"https:\/\/pl.linkedin.com\/company\/globtree-sp-z-o-o\"]}]}<\/script>\n<!-- \/ Yoast SEO plugin. -->","yoast_head_json":{"title":"ULTRAHEAT T330 | Sklep GlobTree","robots":{"index":"index","follow":"follow","max-snippet":"max-snippet:-1","max-image-preview":"max-image-preview:large","max-video-preview":"max-video-preview:-1"},"canonical":"https:\/\/sklep.globtree.pl\/it\/prodotto\/ultraheat-t330\/","og_locale":"it_IT","og_type":"article","og_title":"ULTRAHEAT T330 | Sklep GlobTree","og_description":"Il contatore di calore compatto a ultrasuoni T330 \u00e8 progettato per misurare il flusso e il consumo di calore negli impianti di riscaldamento residenziali in cui il mezzo \u00e8 l&#8217;acqua. \u00c8 disponibile anche come misuratore a freddo. Il contatore di calore T330 misura il flusso in base al metodo a ultrasuoni, caratterizzato da un&#8217;elevata precisione [&hellip;]","og_url":"https:\/\/sklep.globtree.pl\/it\/prodotto\/ultraheat-t330\/","og_site_name":"Sklep GlobTree","article_publisher":"https:\/\/www.facebook.com\/netlandteam\/","article_modified_time":"2024-08-13T07:42:18+00:00","og_image":[{"width":300,"height":300,"url":"https:\/\/sklep.globtree.pl\/wp-content\/uploads\/2023\/10\/330-4-300x300-1.webp","type":"image\/webp"}],"twitter_card":"summary_large_image","twitter_misc":{"Tempo di lettura stimato":"4 minuti"},"schema":{"@context":"https:\/\/schema.org","@graph":[{"@type":["WebPage","ItemPage"],"@id":"https:\/\/sklep.globtree.pl\/it\/prodotto\/ultraheat-t330\/","url":"https:\/\/sklep.globtree.pl\/it\/prodotto\/ultraheat-t330\/","name":"ULTRAHEAT T330 | Sklep GlobTree","isPartOf":{"@id":"https:\/\/sklep.globtree.pl\/#website"},"primaryImageOfPage":{"@id":"https:\/\/sklep.globtree.pl\/it\/prodotto\/ultraheat-t330\/#primaryimage"},"image":{"@id":"https:\/\/sklep.globtree.pl\/it\/prodotto\/ultraheat-t330\/#primaryimage"},"thumbnailUrl":"https:\/\/sklep.globtree.pl\/wp-content\/uploads\/2023\/10\/330-4-300x300-1.webp","datePublished":"2023-10-10T12:21:03+00:00","dateModified":"2024-08-13T07:42:18+00:00","breadcrumb":{"@id":"https:\/\/sklep.globtree.pl\/it\/prodotto\/ultraheat-t330\/#breadcrumb"},"inLanguage":"it-IT","potentialAction":[{"@type":"ReadAction","target":["https:\/\/sklep.globtree.pl\/it\/prodotto\/ultraheat-t330\/"]}]},{"@type":"ImageObject","inLanguage":"it-IT","@id":"https:\/\/sklep.globtree.pl\/it\/prodotto\/ultraheat-t330\/#primaryimage","url":"https:\/\/sklep.globtree.pl\/wp-content\/uploads\/2023\/10\/330-4-300x300-1.webp","contentUrl":"https:\/\/sklep.globtree.pl\/wp-content\/uploads\/2023\/10\/330-4-300x300-1.webp","width":300,"height":300,"caption":"Ciep\u0142omierz ultrad\u017awi\u0119kowy T330"},{"@type":"BreadcrumbList","@id":"https:\/\/sklep.globtree.pl\/it\/prodotto\/ultraheat-t330\/#breadcrumb","itemListElement":[{"@type":"ListItem","position":1,"name":"Strona g\u0142\u00f3wna","item":"https:\/\/sklep.globtree.pl\/it\/homepage\/"},{"@type":"ListItem","position":2,"name":"Negozio","item":"https:\/\/sklep.globtree.pl\/it\/negozio\/"},{"@type":"ListItem","position":3,"name":"ULTRAHEAT T330"}]},{"@type":"WebSite","@id":"https:\/\/sklep.globtree.pl\/#website","url":"https:\/\/sklep.globtree.pl\/","name":"Sklep GlobTree","description":"Liczniki medi\u00f3w i urz\u0105dzenia telemetrii","publisher":{"@id":"https:\/\/sklep.globtree.pl\/#organization"},"potentialAction":[{"@type":"SearchAction","target":{"@type":"EntryPoint","urlTemplate":"https:\/\/sklep.globtree.pl\/?s={search_term_string}"},"query-input":{"@type":"PropertyValueSpecification","valueRequired":true,"valueName":"search_term_string"}}],"inLanguage":"it-IT"},{"@type":"Organization","@id":"https:\/\/sklep.globtree.pl\/#organization","name":"Sklep GlobTree","url":"https:\/\/sklep.globtree.pl\/","logo":{"@type":"ImageObject","inLanguage":"it-IT","@id":"https:\/\/sklep.globtree.pl\/#\/schema\/logo\/image\/","url":"https:\/\/sklep.globtree.pl\/wp-content\/uploads\/2023\/09\/cropped-GlobTree_logo-1.png","contentUrl":"https:\/\/sklep.globtree.pl\/wp-content\/uploads\/2023\/09\/cropped-GlobTree_logo-1.png","width":400,"height":80,"caption":"Sklep GlobTree"},"image":{"@id":"https:\/\/sklep.globtree.pl\/#\/schema\/logo\/image\/"},"sameAs":["https:\/\/www.facebook.com\/netlandteam\/","https:\/\/pl.linkedin.com\/company\/globtree-sp-z-o-o"]}]}},"_links":{"self":[{"href":"https:\/\/sklep.globtree.pl\/it\/wp-json\/wp\/v2\/product\/407","targetHints":{"allow":["GET"]}}],"collection":[{"href":"https:\/\/sklep.globtree.pl\/it\/wp-json\/wp\/v2\/product"}],"about":[{"href":"https:\/\/sklep.globtree.pl\/it\/wp-json\/wp\/v2\/types\/product"}],"wp:featuredmedia":[{"embeddable":true,"href":"https:\/\/sklep.globtree.pl\/it\/wp-json\/wp\/v2\/media\/1646"}],"wp:attachment":[{"href":"https:\/\/sklep.globtree.pl\/it\/wp-json\/wp\/v2\/media?parent=407"}],"wp:term":[{"taxonomy":"product_brand","embeddable":true,"href":"https:\/\/sklep.globtree.pl\/it\/wp-json\/wp\/v2\/product_brand?post=407"},{"taxonomy":"product_cat","embeddable":true,"href":"https:\/\/sklep.globtree.pl\/it\/wp-json\/wp\/v2\/product_cat?post=407"},{"taxonomy":"product_tag","embeddable":true,"href":"https:\/\/sklep.globtree.pl\/it\/wp-json\/wp\/v2\/product_tag?post=407"}],"curies":[{"name":"wp","href":"https:\/\/api.w.org\/{rel}","templated":true}]}}