


{"id":433,"date":"2023-10-10T14:15:08","date_gmt":"2023-10-10T12:15:08","guid":{"rendered":"https:\/\/netlandsklep.artneo.pl\/produkt\/ultraheat-t230\/"},"modified":"2024-11-14T23:00:42","modified_gmt":"2024-11-14T22:00:42","slug":"ultraheat-t230","status":"publish","type":"product","link":"https:\/\/sklep.globtree.pl\/it\/prodotto\/ultraheat-t230\/","title":{"rendered":"ULTRAHEAT T230"},"content":{"rendered":"<div class=\"nolwrap\"><p>Un misuratore di calore, di raffreddamento o combinato (calore e raffreddamento) a ultrasuoni all&#8217;avanguardia, con un trasduttore di flusso in composito rinforzato con fibre di vetro, appositamente progettato e ottimizzato per soddisfare i requisiti della tecnologia edilizia e delle installazioni in plastica.<\/p>\n<p><strong>Caratteristiche principali:<\/strong><\/p>\n<ul>\n<li>Misura a ultrasuoni: precisa e stabile<\/li>\n<li>Display grande e di facile lettura<\/li>\n<li>Memoria per i valori degli ultimi 24 mesi<\/li>\n<li>Modalit\u00e0 di misura intelligente e adattiva<\/li>\n<li>Installazione libera, senza tratti rettilinei<\/li>\n<li>Trasduttore in materiale composito &#8211; leggero e resistente<\/li>\n<li>Alimentazione a batteria 11 anni anche con comunicazione<\/li>\n<li>Ritorno di montaggio commutabile &lt;&gt; alimentazione<\/li>\n<\/ul>\n<p><strong>Dati tecnici:<\/strong><\/p>\n<p><strong>Generale:<\/strong><\/p>\n<p>Precisione di misura: Classe 2 o 3 (EN 1434)<br \/>\nClasse ambientale: A (EN 1434) per uso interno.<br \/>\nClasse meccanica: M1 *)<br \/>\nClasse elettromagnetica E1 *)<br \/>\nUmidit\u00e0 ambientale: &lt; 93 % relativo, a 25 \u00b0C, non condensante<br \/>\nMax. Altitudine: 2.000 m sul livello del mare.<br \/>\nTemp. conservazione -20 &#8230; 60 \u00b0C<br \/>\n*) secondo la direttiva 2014\/32\/CE MID<\/p>\n<p><strong>Convertitore di indicatori:<\/strong><\/p>\n<p>Temperatura ambiente: 5 &#8230; 55 \u00b0C<br \/>\nClasse di protezione: IP 54 secondo. EN 60529<br \/>\nAlimentazione: a batteria, durata di vita 6 o 11 anni<br \/>\nSoglia di sensibilit\u00e0 di misura \u0394T: 0,2 K<br \/>\nDifferenza di temperatura \u0394T: 3 K &#8230; 80 K<br \/>\nCampo di misura della temperatura: 0 &#8230; 180 \u00b0C<br \/>\nDisplay LCD: 7 cifre<br \/>\nInterfaccia ottica: conforme a EN 62056-21<br \/>\nComunicazione A scelta: Mbus, wM-Bus, LoRa,<br \/>\nCavo di segnale: fisso, lunghezza cavo 1,5 m<br \/>\nIntervallo di misurazione \u0394T: da 4 a 60 secondi (modalit\u00e0 adattiva)<\/p>\n<p><strong>Trasduttore di flusso:<\/strong><\/p>\n<p>Classe di protezione: IP65 secondo. EN 60529<br \/>\nMontaggio: ritorno o alimentazione, commutabile 1x<br \/>\nDirezione di installazione: Qualsiasi<br \/>\nSezioni rettilinee: non necessarie<br \/>\nDinamica di misurazione: 1:100<br \/>\nIntervallo di temperatura: 5 &#8230; 90 \u00b0C<br \/>\nSovraccarico massimo: qs = 2 x qp, fisso<br \/>\nPressione nominale: PN16 (1,6 MPa; PS16)<br \/>\nIntervallo di misurazione: 4 sec.<\/p>\n<p><strong>Sensore di temperatura:<\/strong><\/p>\n<p>Tipo: Pt 500 da. EN 60751, non staccabile<br \/>\nMetodo di connessione: Pt 500, 2 fili, permanente<br \/>\nLunghezza del cavo del sensore: 1,5 m, (opzionale 5 m)<br \/>\nDesign del sensore, intervallo di temperatura:<br \/>\nTipo PS \u00d8 5,2 x 45 mm, 1,5 m, 0 &#8230; 95 \u00b0C;<br \/>\nTipo PS \u00d8 5,2 x 45 mm, 5,0 m, 0 &#8230; 95 \u00b0C;<\/p>\n<p><strong>Alimentazione:<\/strong><\/p>\n<p>Funzionamento a batteria: Tipo AA, ioni di litio<br \/>\nContenuto di litio: 0,65 g per batteria<br \/>\nNumero di batterie: Da 1 a 3, a seconda della configurazione<\/p>\n<p>*Per acquisti all\u2019ingrosso, ti invitiamo a contattarci direttamente per conoscere i prezzi.<\/p>\n<p><img decoding=\"async\" class=\"emoji\" role=\"img\" draggable=\"false\" src=\"https:\/\/s.w.org\/images\/core\/emoji\/15.0.3\/svg\/1f4de.svg\" alt=\"\ud83d\udcde\" \/> +48 89 612 07 30<\/p>\n<p><img decoding=\"async\" class=\"emoji\" role=\"img\" draggable=\"false\" src=\"https:\/\/s.w.org\/images\/core\/emoji\/15.0.3\/svg\/1f4e7.svg\" alt=\"\ud83d\udce7\" \/>\u00a0sklep@globtree.pl<\/p>\n<\/div>","protected":false},"excerpt":{"rendered":"<p>Un misuratore di calore, di raffreddamento o combinato (calore e raffreddamento) a ultrasuoni all&#8217;avanguardia, con un trasduttore di flusso in composito rinforzato con fibre di vetro, appositamente progettato e ottimizzato per soddisfare i requisiti della tecnologia edilizia e delle installazioni in plastica. Caratteristiche principali: Misura a ultrasuoni: precisa e stabile Display grande e di facile [&hellip;]<\/p>\n","protected":false},"featured_media":1642,"template":"","meta":[],"product_brand":[],"product_cat":[152],"product_tag":[289,290,291,317,337],"class_list":{"0":"post-433","1":"product","2":"type-product","3":"status-publish","4":"has-post-thumbnail","6":"product_cat-contatori-di-calore","7":"product_tag-contatore-di-calore","8":"product_tag-contatore-di-calore-it","9":"product_tag-contatore-di-calore-it-2","10":"product_tag-landisgyr-t230-it","11":"product_tag-ultraheat-t230-it","13":"first","14":"outofstock","15":"taxable","16":"shipping-taxable","17":"purchasable","18":"product-type-variable"},"yoast_head":"<!-- This site is optimized with the Yoast SEO plugin v26.4 - https:\/\/yoast.com\/wordpress\/plugins\/seo\/ -->\n<title>ULTRAHEAT T230 | Sklep GlobTree<\/title>\n<meta name=\"robots\" content=\"index, follow, max-snippet:-1, max-image-preview:large, max-video-preview:-1\" \/>\n<link rel=\"canonical\" href=\"https:\/\/sklep.globtree.pl\/it\/prodotto\/ultraheat-t230\/\" \/>\n<meta property=\"og:locale\" content=\"it_IT\" \/>\n<meta property=\"og:type\" content=\"article\" \/>\n<meta property=\"og:title\" content=\"ULTRAHEAT T230 | Sklep GlobTree\" \/>\n<meta property=\"og:description\" content=\"Un misuratore di calore, di raffreddamento o combinato (calore e raffreddamento) a ultrasuoni all&#8217;avanguardia, con un trasduttore di flusso in composito rinforzato con fibre di vetro, appositamente progettato e ottimizzato per soddisfare i requisiti della tecnologia edilizia e delle installazioni in plastica. Caratteristiche principali: Misura a ultrasuoni: precisa e stabile Display grande e di facile [&hellip;]\" \/>\n<meta property=\"og:url\" content=\"https:\/\/sklep.globtree.pl\/it\/prodotto\/ultraheat-t230\/\" \/>\n<meta property=\"og:site_name\" content=\"Sklep GlobTree\" \/>\n<meta property=\"article:publisher\" content=\"https:\/\/www.facebook.com\/netlandteam\/\" \/>\n<meta property=\"article:modified_time\" content=\"2024-11-14T22:00:42+00:00\" \/>\n<meta property=\"og:image\" content=\"https:\/\/sklep.globtree.pl\/wp-content\/uploads\/2023\/10\/230-2-300x300-1.webp\" \/>\n\t<meta property=\"og:image:width\" content=\"300\" \/>\n\t<meta property=\"og:image:height\" content=\"300\" \/>\n\t<meta property=\"og:image:type\" content=\"image\/webp\" \/>\n<meta name=\"twitter:card\" content=\"summary_large_image\" \/>\n<meta name=\"twitter:label1\" content=\"Tempo di lettura stimato\" \/>\n\t<meta name=\"twitter:data1\" content=\"3 minuti\" \/>\n<script type=\"application\/ld+json\" class=\"yoast-schema-graph\">{\"@context\":\"https:\/\/schema.org\",\"@graph\":[{\"@type\":[\"WebPage\",\"ItemPage\"],\"@id\":\"https:\/\/sklep.globtree.pl\/it\/prodotto\/ultraheat-t230\/\",\"url\":\"https:\/\/sklep.globtree.pl\/it\/prodotto\/ultraheat-t230\/\",\"name\":\"ULTRAHEAT T230 | Sklep GlobTree\",\"isPartOf\":{\"@id\":\"https:\/\/sklep.globtree.pl\/#website\"},\"primaryImageOfPage\":{\"@id\":\"https:\/\/sklep.globtree.pl\/it\/prodotto\/ultraheat-t230\/#primaryimage\"},\"image\":{\"@id\":\"https:\/\/sklep.globtree.pl\/it\/prodotto\/ultraheat-t230\/#primaryimage\"},\"thumbnailUrl\":\"https:\/\/sklep.globtree.pl\/wp-content\/uploads\/2023\/10\/230-2-300x300-1.webp\",\"datePublished\":\"2023-10-10T12:15:08+00:00\",\"dateModified\":\"2024-11-14T22:00:42+00:00\",\"breadcrumb\":{\"@id\":\"https:\/\/sklep.globtree.pl\/it\/prodotto\/ultraheat-t230\/#breadcrumb\"},\"inLanguage\":\"it-IT\",\"potentialAction\":[{\"@type\":\"ReadAction\",\"target\":[\"https:\/\/sklep.globtree.pl\/it\/prodotto\/ultraheat-t230\/\"]}]},{\"@type\":\"ImageObject\",\"inLanguage\":\"it-IT\",\"@id\":\"https:\/\/sklep.globtree.pl\/it\/prodotto\/ultraheat-t230\/#primaryimage\",\"url\":\"https:\/\/sklep.globtree.pl\/wp-content\/uploads\/2023\/10\/230-2-300x300-1.webp\",\"contentUrl\":\"https:\/\/sklep.globtree.pl\/wp-content\/uploads\/2023\/10\/230-2-300x300-1.webp\",\"width\":300,\"height\":300,\"caption\":\"Ciep\u0142omierz ultrad\u017awi\u0119kowy T230\"},{\"@type\":\"BreadcrumbList\",\"@id\":\"https:\/\/sklep.globtree.pl\/it\/prodotto\/ultraheat-t230\/#breadcrumb\",\"itemListElement\":[{\"@type\":\"ListItem\",\"position\":1,\"name\":\"Strona g\u0142\u00f3wna\",\"item\":\"https:\/\/sklep.globtree.pl\/it\/homepage\/\"},{\"@type\":\"ListItem\",\"position\":2,\"name\":\"Negozio\",\"item\":\"https:\/\/sklep.globtree.pl\/it\/negozio\/\"},{\"@type\":\"ListItem\",\"position\":3,\"name\":\"ULTRAHEAT T230\"}]},{\"@type\":\"WebSite\",\"@id\":\"https:\/\/sklep.globtree.pl\/#website\",\"url\":\"https:\/\/sklep.globtree.pl\/\",\"name\":\"Sklep GlobTree\",\"description\":\"Liczniki medi\u00f3w i urz\u0105dzenia telemetrii\",\"publisher\":{\"@id\":\"https:\/\/sklep.globtree.pl\/#organization\"},\"potentialAction\":[{\"@type\":\"SearchAction\",\"target\":{\"@type\":\"EntryPoint\",\"urlTemplate\":\"https:\/\/sklep.globtree.pl\/?s={search_term_string}\"},\"query-input\":{\"@type\":\"PropertyValueSpecification\",\"valueRequired\":true,\"valueName\":\"search_term_string\"}}],\"inLanguage\":\"it-IT\"},{\"@type\":\"Organization\",\"@id\":\"https:\/\/sklep.globtree.pl\/#organization\",\"name\":\"Sklep GlobTree\",\"url\":\"https:\/\/sklep.globtree.pl\/\",\"logo\":{\"@type\":\"ImageObject\",\"inLanguage\":\"it-IT\",\"@id\":\"https:\/\/sklep.globtree.pl\/#\/schema\/logo\/image\/\",\"url\":\"https:\/\/sklep.globtree.pl\/wp-content\/uploads\/2023\/09\/cropped-GlobTree_logo-1.png\",\"contentUrl\":\"https:\/\/sklep.globtree.pl\/wp-content\/uploads\/2023\/09\/cropped-GlobTree_logo-1.png\",\"width\":400,\"height\":80,\"caption\":\"Sklep GlobTree\"},\"image\":{\"@id\":\"https:\/\/sklep.globtree.pl\/#\/schema\/logo\/image\/\"},\"sameAs\":[\"https:\/\/www.facebook.com\/netlandteam\/\",\"https:\/\/pl.linkedin.com\/company\/globtree-sp-z-o-o\"]}]}<\/script>\n<!-- \/ Yoast SEO plugin. -->","yoast_head_json":{"title":"ULTRAHEAT T230 | Sklep GlobTree","robots":{"index":"index","follow":"follow","max-snippet":"max-snippet:-1","max-image-preview":"max-image-preview:large","max-video-preview":"max-video-preview:-1"},"canonical":"https:\/\/sklep.globtree.pl\/it\/prodotto\/ultraheat-t230\/","og_locale":"it_IT","og_type":"article","og_title":"ULTRAHEAT T230 | Sklep GlobTree","og_description":"Un misuratore di calore, di raffreddamento o combinato (calore e raffreddamento) a ultrasuoni all&#8217;avanguardia, con un trasduttore di flusso in composito rinforzato con fibre di vetro, appositamente progettato e ottimizzato per soddisfare i requisiti della tecnologia edilizia e delle installazioni in plastica. Caratteristiche principali: Misura a ultrasuoni: precisa e stabile Display grande e di facile [&hellip;]","og_url":"https:\/\/sklep.globtree.pl\/it\/prodotto\/ultraheat-t230\/","og_site_name":"Sklep GlobTree","article_publisher":"https:\/\/www.facebook.com\/netlandteam\/","article_modified_time":"2024-11-14T22:00:42+00:00","og_image":[{"width":300,"height":300,"url":"https:\/\/sklep.globtree.pl\/wp-content\/uploads\/2023\/10\/230-2-300x300-1.webp","type":"image\/webp"}],"twitter_card":"summary_large_image","twitter_misc":{"Tempo di lettura stimato":"3 minuti"},"schema":{"@context":"https:\/\/schema.org","@graph":[{"@type":["WebPage","ItemPage"],"@id":"https:\/\/sklep.globtree.pl\/it\/prodotto\/ultraheat-t230\/","url":"https:\/\/sklep.globtree.pl\/it\/prodotto\/ultraheat-t230\/","name":"ULTRAHEAT T230 | Sklep GlobTree","isPartOf":{"@id":"https:\/\/sklep.globtree.pl\/#website"},"primaryImageOfPage":{"@id":"https:\/\/sklep.globtree.pl\/it\/prodotto\/ultraheat-t230\/#primaryimage"},"image":{"@id":"https:\/\/sklep.globtree.pl\/it\/prodotto\/ultraheat-t230\/#primaryimage"},"thumbnailUrl":"https:\/\/sklep.globtree.pl\/wp-content\/uploads\/2023\/10\/230-2-300x300-1.webp","datePublished":"2023-10-10T12:15:08+00:00","dateModified":"2024-11-14T22:00:42+00:00","breadcrumb":{"@id":"https:\/\/sklep.globtree.pl\/it\/prodotto\/ultraheat-t230\/#breadcrumb"},"inLanguage":"it-IT","potentialAction":[{"@type":"ReadAction","target":["https:\/\/sklep.globtree.pl\/it\/prodotto\/ultraheat-t230\/"]}]},{"@type":"ImageObject","inLanguage":"it-IT","@id":"https:\/\/sklep.globtree.pl\/it\/prodotto\/ultraheat-t230\/#primaryimage","url":"https:\/\/sklep.globtree.pl\/wp-content\/uploads\/2023\/10\/230-2-300x300-1.webp","contentUrl":"https:\/\/sklep.globtree.pl\/wp-content\/uploads\/2023\/10\/230-2-300x300-1.webp","width":300,"height":300,"caption":"Ciep\u0142omierz ultrad\u017awi\u0119kowy T230"},{"@type":"BreadcrumbList","@id":"https:\/\/sklep.globtree.pl\/it\/prodotto\/ultraheat-t230\/#breadcrumb","itemListElement":[{"@type":"ListItem","position":1,"name":"Strona g\u0142\u00f3wna","item":"https:\/\/sklep.globtree.pl\/it\/homepage\/"},{"@type":"ListItem","position":2,"name":"Negozio","item":"https:\/\/sklep.globtree.pl\/it\/negozio\/"},{"@type":"ListItem","position":3,"name":"ULTRAHEAT T230"}]},{"@type":"WebSite","@id":"https:\/\/sklep.globtree.pl\/#website","url":"https:\/\/sklep.globtree.pl\/","name":"Sklep GlobTree","description":"Liczniki medi\u00f3w i urz\u0105dzenia telemetrii","publisher":{"@id":"https:\/\/sklep.globtree.pl\/#organization"},"potentialAction":[{"@type":"SearchAction","target":{"@type":"EntryPoint","urlTemplate":"https:\/\/sklep.globtree.pl\/?s={search_term_string}"},"query-input":{"@type":"PropertyValueSpecification","valueRequired":true,"valueName":"search_term_string"}}],"inLanguage":"it-IT"},{"@type":"Organization","@id":"https:\/\/sklep.globtree.pl\/#organization","name":"Sklep GlobTree","url":"https:\/\/sklep.globtree.pl\/","logo":{"@type":"ImageObject","inLanguage":"it-IT","@id":"https:\/\/sklep.globtree.pl\/#\/schema\/logo\/image\/","url":"https:\/\/sklep.globtree.pl\/wp-content\/uploads\/2023\/09\/cropped-GlobTree_logo-1.png","contentUrl":"https:\/\/sklep.globtree.pl\/wp-content\/uploads\/2023\/09\/cropped-GlobTree_logo-1.png","width":400,"height":80,"caption":"Sklep GlobTree"},"image":{"@id":"https:\/\/sklep.globtree.pl\/#\/schema\/logo\/image\/"},"sameAs":["https:\/\/www.facebook.com\/netlandteam\/","https:\/\/pl.linkedin.com\/company\/globtree-sp-z-o-o"]}]}},"_links":{"self":[{"href":"https:\/\/sklep.globtree.pl\/it\/wp-json\/wp\/v2\/product\/433","targetHints":{"allow":["GET"]}}],"collection":[{"href":"https:\/\/sklep.globtree.pl\/it\/wp-json\/wp\/v2\/product"}],"about":[{"href":"https:\/\/sklep.globtree.pl\/it\/wp-json\/wp\/v2\/types\/product"}],"wp:featuredmedia":[{"embeddable":true,"href":"https:\/\/sklep.globtree.pl\/it\/wp-json\/wp\/v2\/media\/1642"}],"wp:attachment":[{"href":"https:\/\/sklep.globtree.pl\/it\/wp-json\/wp\/v2\/media?parent=433"}],"wp:term":[{"taxonomy":"product_brand","embeddable":true,"href":"https:\/\/sklep.globtree.pl\/it\/wp-json\/wp\/v2\/product_brand?post=433"},{"taxonomy":"product_cat","embeddable":true,"href":"https:\/\/sklep.globtree.pl\/it\/wp-json\/wp\/v2\/product_cat?post=433"},{"taxonomy":"product_tag","embeddable":true,"href":"https:\/\/sklep.globtree.pl\/it\/wp-json\/wp\/v2\/product_tag?post=433"}],"curies":[{"name":"wp","href":"https:\/\/api.w.org\/{rel}","templated":true}]}}