


{"id":913,"date":"2024-01-24T12:18:53","date_gmt":"2024-01-24T11:18:53","guid":{"rendered":"https:\/\/sklep.netland.com.pl\/?post_type=product&#038;p=913"},"modified":"2024-08-13T10:02:38","modified_gmt":"2024-08-13T08:02:38","slug":"ultraheat-t550","status":"publish","type":"product","link":"https:\/\/sklep.globtree.pl\/it\/prodotto\/ultraheat-t550\/","title":{"rendered":"ULTRAHEAT T550"},"content":{"rendered":"<div class=\"nolwrap\"><p>Il T550 \u00e8 un misuratore avanzato a ultrasuoni di calore, di raffreddamento o combinato (calore e raffreddamento) per l&#8217;utilizzo in impianti di teleriscaldamento e caldaie. Tutto questo viene realizzato con il miglior rapporto qualit\u00e0-prezzo.<\/p>\n<p><strong>Caratteristiche principali <\/strong><\/p>\n<ul>\n<li>Campo di portata da 0,6 a 150 m3\/h<\/li>\n<li>Elevata gamma dinamica 1:1000<\/li>\n<li>Trasduttore di flusso in metallo con brevetto<\/li>\n<li>Superficie DuraSurface<\/li>\n<li>2 slot per moduli di comunicazione<\/li>\n<li>Datalogger programmabile con memoria per 1328 voci (H+D), pi\u00f9 60M , 15Y<\/li>\n<li>Modalit\u00e0 di integrazione rapida<\/li>\n<li>Alimentazione a batteria 16 anni<\/li>\n<\/ul>\n<p><strong>Dati tecnici:<\/strong><\/p>\n<p><strong>Generale:<\/strong><\/p>\n<p>Precisione di misura: Classe 2 secondo EN 1434<br \/>\nClasse ambientale: A (EN 1434)<br \/>\nClasse meccanica: M1 (2014\/32\/UE)<br \/>\nClasse elettromagnetica: E1 (2014\/32\/UE)<br \/>\nUmidit\u00e0 ambientale: &lt; 93 % relativo, a 25 \u00b0C, senza condensa<br \/>\nMax. altezza: 2000 m sul livello del mare.<br \/>\nTemp. immagazzinamento: -20 &#8230; 60 \u00b0C<\/p>\n<p><strong>Convertitore di indicatori:<\/strong><\/p>\n<p>Temperatura ambiente: 5 &#8230; 55 \u00b0C<br \/>\nGrado di protezione: IP 54 (EN 60529)<br \/>\nAlimentazione: Batterie (durata da 6 a 16 anni), Alimentazione di rete, 230 VAC<br \/>\nSoglia di sensibilit\u00e0 di misura \u0394T: &lt; 0,2 K<br \/>\nDifferenza di temperatura \u0394T: 3 K &#8230; 120 K<br \/>\nCampo di misura della temperatura: 0 &#8230; 180 \u00b0C<br \/>\nIntervallo di misurazione della temperatura: Da 4 a 30 secondi (*a seconda della modalit\u00e0 operativa)<br \/>\nDisplay LCD: a 7 cifre<br \/>\nInterfaccia ottica: Conforme a EN 62056-21<br \/>\nComunicazione: Opzionale, tramite moduli di comunicazione<br \/>\nModalit\u00e0 di integrazione:<br \/>\nNormale: \u03c4Q= 4sec. \/ \u03c4\u0394T=30 sec.<br \/>\nVeloce: \u03c4Q= 2sec. \/ \u03c4\u0394T=4 sec.<\/p>\n<p><strong>Sensore di temperatura:<\/strong><\/p>\n<p>Tipo: Pt 500 o Pt 100 (EN 60751)<br \/>\nMetodo di collegamento: a 2 o 4 fili<br \/>\nLunghezza del cavo del sensore: Max. 10 m come approvato<br \/>\nCampo di temperatura:<br \/>\nTipo PS \u00d8 5,2 x 45 mm, 1,5 m, 180 \u00b0C<br \/>\nTipo PS \u00d8 5,2 x 45 mm, 3,0 m, 180 \u00b0C<br \/>\nTipo PS \u00d8 5,2 x 45 mm, 5,0 m, 180 \u00b0C<\/p>\n<p><strong>Trasduttore di flusso:<\/strong><\/p>\n<p>Grado di protezione: IP 54 \/ IP65 \/ opzionalmente IP 68 (EN 60529)<br \/>\nMetodo di montaggio: Ritorno o alimentazione (commutabile 5x)<br \/>\nDirezione di montaggio: libera (Non sono necessarie sezioni rettilinee)<br \/>\nIntervallo di misurazione: da 2 a 8 secondi (*a seconda della modalit\u00e0)<br \/>\nDinamica di misura:<br \/>\n&#8211; 1:100 (secondo MID)<br \/>\n&#8211; 1:1000 (qr : 2,8 x qp &#8211; dichiarazione del produttore)<br \/>\nIntervallo di temperatura: MID: 5 &#8230; 130 \u00b0C *)<br \/>\nTemperatura massima di: 150\u00b0C per 2000 h\/anno<br \/>\nSovraccarico massimo: 2,8 x qp<br \/>\nPressione nominale: PN16 (PS16), PN25 (PS25)<br \/>\nCampo diportata qp: da 0,6 a 150 m3\/h<br \/>\nCavo di segnale: Fisso o staccabile, lunghezza 1,5 \/ 3 \/ 5 m<br \/>\n*) Pu\u00f2 dipendere dalle omologazioni nazionali<\/p>\n<p><strong>Alimentazione: <\/strong>Il contatore di calore rileva automaticamente se \u00e8 alimentato a batteria o con l&#8217;adattatore di rete.<\/p>\n<p>*Per acquisti all\u2019ingrosso, ti invitiamo a contattarci direttamente per conoscere i prezzi.<\/p>\n<p><img decoding=\"async\" class=\"emoji\" role=\"img\" draggable=\"false\" src=\"https:\/\/s.w.org\/images\/core\/emoji\/15.0.3\/svg\/1f4de.svg\" alt=\"\ud83d\udcde\" \/>\u00a0+48 89 612 07 30<\/p>\n<p><img decoding=\"async\" class=\"emoji\" role=\"img\" draggable=\"false\" src=\"https:\/\/s.w.org\/images\/core\/emoji\/15.0.3\/svg\/1f4e7.svg\" alt=\"\ud83d\udce7\" \/>\u00a0sklep@globtree.pl<\/p>\n<\/div>","protected":false},"excerpt":{"rendered":"<p>Il T550 \u00e8 un misuratore avanzato a ultrasuoni di calore, di raffreddamento o combinato (calore e raffreddamento) per l&#8217;utilizzo in impianti di teleriscaldamento e caldaie. Tutto questo viene realizzato con il miglior rapporto qualit\u00e0-prezzo. Caratteristiche principali Campo di portata da 0,6 a 150 m3\/h Elevata gamma dinamica 1:1000 Trasduttore di flusso in metallo con brevetto [&hellip;]<\/p>\n","protected":false},"featured_media":528,"template":"","meta":[],"product_brand":[],"product_cat":[152],"product_tag":[289,290,291,357,332],"class_list":{"0":"post-913","1":"product","2":"type-product","3":"status-publish","4":"has-post-thumbnail","6":"product_cat-contatori-di-calore","7":"product_tag-contatore-di-calore","8":"product_tag-contatore-di-calore-it","9":"product_tag-contatore-di-calore-it-2","10":"product_tag-landisgyr-t450-it","11":"product_tag-ultraheat-t450-it","13":"first","14":"outofstock","15":"taxable","16":"shipping-taxable","17":"purchasable","18":"product-type-variable"},"yoast_head":"<!-- This site is optimized with the Yoast SEO plugin v26.4 - https:\/\/yoast.com\/wordpress\/plugins\/seo\/ -->\n<title>ULTRAHEAT T550 | Sklep GlobTree<\/title>\n<meta name=\"robots\" content=\"index, follow, max-snippet:-1, max-image-preview:large, max-video-preview:-1\" \/>\n<link rel=\"canonical\" href=\"https:\/\/sklep.globtree.pl\/it\/prodotto\/ultraheat-t550\/\" \/>\n<meta property=\"og:locale\" content=\"it_IT\" \/>\n<meta property=\"og:type\" content=\"article\" \/>\n<meta property=\"og:title\" content=\"ULTRAHEAT T550 | Sklep GlobTree\" \/>\n<meta property=\"og:description\" content=\"Il T550 \u00e8 un misuratore avanzato a ultrasuoni di calore, di raffreddamento o combinato (calore e raffreddamento) per l&#8217;utilizzo in impianti di teleriscaldamento e caldaie. Tutto questo viene realizzato con il miglior rapporto qualit\u00e0-prezzo. Caratteristiche principali Campo di portata da 0,6 a 150 m3\/h Elevata gamma dinamica 1:1000 Trasduttore di flusso in metallo con brevetto [&hellip;]\" \/>\n<meta property=\"og:url\" content=\"https:\/\/sklep.globtree.pl\/it\/prodotto\/ultraheat-t550\/\" \/>\n<meta property=\"og:site_name\" content=\"Sklep GlobTree\" \/>\n<meta property=\"article:publisher\" content=\"https:\/\/www.facebook.com\/netlandteam\/\" \/>\n<meta property=\"article:modified_time\" content=\"2024-08-13T08:02:38+00:00\" \/>\n<meta property=\"og:image\" content=\"https:\/\/sklep.globtree.pl\/wp-content\/uploads\/2023\/10\/550-1.webp\" \/>\n\t<meta property=\"og:image:width\" content=\"712\" \/>\n\t<meta property=\"og:image:height\" content=\"712\" \/>\n\t<meta property=\"og:image:type\" content=\"image\/webp\" \/>\n<meta name=\"twitter:card\" content=\"summary_large_image\" \/>\n<meta name=\"twitter:label1\" content=\"Tempo di lettura stimato\" \/>\n\t<meta name=\"twitter:data1\" content=\"4 minuti\" \/>\n<script type=\"application\/ld+json\" class=\"yoast-schema-graph\">{\"@context\":\"https:\/\/schema.org\",\"@graph\":[{\"@type\":[\"WebPage\",\"ItemPage\"],\"@id\":\"https:\/\/sklep.globtree.pl\/it\/prodotto\/ultraheat-t550\/\",\"url\":\"https:\/\/sklep.globtree.pl\/it\/prodotto\/ultraheat-t550\/\",\"name\":\"ULTRAHEAT T550 | Sklep GlobTree\",\"isPartOf\":{\"@id\":\"https:\/\/sklep.globtree.pl\/#website\"},\"primaryImageOfPage\":{\"@id\":\"https:\/\/sklep.globtree.pl\/it\/prodotto\/ultraheat-t550\/#primaryimage\"},\"image\":{\"@id\":\"https:\/\/sklep.globtree.pl\/it\/prodotto\/ultraheat-t550\/#primaryimage\"},\"thumbnailUrl\":\"https:\/\/sklep.globtree.pl\/wp-content\/uploads\/2023\/10\/550-1.webp\",\"datePublished\":\"2024-01-24T11:18:53+00:00\",\"dateModified\":\"2024-08-13T08:02:38+00:00\",\"breadcrumb\":{\"@id\":\"https:\/\/sklep.globtree.pl\/it\/prodotto\/ultraheat-t550\/#breadcrumb\"},\"inLanguage\":\"it-IT\",\"potentialAction\":[{\"@type\":\"ReadAction\",\"target\":[\"https:\/\/sklep.globtree.pl\/it\/prodotto\/ultraheat-t550\/\"]}]},{\"@type\":\"ImageObject\",\"inLanguage\":\"it-IT\",\"@id\":\"https:\/\/sklep.globtree.pl\/it\/prodotto\/ultraheat-t550\/#primaryimage\",\"url\":\"https:\/\/sklep.globtree.pl\/wp-content\/uploads\/2023\/10\/550-1.webp\",\"contentUrl\":\"https:\/\/sklep.globtree.pl\/wp-content\/uploads\/2023\/10\/550-1.webp\",\"width\":712,\"height\":712,\"caption\":\"Ciep\u0142omierz ultrad\u017awi\u0119kowy T550\"},{\"@type\":\"BreadcrumbList\",\"@id\":\"https:\/\/sklep.globtree.pl\/it\/prodotto\/ultraheat-t550\/#breadcrumb\",\"itemListElement\":[{\"@type\":\"ListItem\",\"position\":1,\"name\":\"Strona g\u0142\u00f3wna\",\"item\":\"https:\/\/sklep.globtree.pl\/it\/homepage\/\"},{\"@type\":\"ListItem\",\"position\":2,\"name\":\"Negozio\",\"item\":\"https:\/\/sklep.globtree.pl\/it\/negozio\/\"},{\"@type\":\"ListItem\",\"position\":3,\"name\":\"ULTRAHEAT T550\"}]},{\"@type\":\"WebSite\",\"@id\":\"https:\/\/sklep.globtree.pl\/#website\",\"url\":\"https:\/\/sklep.globtree.pl\/\",\"name\":\"Sklep GlobTree\",\"description\":\"Liczniki medi\u00f3w i urz\u0105dzenia telemetrii\",\"publisher\":{\"@id\":\"https:\/\/sklep.globtree.pl\/#organization\"},\"potentialAction\":[{\"@type\":\"SearchAction\",\"target\":{\"@type\":\"EntryPoint\",\"urlTemplate\":\"https:\/\/sklep.globtree.pl\/?s={search_term_string}\"},\"query-input\":{\"@type\":\"PropertyValueSpecification\",\"valueRequired\":true,\"valueName\":\"search_term_string\"}}],\"inLanguage\":\"it-IT\"},{\"@type\":\"Organization\",\"@id\":\"https:\/\/sklep.globtree.pl\/#organization\",\"name\":\"Sklep GlobTree\",\"url\":\"https:\/\/sklep.globtree.pl\/\",\"logo\":{\"@type\":\"ImageObject\",\"inLanguage\":\"it-IT\",\"@id\":\"https:\/\/sklep.globtree.pl\/#\/schema\/logo\/image\/\",\"url\":\"https:\/\/sklep.globtree.pl\/wp-content\/uploads\/2023\/09\/cropped-GlobTree_logo-1.png\",\"contentUrl\":\"https:\/\/sklep.globtree.pl\/wp-content\/uploads\/2023\/09\/cropped-GlobTree_logo-1.png\",\"width\":400,\"height\":80,\"caption\":\"Sklep GlobTree\"},\"image\":{\"@id\":\"https:\/\/sklep.globtree.pl\/#\/schema\/logo\/image\/\"},\"sameAs\":[\"https:\/\/www.facebook.com\/netlandteam\/\",\"https:\/\/pl.linkedin.com\/company\/globtree-sp-z-o-o\"]}]}<\/script>\n<!-- \/ Yoast SEO plugin. -->","yoast_head_json":{"title":"ULTRAHEAT T550 | Sklep GlobTree","robots":{"index":"index","follow":"follow","max-snippet":"max-snippet:-1","max-image-preview":"max-image-preview:large","max-video-preview":"max-video-preview:-1"},"canonical":"https:\/\/sklep.globtree.pl\/it\/prodotto\/ultraheat-t550\/","og_locale":"it_IT","og_type":"article","og_title":"ULTRAHEAT T550 | Sklep GlobTree","og_description":"Il T550 \u00e8 un misuratore avanzato a ultrasuoni di calore, di raffreddamento o combinato (calore e raffreddamento) per l&#8217;utilizzo in impianti di teleriscaldamento e caldaie. Tutto questo viene realizzato con il miglior rapporto qualit\u00e0-prezzo. Caratteristiche principali Campo di portata da 0,6 a 150 m3\/h Elevata gamma dinamica 1:1000 Trasduttore di flusso in metallo con brevetto [&hellip;]","og_url":"https:\/\/sklep.globtree.pl\/it\/prodotto\/ultraheat-t550\/","og_site_name":"Sklep GlobTree","article_publisher":"https:\/\/www.facebook.com\/netlandteam\/","article_modified_time":"2024-08-13T08:02:38+00:00","og_image":[{"width":712,"height":712,"url":"https:\/\/sklep.globtree.pl\/wp-content\/uploads\/2023\/10\/550-1.webp","type":"image\/webp"}],"twitter_card":"summary_large_image","twitter_misc":{"Tempo di lettura stimato":"4 minuti"},"schema":{"@context":"https:\/\/schema.org","@graph":[{"@type":["WebPage","ItemPage"],"@id":"https:\/\/sklep.globtree.pl\/it\/prodotto\/ultraheat-t550\/","url":"https:\/\/sklep.globtree.pl\/it\/prodotto\/ultraheat-t550\/","name":"ULTRAHEAT T550 | Sklep GlobTree","isPartOf":{"@id":"https:\/\/sklep.globtree.pl\/#website"},"primaryImageOfPage":{"@id":"https:\/\/sklep.globtree.pl\/it\/prodotto\/ultraheat-t550\/#primaryimage"},"image":{"@id":"https:\/\/sklep.globtree.pl\/it\/prodotto\/ultraheat-t550\/#primaryimage"},"thumbnailUrl":"https:\/\/sklep.globtree.pl\/wp-content\/uploads\/2023\/10\/550-1.webp","datePublished":"2024-01-24T11:18:53+00:00","dateModified":"2024-08-13T08:02:38+00:00","breadcrumb":{"@id":"https:\/\/sklep.globtree.pl\/it\/prodotto\/ultraheat-t550\/#breadcrumb"},"inLanguage":"it-IT","potentialAction":[{"@type":"ReadAction","target":["https:\/\/sklep.globtree.pl\/it\/prodotto\/ultraheat-t550\/"]}]},{"@type":"ImageObject","inLanguage":"it-IT","@id":"https:\/\/sklep.globtree.pl\/it\/prodotto\/ultraheat-t550\/#primaryimage","url":"https:\/\/sklep.globtree.pl\/wp-content\/uploads\/2023\/10\/550-1.webp","contentUrl":"https:\/\/sklep.globtree.pl\/wp-content\/uploads\/2023\/10\/550-1.webp","width":712,"height":712,"caption":"Ciep\u0142omierz ultrad\u017awi\u0119kowy T550"},{"@type":"BreadcrumbList","@id":"https:\/\/sklep.globtree.pl\/it\/prodotto\/ultraheat-t550\/#breadcrumb","itemListElement":[{"@type":"ListItem","position":1,"name":"Strona g\u0142\u00f3wna","item":"https:\/\/sklep.globtree.pl\/it\/homepage\/"},{"@type":"ListItem","position":2,"name":"Negozio","item":"https:\/\/sklep.globtree.pl\/it\/negozio\/"},{"@type":"ListItem","position":3,"name":"ULTRAHEAT T550"}]},{"@type":"WebSite","@id":"https:\/\/sklep.globtree.pl\/#website","url":"https:\/\/sklep.globtree.pl\/","name":"Sklep GlobTree","description":"Liczniki medi\u00f3w i urz\u0105dzenia telemetrii","publisher":{"@id":"https:\/\/sklep.globtree.pl\/#organization"},"potentialAction":[{"@type":"SearchAction","target":{"@type":"EntryPoint","urlTemplate":"https:\/\/sklep.globtree.pl\/?s={search_term_string}"},"query-input":{"@type":"PropertyValueSpecification","valueRequired":true,"valueName":"search_term_string"}}],"inLanguage":"it-IT"},{"@type":"Organization","@id":"https:\/\/sklep.globtree.pl\/#organization","name":"Sklep GlobTree","url":"https:\/\/sklep.globtree.pl\/","logo":{"@type":"ImageObject","inLanguage":"it-IT","@id":"https:\/\/sklep.globtree.pl\/#\/schema\/logo\/image\/","url":"https:\/\/sklep.globtree.pl\/wp-content\/uploads\/2023\/09\/cropped-GlobTree_logo-1.png","contentUrl":"https:\/\/sklep.globtree.pl\/wp-content\/uploads\/2023\/09\/cropped-GlobTree_logo-1.png","width":400,"height":80,"caption":"Sklep GlobTree"},"image":{"@id":"https:\/\/sklep.globtree.pl\/#\/schema\/logo\/image\/"},"sameAs":["https:\/\/www.facebook.com\/netlandteam\/","https:\/\/pl.linkedin.com\/company\/globtree-sp-z-o-o"]}]}},"_links":{"self":[{"href":"https:\/\/sklep.globtree.pl\/it\/wp-json\/wp\/v2\/product\/913","targetHints":{"allow":["GET"]}}],"collection":[{"href":"https:\/\/sklep.globtree.pl\/it\/wp-json\/wp\/v2\/product"}],"about":[{"href":"https:\/\/sklep.globtree.pl\/it\/wp-json\/wp\/v2\/types\/product"}],"wp:featuredmedia":[{"embeddable":true,"href":"https:\/\/sklep.globtree.pl\/it\/wp-json\/wp\/v2\/media\/528"}],"wp:attachment":[{"href":"https:\/\/sklep.globtree.pl\/it\/wp-json\/wp\/v2\/media?parent=913"}],"wp:term":[{"taxonomy":"product_brand","embeddable":true,"href":"https:\/\/sklep.globtree.pl\/it\/wp-json\/wp\/v2\/product_brand?post=913"},{"taxonomy":"product_cat","embeddable":true,"href":"https:\/\/sklep.globtree.pl\/it\/wp-json\/wp\/v2\/product_cat?post=913"},{"taxonomy":"product_tag","embeddable":true,"href":"https:\/\/sklep.globtree.pl\/it\/wp-json\/wp\/v2\/product_tag?post=913"}],"curies":[{"name":"wp","href":"https:\/\/api.w.org\/{rel}","templated":true}]}}